{"id":18902,"date":"2020-05-07T12:26:11","date_gmt":"2020-05-07T11:26:11","guid":{"rendered":"https:\/\/websjop.afuk.frl\/nl\/?post_type=product&#038;p=18902"},"modified":"2022-06-25T13:05:37","modified_gmt":"2022-06-25T12:05:37","slug":"bortersgrut","status":"publish","type":"product","link":"https:\/\/websjop.afuk.frl\/nl\/winkel\/bortersgrut\/","title":{"rendered":"B\u00f6rtersgrut"},"content":{"rendered":"<p><strong>hjirbij <\/strong>\u00a0 dat ik as man\u00a0\u00a0 j\u00fast bekend wurd\u00a0\u00a0 as de frynd fan\u00a0\u00a0 as jo\u00ebl hut.<\/p>\n<p>B\u00f6rtersgrut is Jo\u00ebl Hut zijn debuutbundel in het Zuidwesthoeks Fries. In zijn speelse manier van schrijven vinden grote thema&#8217;s een plek. De gedichten spelen in op de wisselwerking van vorm en inhoud.<\/p>\n<p>&nbsp;<\/p>\n<p>&nbsp;<\/p>\n","protected":false},"excerpt":{"rendered":"<p>hjirbij \u00a0 dat ik as man\u00a0\u00a0 j\u00fast bekend wurd\u00a0\u00a0 as de frynd fan\u00a0\u00a0 as jo\u00ebl hut. B\u00f6rtersgrut is Jo\u00ebl Hut zijn debuutbundel in het Zuidwesthoeks Fries. In zijn speelse manier van schrijven vinden grote thema&#8217;s een plek. De gedichten spelen in op de wisselwerking van vorm en inhoud. &nbsp; &nbsp;<\/p>\n","protected":false},"featured_media":18904,"comment_status":"closed","ping_status":"closed","template":"","meta":{"_acf_changed":false},"product_brand":[],"product_cat":[538,1215],"product_tag":[13036,5191,13037,13038],"class_list":{"0":"post-18902","1":"product","2":"type-product","3":"status-publish","4":"has-post-thumbnail","6":"product_cat-dichtbondels","7":"product_cat-romans-en-literatuer","8":"product_tag-bortersgrut","9":"product_tag-gedichten","10":"product_tag-joel-hut","11":"product_tag-sudwesthoeks","12":"product_shipping_class-brievenbus-verzending","13":"pa_auteur-joel-hut","14":"pa_isbn-12997","15":"pa_new-label-1-3","16":"pa_taal-sudwesthoeks-frys","17":"pa_uitgever-de-sudjouwerij","19":"first","20":"instock","21":"taxable","22":"shipping-taxable","23":"purchasable","24":"product-type-simple"},"acf":[],"yoast_head":"<!-- This site is optimized with the Yoast SEO plugin v27.3 - https:\/\/yoast.com\/product\/yoast-seo-wordpress\/ -->\n<title>B\u00f6rtersgrut &#8211; Af\u00fbk Websjop<\/title>\n<meta name=\"description\" content=\"B\u00f6rtersgrut is Jo\u00ebl Hut zijn debuutbundel in het Zuidwesthoeks Fries. In zijn speelse manier van schrijven vinden grote thema&#039;s een plek.\" \/>\n<meta name=\"robots\" content=\"index, follow, max-snippet:-1, max-image-preview:large, max-video-preview:-1\" \/>\n<link rel=\"canonical\" href=\"https:\/\/websjop.afuk.frl\/nl\/winkel\/bortersgrut\/\" \/>\n<meta property=\"og:locale\" content=\"nl_NL\" \/>\n<meta property=\"og:type\" content=\"article\" \/>\n<meta property=\"og:title\" content=\"B\u00f6rtersgrut &#8211; Af\u00fbk Websjop\" \/>\n<meta property=\"og:description\" content=\"B\u00f6rtersgrut is Jo\u00ebl Hut zijn debuutbundel in het Zuidwesthoeks Fries. In zijn speelse manier van schrijven vinden grote thema&#039;s een plek.\" \/>\n<meta property=\"og:url\" content=\"https:\/\/websjop.afuk.frl\/nl\/winkel\/bortersgrut\/\" \/>\n<meta property=\"og:site_name\" content=\"Af\u00fbk Websjop\" \/>\n<meta property=\"article:modified_time\" content=\"2022-06-25T12:05:37+00:00\" \/>\n<meta property=\"og:image\" content=\"https:\/\/websjop.afuk.frl\/wp-content\/uploads\/2020\/05\/B\u00f6rtersgrut142.jpg\" \/>\n\t<meta property=\"og:image:width\" content=\"404\" \/>\n\t<meta property=\"og:image:height\" content=\"581\" \/>\n\t<meta property=\"og:image:type\" content=\"image\/jpeg\" \/>\n<meta name=\"twitter:card\" content=\"summary_large_image\" \/>\n<script type=\"application\/ld+json\" class=\"yoast-schema-graph\">{\"@context\":\"https:\\\/\\\/schema.org\",\"@graph\":[{\"@type\":\"WebPage\",\"@id\":\"https:\\\/\\\/websjop.afuk.frl\\\/nl\\\/winkel\\\/bortersgrut\\\/\",\"url\":\"https:\\\/\\\/websjop.afuk.frl\\\/nl\\\/winkel\\\/bortersgrut\\\/\",\"name\":\"B\u00f6rtersgrut &#8211; Af\u00fbk Websjop\",\"isPartOf\":{\"@id\":\"https:\\\/\\\/websjop.afuk.frl\\\/nl\\\/#website\"},\"primaryImageOfPage\":{\"@id\":\"https:\\\/\\\/websjop.afuk.frl\\\/nl\\\/winkel\\\/bortersgrut\\\/#primaryimage\"},\"image\":{\"@id\":\"https:\\\/\\\/websjop.afuk.frl\\\/nl\\\/winkel\\\/bortersgrut\\\/#primaryimage\"},\"thumbnailUrl\":\"https:\\\/\\\/websjop.afuk.frl\\\/wp-content\\\/uploads\\\/2020\\\/05\\\/B\u00f6rtersgrut142.jpg\",\"datePublished\":\"2020-05-07T11:26:11+00:00\",\"dateModified\":\"2022-06-25T12:05:37+00:00\",\"description\":\"B\u00f6rtersgrut is Jo\u00ebl Hut zijn debuutbundel in het Zuidwesthoeks Fries. In zijn speelse manier van schrijven vinden grote thema's een plek.\",\"breadcrumb\":{\"@id\":\"https:\\\/\\\/websjop.afuk.frl\\\/nl\\\/winkel\\\/bortersgrut\\\/#breadcrumb\"},\"inLanguage\":\"nl-NL\",\"potentialAction\":[{\"@type\":\"ReadAction\",\"target\":[\"https:\\\/\\\/websjop.afuk.frl\\\/nl\\\/winkel\\\/bortersgrut\\\/\"]}]},{\"@type\":\"ImageObject\",\"inLanguage\":\"nl-NL\",\"@id\":\"https:\\\/\\\/websjop.afuk.frl\\\/nl\\\/winkel\\\/bortersgrut\\\/#primaryimage\",\"url\":\"https:\\\/\\\/websjop.afuk.frl\\\/wp-content\\\/uploads\\\/2020\\\/05\\\/B\u00f6rtersgrut142.jpg\",\"contentUrl\":\"https:\\\/\\\/websjop.afuk.frl\\\/wp-content\\\/uploads\\\/2020\\\/05\\\/B\u00f6rtersgrut142.jpg\",\"width\":404,\"height\":581,\"caption\":\"B\u00f6rtersgrut\"},{\"@type\":\"BreadcrumbList\",\"@id\":\"https:\\\/\\\/websjop.afuk.frl\\\/nl\\\/winkel\\\/bortersgrut\\\/#breadcrumb\",\"itemListElement\":[{\"@type\":\"ListItem\",\"position\":1,\"name\":\"Home\",\"item\":\"https:\\\/\\\/websjop.afuk.frl\\\/nl\\\/\"},{\"@type\":\"ListItem\",\"position\":2,\"name\":\"Winkel\",\"item\":\"https:\\\/\\\/websjop.afuk.frl\\\/nl\\\/winkel\\\/\"},{\"@type\":\"ListItem\",\"position\":3,\"name\":\"B\u00f6rtersgrut\"}]},{\"@type\":\"WebSite\",\"@id\":\"https:\\\/\\\/websjop.afuk.frl\\\/nl\\\/#website\",\"url\":\"https:\\\/\\\/websjop.afuk.frl\\\/nl\\\/\",\"name\":\"Af\u00fbk Websjop\",\"description\":\"\",\"potentialAction\":[{\"@type\":\"SearchAction\",\"target\":{\"@type\":\"EntryPoint\",\"urlTemplate\":\"https:\\\/\\\/websjop.afuk.frl\\\/nl\\\/?s={search_term_string}\"},\"query-input\":{\"@type\":\"PropertyValueSpecification\",\"valueRequired\":true,\"valueName\":\"search_term_string\"}}],\"inLanguage\":\"nl-NL\"}]}<\/script>\n<!-- \/ Yoast SEO plugin. -->","yoast_head_json":{"title":"B\u00f6rtersgrut &#8211; Af\u00fbk Websjop","description":"B\u00f6rtersgrut is Jo\u00ebl Hut zijn debuutbundel in het Zuidwesthoeks Fries. In zijn speelse manier van schrijven vinden grote thema's een plek.","robots":{"index":"index","follow":"follow","max-snippet":"max-snippet:-1","max-image-preview":"max-image-preview:large","max-video-preview":"max-video-preview:-1"},"canonical":"https:\/\/websjop.afuk.frl\/nl\/winkel\/bortersgrut\/","og_locale":"nl_NL","og_type":"article","og_title":"B\u00f6rtersgrut &#8211; Af\u00fbk Websjop","og_description":"B\u00f6rtersgrut is Jo\u00ebl Hut zijn debuutbundel in het Zuidwesthoeks Fries. In zijn speelse manier van schrijven vinden grote thema's een plek.","og_url":"https:\/\/websjop.afuk.frl\/nl\/winkel\/bortersgrut\/","og_site_name":"Af\u00fbk Websjop","article_modified_time":"2022-06-25T12:05:37+00:00","og_image":[{"width":404,"height":581,"url":"https:\/\/websjop.afuk.frl\/wp-content\/uploads\/2020\/05\/B\u00f6rtersgrut142.jpg","type":"image\/jpeg"}],"twitter_card":"summary_large_image","schema":{"@context":"https:\/\/schema.org","@graph":[{"@type":"WebPage","@id":"https:\/\/websjop.afuk.frl\/nl\/winkel\/bortersgrut\/","url":"https:\/\/websjop.afuk.frl\/nl\/winkel\/bortersgrut\/","name":"B\u00f6rtersgrut &#8211; Af\u00fbk Websjop","isPartOf":{"@id":"https:\/\/websjop.afuk.frl\/nl\/#website"},"primaryImageOfPage":{"@id":"https:\/\/websjop.afuk.frl\/nl\/winkel\/bortersgrut\/#primaryimage"},"image":{"@id":"https:\/\/websjop.afuk.frl\/nl\/winkel\/bortersgrut\/#primaryimage"},"thumbnailUrl":"https:\/\/websjop.afuk.frl\/wp-content\/uploads\/2020\/05\/B\u00f6rtersgrut142.jpg","datePublished":"2020-05-07T11:26:11+00:00","dateModified":"2022-06-25T12:05:37+00:00","description":"B\u00f6rtersgrut is Jo\u00ebl Hut zijn debuutbundel in het Zuidwesthoeks Fries. In zijn speelse manier van schrijven vinden grote thema's een plek.","breadcrumb":{"@id":"https:\/\/websjop.afuk.frl\/nl\/winkel\/bortersgrut\/#breadcrumb"},"inLanguage":"nl-NL","potentialAction":[{"@type":"ReadAction","target":["https:\/\/websjop.afuk.frl\/nl\/winkel\/bortersgrut\/"]}]},{"@type":"ImageObject","inLanguage":"nl-NL","@id":"https:\/\/websjop.afuk.frl\/nl\/winkel\/bortersgrut\/#primaryimage","url":"https:\/\/websjop.afuk.frl\/wp-content\/uploads\/2020\/05\/B\u00f6rtersgrut142.jpg","contentUrl":"https:\/\/websjop.afuk.frl\/wp-content\/uploads\/2020\/05\/B\u00f6rtersgrut142.jpg","width":404,"height":581,"caption":"B\u00f6rtersgrut"},{"@type":"BreadcrumbList","@id":"https:\/\/websjop.afuk.frl\/nl\/winkel\/bortersgrut\/#breadcrumb","itemListElement":[{"@type":"ListItem","position":1,"name":"Home","item":"https:\/\/websjop.afuk.frl\/nl\/"},{"@type":"ListItem","position":2,"name":"Winkel","item":"https:\/\/websjop.afuk.frl\/nl\/winkel\/"},{"@type":"ListItem","position":3,"name":"B\u00f6rtersgrut"}]},{"@type":"WebSite","@id":"https:\/\/websjop.afuk.frl\/nl\/#website","url":"https:\/\/websjop.afuk.frl\/nl\/","name":"Af\u00fbk Websjop","description":"","potentialAction":[{"@type":"SearchAction","target":{"@type":"EntryPoint","urlTemplate":"https:\/\/websjop.afuk.frl\/nl\/?s={search_term_string}"},"query-input":{"@type":"PropertyValueSpecification","valueRequired":true,"valueName":"search_term_string"}}],"inLanguage":"nl-NL"}]}},"_links":{"self":[{"href":"https:\/\/websjop.afuk.frl\/nl\/wp-json\/wp\/v2\/product\/18902","targetHints":{"allow":["GET"]}}],"collection":[{"href":"https:\/\/websjop.afuk.frl\/nl\/wp-json\/wp\/v2\/product"}],"about":[{"href":"https:\/\/websjop.afuk.frl\/nl\/wp-json\/wp\/v2\/types\/product"}],"replies":[{"embeddable":true,"href":"https:\/\/websjop.afuk.frl\/nl\/wp-json\/wp\/v2\/comments?post=18902"}],"wp:featuredmedia":[{"embeddable":true,"href":"https:\/\/websjop.afuk.frl\/nl\/wp-json\/wp\/v2\/media\/18904"}],"wp:attachment":[{"href":"https:\/\/websjop.afuk.frl\/nl\/wp-json\/wp\/v2\/media?parent=18902"}],"wp:term":[{"taxonomy":"product_brand","embeddable":true,"href":"https:\/\/websjop.afuk.frl\/nl\/wp-json\/wp\/v2\/product_brand?post=18902"},{"taxonomy":"product_cat","embeddable":true,"href":"https:\/\/websjop.afuk.frl\/nl\/wp-json\/wp\/v2\/product_cat?post=18902"},{"taxonomy":"product_tag","embeddable":true,"href":"https:\/\/websjop.afuk.frl\/nl\/wp-json\/wp\/v2\/product_tag?post=18902"}],"curies":[{"name":"wp","href":"https:\/\/api.w.org\/{rel}","templated":true}]}}