{"id":18313,"date":"2020-04-08T14:09:47","date_gmt":"2020-04-08T13:09:47","guid":{"rendered":"https:\/\/websjop.afuk.frl\/nl\/?post_type=product&#038;p=18313"},"modified":"2024-07-01T07:35:23","modified_gmt":"2024-07-01T06:35:23","slug":"iisbaan-yn-e-maaitiid","status":"publish","type":"product","link":"https:\/\/websjop.afuk.frl\/nl\/winkel\/iisbaan-yn-e-maaitiid\/","title":{"rendered":"Iisbaan yn &#8216;e maaitiid"},"content":{"rendered":"<p>Een in linnen uitgevoerd boek met een bijzondere vormgeving, een ode aan de Friese ijsbaan. 31 geportretteerde ijsbanen: tien geschilderde ijsbanen door kunstschilder Hendrik Elings, tien verstilde ijsbanen door fotografe Baukje Venema en elf ijsbanen gevangen in gedichten door elf \u2018streektaal-dichters\u2019 uit geheel Frysl\u00e2n.<\/p>\n<p>Johan Veenstra, Henk van der Veer, Hein Jaap Hilarides, Elmar Kuipers, Gerard de Jong, Nyk de Vries, Eeltsje Hettinga, Albertina Soepboer, Baukje Wytsma, Elske Kampen en Janneke Spoelstra.<\/p>\n<p>31 ijsbanen door geheel Frysl\u00e2n: van Vlieland tot Nijelamer, van Beetsterzwaag tot Blessum, van Wyckel tot Feanw\u00e2ldsterw\u00e2l. Met dichters in diverse streektalen: van Stellingwerfs tot Snekers, van Bildts tot Frysk.<\/p>\n<p>Hendrik Elings, Baukje Venema en 11 Friese dichters<\/p>\n","protected":false},"excerpt":{"rendered":"<p>Een in linnen uitgevoerd boek met een bijzondere vormgeving, een ode aan de Friese ijsbaan. 31 geportretteerde ijsbanen: tien geschilderde ijsbanen door kunstschilder Hendrik Elings, tien verstilde ijsbanen door fotografe Baukje Venema en elf ijsbanen gevangen in gedichten door elf \u2018streektaal-dichters\u2019 uit geheel Frysl\u00e2n. Johan Veenstra, Henk van der Veer, Hein Jaap Hilarides, Elmar Kuipers, [&hellip;]<\/p>\n","protected":false},"featured_media":18314,"comment_status":"closed","ping_status":"closed","template":"","meta":{"_acf_changed":false},"product_brand":[],"product_cat":[545,544,9316],"product_tag":[12134,12135,5191,12133,12132,9533],"class_list":{"0":"post-18313","1":"product","2":"type-product","3":"status-publish","4":"has-post-thumbnail","6":"product_cat-fotoboeken","7":"product_cat-keunst-en-kultuer","8":"product_cat-winter","9":"product_tag-baukje-venema","10":"product_tag-fotos","11":"product_tag-gedichten","12":"product_tag-hendrik-elings","13":"product_tag-iisbaan-yn-e-maaitiid","14":"product_tag-skilderijen","15":"product_shipping_class-brievenbus-verzending","16":"pa_auteur-ferskaat-dichters","17":"pa_isbn-12109","18":"pa_new-label-1-3","19":"pa_taal-ferskaat-talen-streektalen","20":"pa_uitgever-louise","22":"first","23":"instock","24":"taxable","25":"shipping-taxable","26":"purchasable","27":"product-type-simple"},"acf":[],"yoast_head":"<!-- This site is optimized with the Yoast SEO plugin v27.3 - https:\/\/yoast.com\/product\/yoast-seo-wordpress\/ -->\n<title>Iisbaan yn &#039;e maaitiid &#8211; Af\u00fbk Websjop<\/title>\n<meta name=\"description\" content=\"In linnen uitgevoerd boek met bijzondere vormgeving, een ode aan de Friese ijsbaan. Door kunstenaar Hendrik Elings,fotografe Baukje Venema en 11 dichters.\" \/>\n<meta name=\"robots\" content=\"index, follow, max-snippet:-1, max-image-preview:large, max-video-preview:-1\" \/>\n<link rel=\"canonical\" href=\"https:\/\/websjop.afuk.frl\/nl\/winkel\/iisbaan-yn-e-maaitiid\/\" \/>\n<meta property=\"og:locale\" content=\"nl_NL\" \/>\n<meta property=\"og:type\" content=\"article\" \/>\n<meta property=\"og:title\" content=\"Iisbaan yn &#039;e maaitiid &#8211; Af\u00fbk Websjop\" \/>\n<meta property=\"og:description\" content=\"In linnen uitgevoerd boek met bijzondere vormgeving, een ode aan de Friese ijsbaan. Door kunstenaar Hendrik Elings,fotografe Baukje Venema en 11 dichters.\" \/>\n<meta property=\"og:url\" content=\"https:\/\/websjop.afuk.frl\/nl\/winkel\/iisbaan-yn-e-maaitiid\/\" \/>\n<meta property=\"og:site_name\" content=\"Af\u00fbk Websjop\" \/>\n<meta property=\"article:modified_time\" content=\"2024-07-01T06:35:23+00:00\" \/>\n<meta property=\"og:image\" content=\"https:\/\/websjop.afuk.frl\/wp-content\/uploads\/2020\/04\/Iisbaan-yn-e-maaitiid119-e1586350486195.jpg\" \/>\n\t<meta property=\"og:image:width\" content=\"716\" \/>\n\t<meta property=\"og:image:height\" content=\"521\" \/>\n\t<meta property=\"og:image:type\" content=\"image\/jpeg\" \/>\n<meta name=\"twitter:card\" content=\"summary_large_image\" \/>\n<meta name=\"twitter:label1\" content=\"Geschatte leestijd\" \/>\n\t<meta name=\"twitter:data1\" content=\"1 minuut\" \/>\n<script type=\"application\/ld+json\" class=\"yoast-schema-graph\">{\"@context\":\"https:\\\/\\\/schema.org\",\"@graph\":[{\"@type\":\"WebPage\",\"@id\":\"https:\\\/\\\/websjop.afuk.frl\\\/nl\\\/winkel\\\/iisbaan-yn-e-maaitiid\\\/\",\"url\":\"https:\\\/\\\/websjop.afuk.frl\\\/nl\\\/winkel\\\/iisbaan-yn-e-maaitiid\\\/\",\"name\":\"Iisbaan yn 'e maaitiid &#8211; Af\u00fbk Websjop\",\"isPartOf\":{\"@id\":\"https:\\\/\\\/websjop.afuk.frl\\\/nl\\\/#website\"},\"primaryImageOfPage\":{\"@id\":\"https:\\\/\\\/websjop.afuk.frl\\\/nl\\\/winkel\\\/iisbaan-yn-e-maaitiid\\\/#primaryimage\"},\"image\":{\"@id\":\"https:\\\/\\\/websjop.afuk.frl\\\/nl\\\/winkel\\\/iisbaan-yn-e-maaitiid\\\/#primaryimage\"},\"thumbnailUrl\":\"https:\\\/\\\/websjop.afuk.frl\\\/wp-content\\\/uploads\\\/2020\\\/04\\\/Iisbaan-yn-e-maaitiid119-e1586350486195.jpg\",\"datePublished\":\"2020-04-08T13:09:47+00:00\",\"dateModified\":\"2024-07-01T06:35:23+00:00\",\"description\":\"In linnen uitgevoerd boek met bijzondere vormgeving, een ode aan de Friese ijsbaan. Door kunstenaar Hendrik Elings,fotografe Baukje Venema en 11 dichters.\",\"breadcrumb\":{\"@id\":\"https:\\\/\\\/websjop.afuk.frl\\\/nl\\\/winkel\\\/iisbaan-yn-e-maaitiid\\\/#breadcrumb\"},\"inLanguage\":\"nl-NL\",\"potentialAction\":[{\"@type\":\"ReadAction\",\"target\":[\"https:\\\/\\\/websjop.afuk.frl\\\/nl\\\/winkel\\\/iisbaan-yn-e-maaitiid\\\/\"]}]},{\"@type\":\"ImageObject\",\"inLanguage\":\"nl-NL\",\"@id\":\"https:\\\/\\\/websjop.afuk.frl\\\/nl\\\/winkel\\\/iisbaan-yn-e-maaitiid\\\/#primaryimage\",\"url\":\"https:\\\/\\\/websjop.afuk.frl\\\/wp-content\\\/uploads\\\/2020\\\/04\\\/Iisbaan-yn-e-maaitiid119-e1586350486195.jpg\",\"contentUrl\":\"https:\\\/\\\/websjop.afuk.frl\\\/wp-content\\\/uploads\\\/2020\\\/04\\\/Iisbaan-yn-e-maaitiid119-e1586350486195.jpg\",\"width\":716,\"height\":521,\"caption\":\"Iisbaan yn 'e maaitiid\"},{\"@type\":\"BreadcrumbList\",\"@id\":\"https:\\\/\\\/websjop.afuk.frl\\\/nl\\\/winkel\\\/iisbaan-yn-e-maaitiid\\\/#breadcrumb\",\"itemListElement\":[{\"@type\":\"ListItem\",\"position\":1,\"name\":\"Home\",\"item\":\"https:\\\/\\\/websjop.afuk.frl\\\/nl\\\/\"},{\"@type\":\"ListItem\",\"position\":2,\"name\":\"Winkel\",\"item\":\"https:\\\/\\\/websjop.afuk.frl\\\/nl\\\/winkel\\\/\"},{\"@type\":\"ListItem\",\"position\":3,\"name\":\"Iisbaan yn &#8216;e maaitiid\"}]},{\"@type\":\"WebSite\",\"@id\":\"https:\\\/\\\/websjop.afuk.frl\\\/nl\\\/#website\",\"url\":\"https:\\\/\\\/websjop.afuk.frl\\\/nl\\\/\",\"name\":\"Af\u00fbk Websjop\",\"description\":\"\",\"potentialAction\":[{\"@type\":\"SearchAction\",\"target\":{\"@type\":\"EntryPoint\",\"urlTemplate\":\"https:\\\/\\\/websjop.afuk.frl\\\/nl\\\/?s={search_term_string}\"},\"query-input\":{\"@type\":\"PropertyValueSpecification\",\"valueRequired\":true,\"valueName\":\"search_term_string\"}}],\"inLanguage\":\"nl-NL\"}]}<\/script>\n<!-- \/ Yoast SEO plugin. -->","yoast_head_json":{"title":"Iisbaan yn 'e maaitiid &#8211; Af\u00fbk Websjop","description":"In linnen uitgevoerd boek met bijzondere vormgeving, een ode aan de Friese ijsbaan. Door kunstenaar Hendrik Elings,fotografe Baukje Venema en 11 dichters.","robots":{"index":"index","follow":"follow","max-snippet":"max-snippet:-1","max-image-preview":"max-image-preview:large","max-video-preview":"max-video-preview:-1"},"canonical":"https:\/\/websjop.afuk.frl\/nl\/winkel\/iisbaan-yn-e-maaitiid\/","og_locale":"nl_NL","og_type":"article","og_title":"Iisbaan yn 'e maaitiid &#8211; Af\u00fbk Websjop","og_description":"In linnen uitgevoerd boek met bijzondere vormgeving, een ode aan de Friese ijsbaan. Door kunstenaar Hendrik Elings,fotografe Baukje Venema en 11 dichters.","og_url":"https:\/\/websjop.afuk.frl\/nl\/winkel\/iisbaan-yn-e-maaitiid\/","og_site_name":"Af\u00fbk Websjop","article_modified_time":"2024-07-01T06:35:23+00:00","og_image":[{"width":716,"height":521,"url":"https:\/\/websjop.afuk.frl\/wp-content\/uploads\/2020\/04\/Iisbaan-yn-e-maaitiid119-e1586350486195.jpg","type":"image\/jpeg"}],"twitter_card":"summary_large_image","twitter_misc":{"Geschatte leestijd":"1 minuut"},"schema":{"@context":"https:\/\/schema.org","@graph":[{"@type":"WebPage","@id":"https:\/\/websjop.afuk.frl\/nl\/winkel\/iisbaan-yn-e-maaitiid\/","url":"https:\/\/websjop.afuk.frl\/nl\/winkel\/iisbaan-yn-e-maaitiid\/","name":"Iisbaan yn 'e maaitiid &#8211; Af\u00fbk Websjop","isPartOf":{"@id":"https:\/\/websjop.afuk.frl\/nl\/#website"},"primaryImageOfPage":{"@id":"https:\/\/websjop.afuk.frl\/nl\/winkel\/iisbaan-yn-e-maaitiid\/#primaryimage"},"image":{"@id":"https:\/\/websjop.afuk.frl\/nl\/winkel\/iisbaan-yn-e-maaitiid\/#primaryimage"},"thumbnailUrl":"https:\/\/websjop.afuk.frl\/wp-content\/uploads\/2020\/04\/Iisbaan-yn-e-maaitiid119-e1586350486195.jpg","datePublished":"2020-04-08T13:09:47+00:00","dateModified":"2024-07-01T06:35:23+00:00","description":"In linnen uitgevoerd boek met bijzondere vormgeving, een ode aan de Friese ijsbaan. Door kunstenaar Hendrik Elings,fotografe Baukje Venema en 11 dichters.","breadcrumb":{"@id":"https:\/\/websjop.afuk.frl\/nl\/winkel\/iisbaan-yn-e-maaitiid\/#breadcrumb"},"inLanguage":"nl-NL","potentialAction":[{"@type":"ReadAction","target":["https:\/\/websjop.afuk.frl\/nl\/winkel\/iisbaan-yn-e-maaitiid\/"]}]},{"@type":"ImageObject","inLanguage":"nl-NL","@id":"https:\/\/websjop.afuk.frl\/nl\/winkel\/iisbaan-yn-e-maaitiid\/#primaryimage","url":"https:\/\/websjop.afuk.frl\/wp-content\/uploads\/2020\/04\/Iisbaan-yn-e-maaitiid119-e1586350486195.jpg","contentUrl":"https:\/\/websjop.afuk.frl\/wp-content\/uploads\/2020\/04\/Iisbaan-yn-e-maaitiid119-e1586350486195.jpg","width":716,"height":521,"caption":"Iisbaan yn 'e maaitiid"},{"@type":"BreadcrumbList","@id":"https:\/\/websjop.afuk.frl\/nl\/winkel\/iisbaan-yn-e-maaitiid\/#breadcrumb","itemListElement":[{"@type":"ListItem","position":1,"name":"Home","item":"https:\/\/websjop.afuk.frl\/nl\/"},{"@type":"ListItem","position":2,"name":"Winkel","item":"https:\/\/websjop.afuk.frl\/nl\/winkel\/"},{"@type":"ListItem","position":3,"name":"Iisbaan yn &#8216;e maaitiid"}]},{"@type":"WebSite","@id":"https:\/\/websjop.afuk.frl\/nl\/#website","url":"https:\/\/websjop.afuk.frl\/nl\/","name":"Af\u00fbk Websjop","description":"","potentialAction":[{"@type":"SearchAction","target":{"@type":"EntryPoint","urlTemplate":"https:\/\/websjop.afuk.frl\/nl\/?s={search_term_string}"},"query-input":{"@type":"PropertyValueSpecification","valueRequired":true,"valueName":"search_term_string"}}],"inLanguage":"nl-NL"}]}},"_links":{"self":[{"href":"https:\/\/websjop.afuk.frl\/nl\/wp-json\/wp\/v2\/product\/18313","targetHints":{"allow":["GET"]}}],"collection":[{"href":"https:\/\/websjop.afuk.frl\/nl\/wp-json\/wp\/v2\/product"}],"about":[{"href":"https:\/\/websjop.afuk.frl\/nl\/wp-json\/wp\/v2\/types\/product"}],"replies":[{"embeddable":true,"href":"https:\/\/websjop.afuk.frl\/nl\/wp-json\/wp\/v2\/comments?post=18313"}],"wp:featuredmedia":[{"embeddable":true,"href":"https:\/\/websjop.afuk.frl\/nl\/wp-json\/wp\/v2\/media\/18314"}],"wp:attachment":[{"href":"https:\/\/websjop.afuk.frl\/nl\/wp-json\/wp\/v2\/media?parent=18313"}],"wp:term":[{"taxonomy":"product_brand","embeddable":true,"href":"https:\/\/websjop.afuk.frl\/nl\/wp-json\/wp\/v2\/product_brand?post=18313"},{"taxonomy":"product_cat","embeddable":true,"href":"https:\/\/websjop.afuk.frl\/nl\/wp-json\/wp\/v2\/product_cat?post=18313"},{"taxonomy":"product_tag","embeddable":true,"href":"https:\/\/websjop.afuk.frl\/nl\/wp-json\/wp\/v2\/product_tag?post=18313"}],"curies":[{"name":"wp","href":"https:\/\/api.w.org\/{rel}","templated":true}]}}