{"id":17112,"date":"2020-01-08T14:43:26","date_gmt":"2020-01-08T13:43:26","guid":{"rendered":"https:\/\/websjop.afuk.frl\/?post_type=product&#038;p=17112"},"modified":"2020-02-05T14:00:45","modified_gmt":"2020-02-05T13:00:45","slug":"in-aap-klimt-ut-e-beam-audioboek-op-cd","status":"publish","type":"product","link":"https:\/\/websjop.afuk.frl\/nl\/winkel\/in-aap-klimt-ut-e-beam-audioboek-op-cd\/","title":{"rendered":"In aap klimt \u00fat &#8216;e beam &#8211; audioboek op cd"},"content":{"rendered":"<p>Bobo de aap is \u00fbntsnapt \u00fat &#8216;e dieret\u00fan om him nei wenjen te setten yn &#8216;e bosk. D\u00ear is er s\u00fbnder it te wollen tsj\u00fbge fan in frijpartijtsje yn de fiver. Hy klimt \u00fat syn beam, siket wat klean byelkoar, om ferklaaid as minske de wr\u00e2ld yn te l\u00fbken. Even letter wurdt er opfongen troch de \u00f4fkeurde learaar Norbert Schnabel, dy&#8217;t him yntrodusearret by in nije, populistise beweging. Dan giet it rap. Al gau d\u00fbkt Bobo op yn popul\u00eare praatprogramma&#8217;s, rjochtet er \u00fat &#8216;e snackbar fan Harrie Kroket wei in buertwacht op, komt er yn &#8216;e kunde mei Sp\u00fbky, de meast \u00fbnsjogge h\u00fbn fan it l\u00e2n, beswykt er foar de ferliedingen fan &#8216;e leafde, om it mei alderhanne dubieuze \u00fatspraken \u00fateinlik te skoppen ta listl\u00fbker fan de Nije Partij.<\/p>\n<p><em>In aap klimt \u00fat &#8216;e beam<\/em> is in mei faasje en humor skreaune satire en foarmet in bitend kommentaar op in maatskippij d\u00ear&#8217;t \u00fbnfrede foar master opslacht en de waan fan de dei regeart.<\/p>\n<p>Koos Tiemersma (1952) waard bekend troch boeken as <em>De Ljedder<\/em> en <em>Under wetter. <\/em>De l\u00easte jierren publisearde er \u00fbnder de namme Froon Akker benammen digitaal. Yn 2015 waard syn roman <em>Einum<\/em> bekroand mei de Gysbert Japicxpriis.<\/p>\n<p>Foarl\u00eazen troch Geartsje de Vries.<\/p>\n","protected":false},"excerpt":{"rendered":"<p>Bobo de aap is \u00fbntsnapt \u00fat &#8216;e dieret\u00fan om him nei wenjen te setten yn &#8216;e bosk. D\u00ear is er s\u00fbnder it te wollen tsj\u00fbge fan in frijpartijtsje yn de fiver. Hy klimt \u00fat syn beam, siket wat klean byelkoar, om ferklaaid as minske de wr\u00e2ld yn te l\u00fbken. Even letter wurdt er opfongen troch [&hellip;]<\/p>\n","protected":false},"featured_media":17114,"comment_status":"closed","ping_status":"closed","template":"","meta":{"_acf_changed":false},"product_brand":[],"product_cat":[535,547,1215],"product_tag":[5780,9461,8902],"class_list":{"0":"post-17112","1":"product","2":"type-product","3":"status-publish","4":"has-post-thumbnail","6":"product_cat-fryske-boeken","7":"product_cat-lusterboeken","8":"product_cat-romans-en-literatuer","9":"product_tag-audioboek","10":"product_tag-in-aap-klimt-ut-e-beam","11":"product_tag-koos-tiemersma","12":"product_shipping_class-brievenbus-verzending","13":"pa_auteur-koos-tiemersma-2","14":"pa_isbn-9460","15":"pa_taal-frysk","16":"pa_uitgever-audiofrysk","18":"first","19":"instock","20":"taxable","21":"shipping-taxable","22":"purchasable","23":"product-type-simple"},"acf":[],"yoast_head":"<!-- This site is optimized with the Yoast SEO plugin v27.3 - https:\/\/yoast.com\/product\/yoast-seo-wordpress\/ -->\n<title>In aap klimt \u00fat &#039;e beam - audioboek op cd &#8211; Af\u00fbk Websjop<\/title>\n<meta name=\"robots\" content=\"index, follow, max-snippet:-1, max-image-preview:large, max-video-preview:-1\" \/>\n<link rel=\"canonical\" href=\"https:\/\/websjop.afuk.frl\/nl\/winkel\/in-aap-klimt-ut-e-beam-audioboek-op-cd\/\" \/>\n<meta property=\"og:locale\" content=\"nl_NL\" \/>\n<meta property=\"og:type\" content=\"article\" \/>\n<meta property=\"og:title\" content=\"In aap klimt \u00fat &#039;e beam - audioboek op cd &#8211; Af\u00fbk Websjop\" \/>\n<meta property=\"og:description\" content=\"Bobo de aap is \u00fbntsnapt \u00fat &#8216;e dieret\u00fan om him nei wenjen te setten yn &#8216;e bosk. D\u00ear is er s\u00fbnder it te wollen tsj\u00fbge fan in frijpartijtsje yn de fiver. Hy klimt \u00fat syn beam, siket wat klean byelkoar, om ferklaaid as minske de wr\u00e2ld yn te l\u00fbken. Even letter wurdt er opfongen troch [&hellip;]\" \/>\n<meta property=\"og:url\" content=\"https:\/\/websjop.afuk.frl\/nl\/winkel\/in-aap-klimt-ut-e-beam-audioboek-op-cd\/\" \/>\n<meta property=\"og:site_name\" content=\"Af\u00fbk Websjop\" \/>\n<meta property=\"article:modified_time\" content=\"2020-02-05T13:00:45+00:00\" \/>\n<meta property=\"og:image\" content=\"https:\/\/websjop.afuk.frl\/wp-content\/uploads\/2020\/01\/in-aap-klimt-\u00fat-e-beam-audioboek049.jpg\" \/>\n\t<meta property=\"og:image:width\" content=\"1487\" \/>\n\t<meta property=\"og:image:height\" content=\"2099\" \/>\n\t<meta property=\"og:image:type\" content=\"image\/jpeg\" \/>\n<meta name=\"twitter:card\" content=\"summary_large_image\" \/>\n<meta name=\"twitter:label1\" content=\"Geschatte leestijd\" \/>\n\t<meta name=\"twitter:data1\" content=\"1 minuut\" \/>\n<script type=\"application\/ld+json\" class=\"yoast-schema-graph\">{\"@context\":\"https:\\\/\\\/schema.org\",\"@graph\":[{\"@type\":\"WebPage\",\"@id\":\"https:\\\/\\\/websjop.afuk.frl\\\/nl\\\/winkel\\\/in-aap-klimt-ut-e-beam-audioboek-op-cd\\\/\",\"url\":\"https:\\\/\\\/websjop.afuk.frl\\\/nl\\\/winkel\\\/in-aap-klimt-ut-e-beam-audioboek-op-cd\\\/\",\"name\":\"In aap klimt \u00fat 'e beam - audioboek op cd &#8211; Af\u00fbk Websjop\",\"isPartOf\":{\"@id\":\"https:\\\/\\\/websjop.afuk.frl\\\/nl\\\/#website\"},\"primaryImageOfPage\":{\"@id\":\"https:\\\/\\\/websjop.afuk.frl\\\/nl\\\/winkel\\\/in-aap-klimt-ut-e-beam-audioboek-op-cd\\\/#primaryimage\"},\"image\":{\"@id\":\"https:\\\/\\\/websjop.afuk.frl\\\/nl\\\/winkel\\\/in-aap-klimt-ut-e-beam-audioboek-op-cd\\\/#primaryimage\"},\"thumbnailUrl\":\"https:\\\/\\\/websjop.afuk.frl\\\/wp-content\\\/uploads\\\/2020\\\/01\\\/in-aap-klimt-\u00fat-e-beam-audioboek049.jpg\",\"datePublished\":\"2020-01-08T13:43:26+00:00\",\"dateModified\":\"2020-02-05T13:00:45+00:00\",\"breadcrumb\":{\"@id\":\"https:\\\/\\\/websjop.afuk.frl\\\/nl\\\/winkel\\\/in-aap-klimt-ut-e-beam-audioboek-op-cd\\\/#breadcrumb\"},\"inLanguage\":\"nl-NL\",\"potentialAction\":[{\"@type\":\"ReadAction\",\"target\":[\"https:\\\/\\\/websjop.afuk.frl\\\/nl\\\/winkel\\\/in-aap-klimt-ut-e-beam-audioboek-op-cd\\\/\"]}]},{\"@type\":\"ImageObject\",\"inLanguage\":\"nl-NL\",\"@id\":\"https:\\\/\\\/websjop.afuk.frl\\\/nl\\\/winkel\\\/in-aap-klimt-ut-e-beam-audioboek-op-cd\\\/#primaryimage\",\"url\":\"https:\\\/\\\/websjop.afuk.frl\\\/wp-content\\\/uploads\\\/2020\\\/01\\\/in-aap-klimt-\u00fat-e-beam-audioboek049.jpg\",\"contentUrl\":\"https:\\\/\\\/websjop.afuk.frl\\\/wp-content\\\/uploads\\\/2020\\\/01\\\/in-aap-klimt-\u00fat-e-beam-audioboek049.jpg\",\"width\":1487,\"height\":2099,\"caption\":\"In aap klimt \u00fat 'e beam - audioboek\"},{\"@type\":\"BreadcrumbList\",\"@id\":\"https:\\\/\\\/websjop.afuk.frl\\\/nl\\\/winkel\\\/in-aap-klimt-ut-e-beam-audioboek-op-cd\\\/#breadcrumb\",\"itemListElement\":[{\"@type\":\"ListItem\",\"position\":1,\"name\":\"Home\",\"item\":\"https:\\\/\\\/websjop.afuk.frl\\\/nl\\\/\"},{\"@type\":\"ListItem\",\"position\":2,\"name\":\"Winkel\",\"item\":\"https:\\\/\\\/websjop.afuk.frl\\\/nl\\\/winkel\\\/\"},{\"@type\":\"ListItem\",\"position\":3,\"name\":\"In aap klimt \u00fat &#8216;e beam &#8211; audioboek op cd\"}]},{\"@type\":\"WebSite\",\"@id\":\"https:\\\/\\\/websjop.afuk.frl\\\/nl\\\/#website\",\"url\":\"https:\\\/\\\/websjop.afuk.frl\\\/nl\\\/\",\"name\":\"Af\u00fbk Websjop\",\"description\":\"\",\"potentialAction\":[{\"@type\":\"SearchAction\",\"target\":{\"@type\":\"EntryPoint\",\"urlTemplate\":\"https:\\\/\\\/websjop.afuk.frl\\\/nl\\\/?s={search_term_string}\"},\"query-input\":{\"@type\":\"PropertyValueSpecification\",\"valueRequired\":true,\"valueName\":\"search_term_string\"}}],\"inLanguage\":\"nl-NL\"}]}<\/script>\n<!-- \/ Yoast SEO plugin. -->","yoast_head_json":{"title":"In aap klimt \u00fat 'e beam - audioboek op cd &#8211; Af\u00fbk Websjop","robots":{"index":"index","follow":"follow","max-snippet":"max-snippet:-1","max-image-preview":"max-image-preview:large","max-video-preview":"max-video-preview:-1"},"canonical":"https:\/\/websjop.afuk.frl\/nl\/winkel\/in-aap-klimt-ut-e-beam-audioboek-op-cd\/","og_locale":"nl_NL","og_type":"article","og_title":"In aap klimt \u00fat 'e beam - audioboek op cd &#8211; Af\u00fbk Websjop","og_description":"Bobo de aap is \u00fbntsnapt \u00fat &#8216;e dieret\u00fan om him nei wenjen te setten yn &#8216;e bosk. D\u00ear is er s\u00fbnder it te wollen tsj\u00fbge fan in frijpartijtsje yn de fiver. Hy klimt \u00fat syn beam, siket wat klean byelkoar, om ferklaaid as minske de wr\u00e2ld yn te l\u00fbken. Even letter wurdt er opfongen troch [&hellip;]","og_url":"https:\/\/websjop.afuk.frl\/nl\/winkel\/in-aap-klimt-ut-e-beam-audioboek-op-cd\/","og_site_name":"Af\u00fbk Websjop","article_modified_time":"2020-02-05T13:00:45+00:00","og_image":[{"width":1487,"height":2099,"url":"https:\/\/websjop.afuk.frl\/wp-content\/uploads\/2020\/01\/in-aap-klimt-\u00fat-e-beam-audioboek049.jpg","type":"image\/jpeg"}],"twitter_card":"summary_large_image","twitter_misc":{"Geschatte leestijd":"1 minuut"},"schema":{"@context":"https:\/\/schema.org","@graph":[{"@type":"WebPage","@id":"https:\/\/websjop.afuk.frl\/nl\/winkel\/in-aap-klimt-ut-e-beam-audioboek-op-cd\/","url":"https:\/\/websjop.afuk.frl\/nl\/winkel\/in-aap-klimt-ut-e-beam-audioboek-op-cd\/","name":"In aap klimt \u00fat 'e beam - audioboek op cd &#8211; Af\u00fbk Websjop","isPartOf":{"@id":"https:\/\/websjop.afuk.frl\/nl\/#website"},"primaryImageOfPage":{"@id":"https:\/\/websjop.afuk.frl\/nl\/winkel\/in-aap-klimt-ut-e-beam-audioboek-op-cd\/#primaryimage"},"image":{"@id":"https:\/\/websjop.afuk.frl\/nl\/winkel\/in-aap-klimt-ut-e-beam-audioboek-op-cd\/#primaryimage"},"thumbnailUrl":"https:\/\/websjop.afuk.frl\/wp-content\/uploads\/2020\/01\/in-aap-klimt-\u00fat-e-beam-audioboek049.jpg","datePublished":"2020-01-08T13:43:26+00:00","dateModified":"2020-02-05T13:00:45+00:00","breadcrumb":{"@id":"https:\/\/websjop.afuk.frl\/nl\/winkel\/in-aap-klimt-ut-e-beam-audioboek-op-cd\/#breadcrumb"},"inLanguage":"nl-NL","potentialAction":[{"@type":"ReadAction","target":["https:\/\/websjop.afuk.frl\/nl\/winkel\/in-aap-klimt-ut-e-beam-audioboek-op-cd\/"]}]},{"@type":"ImageObject","inLanguage":"nl-NL","@id":"https:\/\/websjop.afuk.frl\/nl\/winkel\/in-aap-klimt-ut-e-beam-audioboek-op-cd\/#primaryimage","url":"https:\/\/websjop.afuk.frl\/wp-content\/uploads\/2020\/01\/in-aap-klimt-\u00fat-e-beam-audioboek049.jpg","contentUrl":"https:\/\/websjop.afuk.frl\/wp-content\/uploads\/2020\/01\/in-aap-klimt-\u00fat-e-beam-audioboek049.jpg","width":1487,"height":2099,"caption":"In aap klimt \u00fat 'e beam - audioboek"},{"@type":"BreadcrumbList","@id":"https:\/\/websjop.afuk.frl\/nl\/winkel\/in-aap-klimt-ut-e-beam-audioboek-op-cd\/#breadcrumb","itemListElement":[{"@type":"ListItem","position":1,"name":"Home","item":"https:\/\/websjop.afuk.frl\/nl\/"},{"@type":"ListItem","position":2,"name":"Winkel","item":"https:\/\/websjop.afuk.frl\/nl\/winkel\/"},{"@type":"ListItem","position":3,"name":"In aap klimt \u00fat &#8216;e beam &#8211; audioboek op cd"}]},{"@type":"WebSite","@id":"https:\/\/websjop.afuk.frl\/nl\/#website","url":"https:\/\/websjop.afuk.frl\/nl\/","name":"Af\u00fbk Websjop","description":"","potentialAction":[{"@type":"SearchAction","target":{"@type":"EntryPoint","urlTemplate":"https:\/\/websjop.afuk.frl\/nl\/?s={search_term_string}"},"query-input":{"@type":"PropertyValueSpecification","valueRequired":true,"valueName":"search_term_string"}}],"inLanguage":"nl-NL"}]}},"_links":{"self":[{"href":"https:\/\/websjop.afuk.frl\/nl\/wp-json\/wp\/v2\/product\/17112","targetHints":{"allow":["GET"]}}],"collection":[{"href":"https:\/\/websjop.afuk.frl\/nl\/wp-json\/wp\/v2\/product"}],"about":[{"href":"https:\/\/websjop.afuk.frl\/nl\/wp-json\/wp\/v2\/types\/product"}],"replies":[{"embeddable":true,"href":"https:\/\/websjop.afuk.frl\/nl\/wp-json\/wp\/v2\/comments?post=17112"}],"wp:featuredmedia":[{"embeddable":true,"href":"https:\/\/websjop.afuk.frl\/nl\/wp-json\/wp\/v2\/media\/17114"}],"wp:attachment":[{"href":"https:\/\/websjop.afuk.frl\/nl\/wp-json\/wp\/v2\/media?parent=17112"}],"wp:term":[{"taxonomy":"product_brand","embeddable":true,"href":"https:\/\/websjop.afuk.frl\/nl\/wp-json\/wp\/v2\/product_brand?post=17112"},{"taxonomy":"product_cat","embeddable":true,"href":"https:\/\/websjop.afuk.frl\/nl\/wp-json\/wp\/v2\/product_cat?post=17112"},{"taxonomy":"product_tag","embeddable":true,"href":"https:\/\/websjop.afuk.frl\/nl\/wp-json\/wp\/v2\/product_tag?post=17112"}],"curies":[{"name":"wp","href":"https:\/\/api.w.org\/{rel}","templated":true}]}}