{"id":17104,"date":"2020-01-08T13:44:44","date_gmt":"2020-01-08T12:44:44","guid":{"rendered":"https:\/\/websjop.afuk.frl\/?post_type=product&#038;p=17104"},"modified":"2022-03-04T09:08:44","modified_gmt":"2022-03-04T08:08:44","slug":"the-challenge","status":"publish","type":"product","link":"https:\/\/websjop.afuk.frl\/nl\/winkel\/the-challenge\/","title":{"rendered":"The Challenge"},"content":{"rendered":"<p><em>&#8216;W\u00ear bin ik? Wat is dit? Wa binne jim?&#8217; frege Jesse bang. <\/em><em>Hy siet op in houten stoel. Syn hannen wienen f\u00eastb\u00fbn achter syn r\u00each, syn ankels f\u00eastmakke oan de spilen. Hy koe gjin kant op. Foar him stienen twa figueren yn swarte overals, de gesichten \u00fbnwerkenber, om&#8217;t se in m\u00fbtse op hienen dy&#8217;t harren hiele holle beduts, op de eagen nei.<\/em><\/p>\n<p>Jesse wurdt \u00fbntfierd troch twa \u00fbnbekende figueren. Se twinge him om mei te dwaan oan The Challenge: in soarte fan spul w\u00earby&#8217;t er in oantal walchlike opdrachten \u00fatfiere moat, sa as bygelyks fiif teanneils opite. It hiele barren wurdt live \u00fatstjoerd. Wa binne de beide figueren? En w\u00earom ha se him pakt?<\/p>\n<p>Wilens h\u00e2ldt ien it trijetal yn &#8216;e gaten&#8230;<\/p>\n<p>&nbsp;<\/p>\n","protected":false},"excerpt":{"rendered":"<p>&#8216;W\u00ear bin ik? Wat is dit? Wa binne jim?&#8217; frege Jesse bang. Hy siet op in houten stoel. Syn hannen wienen f\u00eastb\u00fbn achter syn r\u00each, syn ankels f\u00eastmakke oan de spilen. Hy koe gjin kant op. Foar him stienen twa figueren yn swarte overals, de gesichten \u00fbnwerkenber, om&#8217;t se in m\u00fbtse op hienen dy&#8217;t harren [&hellip;]<\/p>\n","protected":false},"featured_media":17105,"comment_status":"closed","ping_status":"closed","template":"","meta":{"_acf_changed":false},"product_brand":[],"product_cat":[9763,535,552],"product_tag":[9458,9457,9459],"class_list":{"0":"post-17104","1":"product","2":"type-product","3":"status-publish","4":"has-post-thumbnail","6":"product_cat-de-moaiste-jeugdboeken","7":"product_cat-fryske-boeken","8":"product_cat-jeugdboeken","9":"product_tag-anita-terpstra","10":"product_tag-challenge","11":"product_tag-jongerein","12":"product_shipping_class-brievenbus-verzending","13":"pa_auteur-anita-terpstra","14":"pa_isbn-9456","15":"pa_new-label-1-3","16":"pa_taal-frysk","17":"pa_uitgever-elikser","18":"pa_vertaler-martsje-de-jong","20":"first","21":"instock","22":"taxable","23":"shipping-taxable","24":"purchasable","25":"product-type-simple"},"acf":[],"yoast_head":"<!-- This site is optimized with the Yoast SEO plugin v27.2 - https:\/\/yoast.com\/product\/yoast-seo-wordpress\/ -->\n<title>The Challenge &#8211; Af\u00fbk Websjop<\/title>\n<meta name=\"robots\" content=\"index, follow, max-snippet:-1, max-image-preview:large, max-video-preview:-1\" \/>\n<link rel=\"canonical\" href=\"https:\/\/websjop.afuk.frl\/nl\/winkel\/the-challenge\/\" \/>\n<meta property=\"og:locale\" content=\"nl_NL\" \/>\n<meta property=\"og:type\" content=\"article\" \/>\n<meta property=\"og:title\" content=\"The Challenge &#8211; Af\u00fbk Websjop\" \/>\n<meta property=\"og:description\" content=\"&#8216;W\u00ear bin ik? Wat is dit? Wa binne jim?&#8217; frege Jesse bang. Hy siet op in houten stoel. Syn hannen wienen f\u00eastb\u00fbn achter syn r\u00each, syn ankels f\u00eastmakke oan de spilen. Hy koe gjin kant op. Foar him stienen twa figueren yn swarte overals, de gesichten \u00fbnwerkenber, om&#8217;t se in m\u00fbtse op hienen dy&#8217;t harren [&hellip;]\" \/>\n<meta property=\"og:url\" content=\"https:\/\/websjop.afuk.frl\/nl\/winkel\/the-challenge\/\" \/>\n<meta property=\"og:site_name\" content=\"Af\u00fbk Websjop\" \/>\n<meta property=\"article:modified_time\" content=\"2022-03-04T08:08:44+00:00\" \/>\n<meta property=\"og:image\" content=\"https:\/\/websjop.afuk.frl\/wp-content\/uploads\/2020\/01\/The-Challenge047.jpg\" \/>\n\t<meta property=\"og:image:width\" content=\"1614\" \/>\n\t<meta property=\"og:image:height\" content=\"2500\" \/>\n\t<meta property=\"og:image:type\" content=\"image\/jpeg\" \/>\n<meta name=\"twitter:card\" content=\"summary_large_image\" \/>\n<meta name=\"twitter:label1\" content=\"Geschatte leestijd\" \/>\n\t<meta name=\"twitter:data1\" content=\"1 minuut\" \/>\n<script type=\"application\/ld+json\" class=\"yoast-schema-graph\">{\"@context\":\"https:\/\/schema.org\",\"@graph\":[{\"@type\":\"WebPage\",\"@id\":\"https:\/\/websjop.afuk.frl\/nl\/winkel\/the-challenge\/\",\"url\":\"https:\/\/websjop.afuk.frl\/nl\/winkel\/the-challenge\/\",\"name\":\"The Challenge &#8211; Af\u00fbk Websjop\",\"isPartOf\":{\"@id\":\"https:\/\/websjop.afuk.frl\/nl\/#website\"},\"primaryImageOfPage\":{\"@id\":\"https:\/\/websjop.afuk.frl\/nl\/winkel\/the-challenge\/#primaryimage\"},\"image\":{\"@id\":\"https:\/\/websjop.afuk.frl\/nl\/winkel\/the-challenge\/#primaryimage\"},\"thumbnailUrl\":\"https:\/\/websjop.afuk.frl\/wp-content\/uploads\/2020\/01\/The-Challenge047.jpg\",\"datePublished\":\"2020-01-08T12:44:44+00:00\",\"dateModified\":\"2022-03-04T08:08:44+00:00\",\"breadcrumb\":{\"@id\":\"https:\/\/websjop.afuk.frl\/nl\/winkel\/the-challenge\/#breadcrumb\"},\"inLanguage\":\"nl-NL\",\"potentialAction\":[{\"@type\":\"ReadAction\",\"target\":[\"https:\/\/websjop.afuk.frl\/nl\/winkel\/the-challenge\/\"]}]},{\"@type\":\"ImageObject\",\"inLanguage\":\"nl-NL\",\"@id\":\"https:\/\/websjop.afuk.frl\/nl\/winkel\/the-challenge\/#primaryimage\",\"url\":\"https:\/\/websjop.afuk.frl\/wp-content\/uploads\/2020\/01\/The-Challenge047.jpg\",\"contentUrl\":\"https:\/\/websjop.afuk.frl\/wp-content\/uploads\/2020\/01\/The-Challenge047.jpg\",\"width\":1614,\"height\":2500,\"caption\":\"The Challenge\"},{\"@type\":\"BreadcrumbList\",\"@id\":\"https:\/\/websjop.afuk.frl\/nl\/winkel\/the-challenge\/#breadcrumb\",\"itemListElement\":[{\"@type\":\"ListItem\",\"position\":1,\"name\":\"Home\",\"item\":\"https:\/\/websjop.afuk.frl\/nl\/\"},{\"@type\":\"ListItem\",\"position\":2,\"name\":\"Winkel\",\"item\":\"https:\/\/websjop.afuk.frl\/nl\/winkel\/\"},{\"@type\":\"ListItem\",\"position\":3,\"name\":\"The Challenge\"}]},{\"@type\":\"WebSite\",\"@id\":\"https:\/\/websjop.afuk.frl\/nl\/#website\",\"url\":\"https:\/\/websjop.afuk.frl\/nl\/\",\"name\":\"Af\u00fbk Websjop\",\"description\":\"\",\"potentialAction\":[{\"@type\":\"SearchAction\",\"target\":{\"@type\":\"EntryPoint\",\"urlTemplate\":\"https:\/\/websjop.afuk.frl\/nl\/?s={search_term_string}\"},\"query-input\":{\"@type\":\"PropertyValueSpecification\",\"valueRequired\":true,\"valueName\":\"search_term_string\"}}],\"inLanguage\":\"nl-NL\"}]}<\/script>\n<!-- \/ Yoast SEO plugin. -->","yoast_head_json":{"title":"The Challenge &#8211; Af\u00fbk Websjop","robots":{"index":"index","follow":"follow","max-snippet":"max-snippet:-1","max-image-preview":"max-image-preview:large","max-video-preview":"max-video-preview:-1"},"canonical":"https:\/\/websjop.afuk.frl\/nl\/winkel\/the-challenge\/","og_locale":"nl_NL","og_type":"article","og_title":"The Challenge &#8211; Af\u00fbk Websjop","og_description":"&#8216;W\u00ear bin ik? Wat is dit? Wa binne jim?&#8217; frege Jesse bang. Hy siet op in houten stoel. Syn hannen wienen f\u00eastb\u00fbn achter syn r\u00each, syn ankels f\u00eastmakke oan de spilen. Hy koe gjin kant op. Foar him stienen twa figueren yn swarte overals, de gesichten \u00fbnwerkenber, om&#8217;t se in m\u00fbtse op hienen dy&#8217;t harren [&hellip;]","og_url":"https:\/\/websjop.afuk.frl\/nl\/winkel\/the-challenge\/","og_site_name":"Af\u00fbk Websjop","article_modified_time":"2022-03-04T08:08:44+00:00","og_image":[{"width":1614,"height":2500,"url":"https:\/\/websjop.afuk.frl\/wp-content\/uploads\/2020\/01\/The-Challenge047.jpg","type":"image\/jpeg"}],"twitter_card":"summary_large_image","twitter_misc":{"Geschatte leestijd":"1 minuut"},"schema":{"@context":"https:\/\/schema.org","@graph":[{"@type":"WebPage","@id":"https:\/\/websjop.afuk.frl\/nl\/winkel\/the-challenge\/","url":"https:\/\/websjop.afuk.frl\/nl\/winkel\/the-challenge\/","name":"The Challenge &#8211; Af\u00fbk Websjop","isPartOf":{"@id":"https:\/\/websjop.afuk.frl\/nl\/#website"},"primaryImageOfPage":{"@id":"https:\/\/websjop.afuk.frl\/nl\/winkel\/the-challenge\/#primaryimage"},"image":{"@id":"https:\/\/websjop.afuk.frl\/nl\/winkel\/the-challenge\/#primaryimage"},"thumbnailUrl":"https:\/\/websjop.afuk.frl\/wp-content\/uploads\/2020\/01\/The-Challenge047.jpg","datePublished":"2020-01-08T12:44:44+00:00","dateModified":"2022-03-04T08:08:44+00:00","breadcrumb":{"@id":"https:\/\/websjop.afuk.frl\/nl\/winkel\/the-challenge\/#breadcrumb"},"inLanguage":"nl-NL","potentialAction":[{"@type":"ReadAction","target":["https:\/\/websjop.afuk.frl\/nl\/winkel\/the-challenge\/"]}]},{"@type":"ImageObject","inLanguage":"nl-NL","@id":"https:\/\/websjop.afuk.frl\/nl\/winkel\/the-challenge\/#primaryimage","url":"https:\/\/websjop.afuk.frl\/wp-content\/uploads\/2020\/01\/The-Challenge047.jpg","contentUrl":"https:\/\/websjop.afuk.frl\/wp-content\/uploads\/2020\/01\/The-Challenge047.jpg","width":1614,"height":2500,"caption":"The Challenge"},{"@type":"BreadcrumbList","@id":"https:\/\/websjop.afuk.frl\/nl\/winkel\/the-challenge\/#breadcrumb","itemListElement":[{"@type":"ListItem","position":1,"name":"Home","item":"https:\/\/websjop.afuk.frl\/nl\/"},{"@type":"ListItem","position":2,"name":"Winkel","item":"https:\/\/websjop.afuk.frl\/nl\/winkel\/"},{"@type":"ListItem","position":3,"name":"The Challenge"}]},{"@type":"WebSite","@id":"https:\/\/websjop.afuk.frl\/nl\/#website","url":"https:\/\/websjop.afuk.frl\/nl\/","name":"Af\u00fbk Websjop","description":"","potentialAction":[{"@type":"SearchAction","target":{"@type":"EntryPoint","urlTemplate":"https:\/\/websjop.afuk.frl\/nl\/?s={search_term_string}"},"query-input":{"@type":"PropertyValueSpecification","valueRequired":true,"valueName":"search_term_string"}}],"inLanguage":"nl-NL"}]}},"_links":{"self":[{"href":"https:\/\/websjop.afuk.frl\/nl\/wp-json\/wp\/v2\/product\/17104","targetHints":{"allow":["GET"]}}],"collection":[{"href":"https:\/\/websjop.afuk.frl\/nl\/wp-json\/wp\/v2\/product"}],"about":[{"href":"https:\/\/websjop.afuk.frl\/nl\/wp-json\/wp\/v2\/types\/product"}],"replies":[{"embeddable":true,"href":"https:\/\/websjop.afuk.frl\/nl\/wp-json\/wp\/v2\/comments?post=17104"}],"wp:featuredmedia":[{"embeddable":true,"href":"https:\/\/websjop.afuk.frl\/nl\/wp-json\/wp\/v2\/media\/17105"}],"wp:attachment":[{"href":"https:\/\/websjop.afuk.frl\/nl\/wp-json\/wp\/v2\/media?parent=17104"}],"wp:term":[{"taxonomy":"product_brand","embeddable":true,"href":"https:\/\/websjop.afuk.frl\/nl\/wp-json\/wp\/v2\/product_brand?post=17104"},{"taxonomy":"product_cat","embeddable":true,"href":"https:\/\/websjop.afuk.frl\/nl\/wp-json\/wp\/v2\/product_cat?post=17104"},{"taxonomy":"product_tag","embeddable":true,"href":"https:\/\/websjop.afuk.frl\/nl\/wp-json\/wp\/v2\/product_tag?post=17104"}],"curies":[{"name":"wp","href":"https:\/\/api.w.org\/{rel}","templated":true}]}}