{"id":17083,"date":"2020-01-06T13:01:03","date_gmt":"2020-01-06T12:01:03","guid":{"rendered":"https:\/\/websjop.afuk.frl\/?post_type=product&#038;p=17083"},"modified":"2021-08-25T10:34:42","modified_gmt":"2021-08-25T09:34:42","slug":"helia-en-har-wrald-mei-chopin","status":"publish","type":"product","link":"https:\/\/websjop.afuk.frl\/nl\/winkel\/helia-en-har-wrald-mei-chopin\/","title":{"rendered":"Helia en har wr\u00e2ld mei Chopin"},"content":{"rendered":"<p>1952. Tijdens een logeerpartij met zijn moeder maakt Sierd op de hofstee van de Bonninga&#8217;s kennis met de pianolerares Helia. Zij heeft vele jaren in Frankrijk gewoond en is na haar scheiding met haar dochtertje Yvel naar het ouderlijk huis teruggekeerd.<\/p>\n<p>1962. Sierd heeft ondertussen pianoles van Helia. Hij wordt uitgenodigd voor een muziekweekend bij de Bonninga&#8217;s. Van boer Bonninga hoort hij dat hun hofstee al sinds oude tijden een bijzondere band met muziek heeft.<\/p>\n<p>1050. Na een bedevaart van Eirik naar Cluny komt hij terug met een adellijke vrouw, Evelle van Semur, die op de vlucht is. Zij brengt bijzondere muzikale krachten in de familie.<\/p>\n<p>1967. Helia nodigt Sierd uit voor een reis naar Lyon, samen met haar dochter Yvel en twee andere jonge mensen. Helia haar liefde voor Chopin wordt opnieuw van grote invloed op Sierd. In Lyon ontdekt Sierd waar die krachten vandaan komen. Samen met Yvel vindt Sierd de verborgen bronnen van hun muzikaliteit.<\/p>\n<p>&nbsp;<\/p>\n","protected":false},"excerpt":{"rendered":"<p>1952. Tijdens een logeerpartij met zijn moeder maakt Sierd op de hofstee van de Bonninga&#8217;s kennis met de pianolerares Helia. Zij heeft vele jaren in Frankrijk gewoond en is na haar scheiding met haar dochtertje Yvel naar het ouderlijk huis teruggekeerd. 1962. Sierd heeft ondertussen pianoles van Helia. Hij wordt uitgenodigd voor een muziekweekend bij [&hellip;]<\/p>\n","protected":false},"featured_media":17084,"comment_status":"closed","ping_status":"closed","template":"","meta":{"_acf_changed":false},"product_brand":[],"product_cat":[535,537,1215],"product_tag":[9439,19151,19152,19153,7936,5641],"class_list":{"0":"post-17083","1":"product","2":"type-product","3":"status-publish","4":"has-post-thumbnail","6":"product_cat-fryske-boeken","7":"product_cat-romans","8":"product_cat-romans-en-literatuer","9":"product_tag-chopin","10":"product_tag-helia-en-har-wrald-mei-chopin","11":"product_tag-muzikaal","12":"product_tag-piano","13":"product_tag-rients-faber","14":"product_tag-roman","15":"product_shipping_class-brievenbus-verzending","16":"pa_auteur-rients-faber","17":"pa_isbn-9438","18":"pa_new-label-1-3","19":"pa_taal-frysk","20":"pa_uitgever-eigen-beheer","22":"first","23":"instock","24":"taxable","25":"shipping-taxable","26":"purchasable","27":"product-type-simple"},"acf":[],"yoast_head":"<!-- This site is optimized with the Yoast SEO plugin v27.3 - https:\/\/yoast.com\/product\/yoast-seo-wordpress\/ -->\n<title>Helia en har wr\u00e2ld mei Chopin &#8211; Af\u00fbk Websjop<\/title>\n<meta name=\"description\" content=\"In Helia en har wr\u00e2ld mei Chopin gaan Sierd en zijn pianolerares Helia op zoek naar haar muzikale krachten en waar haar liefde voor Chopin vandaan komt.\" \/>\n<meta name=\"robots\" content=\"index, follow, max-snippet:-1, max-image-preview:large, max-video-preview:-1\" \/>\n<link rel=\"canonical\" href=\"https:\/\/websjop.afuk.frl\/nl\/winkel\/helia-en-har-wrald-mei-chopin\/\" \/>\n<meta property=\"og:locale\" content=\"nl_NL\" \/>\n<meta property=\"og:type\" content=\"article\" \/>\n<meta property=\"og:title\" content=\"Helia en har wr\u00e2ld mei Chopin &#8211; Af\u00fbk Websjop\" \/>\n<meta property=\"og:description\" content=\"In Helia en har wr\u00e2ld mei Chopin gaan Sierd en zijn pianolerares Helia op zoek naar haar muzikale krachten en waar haar liefde voor Chopin vandaan komt.\" \/>\n<meta property=\"og:url\" content=\"https:\/\/websjop.afuk.frl\/nl\/winkel\/helia-en-har-wrald-mei-chopin\/\" \/>\n<meta property=\"og:site_name\" content=\"Af\u00fbk Websjop\" \/>\n<meta property=\"article:modified_time\" content=\"2021-08-25T09:34:42+00:00\" \/>\n<meta property=\"og:image\" content=\"https:\/\/websjop.afuk.frl\/wp-content\/uploads\/2020\/01\/Helia-en-har-wr\u00e2ld-mei-Chopin041.jpg\" \/>\n\t<meta property=\"og:image:width\" content=\"1695\" \/>\n\t<meta property=\"og:image:height\" content=\"2439\" \/>\n\t<meta property=\"og:image:type\" content=\"image\/jpeg\" \/>\n<meta name=\"twitter:card\" content=\"summary_large_image\" \/>\n<meta name=\"twitter:label1\" content=\"Geschatte leestijd\" \/>\n\t<meta name=\"twitter:data1\" content=\"1 minuut\" \/>\n<script type=\"application\/ld+json\" class=\"yoast-schema-graph\">{\"@context\":\"https:\\\/\\\/schema.org\",\"@graph\":[{\"@type\":\"WebPage\",\"@id\":\"https:\\\/\\\/websjop.afuk.frl\\\/nl\\\/winkel\\\/helia-en-har-wrald-mei-chopin\\\/\",\"url\":\"https:\\\/\\\/websjop.afuk.frl\\\/nl\\\/winkel\\\/helia-en-har-wrald-mei-chopin\\\/\",\"name\":\"Helia en har wr\u00e2ld mei Chopin &#8211; Af\u00fbk Websjop\",\"isPartOf\":{\"@id\":\"https:\\\/\\\/websjop.afuk.frl\\\/nl\\\/#website\"},\"primaryImageOfPage\":{\"@id\":\"https:\\\/\\\/websjop.afuk.frl\\\/nl\\\/winkel\\\/helia-en-har-wrald-mei-chopin\\\/#primaryimage\"},\"image\":{\"@id\":\"https:\\\/\\\/websjop.afuk.frl\\\/nl\\\/winkel\\\/helia-en-har-wrald-mei-chopin\\\/#primaryimage\"},\"thumbnailUrl\":\"https:\\\/\\\/websjop.afuk.frl\\\/wp-content\\\/uploads\\\/2020\\\/01\\\/Helia-en-har-wr\u00e2ld-mei-Chopin041.jpg\",\"datePublished\":\"2020-01-06T12:01:03+00:00\",\"dateModified\":\"2021-08-25T09:34:42+00:00\",\"description\":\"In Helia en har wr\u00e2ld mei Chopin gaan Sierd en zijn pianolerares Helia op zoek naar haar muzikale krachten en waar haar liefde voor Chopin vandaan komt.\",\"breadcrumb\":{\"@id\":\"https:\\\/\\\/websjop.afuk.frl\\\/nl\\\/winkel\\\/helia-en-har-wrald-mei-chopin\\\/#breadcrumb\"},\"inLanguage\":\"nl-NL\",\"potentialAction\":[{\"@type\":\"ReadAction\",\"target\":[\"https:\\\/\\\/websjop.afuk.frl\\\/nl\\\/winkel\\\/helia-en-har-wrald-mei-chopin\\\/\"]}]},{\"@type\":\"ImageObject\",\"inLanguage\":\"nl-NL\",\"@id\":\"https:\\\/\\\/websjop.afuk.frl\\\/nl\\\/winkel\\\/helia-en-har-wrald-mei-chopin\\\/#primaryimage\",\"url\":\"https:\\\/\\\/websjop.afuk.frl\\\/wp-content\\\/uploads\\\/2020\\\/01\\\/Helia-en-har-wr\u00e2ld-mei-Chopin041.jpg\",\"contentUrl\":\"https:\\\/\\\/websjop.afuk.frl\\\/wp-content\\\/uploads\\\/2020\\\/01\\\/Helia-en-har-wr\u00e2ld-mei-Chopin041.jpg\",\"width\":1695,\"height\":2439,\"caption\":\"Helia en har wr\u00e2ld mei Chopin\"},{\"@type\":\"BreadcrumbList\",\"@id\":\"https:\\\/\\\/websjop.afuk.frl\\\/nl\\\/winkel\\\/helia-en-har-wrald-mei-chopin\\\/#breadcrumb\",\"itemListElement\":[{\"@type\":\"ListItem\",\"position\":1,\"name\":\"Home\",\"item\":\"https:\\\/\\\/websjop.afuk.frl\\\/nl\\\/\"},{\"@type\":\"ListItem\",\"position\":2,\"name\":\"Winkel\",\"item\":\"https:\\\/\\\/websjop.afuk.frl\\\/nl\\\/winkel\\\/\"},{\"@type\":\"ListItem\",\"position\":3,\"name\":\"Helia en har wr\u00e2ld mei Chopin\"}]},{\"@type\":\"WebSite\",\"@id\":\"https:\\\/\\\/websjop.afuk.frl\\\/nl\\\/#website\",\"url\":\"https:\\\/\\\/websjop.afuk.frl\\\/nl\\\/\",\"name\":\"Af\u00fbk Websjop\",\"description\":\"\",\"potentialAction\":[{\"@type\":\"SearchAction\",\"target\":{\"@type\":\"EntryPoint\",\"urlTemplate\":\"https:\\\/\\\/websjop.afuk.frl\\\/nl\\\/?s={search_term_string}\"},\"query-input\":{\"@type\":\"PropertyValueSpecification\",\"valueRequired\":true,\"valueName\":\"search_term_string\"}}],\"inLanguage\":\"nl-NL\"}]}<\/script>\n<!-- \/ Yoast SEO plugin. -->","yoast_head_json":{"title":"Helia en har wr\u00e2ld mei Chopin &#8211; Af\u00fbk Websjop","description":"In Helia en har wr\u00e2ld mei Chopin gaan Sierd en zijn pianolerares Helia op zoek naar haar muzikale krachten en waar haar liefde voor Chopin vandaan komt.","robots":{"index":"index","follow":"follow","max-snippet":"max-snippet:-1","max-image-preview":"max-image-preview:large","max-video-preview":"max-video-preview:-1"},"canonical":"https:\/\/websjop.afuk.frl\/nl\/winkel\/helia-en-har-wrald-mei-chopin\/","og_locale":"nl_NL","og_type":"article","og_title":"Helia en har wr\u00e2ld mei Chopin &#8211; Af\u00fbk Websjop","og_description":"In Helia en har wr\u00e2ld mei Chopin gaan Sierd en zijn pianolerares Helia op zoek naar haar muzikale krachten en waar haar liefde voor Chopin vandaan komt.","og_url":"https:\/\/websjop.afuk.frl\/nl\/winkel\/helia-en-har-wrald-mei-chopin\/","og_site_name":"Af\u00fbk Websjop","article_modified_time":"2021-08-25T09:34:42+00:00","og_image":[{"width":1695,"height":2439,"url":"https:\/\/websjop.afuk.frl\/wp-content\/uploads\/2020\/01\/Helia-en-har-wr\u00e2ld-mei-Chopin041.jpg","type":"image\/jpeg"}],"twitter_card":"summary_large_image","twitter_misc":{"Geschatte leestijd":"1 minuut"},"schema":{"@context":"https:\/\/schema.org","@graph":[{"@type":"WebPage","@id":"https:\/\/websjop.afuk.frl\/nl\/winkel\/helia-en-har-wrald-mei-chopin\/","url":"https:\/\/websjop.afuk.frl\/nl\/winkel\/helia-en-har-wrald-mei-chopin\/","name":"Helia en har wr\u00e2ld mei Chopin &#8211; Af\u00fbk Websjop","isPartOf":{"@id":"https:\/\/websjop.afuk.frl\/nl\/#website"},"primaryImageOfPage":{"@id":"https:\/\/websjop.afuk.frl\/nl\/winkel\/helia-en-har-wrald-mei-chopin\/#primaryimage"},"image":{"@id":"https:\/\/websjop.afuk.frl\/nl\/winkel\/helia-en-har-wrald-mei-chopin\/#primaryimage"},"thumbnailUrl":"https:\/\/websjop.afuk.frl\/wp-content\/uploads\/2020\/01\/Helia-en-har-wr\u00e2ld-mei-Chopin041.jpg","datePublished":"2020-01-06T12:01:03+00:00","dateModified":"2021-08-25T09:34:42+00:00","description":"In Helia en har wr\u00e2ld mei Chopin gaan Sierd en zijn pianolerares Helia op zoek naar haar muzikale krachten en waar haar liefde voor Chopin vandaan komt.","breadcrumb":{"@id":"https:\/\/websjop.afuk.frl\/nl\/winkel\/helia-en-har-wrald-mei-chopin\/#breadcrumb"},"inLanguage":"nl-NL","potentialAction":[{"@type":"ReadAction","target":["https:\/\/websjop.afuk.frl\/nl\/winkel\/helia-en-har-wrald-mei-chopin\/"]}]},{"@type":"ImageObject","inLanguage":"nl-NL","@id":"https:\/\/websjop.afuk.frl\/nl\/winkel\/helia-en-har-wrald-mei-chopin\/#primaryimage","url":"https:\/\/websjop.afuk.frl\/wp-content\/uploads\/2020\/01\/Helia-en-har-wr\u00e2ld-mei-Chopin041.jpg","contentUrl":"https:\/\/websjop.afuk.frl\/wp-content\/uploads\/2020\/01\/Helia-en-har-wr\u00e2ld-mei-Chopin041.jpg","width":1695,"height":2439,"caption":"Helia en har wr\u00e2ld mei Chopin"},{"@type":"BreadcrumbList","@id":"https:\/\/websjop.afuk.frl\/nl\/winkel\/helia-en-har-wrald-mei-chopin\/#breadcrumb","itemListElement":[{"@type":"ListItem","position":1,"name":"Home","item":"https:\/\/websjop.afuk.frl\/nl\/"},{"@type":"ListItem","position":2,"name":"Winkel","item":"https:\/\/websjop.afuk.frl\/nl\/winkel\/"},{"@type":"ListItem","position":3,"name":"Helia en har wr\u00e2ld mei Chopin"}]},{"@type":"WebSite","@id":"https:\/\/websjop.afuk.frl\/nl\/#website","url":"https:\/\/websjop.afuk.frl\/nl\/","name":"Af\u00fbk Websjop","description":"","potentialAction":[{"@type":"SearchAction","target":{"@type":"EntryPoint","urlTemplate":"https:\/\/websjop.afuk.frl\/nl\/?s={search_term_string}"},"query-input":{"@type":"PropertyValueSpecification","valueRequired":true,"valueName":"search_term_string"}}],"inLanguage":"nl-NL"}]}},"_links":{"self":[{"href":"https:\/\/websjop.afuk.frl\/nl\/wp-json\/wp\/v2\/product\/17083","targetHints":{"allow":["GET"]}}],"collection":[{"href":"https:\/\/websjop.afuk.frl\/nl\/wp-json\/wp\/v2\/product"}],"about":[{"href":"https:\/\/websjop.afuk.frl\/nl\/wp-json\/wp\/v2\/types\/product"}],"replies":[{"embeddable":true,"href":"https:\/\/websjop.afuk.frl\/nl\/wp-json\/wp\/v2\/comments?post=17083"}],"wp:featuredmedia":[{"embeddable":true,"href":"https:\/\/websjop.afuk.frl\/nl\/wp-json\/wp\/v2\/media\/17084"}],"wp:attachment":[{"href":"https:\/\/websjop.afuk.frl\/nl\/wp-json\/wp\/v2\/media?parent=17083"}],"wp:term":[{"taxonomy":"product_brand","embeddable":true,"href":"https:\/\/websjop.afuk.frl\/nl\/wp-json\/wp\/v2\/product_brand?post=17083"},{"taxonomy":"product_cat","embeddable":true,"href":"https:\/\/websjop.afuk.frl\/nl\/wp-json\/wp\/v2\/product_cat?post=17083"},{"taxonomy":"product_tag","embeddable":true,"href":"https:\/\/websjop.afuk.frl\/nl\/wp-json\/wp\/v2\/product_tag?post=17083"}],"curies":[{"name":"wp","href":"https:\/\/api.w.org\/{rel}","templated":true}]}}