{"id":16739,"date":"2019-12-04T12:51:50","date_gmt":"2019-12-04T11:51:50","guid":{"rendered":"https:\/\/websjop.afuk.frl\/?post_type=product&#038;p=16739"},"modified":"2020-04-03T19:36:21","modified_gmt":"2020-04-03T18:36:21","slug":"it-sjaaltsje-en-njoggen-oare-ferhalen","status":"publish","type":"product","link":"https:\/\/websjop.afuk.frl\/nl\/winkel\/it-sjaaltsje-en-njoggen-oare-ferhalen\/","title":{"rendered":"It sjaaltsje en njoggen oare ferhalen"},"content":{"rendered":"<p>Hylkje Goinga is as skriuwster foaral bekend wurden troch har koarte, humoristyske ferhalen. Tusken 1971 en 1993 publisearre se seis bondels. In grut part fan de ferhalen skreau se foar it moannebl\u00ead <em>De Strikel<\/em> en de <em>Leeuwarder Courant<\/em>. Bl\u00eaden as <em>Opzij<\/em> en <em>Margriet<\/em> namen ek wurk fan har op.<\/p>\n<p>Yn <em>It sjaaltsje en njoggen oare ferhalen <\/em>fynt de l\u00eazer tsien teksten dy&#8217;t karakteristyk binne foar de skriuwster: koart om &#8216;e hoeke, humoristysk en net s\u00fbnder tragyk.<\/p>\n<p>Yn de wr\u00e2ld fan de koarte ferhalen is Hylkje Go\u00efnga in opfallende ienling. Se wurdt wolris fergelike mei de Ingelske skriuwer Roald Dahl. Krekt as Dahl hat se der in hantsje fan om it \u00fbnwierskynlike as deagewoan foar te stellen. De ferhalding tusken man en frou is it weromkommende tema. De l\u00eazer wurdt geregeld op &#8216;e ferkearde skonk set omdat de ferhalen oan de ein faak in \u00fbnferwachte, soms absurde draai meitsje. De flot fertelde brike setten fan de nofteren en soms na\u00efve h\u00fasfrou Martha ha yn 2019 noch neat oan aktualiteit ferlern.<\/p>\n<p>Gearstald en foarwurd: Douwe Kootstra<\/p>\n<p>Lusterje ek nei de podcast fan Omrop Frysl\u00e2n:<\/p>\n<p><a href=\"https:\/\/www.omropfryslan.nl\/utstjoering\/boekekast-13-twa-ferhalen-fan-hylkje-goinga\">https:\/\/www.omropfryslan.nl\/utstjoering\/boekekast-13-twa-ferhalen-fan-hylkje-goinga<\/a><\/p>\n<hr \/>\n<p><em>Pieter: &#8220;It is in moai boekje fanwege dy ferhalen, se l\u00eaze maklik. En d\u00earmei lit ik daliks ien fan de keunsten sjen dy\u2019t Hylkje yn har skriuwen hie. Maklik l\u00easber skriuwe kinne is in keunst. It giet yn alle tsien ferhalen om situaasjes dy\u2019t elk him yntinke kin. Dy\u2019t jo en my oerkomme kinne. Dat gegeven, neist de maklike l\u00easberens, makket de keunst noch wat grutter.&#8221; <a href=\"https:\/\/heitenmem.nl\/artikel\/19065\/de-resinsje-fan-pieter-it-sjaaltsje\/\" target=\"_blank\" rel=\"noopener noreferrer\">L\u00eas hjir Pieter syn hiele boekresinsje op heitenmem.nl.<\/a><\/em><\/p>\n<p><em>Aukje-Tjitske: &#8220;Wat ik hiel knap fyn oan \u2019e ferhalen is dat se hiel natuerlik oerkomme. Sa komme der gewoane h\u00fbs-t\u00fan-en-keukendetails yn foar, lykas in lading s\u00e2n \u00fbnder in matte of it waskjen fan fitraazjes, en prate de personaazjes hiel natuerlik, ek oer de lytste dingen, lykas bygelyks de fraach w\u00ear\u2019t it h\u00faske is.&#8221; <a href=\"https:\/\/heitenmem.nl\/artikel\/19218\/boekresinsje-fan-aukje-tjitske-it-sjaaltsje\/\" target=\"_blank\" rel=\"noopener noreferrer\">L\u00eas Aukje-Tjitske har hiele boekresinsje hjir op heitenmem.nl.<\/a><\/em><\/p>\n","protected":false},"excerpt":{"rendered":"<p>Hylkje Goinga is as skriuwster foaral bekend wurden troch har koarte, humoristyske ferhalen. Tusken 1971 en 1993 publisearre se seis bondels. In grut part fan de ferhalen skreau se foar it moannebl\u00ead De Strikel en de Leeuwarder Courant. Bl\u00eaden as Opzij en Margriet namen ek wurk fan har op. Yn It sjaaltsje en njoggen oare [&hellip;]<\/p>\n","protected":false},"featured_media":16748,"comment_status":"closed","ping_status":"closed","template":"","meta":{"_acf_changed":false},"product_brand":[],"product_cat":[9820,1040,1225,1215],"product_tag":[5325,8628,7814,6594],"class_list":{"0":"post-16739","1":"product","2":"type-product","3":"status-publish","4":"has-post-thumbnail","6":"product_cat-de-fryske-boeken-top-10","7":"product_cat-ferhalebondels","8":"product_cat-memmedeikadootsjes","9":"product_cat-romans-en-literatuer","10":"product_tag-ferhalen","11":"product_tag-humor","12":"product_tag-hylkje-goinga","13":"product_tag-verhalen","14":"product_shipping_class-brievenbus-verzending","15":"pa_auteur-hylkje-goinga-2","16":"pa_isbn-8627","17":"pa_new-label-1-3","18":"pa_taal-frysk","19":"pa_uitgever-afuk","21":"first","22":"instock","23":"taxable","24":"shipping-taxable","25":"purchasable","26":"product-type-simple"},"acf":[],"yoast_head":"<!-- This site is optimized with the Yoast SEO plugin v27.2 - https:\/\/yoast.com\/product\/yoast-seo-wordpress\/ -->\n<title>It sjaaltsje en njoggen oare ferhalen &#8211; Af\u00fbk Websjop<\/title>\n<meta name=\"description\" content=\"Yn It sjaaltsje en njoggen oare ferhalen fynt de l\u00eazer tsien teksten dy&#039;t karakteristyk binne foar de skriuwster: koart om &#039;e hoeke, humoristysk en net s\u00fbnder tragyk.\" \/>\n<meta name=\"robots\" content=\"index, follow, max-snippet:-1, max-image-preview:large, max-video-preview:-1\" \/>\n<link rel=\"canonical\" href=\"https:\/\/websjop.afuk.frl\/nl\/winkel\/it-sjaaltsje-en-njoggen-oare-ferhalen\/\" \/>\n<meta property=\"og:locale\" content=\"nl_NL\" \/>\n<meta property=\"og:type\" content=\"article\" \/>\n<meta property=\"og:title\" content=\"It sjaaltsje en njoggen oare ferhalen &#8211; Af\u00fbk Websjop\" \/>\n<meta property=\"og:description\" content=\"Yn It sjaaltsje en njoggen oare ferhalen fynt de l\u00eazer tsien teksten dy&#039;t karakteristyk binne foar de skriuwster: koart om &#039;e hoeke, humoristysk en net s\u00fbnder tragyk.\" \/>\n<meta property=\"og:url\" content=\"https:\/\/websjop.afuk.frl\/nl\/winkel\/it-sjaaltsje-en-njoggen-oare-ferhalen\/\" \/>\n<meta property=\"og:site_name\" content=\"Af\u00fbk Websjop\" \/>\n<meta property=\"article:modified_time\" content=\"2020-04-03T18:36:21+00:00\" \/>\n<meta property=\"og:image\" content=\"https:\/\/websjop.afuk.frl\/wp-content\/uploads\/2019\/12\/It-sjaaltsje2029.jpg\" \/>\n\t<meta property=\"og:image:width\" content=\"1402\" \/>\n\t<meta property=\"og:image:height\" content=\"2335\" \/>\n\t<meta property=\"og:image:type\" content=\"image\/jpeg\" \/>\n<meta name=\"twitter:card\" content=\"summary_large_image\" \/>\n<meta name=\"twitter:label1\" content=\"Geschatte leestijd\" \/>\n\t<meta name=\"twitter:data1\" content=\"2 minuten\" \/>\n<script type=\"application\/ld+json\" class=\"yoast-schema-graph\">{\"@context\":\"https:\/\/schema.org\",\"@graph\":[{\"@type\":\"WebPage\",\"@id\":\"https:\/\/websjop.afuk.frl\/nl\/winkel\/it-sjaaltsje-en-njoggen-oare-ferhalen\/\",\"url\":\"https:\/\/websjop.afuk.frl\/nl\/winkel\/it-sjaaltsje-en-njoggen-oare-ferhalen\/\",\"name\":\"It sjaaltsje en njoggen oare ferhalen &#8211; Af\u00fbk Websjop\",\"isPartOf\":{\"@id\":\"https:\/\/websjop.afuk.frl\/nl\/#website\"},\"primaryImageOfPage\":{\"@id\":\"https:\/\/websjop.afuk.frl\/nl\/winkel\/it-sjaaltsje-en-njoggen-oare-ferhalen\/#primaryimage\"},\"image\":{\"@id\":\"https:\/\/websjop.afuk.frl\/nl\/winkel\/it-sjaaltsje-en-njoggen-oare-ferhalen\/#primaryimage\"},\"thumbnailUrl\":\"https:\/\/websjop.afuk.frl\/wp-content\/uploads\/2019\/12\/It-sjaaltsje2029.jpg\",\"datePublished\":\"2019-12-04T11:51:50+00:00\",\"dateModified\":\"2020-04-03T18:36:21+00:00\",\"description\":\"Yn It sjaaltsje en njoggen oare ferhalen fynt de l\u00eazer tsien teksten dy't karakteristyk binne foar de skriuwster: koart om 'e hoeke, humoristysk en net s\u00fbnder tragyk.\",\"breadcrumb\":{\"@id\":\"https:\/\/websjop.afuk.frl\/nl\/winkel\/it-sjaaltsje-en-njoggen-oare-ferhalen\/#breadcrumb\"},\"inLanguage\":\"nl-NL\",\"potentialAction\":[{\"@type\":\"ReadAction\",\"target\":[\"https:\/\/websjop.afuk.frl\/nl\/winkel\/it-sjaaltsje-en-njoggen-oare-ferhalen\/\"]}]},{\"@type\":\"ImageObject\",\"inLanguage\":\"nl-NL\",\"@id\":\"https:\/\/websjop.afuk.frl\/nl\/winkel\/it-sjaaltsje-en-njoggen-oare-ferhalen\/#primaryimage\",\"url\":\"https:\/\/websjop.afuk.frl\/wp-content\/uploads\/2019\/12\/It-sjaaltsje2029.jpg\",\"contentUrl\":\"https:\/\/websjop.afuk.frl\/wp-content\/uploads\/2019\/12\/It-sjaaltsje2029.jpg\",\"width\":1402,\"height\":2335,\"caption\":\"It sjaaltsje\"},{\"@type\":\"BreadcrumbList\",\"@id\":\"https:\/\/websjop.afuk.frl\/nl\/winkel\/it-sjaaltsje-en-njoggen-oare-ferhalen\/#breadcrumb\",\"itemListElement\":[{\"@type\":\"ListItem\",\"position\":1,\"name\":\"Home\",\"item\":\"https:\/\/websjop.afuk.frl\/nl\/\"},{\"@type\":\"ListItem\",\"position\":2,\"name\":\"Winkel\",\"item\":\"https:\/\/websjop.afuk.frl\/nl\/winkel\/\"},{\"@type\":\"ListItem\",\"position\":3,\"name\":\"It sjaaltsje en njoggen oare ferhalen\"}]},{\"@type\":\"WebSite\",\"@id\":\"https:\/\/websjop.afuk.frl\/nl\/#website\",\"url\":\"https:\/\/websjop.afuk.frl\/nl\/\",\"name\":\"Af\u00fbk Websjop\",\"description\":\"\",\"potentialAction\":[{\"@type\":\"SearchAction\",\"target\":{\"@type\":\"EntryPoint\",\"urlTemplate\":\"https:\/\/websjop.afuk.frl\/nl\/?s={search_term_string}\"},\"query-input\":{\"@type\":\"PropertyValueSpecification\",\"valueRequired\":true,\"valueName\":\"search_term_string\"}}],\"inLanguage\":\"nl-NL\"}]}<\/script>\n<!-- \/ Yoast SEO plugin. -->","yoast_head_json":{"title":"It sjaaltsje en njoggen oare ferhalen &#8211; Af\u00fbk Websjop","description":"Yn It sjaaltsje en njoggen oare ferhalen fynt de l\u00eazer tsien teksten dy't karakteristyk binne foar de skriuwster: koart om 'e hoeke, humoristysk en net s\u00fbnder tragyk.","robots":{"index":"index","follow":"follow","max-snippet":"max-snippet:-1","max-image-preview":"max-image-preview:large","max-video-preview":"max-video-preview:-1"},"canonical":"https:\/\/websjop.afuk.frl\/nl\/winkel\/it-sjaaltsje-en-njoggen-oare-ferhalen\/","og_locale":"nl_NL","og_type":"article","og_title":"It sjaaltsje en njoggen oare ferhalen &#8211; Af\u00fbk Websjop","og_description":"Yn It sjaaltsje en njoggen oare ferhalen fynt de l\u00eazer tsien teksten dy't karakteristyk binne foar de skriuwster: koart om 'e hoeke, humoristysk en net s\u00fbnder tragyk.","og_url":"https:\/\/websjop.afuk.frl\/nl\/winkel\/it-sjaaltsje-en-njoggen-oare-ferhalen\/","og_site_name":"Af\u00fbk Websjop","article_modified_time":"2020-04-03T18:36:21+00:00","og_image":[{"width":1402,"height":2335,"url":"https:\/\/websjop.afuk.frl\/wp-content\/uploads\/2019\/12\/It-sjaaltsje2029.jpg","type":"image\/jpeg"}],"twitter_card":"summary_large_image","twitter_misc":{"Geschatte leestijd":"2 minuten"},"schema":{"@context":"https:\/\/schema.org","@graph":[{"@type":"WebPage","@id":"https:\/\/websjop.afuk.frl\/nl\/winkel\/it-sjaaltsje-en-njoggen-oare-ferhalen\/","url":"https:\/\/websjop.afuk.frl\/nl\/winkel\/it-sjaaltsje-en-njoggen-oare-ferhalen\/","name":"It sjaaltsje en njoggen oare ferhalen &#8211; Af\u00fbk Websjop","isPartOf":{"@id":"https:\/\/websjop.afuk.frl\/nl\/#website"},"primaryImageOfPage":{"@id":"https:\/\/websjop.afuk.frl\/nl\/winkel\/it-sjaaltsje-en-njoggen-oare-ferhalen\/#primaryimage"},"image":{"@id":"https:\/\/websjop.afuk.frl\/nl\/winkel\/it-sjaaltsje-en-njoggen-oare-ferhalen\/#primaryimage"},"thumbnailUrl":"https:\/\/websjop.afuk.frl\/wp-content\/uploads\/2019\/12\/It-sjaaltsje2029.jpg","datePublished":"2019-12-04T11:51:50+00:00","dateModified":"2020-04-03T18:36:21+00:00","description":"Yn It sjaaltsje en njoggen oare ferhalen fynt de l\u00eazer tsien teksten dy't karakteristyk binne foar de skriuwster: koart om 'e hoeke, humoristysk en net s\u00fbnder tragyk.","breadcrumb":{"@id":"https:\/\/websjop.afuk.frl\/nl\/winkel\/it-sjaaltsje-en-njoggen-oare-ferhalen\/#breadcrumb"},"inLanguage":"nl-NL","potentialAction":[{"@type":"ReadAction","target":["https:\/\/websjop.afuk.frl\/nl\/winkel\/it-sjaaltsje-en-njoggen-oare-ferhalen\/"]}]},{"@type":"ImageObject","inLanguage":"nl-NL","@id":"https:\/\/websjop.afuk.frl\/nl\/winkel\/it-sjaaltsje-en-njoggen-oare-ferhalen\/#primaryimage","url":"https:\/\/websjop.afuk.frl\/wp-content\/uploads\/2019\/12\/It-sjaaltsje2029.jpg","contentUrl":"https:\/\/websjop.afuk.frl\/wp-content\/uploads\/2019\/12\/It-sjaaltsje2029.jpg","width":1402,"height":2335,"caption":"It sjaaltsje"},{"@type":"BreadcrumbList","@id":"https:\/\/websjop.afuk.frl\/nl\/winkel\/it-sjaaltsje-en-njoggen-oare-ferhalen\/#breadcrumb","itemListElement":[{"@type":"ListItem","position":1,"name":"Home","item":"https:\/\/websjop.afuk.frl\/nl\/"},{"@type":"ListItem","position":2,"name":"Winkel","item":"https:\/\/websjop.afuk.frl\/nl\/winkel\/"},{"@type":"ListItem","position":3,"name":"It sjaaltsje en njoggen oare ferhalen"}]},{"@type":"WebSite","@id":"https:\/\/websjop.afuk.frl\/nl\/#website","url":"https:\/\/websjop.afuk.frl\/nl\/","name":"Af\u00fbk Websjop","description":"","potentialAction":[{"@type":"SearchAction","target":{"@type":"EntryPoint","urlTemplate":"https:\/\/websjop.afuk.frl\/nl\/?s={search_term_string}"},"query-input":{"@type":"PropertyValueSpecification","valueRequired":true,"valueName":"search_term_string"}}],"inLanguage":"nl-NL"}]}},"_links":{"self":[{"href":"https:\/\/websjop.afuk.frl\/nl\/wp-json\/wp\/v2\/product\/16739","targetHints":{"allow":["GET"]}}],"collection":[{"href":"https:\/\/websjop.afuk.frl\/nl\/wp-json\/wp\/v2\/product"}],"about":[{"href":"https:\/\/websjop.afuk.frl\/nl\/wp-json\/wp\/v2\/types\/product"}],"replies":[{"embeddable":true,"href":"https:\/\/websjop.afuk.frl\/nl\/wp-json\/wp\/v2\/comments?post=16739"}],"wp:featuredmedia":[{"embeddable":true,"href":"https:\/\/websjop.afuk.frl\/nl\/wp-json\/wp\/v2\/media\/16748"}],"wp:attachment":[{"href":"https:\/\/websjop.afuk.frl\/nl\/wp-json\/wp\/v2\/media?parent=16739"}],"wp:term":[{"taxonomy":"product_brand","embeddable":true,"href":"https:\/\/websjop.afuk.frl\/nl\/wp-json\/wp\/v2\/product_brand?post=16739"},{"taxonomy":"product_cat","embeddable":true,"href":"https:\/\/websjop.afuk.frl\/nl\/wp-json\/wp\/v2\/product_cat?post=16739"},{"taxonomy":"product_tag","embeddable":true,"href":"https:\/\/websjop.afuk.frl\/nl\/wp-json\/wp\/v2\/product_tag?post=16739"}],"curies":[{"name":"wp","href":"https:\/\/api.w.org\/{rel}","templated":true}]}}