{"id":16709,"date":"2024-02-01T10:10:24","date_gmt":"2024-02-01T09:10:24","guid":{"rendered":"https:\/\/websjop.afuk.frl\/?post_type=product&#038;p=16709"},"modified":"2026-03-14T13:53:04","modified_gmt":"2026-03-14T12:53:04","slug":"kaart-hald-it-fest","status":"publish","type":"product","link":"https:\/\/websjop.afuk.frl\/nl\/winkel\/kaart-hald-it-fest\/","title":{"rendered":"Kaart: H\u00e2ld it f\u00east&#8230;"},"content":{"rendered":"<p>Kaart mei Fries gedicht fan Dieuwke van der Meer:<\/p>\n<p>H\u00e2ld it f\u00east,<br \/>\ndit gefoel<br \/>\ndit momint,<br \/>\ndizze dei.<\/p>\n<p>H\u00e2ld it f\u00east,<br \/>\ndizze leafde<br \/>\ndat it mar<br \/>\nivich<br \/>\nduorje mei.<\/p>\n<p>Ik winskje jim,<br \/>\nen dat mien ik echt,<br \/>\nin prachtich houlik ta.<\/p>\n","protected":false},"excerpt":{"rendered":"<p>Kaart mei Fries gedicht fan Dieuwke van der Meer: H\u00e2ld it f\u00east, dit gefoel dit momint, dizze dei. H\u00e2ld it f\u00east, dizze leafde dat it mar ivich duorje mei. Ik winskje jim, en dat mien ik echt, in prachtich houlik ta.<\/p>\n","protected":false},"featured_media":16710,"comment_status":"closed","ping_status":"closed","template":"","meta":{"_acf_changed":false},"product_brand":[],"product_cat":[1242,565,22912,24627],"product_tag":[8503,8502,5703,6212,8539,8501],"class_list":{"0":"post-16709","1":"product","2":"type-product","3":"status-publish","4":"has-post-thumbnail","6":"product_cat-fryske-kaarten","7":"product_cat-friese-producten","8":"product_cat-kaarten-houlik-leafde","9":"product_cat-kaarten-mei-fryske-gedichten","10":"product_tag-brulloft","11":"product_tag-houlik","12":"product_tag-kaart","13":"product_tag-leafde","14":"product_tag-sinne","15":"product_tag-troudei","17":"first","18":"instock","19":"taxable","20":"shipping-taxable","21":"purchasable","22":"product-type-simple"},"acf":[],"yoast_head":"<!-- This site is optimized with the Yoast SEO plugin v27.3 - https:\/\/yoast.com\/product\/yoast-seo-wordpress\/ -->\n<title>Kaart: H\u00e2ld it f\u00east... &#8211; Af\u00fbk Websjop<\/title>\n<meta name=\"description\" content=\"Friese kaart met bloemetjes met een Fries gedicht van Dieuwke van der Meer over gelukswensen voor het bruidspaar.\" \/>\n<meta name=\"robots\" content=\"index, follow, max-snippet:-1, max-image-preview:large, max-video-preview:-1\" \/>\n<link rel=\"canonical\" href=\"https:\/\/websjop.afuk.frl\/nl\/winkel\/kaart-hald-it-fest\/\" \/>\n<meta property=\"og:locale\" content=\"nl_NL\" \/>\n<meta property=\"og:type\" content=\"article\" \/>\n<meta property=\"og:title\" content=\"Kaart: H\u00e2ld it f\u00east... &#8211; Af\u00fbk Websjop\" \/>\n<meta property=\"og:description\" content=\"Friese kaart met bloemetjes met een Fries gedicht van Dieuwke van der Meer over gelukswensen voor het bruidspaar.\" \/>\n<meta property=\"og:url\" content=\"https:\/\/websjop.afuk.frl\/nl\/winkel\/kaart-hald-it-fest\/\" \/>\n<meta property=\"og:site_name\" content=\"Af\u00fbk Websjop\" \/>\n<meta property=\"article:modified_time\" content=\"2026-03-14T12:53:04+00:00\" \/>\n<meta property=\"og:image\" content=\"https:\/\/websjop.afuk.frl\/wp-content\/uploads\/2019\/12\/kaartsjes-bestelling-novimber-201913.jpg\" \/>\n\t<meta property=\"og:image:width\" content=\"1240\" \/>\n\t<meta property=\"og:image:height\" content=\"1748\" \/>\n\t<meta property=\"og:image:type\" content=\"image\/jpeg\" \/>\n<meta name=\"twitter:card\" content=\"summary_large_image\" \/>\n<meta name=\"twitter:label1\" content=\"Geschatte leestijd\" \/>\n\t<meta name=\"twitter:data1\" content=\"1 minuut\" \/>\n<script type=\"application\/ld+json\" class=\"yoast-schema-graph\">{\"@context\":\"https:\\\/\\\/schema.org\",\"@graph\":[{\"@type\":\"WebPage\",\"@id\":\"https:\\\/\\\/websjop.afuk.frl\\\/nl\\\/winkel\\\/kaart-hald-it-fest\\\/\",\"url\":\"https:\\\/\\\/websjop.afuk.frl\\\/nl\\\/winkel\\\/kaart-hald-it-fest\\\/\",\"name\":\"Kaart: H\u00e2ld it f\u00east... &#8211; Af\u00fbk Websjop\",\"isPartOf\":{\"@id\":\"https:\\\/\\\/websjop.afuk.frl\\\/nl\\\/#website\"},\"primaryImageOfPage\":{\"@id\":\"https:\\\/\\\/websjop.afuk.frl\\\/nl\\\/winkel\\\/kaart-hald-it-fest\\\/#primaryimage\"},\"image\":{\"@id\":\"https:\\\/\\\/websjop.afuk.frl\\\/nl\\\/winkel\\\/kaart-hald-it-fest\\\/#primaryimage\"},\"thumbnailUrl\":\"https:\\\/\\\/websjop.afuk.frl\\\/wp-content\\\/uploads\\\/2019\\\/12\\\/kaartsjes-bestelling-novimber-201913.jpg\",\"datePublished\":\"2024-02-01T09:10:24+00:00\",\"dateModified\":\"2026-03-14T12:53:04+00:00\",\"description\":\"Friese kaart met bloemetjes met een Fries gedicht van Dieuwke van der Meer over gelukswensen voor het bruidspaar.\",\"breadcrumb\":{\"@id\":\"https:\\\/\\\/websjop.afuk.frl\\\/nl\\\/winkel\\\/kaart-hald-it-fest\\\/#breadcrumb\"},\"inLanguage\":\"nl-NL\",\"potentialAction\":[{\"@type\":\"ReadAction\",\"target\":[\"https:\\\/\\\/websjop.afuk.frl\\\/nl\\\/winkel\\\/kaart-hald-it-fest\\\/\"]}]},{\"@type\":\"ImageObject\",\"inLanguage\":\"nl-NL\",\"@id\":\"https:\\\/\\\/websjop.afuk.frl\\\/nl\\\/winkel\\\/kaart-hald-it-fest\\\/#primaryimage\",\"url\":\"https:\\\/\\\/websjop.afuk.frl\\\/wp-content\\\/uploads\\\/2019\\\/12\\\/kaartsjes-bestelling-novimber-201913.jpg\",\"contentUrl\":\"https:\\\/\\\/websjop.afuk.frl\\\/wp-content\\\/uploads\\\/2019\\\/12\\\/kaartsjes-bestelling-novimber-201913.jpg\",\"width\":1240,\"height\":1748,\"caption\":\"H\u00e2ld it f\u00east\"},{\"@type\":\"BreadcrumbList\",\"@id\":\"https:\\\/\\\/websjop.afuk.frl\\\/nl\\\/winkel\\\/kaart-hald-it-fest\\\/#breadcrumb\",\"itemListElement\":[{\"@type\":\"ListItem\",\"position\":1,\"name\":\"Home\",\"item\":\"https:\\\/\\\/websjop.afuk.frl\\\/nl\\\/\"},{\"@type\":\"ListItem\",\"position\":2,\"name\":\"Winkel\",\"item\":\"https:\\\/\\\/websjop.afuk.frl\\\/nl\\\/winkel\\\/\"},{\"@type\":\"ListItem\",\"position\":3,\"name\":\"Kaart: H\u00e2ld it f\u00east&#8230;\"}]},{\"@type\":\"WebSite\",\"@id\":\"https:\\\/\\\/websjop.afuk.frl\\\/nl\\\/#website\",\"url\":\"https:\\\/\\\/websjop.afuk.frl\\\/nl\\\/\",\"name\":\"Af\u00fbk Websjop\",\"description\":\"\",\"potentialAction\":[{\"@type\":\"SearchAction\",\"target\":{\"@type\":\"EntryPoint\",\"urlTemplate\":\"https:\\\/\\\/websjop.afuk.frl\\\/nl\\\/?s={search_term_string}\"},\"query-input\":{\"@type\":\"PropertyValueSpecification\",\"valueRequired\":true,\"valueName\":\"search_term_string\"}}],\"inLanguage\":\"nl-NL\"}]}<\/script>\n<!-- \/ Yoast SEO plugin. -->","yoast_head_json":{"title":"Kaart: H\u00e2ld it f\u00east... &#8211; Af\u00fbk Websjop","description":"Friese kaart met bloemetjes met een Fries gedicht van Dieuwke van der Meer over gelukswensen voor het bruidspaar.","robots":{"index":"index","follow":"follow","max-snippet":"max-snippet:-1","max-image-preview":"max-image-preview:large","max-video-preview":"max-video-preview:-1"},"canonical":"https:\/\/websjop.afuk.frl\/nl\/winkel\/kaart-hald-it-fest\/","og_locale":"nl_NL","og_type":"article","og_title":"Kaart: H\u00e2ld it f\u00east... &#8211; Af\u00fbk Websjop","og_description":"Friese kaart met bloemetjes met een Fries gedicht van Dieuwke van der Meer over gelukswensen voor het bruidspaar.","og_url":"https:\/\/websjop.afuk.frl\/nl\/winkel\/kaart-hald-it-fest\/","og_site_name":"Af\u00fbk Websjop","article_modified_time":"2026-03-14T12:53:04+00:00","og_image":[{"width":1240,"height":1748,"url":"https:\/\/websjop.afuk.frl\/wp-content\/uploads\/2019\/12\/kaartsjes-bestelling-novimber-201913.jpg","type":"image\/jpeg"}],"twitter_card":"summary_large_image","twitter_misc":{"Geschatte leestijd":"1 minuut"},"schema":{"@context":"https:\/\/schema.org","@graph":[{"@type":"WebPage","@id":"https:\/\/websjop.afuk.frl\/nl\/winkel\/kaart-hald-it-fest\/","url":"https:\/\/websjop.afuk.frl\/nl\/winkel\/kaart-hald-it-fest\/","name":"Kaart: H\u00e2ld it f\u00east... &#8211; Af\u00fbk Websjop","isPartOf":{"@id":"https:\/\/websjop.afuk.frl\/nl\/#website"},"primaryImageOfPage":{"@id":"https:\/\/websjop.afuk.frl\/nl\/winkel\/kaart-hald-it-fest\/#primaryimage"},"image":{"@id":"https:\/\/websjop.afuk.frl\/nl\/winkel\/kaart-hald-it-fest\/#primaryimage"},"thumbnailUrl":"https:\/\/websjop.afuk.frl\/wp-content\/uploads\/2019\/12\/kaartsjes-bestelling-novimber-201913.jpg","datePublished":"2024-02-01T09:10:24+00:00","dateModified":"2026-03-14T12:53:04+00:00","description":"Friese kaart met bloemetjes met een Fries gedicht van Dieuwke van der Meer over gelukswensen voor het bruidspaar.","breadcrumb":{"@id":"https:\/\/websjop.afuk.frl\/nl\/winkel\/kaart-hald-it-fest\/#breadcrumb"},"inLanguage":"nl-NL","potentialAction":[{"@type":"ReadAction","target":["https:\/\/websjop.afuk.frl\/nl\/winkel\/kaart-hald-it-fest\/"]}]},{"@type":"ImageObject","inLanguage":"nl-NL","@id":"https:\/\/websjop.afuk.frl\/nl\/winkel\/kaart-hald-it-fest\/#primaryimage","url":"https:\/\/websjop.afuk.frl\/wp-content\/uploads\/2019\/12\/kaartsjes-bestelling-novimber-201913.jpg","contentUrl":"https:\/\/websjop.afuk.frl\/wp-content\/uploads\/2019\/12\/kaartsjes-bestelling-novimber-201913.jpg","width":1240,"height":1748,"caption":"H\u00e2ld it f\u00east"},{"@type":"BreadcrumbList","@id":"https:\/\/websjop.afuk.frl\/nl\/winkel\/kaart-hald-it-fest\/#breadcrumb","itemListElement":[{"@type":"ListItem","position":1,"name":"Home","item":"https:\/\/websjop.afuk.frl\/nl\/"},{"@type":"ListItem","position":2,"name":"Winkel","item":"https:\/\/websjop.afuk.frl\/nl\/winkel\/"},{"@type":"ListItem","position":3,"name":"Kaart: H\u00e2ld it f\u00east&#8230;"}]},{"@type":"WebSite","@id":"https:\/\/websjop.afuk.frl\/nl\/#website","url":"https:\/\/websjop.afuk.frl\/nl\/","name":"Af\u00fbk Websjop","description":"","potentialAction":[{"@type":"SearchAction","target":{"@type":"EntryPoint","urlTemplate":"https:\/\/websjop.afuk.frl\/nl\/?s={search_term_string}"},"query-input":{"@type":"PropertyValueSpecification","valueRequired":true,"valueName":"search_term_string"}}],"inLanguage":"nl-NL"}]}},"_links":{"self":[{"href":"https:\/\/websjop.afuk.frl\/nl\/wp-json\/wp\/v2\/product\/16709","targetHints":{"allow":["GET"]}}],"collection":[{"href":"https:\/\/websjop.afuk.frl\/nl\/wp-json\/wp\/v2\/product"}],"about":[{"href":"https:\/\/websjop.afuk.frl\/nl\/wp-json\/wp\/v2\/types\/product"}],"replies":[{"embeddable":true,"href":"https:\/\/websjop.afuk.frl\/nl\/wp-json\/wp\/v2\/comments?post=16709"}],"wp:featuredmedia":[{"embeddable":true,"href":"https:\/\/websjop.afuk.frl\/nl\/wp-json\/wp\/v2\/media\/16710"}],"wp:attachment":[{"href":"https:\/\/websjop.afuk.frl\/nl\/wp-json\/wp\/v2\/media?parent=16709"}],"wp:term":[{"taxonomy":"product_brand","embeddable":true,"href":"https:\/\/websjop.afuk.frl\/nl\/wp-json\/wp\/v2\/product_brand?post=16709"},{"taxonomy":"product_cat","embeddable":true,"href":"https:\/\/websjop.afuk.frl\/nl\/wp-json\/wp\/v2\/product_cat?post=16709"},{"taxonomy":"product_tag","embeddable":true,"href":"https:\/\/websjop.afuk.frl\/nl\/wp-json\/wp\/v2\/product_tag?post=16709"}],"curies":[{"name":"wp","href":"https:\/\/api.w.org\/{rel}","templated":true}]}}