{"id":16387,"date":"2019-11-15T13:20:02","date_gmt":"2019-11-15T12:20:02","guid":{"rendered":"https:\/\/websjop.afuk.frl\/?post_type=product&#038;p=16387"},"modified":"2019-11-15T13:21:51","modified_gmt":"2019-11-15T12:21:51","slug":"de-fryske-utopy","status":"publish","type":"product","link":"https:\/\/websjop.afuk.frl\/nl\/winkel\/de-fryske-utopy\/","title":{"rendered":"De Fryske utopy"},"content":{"rendered":"<p>Hoe sjocht Frysl\u00e2n yn 2030 der\u00fat? Hoe moat dit hoekje wr\u00e2ld idealiter der\u00fat sjen? Alve minsken mei in d\u00fadlike (utopyske) fyzje, sprekke har d\u00earoer \u00fat yn dizze bondel. Dy bydragen geane oer allegear tema&#8217;s, fan it Fryske erfgoed oant Frysl\u00e2n frij fan gif.<\/p>\n<p>Wat harren bynt is belutsenens by minsken, by it l\u00e2nskip, by it wurk. Wat harren ek bynt is langstme. Net romantysk of sentimenteel, mar in realistysk langstme. De bydragen leverje in konkrete wurklist op foar it goede libben yn Frysl\u00e2n. En wat foar Frysl\u00e2n jildt, jildt eins foar de hiele wr\u00e2ld.<\/p>\n","protected":false},"excerpt":{"rendered":"<p>Hoe sjocht Frysl\u00e2n yn 2030 der\u00fat? Hoe moat dit hoekje wr\u00e2ld idealiter der\u00fat sjen? Alve minsken mei in d\u00fadlike (utopyske) fyzje, sprekke har d\u00earoer \u00fat yn dizze bondel. Dy bydragen geane oer allegear tema&#8217;s, fan it Fryske erfgoed oant Frysl\u00e2n frij fan gif. Wat harren bynt is belutsenens by minsken, by it l\u00e2nskip, by it [&hellip;]<\/p>\n","protected":false},"featured_media":16392,"comment_status":"closed","ping_status":"closed","template":"","meta":{"_acf_changed":false},"product_brand":[],"product_cat":[1061,535],"product_tag":[6832,5325,5232],"class_list":{"0":"post-16387","1":"product","2":"type-product","3":"status-publish","4":"has-post-thumbnail","6":"product_cat-essays","7":"product_cat-fryske-boeken","8":"product_tag-essays","9":"product_tag-ferhalen","10":"product_tag-fryslan","11":"product_shipping_class-brievenbus-verzending","12":"pa_auteur-ferskate-auteurs-2","13":"pa_isbn-7549","14":"pa_new-label-1-3","15":"pa_taal-frysk","16":"pa_uitgever-bornmeer","17":"pa_vertaler-geart-tigchelaar","19":"first","20":"instock","21":"taxable","22":"shipping-taxable","23":"purchasable","24":"product-type-simple"},"acf":[],"yoast_head":"<!-- This site is optimized with the Yoast SEO plugin v27.3 - https:\/\/yoast.com\/product\/yoast-seo-wordpress\/ -->\n<title>De Fryske utopy &#8211; Af\u00fbk Websjop<\/title>\n<meta name=\"robots\" content=\"index, follow, max-snippet:-1, max-image-preview:large, max-video-preview:-1\" \/>\n<link rel=\"canonical\" href=\"https:\/\/websjop.afuk.frl\/nl\/winkel\/de-fryske-utopy\/\" \/>\n<meta property=\"og:locale\" content=\"nl_NL\" \/>\n<meta property=\"og:type\" content=\"article\" \/>\n<meta property=\"og:title\" content=\"De Fryske utopy &#8211; Af\u00fbk Websjop\" \/>\n<meta property=\"og:description\" content=\"Hoe sjocht Frysl\u00e2n yn 2030 der\u00fat? Hoe moat dit hoekje wr\u00e2ld idealiter der\u00fat sjen? Alve minsken mei in d\u00fadlike (utopyske) fyzje, sprekke har d\u00earoer \u00fat yn dizze bondel. Dy bydragen geane oer allegear tema&#8217;s, fan it Fryske erfgoed oant Frysl\u00e2n frij fan gif. Wat harren bynt is belutsenens by minsken, by it l\u00e2nskip, by it [&hellip;]\" \/>\n<meta property=\"og:url\" content=\"https:\/\/websjop.afuk.frl\/nl\/winkel\/de-fryske-utopy\/\" \/>\n<meta property=\"og:site_name\" content=\"Af\u00fbk Websjop\" \/>\n<meta property=\"article:modified_time\" content=\"2019-11-15T12:21:51+00:00\" \/>\n<meta property=\"og:image\" content=\"https:\/\/websjop.afuk.frl\/wp-content\/uploads\/2019\/11\/De-Fryske-utopy-1.jpg\" \/>\n\t<meta property=\"og:image:width\" content=\"411\" \/>\n\t<meta property=\"og:image:height\" content=\"670\" \/>\n\t<meta property=\"og:image:type\" content=\"image\/jpeg\" \/>\n<meta name=\"twitter:card\" content=\"summary_large_image\" \/>\n<meta name=\"twitter:label1\" content=\"Geschatte leestijd\" \/>\n\t<meta name=\"twitter:data1\" content=\"1 minuut\" \/>\n<script type=\"application\/ld+json\" class=\"yoast-schema-graph\">{\"@context\":\"https:\\\/\\\/schema.org\",\"@graph\":[{\"@type\":\"WebPage\",\"@id\":\"https:\\\/\\\/websjop.afuk.frl\\\/nl\\\/winkel\\\/de-fryske-utopy\\\/\",\"url\":\"https:\\\/\\\/websjop.afuk.frl\\\/nl\\\/winkel\\\/de-fryske-utopy\\\/\",\"name\":\"De Fryske utopy &#8211; Af\u00fbk Websjop\",\"isPartOf\":{\"@id\":\"https:\\\/\\\/websjop.afuk.frl\\\/nl\\\/#website\"},\"primaryImageOfPage\":{\"@id\":\"https:\\\/\\\/websjop.afuk.frl\\\/nl\\\/winkel\\\/de-fryske-utopy\\\/#primaryimage\"},\"image\":{\"@id\":\"https:\\\/\\\/websjop.afuk.frl\\\/nl\\\/winkel\\\/de-fryske-utopy\\\/#primaryimage\"},\"thumbnailUrl\":\"https:\\\/\\\/websjop.afuk.frl\\\/wp-content\\\/uploads\\\/2019\\\/11\\\/De-Fryske-utopy-1.jpg\",\"datePublished\":\"2019-11-15T12:20:02+00:00\",\"dateModified\":\"2019-11-15T12:21:51+00:00\",\"breadcrumb\":{\"@id\":\"https:\\\/\\\/websjop.afuk.frl\\\/nl\\\/winkel\\\/de-fryske-utopy\\\/#breadcrumb\"},\"inLanguage\":\"nl-NL\",\"potentialAction\":[{\"@type\":\"ReadAction\",\"target\":[\"https:\\\/\\\/websjop.afuk.frl\\\/nl\\\/winkel\\\/de-fryske-utopy\\\/\"]}]},{\"@type\":\"ImageObject\",\"inLanguage\":\"nl-NL\",\"@id\":\"https:\\\/\\\/websjop.afuk.frl\\\/nl\\\/winkel\\\/de-fryske-utopy\\\/#primaryimage\",\"url\":\"https:\\\/\\\/websjop.afuk.frl\\\/wp-content\\\/uploads\\\/2019\\\/11\\\/De-Fryske-utopy-1.jpg\",\"contentUrl\":\"https:\\\/\\\/websjop.afuk.frl\\\/wp-content\\\/uploads\\\/2019\\\/11\\\/De-Fryske-utopy-1.jpg\",\"width\":411,\"height\":670,\"caption\":\"De Fryske Utopy\"},{\"@type\":\"BreadcrumbList\",\"@id\":\"https:\\\/\\\/websjop.afuk.frl\\\/nl\\\/winkel\\\/de-fryske-utopy\\\/#breadcrumb\",\"itemListElement\":[{\"@type\":\"ListItem\",\"position\":1,\"name\":\"Home\",\"item\":\"https:\\\/\\\/websjop.afuk.frl\\\/nl\\\/\"},{\"@type\":\"ListItem\",\"position\":2,\"name\":\"Winkel\",\"item\":\"https:\\\/\\\/websjop.afuk.frl\\\/nl\\\/winkel\\\/\"},{\"@type\":\"ListItem\",\"position\":3,\"name\":\"De Fryske utopy\"}]},{\"@type\":\"WebSite\",\"@id\":\"https:\\\/\\\/websjop.afuk.frl\\\/nl\\\/#website\",\"url\":\"https:\\\/\\\/websjop.afuk.frl\\\/nl\\\/\",\"name\":\"Af\u00fbk Websjop\",\"description\":\"\",\"potentialAction\":[{\"@type\":\"SearchAction\",\"target\":{\"@type\":\"EntryPoint\",\"urlTemplate\":\"https:\\\/\\\/websjop.afuk.frl\\\/nl\\\/?s={search_term_string}\"},\"query-input\":{\"@type\":\"PropertyValueSpecification\",\"valueRequired\":true,\"valueName\":\"search_term_string\"}}],\"inLanguage\":\"nl-NL\"}]}<\/script>\n<!-- \/ Yoast SEO plugin. -->","yoast_head_json":{"title":"De Fryske utopy &#8211; Af\u00fbk Websjop","robots":{"index":"index","follow":"follow","max-snippet":"max-snippet:-1","max-image-preview":"max-image-preview:large","max-video-preview":"max-video-preview:-1"},"canonical":"https:\/\/websjop.afuk.frl\/nl\/winkel\/de-fryske-utopy\/","og_locale":"nl_NL","og_type":"article","og_title":"De Fryske utopy &#8211; Af\u00fbk Websjop","og_description":"Hoe sjocht Frysl\u00e2n yn 2030 der\u00fat? Hoe moat dit hoekje wr\u00e2ld idealiter der\u00fat sjen? Alve minsken mei in d\u00fadlike (utopyske) fyzje, sprekke har d\u00earoer \u00fat yn dizze bondel. Dy bydragen geane oer allegear tema&#8217;s, fan it Fryske erfgoed oant Frysl\u00e2n frij fan gif. Wat harren bynt is belutsenens by minsken, by it l\u00e2nskip, by it [&hellip;]","og_url":"https:\/\/websjop.afuk.frl\/nl\/winkel\/de-fryske-utopy\/","og_site_name":"Af\u00fbk Websjop","article_modified_time":"2019-11-15T12:21:51+00:00","og_image":[{"width":411,"height":670,"url":"https:\/\/websjop.afuk.frl\/wp-content\/uploads\/2019\/11\/De-Fryske-utopy-1.jpg","type":"image\/jpeg"}],"twitter_card":"summary_large_image","twitter_misc":{"Geschatte leestijd":"1 minuut"},"schema":{"@context":"https:\/\/schema.org","@graph":[{"@type":"WebPage","@id":"https:\/\/websjop.afuk.frl\/nl\/winkel\/de-fryske-utopy\/","url":"https:\/\/websjop.afuk.frl\/nl\/winkel\/de-fryske-utopy\/","name":"De Fryske utopy &#8211; Af\u00fbk Websjop","isPartOf":{"@id":"https:\/\/websjop.afuk.frl\/nl\/#website"},"primaryImageOfPage":{"@id":"https:\/\/websjop.afuk.frl\/nl\/winkel\/de-fryske-utopy\/#primaryimage"},"image":{"@id":"https:\/\/websjop.afuk.frl\/nl\/winkel\/de-fryske-utopy\/#primaryimage"},"thumbnailUrl":"https:\/\/websjop.afuk.frl\/wp-content\/uploads\/2019\/11\/De-Fryske-utopy-1.jpg","datePublished":"2019-11-15T12:20:02+00:00","dateModified":"2019-11-15T12:21:51+00:00","breadcrumb":{"@id":"https:\/\/websjop.afuk.frl\/nl\/winkel\/de-fryske-utopy\/#breadcrumb"},"inLanguage":"nl-NL","potentialAction":[{"@type":"ReadAction","target":["https:\/\/websjop.afuk.frl\/nl\/winkel\/de-fryske-utopy\/"]}]},{"@type":"ImageObject","inLanguage":"nl-NL","@id":"https:\/\/websjop.afuk.frl\/nl\/winkel\/de-fryske-utopy\/#primaryimage","url":"https:\/\/websjop.afuk.frl\/wp-content\/uploads\/2019\/11\/De-Fryske-utopy-1.jpg","contentUrl":"https:\/\/websjop.afuk.frl\/wp-content\/uploads\/2019\/11\/De-Fryske-utopy-1.jpg","width":411,"height":670,"caption":"De Fryske Utopy"},{"@type":"BreadcrumbList","@id":"https:\/\/websjop.afuk.frl\/nl\/winkel\/de-fryske-utopy\/#breadcrumb","itemListElement":[{"@type":"ListItem","position":1,"name":"Home","item":"https:\/\/websjop.afuk.frl\/nl\/"},{"@type":"ListItem","position":2,"name":"Winkel","item":"https:\/\/websjop.afuk.frl\/nl\/winkel\/"},{"@type":"ListItem","position":3,"name":"De Fryske utopy"}]},{"@type":"WebSite","@id":"https:\/\/websjop.afuk.frl\/nl\/#website","url":"https:\/\/websjop.afuk.frl\/nl\/","name":"Af\u00fbk Websjop","description":"","potentialAction":[{"@type":"SearchAction","target":{"@type":"EntryPoint","urlTemplate":"https:\/\/websjop.afuk.frl\/nl\/?s={search_term_string}"},"query-input":{"@type":"PropertyValueSpecification","valueRequired":true,"valueName":"search_term_string"}}],"inLanguage":"nl-NL"}]}},"_links":{"self":[{"href":"https:\/\/websjop.afuk.frl\/nl\/wp-json\/wp\/v2\/product\/16387","targetHints":{"allow":["GET"]}}],"collection":[{"href":"https:\/\/websjop.afuk.frl\/nl\/wp-json\/wp\/v2\/product"}],"about":[{"href":"https:\/\/websjop.afuk.frl\/nl\/wp-json\/wp\/v2\/types\/product"}],"replies":[{"embeddable":true,"href":"https:\/\/websjop.afuk.frl\/nl\/wp-json\/wp\/v2\/comments?post=16387"}],"wp:featuredmedia":[{"embeddable":true,"href":"https:\/\/websjop.afuk.frl\/nl\/wp-json\/wp\/v2\/media\/16392"}],"wp:attachment":[{"href":"https:\/\/websjop.afuk.frl\/nl\/wp-json\/wp\/v2\/media?parent=16387"}],"wp:term":[{"taxonomy":"product_brand","embeddable":true,"href":"https:\/\/websjop.afuk.frl\/nl\/wp-json\/wp\/v2\/product_brand?post=16387"},{"taxonomy":"product_cat","embeddable":true,"href":"https:\/\/websjop.afuk.frl\/nl\/wp-json\/wp\/v2\/product_cat?post=16387"},{"taxonomy":"product_tag","embeddable":true,"href":"https:\/\/websjop.afuk.frl\/nl\/wp-json\/wp\/v2\/product_tag?post=16387"}],"curies":[{"name":"wp","href":"https:\/\/api.w.org\/{rel}","templated":true}]}}