{"id":16075,"date":"2019-10-25T10:20:24","date_gmt":"2019-10-25T09:20:24","guid":{"rendered":"https:\/\/websjop.afuk.frl\/?post_type=product&#038;p=16075"},"modified":"2021-03-25T10:22:41","modified_gmt":"2021-03-25T09:22:41","slug":"jelmer-stripboek","status":"publish","type":"product","link":"https:\/\/websjop.afuk.frl\/nl\/winkel\/jelmer-stripboek\/","title":{"rendered":"Jelmer, Wie dienen wij hiermee? &#8211; stripboek"},"content":{"rendered":"<p><em>&#8216;Vertel mij niet dat dit gewoon een oorlog is als alle anderen! Ik ben op weg gegaan als pelgrim, om het Heilige Graf te bevrijden! &#8230; En om boete te doen voor mijn zonden&#8230;<\/em><\/p>\n<p>Jelmer is \u00e9\u00e9n van de duizenden kruisvaarders die in 1218 de Egyptische havenstad Damiate belegeren. Samen met honderden andere Friezen is hij vanaf de Lauwers naar de monding van de Nijl gezeild. Damiate is een onneembare vesting, met midden in de Nijl de machtige &#8216;Kettingtoren&#8217;. En volgens de kruistochtprediker Olivier van Keulen is juist Jelmer geroepen om deze toren te veroveren. Olivier, Jelmer en bouwmeester Hendrik bedenken samen een fantastich aanvalsplan. Maar terwijl de plannen vorderen, neemt bij Jelmer de twijfel toe: wat hebben de Friezen in Godsnaam in Egypte te zoeken?<\/p>\n<p>Kijk voor deel 2 in onze websjop: <a href=\"https:\/\/websjop.afuk.frl\/frl\/winkel\/jelmer-ii-ik-ben-gezien-stripboek\/\">https:\/\/websjop.afuk.frl\/frl\/winkel\/jelmer-ii-ik-ben-gezien-stripboek\/<\/a><\/p>\n","protected":false},"excerpt":{"rendered":"<p>&#8216;Vertel mij niet dat dit gewoon een oorlog is als alle anderen! Ik ben op weg gegaan als pelgrim, om het Heilige Graf te bevrijden! &#8230; En om boete te doen voor mijn zonden&#8230; Jelmer is \u00e9\u00e9n van de duizenden kruisvaarders die in 1218 de Egyptische havenstad Damiate belegeren. Samen met honderden andere Friezen is [&hellip;]<\/p>\n","protected":false},"featured_media":16076,"comment_status":"closed","ping_status":"closed","template":"","meta":{"_acf_changed":false},"product_brand":[],"product_cat":[1213,535,552,539,556],"product_tag":[18332,6550,5416,18329,18331,5322,18333],"class_list":{"0":"post-16075","1":"product","2":"type-product","3":"status-publish","4":"has-post-thumbnail","6":"product_cat-berne-en-jeugdboeken","7":"product_cat-fryske-boeken","8":"product_cat-jeugdboeken","9":"product_cat-skiednis","10":"product_cat-stripboeken","11":"product_tag-deel-1","12":"product_tag-friezen","13":"product_tag-geschiedenis","14":"product_tag-jelmer","15":"product_tag-josse-pietersma","16":"product_tag-stripboek","17":"product_tag-wie-dienen-we-hiermee","18":"product_shipping_class-brievenbus-verzending","19":"pa_auteur-josse-pietersma","20":"pa_isbn-6547","21":"pa_new-label-1-3","22":"pa_taal-nederlands","23":"pa_uitgever-uitgeverij-personalia","25":"first","26":"instock","27":"taxable","28":"shipping-taxable","29":"purchasable","30":"product-type-simple"},"acf":[],"yoast_head":"<!-- This site is optimized with the Yoast SEO plugin v27.3 - https:\/\/yoast.com\/product\/yoast-seo-wordpress\/ -->\n<title>Jelmer, Wie dienen wij hiermee? - stripboek &#8211; Af\u00fbk Websjop<\/title>\n<meta name=\"description\" content=\"Jelmer is \u00e9\u00e9n van de duizenden kruisvaarders die in 1218 de Egyptische havenstad Damiate belegeren, samen met honderden andere Friezen.\" \/>\n<meta name=\"robots\" content=\"index, follow, max-snippet:-1, max-image-preview:large, max-video-preview:-1\" \/>\n<link rel=\"canonical\" href=\"https:\/\/websjop.afuk.frl\/nl\/winkel\/jelmer-stripboek\/\" \/>\n<meta property=\"og:locale\" content=\"nl_NL\" \/>\n<meta property=\"og:type\" content=\"article\" \/>\n<meta property=\"og:title\" content=\"Jelmer, Wie dienen wij hiermee? - stripboek &#8211; Af\u00fbk Websjop\" \/>\n<meta property=\"og:description\" content=\"Jelmer is \u00e9\u00e9n van de duizenden kruisvaarders die in 1218 de Egyptische havenstad Damiate belegeren, samen met honderden andere Friezen.\" \/>\n<meta property=\"og:url\" content=\"https:\/\/websjop.afuk.frl\/nl\/winkel\/jelmer-stripboek\/\" \/>\n<meta property=\"og:site_name\" content=\"Af\u00fbk Websjop\" \/>\n<meta property=\"article:modified_time\" content=\"2021-03-25T09:22:41+00:00\" \/>\n<meta property=\"og:image\" content=\"https:\/\/websjop.afuk.frl\/wp-content\/uploads\/2019\/10\/Jelmer-strip233-758x1024.jpg\" \/>\n\t<meta property=\"og:image:width\" content=\"758\" \/>\n\t<meta property=\"og:image:height\" content=\"1024\" \/>\n\t<meta property=\"og:image:type\" content=\"image\/jpeg\" \/>\n<meta name=\"twitter:card\" content=\"summary_large_image\" \/>\n<meta name=\"twitter:label1\" content=\"Geschatte leestijd\" \/>\n\t<meta name=\"twitter:data1\" content=\"1 minuut\" \/>\n<script type=\"application\/ld+json\" class=\"yoast-schema-graph\">{\"@context\":\"https:\\\/\\\/schema.org\",\"@graph\":[{\"@type\":\"WebPage\",\"@id\":\"https:\\\/\\\/websjop.afuk.frl\\\/nl\\\/winkel\\\/jelmer-stripboek\\\/\",\"url\":\"https:\\\/\\\/websjop.afuk.frl\\\/nl\\\/winkel\\\/jelmer-stripboek\\\/\",\"name\":\"Jelmer, Wie dienen wij hiermee? - stripboek &#8211; Af\u00fbk Websjop\",\"isPartOf\":{\"@id\":\"https:\\\/\\\/websjop.afuk.frl\\\/nl\\\/#website\"},\"primaryImageOfPage\":{\"@id\":\"https:\\\/\\\/websjop.afuk.frl\\\/nl\\\/winkel\\\/jelmer-stripboek\\\/#primaryimage\"},\"image\":{\"@id\":\"https:\\\/\\\/websjop.afuk.frl\\\/nl\\\/winkel\\\/jelmer-stripboek\\\/#primaryimage\"},\"thumbnailUrl\":\"https:\\\/\\\/websjop.afuk.frl\\\/wp-content\\\/uploads\\\/2019\\\/10\\\/Jelmer-strip233.jpg\",\"datePublished\":\"2019-10-25T09:20:24+00:00\",\"dateModified\":\"2021-03-25T09:22:41+00:00\",\"description\":\"Jelmer is \u00e9\u00e9n van de duizenden kruisvaarders die in 1218 de Egyptische havenstad Damiate belegeren, samen met honderden andere Friezen.\",\"breadcrumb\":{\"@id\":\"https:\\\/\\\/websjop.afuk.frl\\\/nl\\\/winkel\\\/jelmer-stripboek\\\/#breadcrumb\"},\"inLanguage\":\"nl-NL\",\"potentialAction\":[{\"@type\":\"ReadAction\",\"target\":[\"https:\\\/\\\/websjop.afuk.frl\\\/nl\\\/winkel\\\/jelmer-stripboek\\\/\"]}]},{\"@type\":\"ImageObject\",\"inLanguage\":\"nl-NL\",\"@id\":\"https:\\\/\\\/websjop.afuk.frl\\\/nl\\\/winkel\\\/jelmer-stripboek\\\/#primaryimage\",\"url\":\"https:\\\/\\\/websjop.afuk.frl\\\/wp-content\\\/uploads\\\/2019\\\/10\\\/Jelmer-strip233.jpg\",\"contentUrl\":\"https:\\\/\\\/websjop.afuk.frl\\\/wp-content\\\/uploads\\\/2019\\\/10\\\/Jelmer-strip233.jpg\",\"width\":2936,\"height\":3968,\"caption\":\"Jelmer - Stripboek\"},{\"@type\":\"BreadcrumbList\",\"@id\":\"https:\\\/\\\/websjop.afuk.frl\\\/nl\\\/winkel\\\/jelmer-stripboek\\\/#breadcrumb\",\"itemListElement\":[{\"@type\":\"ListItem\",\"position\":1,\"name\":\"Home\",\"item\":\"https:\\\/\\\/websjop.afuk.frl\\\/nl\\\/\"},{\"@type\":\"ListItem\",\"position\":2,\"name\":\"Winkel\",\"item\":\"https:\\\/\\\/websjop.afuk.frl\\\/nl\\\/winkel\\\/\"},{\"@type\":\"ListItem\",\"position\":3,\"name\":\"Jelmer, Wie dienen wij hiermee? &#8211; stripboek\"}]},{\"@type\":\"WebSite\",\"@id\":\"https:\\\/\\\/websjop.afuk.frl\\\/nl\\\/#website\",\"url\":\"https:\\\/\\\/websjop.afuk.frl\\\/nl\\\/\",\"name\":\"Af\u00fbk Websjop\",\"description\":\"\",\"potentialAction\":[{\"@type\":\"SearchAction\",\"target\":{\"@type\":\"EntryPoint\",\"urlTemplate\":\"https:\\\/\\\/websjop.afuk.frl\\\/nl\\\/?s={search_term_string}\"},\"query-input\":{\"@type\":\"PropertyValueSpecification\",\"valueRequired\":true,\"valueName\":\"search_term_string\"}}],\"inLanguage\":\"nl-NL\"}]}<\/script>\n<!-- \/ Yoast SEO plugin. -->","yoast_head_json":{"title":"Jelmer, Wie dienen wij hiermee? - stripboek &#8211; Af\u00fbk Websjop","description":"Jelmer is \u00e9\u00e9n van de duizenden kruisvaarders die in 1218 de Egyptische havenstad Damiate belegeren, samen met honderden andere Friezen.","robots":{"index":"index","follow":"follow","max-snippet":"max-snippet:-1","max-image-preview":"max-image-preview:large","max-video-preview":"max-video-preview:-1"},"canonical":"https:\/\/websjop.afuk.frl\/nl\/winkel\/jelmer-stripboek\/","og_locale":"nl_NL","og_type":"article","og_title":"Jelmer, Wie dienen wij hiermee? - stripboek &#8211; Af\u00fbk Websjop","og_description":"Jelmer is \u00e9\u00e9n van de duizenden kruisvaarders die in 1218 de Egyptische havenstad Damiate belegeren, samen met honderden andere Friezen.","og_url":"https:\/\/websjop.afuk.frl\/nl\/winkel\/jelmer-stripboek\/","og_site_name":"Af\u00fbk Websjop","article_modified_time":"2021-03-25T09:22:41+00:00","og_image":[{"width":758,"height":1024,"url":"https:\/\/websjop.afuk.frl\/wp-content\/uploads\/2019\/10\/Jelmer-strip233-758x1024.jpg","type":"image\/jpeg"}],"twitter_card":"summary_large_image","twitter_misc":{"Geschatte leestijd":"1 minuut"},"schema":{"@context":"https:\/\/schema.org","@graph":[{"@type":"WebPage","@id":"https:\/\/websjop.afuk.frl\/nl\/winkel\/jelmer-stripboek\/","url":"https:\/\/websjop.afuk.frl\/nl\/winkel\/jelmer-stripboek\/","name":"Jelmer, Wie dienen wij hiermee? - stripboek &#8211; Af\u00fbk Websjop","isPartOf":{"@id":"https:\/\/websjop.afuk.frl\/nl\/#website"},"primaryImageOfPage":{"@id":"https:\/\/websjop.afuk.frl\/nl\/winkel\/jelmer-stripboek\/#primaryimage"},"image":{"@id":"https:\/\/websjop.afuk.frl\/nl\/winkel\/jelmer-stripboek\/#primaryimage"},"thumbnailUrl":"https:\/\/websjop.afuk.frl\/wp-content\/uploads\/2019\/10\/Jelmer-strip233.jpg","datePublished":"2019-10-25T09:20:24+00:00","dateModified":"2021-03-25T09:22:41+00:00","description":"Jelmer is \u00e9\u00e9n van de duizenden kruisvaarders die in 1218 de Egyptische havenstad Damiate belegeren, samen met honderden andere Friezen.","breadcrumb":{"@id":"https:\/\/websjop.afuk.frl\/nl\/winkel\/jelmer-stripboek\/#breadcrumb"},"inLanguage":"nl-NL","potentialAction":[{"@type":"ReadAction","target":["https:\/\/websjop.afuk.frl\/nl\/winkel\/jelmer-stripboek\/"]}]},{"@type":"ImageObject","inLanguage":"nl-NL","@id":"https:\/\/websjop.afuk.frl\/nl\/winkel\/jelmer-stripboek\/#primaryimage","url":"https:\/\/websjop.afuk.frl\/wp-content\/uploads\/2019\/10\/Jelmer-strip233.jpg","contentUrl":"https:\/\/websjop.afuk.frl\/wp-content\/uploads\/2019\/10\/Jelmer-strip233.jpg","width":2936,"height":3968,"caption":"Jelmer - Stripboek"},{"@type":"BreadcrumbList","@id":"https:\/\/websjop.afuk.frl\/nl\/winkel\/jelmer-stripboek\/#breadcrumb","itemListElement":[{"@type":"ListItem","position":1,"name":"Home","item":"https:\/\/websjop.afuk.frl\/nl\/"},{"@type":"ListItem","position":2,"name":"Winkel","item":"https:\/\/websjop.afuk.frl\/nl\/winkel\/"},{"@type":"ListItem","position":3,"name":"Jelmer, Wie dienen wij hiermee? &#8211; stripboek"}]},{"@type":"WebSite","@id":"https:\/\/websjop.afuk.frl\/nl\/#website","url":"https:\/\/websjop.afuk.frl\/nl\/","name":"Af\u00fbk Websjop","description":"","potentialAction":[{"@type":"SearchAction","target":{"@type":"EntryPoint","urlTemplate":"https:\/\/websjop.afuk.frl\/nl\/?s={search_term_string}"},"query-input":{"@type":"PropertyValueSpecification","valueRequired":true,"valueName":"search_term_string"}}],"inLanguage":"nl-NL"}]}},"_links":{"self":[{"href":"https:\/\/websjop.afuk.frl\/nl\/wp-json\/wp\/v2\/product\/16075","targetHints":{"allow":["GET"]}}],"collection":[{"href":"https:\/\/websjop.afuk.frl\/nl\/wp-json\/wp\/v2\/product"}],"about":[{"href":"https:\/\/websjop.afuk.frl\/nl\/wp-json\/wp\/v2\/types\/product"}],"replies":[{"embeddable":true,"href":"https:\/\/websjop.afuk.frl\/nl\/wp-json\/wp\/v2\/comments?post=16075"}],"wp:featuredmedia":[{"embeddable":true,"href":"https:\/\/websjop.afuk.frl\/nl\/wp-json\/wp\/v2\/media\/16076"}],"wp:attachment":[{"href":"https:\/\/websjop.afuk.frl\/nl\/wp-json\/wp\/v2\/media?parent=16075"}],"wp:term":[{"taxonomy":"product_brand","embeddable":true,"href":"https:\/\/websjop.afuk.frl\/nl\/wp-json\/wp\/v2\/product_brand?post=16075"},{"taxonomy":"product_cat","embeddable":true,"href":"https:\/\/websjop.afuk.frl\/nl\/wp-json\/wp\/v2\/product_cat?post=16075"},{"taxonomy":"product_tag","embeddable":true,"href":"https:\/\/websjop.afuk.frl\/nl\/wp-json\/wp\/v2\/product_tag?post=16075"}],"curies":[{"name":"wp","href":"https:\/\/api.w.org\/{rel}","templated":true}]}}