{"id":15959,"date":"2023-08-30T11:54:27","date_gmt":"2023-08-30T10:54:27","guid":{"rendered":"https:\/\/websjop.afuk.frl\/?post_type=product&#038;p=15959"},"modified":"2025-11-19T10:24:56","modified_gmt":"2025-11-19T09:24:56","slug":"kaart-omdatst-sa-leaf-west-hast-sinteklaas","status":"publish","type":"product","link":"https:\/\/websjop.afuk.frl\/nl\/winkel\/kaart-omdatst-sa-leaf-west-hast-sinteklaas\/","title":{"rendered":"Kaart: Omdatst sa leaf west hast (Sinteklaas)"},"content":{"rendered":"<p>Speciaal voor diegenen die zo lief zijn geweest&#8230; &#x1f381;<\/p>\n<p>Deze sfeervolle Sinterklaaskaart met Friese tekst brengt de warmte van het feest van Sint naar je gezin of vrienden. Met dit ontwerp is het een mooie kaart om een persoonlijke boodschap aan toe te voegen. Een beetje traditie, een beetje liefde \u2013 en heel veel sinterklaasvreugde.<\/p>\n<p>De achterkant is blanco.<\/p>\n<p>&#8212;<\/p>\n<p>Spesjaal foar dyjingen dy\u2019t sa leaf west hawwe\u2026 &#x1f381;<\/p>\n<p>Dizze sfearfolle Sinterklaaskaart mei Fryske tekst bringt de waarmte fan it feest fan Sint nei dyn h\u00fash\u00e2lding of freonen. Mei dit \u00fbntwerp is it in moaie kaart om in persoanlike boadskip oan ta te heakjen. In bytsje tradysje, in bytsje leafde \u2013 en hiel folle sinterklaasfreugde.<\/p>\n<p>De efterkant is wyt.<\/p>\n","protected":false},"excerpt":{"rendered":"<p>Speciaal voor diegenen die zo lief zijn geweest&#8230; &#x1f381; Deze sfeervolle Sinterklaaskaart met Friese tekst brengt de warmte van het feest van Sint naar je gezin of vrienden. Met dit ontwerp is het een mooie kaart om een persoonlijke boodschap aan toe te voegen. Een beetje traditie, een beetje liefde \u2013 en heel veel sinterklaasvreugde. [&hellip;]<\/p>\n","protected":false},"featured_media":15960,"comment_status":"closed","ping_status":"closed","template":"","meta":{"_acf_changed":false},"product_brand":[],"product_cat":[1242,565,16955,21380,21286],"product_tag":[5703,6274,6271],"class_list":{"0":"post-15959","1":"product","2":"type-product","3":"status-publish","4":"has-post-thumbnail","6":"product_cat-fryske-kaarten","7":"product_cat-friese-producten","8":"product_cat-herfst","9":"product_cat-sinteklaas-kadotips","10":"product_cat-skoechkadootsjes","11":"product_tag-kaart","12":"product_tag-sinteklaas","13":"product_tag-sinterklaas","15":"first","16":"instock","17":"taxable","18":"shipping-taxable","19":"purchasable","20":"product-type-simple"},"acf":[],"yoast_head":"<!-- This site is optimized with the Yoast SEO plugin v27.2 - https:\/\/yoast.com\/product\/yoast-seo-wordpress\/ -->\n<title>Kaart: Omdatst sa leaf west hast (Sinteklaas) &#8211; Af\u00fbk Websjop<\/title>\n<meta name=\"robots\" content=\"index, follow, max-snippet:-1, max-image-preview:large, max-video-preview:-1\" \/>\n<link rel=\"canonical\" href=\"https:\/\/websjop.afuk.frl\/nl\/winkel\/kaart-omdatst-sa-leaf-west-hast-sinteklaas\/\" \/>\n<meta property=\"og:locale\" content=\"nl_NL\" \/>\n<meta property=\"og:type\" content=\"article\" \/>\n<meta property=\"og:title\" content=\"Kaart: Omdatst sa leaf west hast (Sinteklaas) &#8211; Af\u00fbk Websjop\" \/>\n<meta property=\"og:description\" content=\"Speciaal voor diegenen die zo lief zijn geweest&#8230; &#x1f381; Deze sfeervolle Sinterklaaskaart met Friese tekst brengt de warmte van het feest van Sint naar je gezin of vrienden. Met dit ontwerp is het een mooie kaart om een persoonlijke boodschap aan toe te voegen. Een beetje traditie, een beetje liefde \u2013 en heel veel sinterklaasvreugde. [&hellip;]\" \/>\n<meta property=\"og:url\" content=\"https:\/\/websjop.afuk.frl\/nl\/winkel\/kaart-omdatst-sa-leaf-west-hast-sinteklaas\/\" \/>\n<meta property=\"og:site_name\" content=\"Af\u00fbk Websjop\" \/>\n<meta property=\"article:modified_time\" content=\"2025-11-19T09:24:56+00:00\" \/>\n<meta property=\"og:image\" content=\"https:\/\/websjop.afuk.frl\/wp-content\/uploads\/2019\/10\/kaartsjes-bestelling-septimber-201917.jpg\" \/>\n\t<meta property=\"og:image:width\" content=\"1240\" \/>\n\t<meta property=\"og:image:height\" content=\"1748\" \/>\n\t<meta property=\"og:image:type\" content=\"image\/jpeg\" \/>\n<meta name=\"twitter:card\" content=\"summary_large_image\" \/>\n<meta name=\"twitter:label1\" content=\"Geschatte leestijd\" \/>\n\t<meta name=\"twitter:data1\" content=\"1 minuut\" \/>\n<script type=\"application\/ld+json\" class=\"yoast-schema-graph\">{\"@context\":\"https:\/\/schema.org\",\"@graph\":[{\"@type\":\"WebPage\",\"@id\":\"https:\/\/websjop.afuk.frl\/nl\/winkel\/kaart-omdatst-sa-leaf-west-hast-sinteklaas\/\",\"url\":\"https:\/\/websjop.afuk.frl\/nl\/winkel\/kaart-omdatst-sa-leaf-west-hast-sinteklaas\/\",\"name\":\"Kaart: Omdatst sa leaf west hast (Sinteklaas) &#8211; Af\u00fbk Websjop\",\"isPartOf\":{\"@id\":\"https:\/\/websjop.afuk.frl\/nl\/#website\"},\"primaryImageOfPage\":{\"@id\":\"https:\/\/websjop.afuk.frl\/nl\/winkel\/kaart-omdatst-sa-leaf-west-hast-sinteklaas\/#primaryimage\"},\"image\":{\"@id\":\"https:\/\/websjop.afuk.frl\/nl\/winkel\/kaart-omdatst-sa-leaf-west-hast-sinteklaas\/#primaryimage\"},\"thumbnailUrl\":\"https:\/\/websjop.afuk.frl\/wp-content\/uploads\/2019\/10\/kaartsjes-bestelling-septimber-201917.jpg\",\"datePublished\":\"2023-08-30T10:54:27+00:00\",\"dateModified\":\"2025-11-19T09:24:56+00:00\",\"breadcrumb\":{\"@id\":\"https:\/\/websjop.afuk.frl\/nl\/winkel\/kaart-omdatst-sa-leaf-west-hast-sinteklaas\/#breadcrumb\"},\"inLanguage\":\"nl-NL\",\"potentialAction\":[{\"@type\":\"ReadAction\",\"target\":[\"https:\/\/websjop.afuk.frl\/nl\/winkel\/kaart-omdatst-sa-leaf-west-hast-sinteklaas\/\"]}]},{\"@type\":\"ImageObject\",\"inLanguage\":\"nl-NL\",\"@id\":\"https:\/\/websjop.afuk.frl\/nl\/winkel\/kaart-omdatst-sa-leaf-west-hast-sinteklaas\/#primaryimage\",\"url\":\"https:\/\/websjop.afuk.frl\/wp-content\/uploads\/2019\/10\/kaartsjes-bestelling-septimber-201917.jpg\",\"contentUrl\":\"https:\/\/websjop.afuk.frl\/wp-content\/uploads\/2019\/10\/kaartsjes-bestelling-septimber-201917.jpg\",\"width\":1240,\"height\":1748,\"caption\":\"omdatst sa leaf west hast\"},{\"@type\":\"BreadcrumbList\",\"@id\":\"https:\/\/websjop.afuk.frl\/nl\/winkel\/kaart-omdatst-sa-leaf-west-hast-sinteklaas\/#breadcrumb\",\"itemListElement\":[{\"@type\":\"ListItem\",\"position\":1,\"name\":\"Home\",\"item\":\"https:\/\/websjop.afuk.frl\/nl\/\"},{\"@type\":\"ListItem\",\"position\":2,\"name\":\"Winkel\",\"item\":\"https:\/\/websjop.afuk.frl\/nl\/winkel\/\"},{\"@type\":\"ListItem\",\"position\":3,\"name\":\"Kaart: Omdatst sa leaf west hast (Sinteklaas)\"}]},{\"@type\":\"WebSite\",\"@id\":\"https:\/\/websjop.afuk.frl\/nl\/#website\",\"url\":\"https:\/\/websjop.afuk.frl\/nl\/\",\"name\":\"Af\u00fbk Websjop\",\"description\":\"\",\"potentialAction\":[{\"@type\":\"SearchAction\",\"target\":{\"@type\":\"EntryPoint\",\"urlTemplate\":\"https:\/\/websjop.afuk.frl\/nl\/?s={search_term_string}\"},\"query-input\":{\"@type\":\"PropertyValueSpecification\",\"valueRequired\":true,\"valueName\":\"search_term_string\"}}],\"inLanguage\":\"nl-NL\"}]}<\/script>\n<!-- \/ Yoast SEO plugin. -->","yoast_head_json":{"title":"Kaart: Omdatst sa leaf west hast (Sinteklaas) &#8211; Af\u00fbk Websjop","robots":{"index":"index","follow":"follow","max-snippet":"max-snippet:-1","max-image-preview":"max-image-preview:large","max-video-preview":"max-video-preview:-1"},"canonical":"https:\/\/websjop.afuk.frl\/nl\/winkel\/kaart-omdatst-sa-leaf-west-hast-sinteklaas\/","og_locale":"nl_NL","og_type":"article","og_title":"Kaart: Omdatst sa leaf west hast (Sinteklaas) &#8211; Af\u00fbk Websjop","og_description":"Speciaal voor diegenen die zo lief zijn geweest&#8230; &#x1f381; Deze sfeervolle Sinterklaaskaart met Friese tekst brengt de warmte van het feest van Sint naar je gezin of vrienden. Met dit ontwerp is het een mooie kaart om een persoonlijke boodschap aan toe te voegen. Een beetje traditie, een beetje liefde \u2013 en heel veel sinterklaasvreugde. [&hellip;]","og_url":"https:\/\/websjop.afuk.frl\/nl\/winkel\/kaart-omdatst-sa-leaf-west-hast-sinteklaas\/","og_site_name":"Af\u00fbk Websjop","article_modified_time":"2025-11-19T09:24:56+00:00","og_image":[{"width":1240,"height":1748,"url":"https:\/\/websjop.afuk.frl\/wp-content\/uploads\/2019\/10\/kaartsjes-bestelling-septimber-201917.jpg","type":"image\/jpeg"}],"twitter_card":"summary_large_image","twitter_misc":{"Geschatte leestijd":"1 minuut"},"schema":{"@context":"https:\/\/schema.org","@graph":[{"@type":"WebPage","@id":"https:\/\/websjop.afuk.frl\/nl\/winkel\/kaart-omdatst-sa-leaf-west-hast-sinteklaas\/","url":"https:\/\/websjop.afuk.frl\/nl\/winkel\/kaart-omdatst-sa-leaf-west-hast-sinteklaas\/","name":"Kaart: Omdatst sa leaf west hast (Sinteklaas) &#8211; Af\u00fbk Websjop","isPartOf":{"@id":"https:\/\/websjop.afuk.frl\/nl\/#website"},"primaryImageOfPage":{"@id":"https:\/\/websjop.afuk.frl\/nl\/winkel\/kaart-omdatst-sa-leaf-west-hast-sinteklaas\/#primaryimage"},"image":{"@id":"https:\/\/websjop.afuk.frl\/nl\/winkel\/kaart-omdatst-sa-leaf-west-hast-sinteklaas\/#primaryimage"},"thumbnailUrl":"https:\/\/websjop.afuk.frl\/wp-content\/uploads\/2019\/10\/kaartsjes-bestelling-septimber-201917.jpg","datePublished":"2023-08-30T10:54:27+00:00","dateModified":"2025-11-19T09:24:56+00:00","breadcrumb":{"@id":"https:\/\/websjop.afuk.frl\/nl\/winkel\/kaart-omdatst-sa-leaf-west-hast-sinteklaas\/#breadcrumb"},"inLanguage":"nl-NL","potentialAction":[{"@type":"ReadAction","target":["https:\/\/websjop.afuk.frl\/nl\/winkel\/kaart-omdatst-sa-leaf-west-hast-sinteklaas\/"]}]},{"@type":"ImageObject","inLanguage":"nl-NL","@id":"https:\/\/websjop.afuk.frl\/nl\/winkel\/kaart-omdatst-sa-leaf-west-hast-sinteklaas\/#primaryimage","url":"https:\/\/websjop.afuk.frl\/wp-content\/uploads\/2019\/10\/kaartsjes-bestelling-septimber-201917.jpg","contentUrl":"https:\/\/websjop.afuk.frl\/wp-content\/uploads\/2019\/10\/kaartsjes-bestelling-septimber-201917.jpg","width":1240,"height":1748,"caption":"omdatst sa leaf west hast"},{"@type":"BreadcrumbList","@id":"https:\/\/websjop.afuk.frl\/nl\/winkel\/kaart-omdatst-sa-leaf-west-hast-sinteklaas\/#breadcrumb","itemListElement":[{"@type":"ListItem","position":1,"name":"Home","item":"https:\/\/websjop.afuk.frl\/nl\/"},{"@type":"ListItem","position":2,"name":"Winkel","item":"https:\/\/websjop.afuk.frl\/nl\/winkel\/"},{"@type":"ListItem","position":3,"name":"Kaart: Omdatst sa leaf west hast (Sinteklaas)"}]},{"@type":"WebSite","@id":"https:\/\/websjop.afuk.frl\/nl\/#website","url":"https:\/\/websjop.afuk.frl\/nl\/","name":"Af\u00fbk Websjop","description":"","potentialAction":[{"@type":"SearchAction","target":{"@type":"EntryPoint","urlTemplate":"https:\/\/websjop.afuk.frl\/nl\/?s={search_term_string}"},"query-input":{"@type":"PropertyValueSpecification","valueRequired":true,"valueName":"search_term_string"}}],"inLanguage":"nl-NL"}]}},"_links":{"self":[{"href":"https:\/\/websjop.afuk.frl\/nl\/wp-json\/wp\/v2\/product\/15959","targetHints":{"allow":["GET"]}}],"collection":[{"href":"https:\/\/websjop.afuk.frl\/nl\/wp-json\/wp\/v2\/product"}],"about":[{"href":"https:\/\/websjop.afuk.frl\/nl\/wp-json\/wp\/v2\/types\/product"}],"replies":[{"embeddable":true,"href":"https:\/\/websjop.afuk.frl\/nl\/wp-json\/wp\/v2\/comments?post=15959"}],"wp:featuredmedia":[{"embeddable":true,"href":"https:\/\/websjop.afuk.frl\/nl\/wp-json\/wp\/v2\/media\/15960"}],"wp:attachment":[{"href":"https:\/\/websjop.afuk.frl\/nl\/wp-json\/wp\/v2\/media?parent=15959"}],"wp:term":[{"taxonomy":"product_brand","embeddable":true,"href":"https:\/\/websjop.afuk.frl\/nl\/wp-json\/wp\/v2\/product_brand?post=15959"},{"taxonomy":"product_cat","embeddable":true,"href":"https:\/\/websjop.afuk.frl\/nl\/wp-json\/wp\/v2\/product_cat?post=15959"},{"taxonomy":"product_tag","embeddable":true,"href":"https:\/\/websjop.afuk.frl\/nl\/wp-json\/wp\/v2\/product_tag?post=15959"}],"curies":[{"name":"wp","href":"https:\/\/api.w.org\/{rel}","templated":true}]}}