{"id":15907,"date":"2019-10-29T12:23:17","date_gmt":"2019-10-29T11:23:17","guid":{"rendered":"https:\/\/websjop.afuk.frl\/?post_type=product&#038;p=15907"},"modified":"2024-07-18T14:00:25","modified_gmt":"2024-07-18T13:00:25","slug":"karlsson-fan-it-dak","status":"publish","type":"product","link":"https:\/\/websjop.afuk.frl\/nl\/winkel\/karlsson-fan-it-dak\/","title":{"rendered":"Karlsson fan it dak"},"content":{"rendered":"<p>Karlsson fan it dak is de Friese vertaling van het beroemde boek fan Astrid Lindgren\u2019s Karlsson van het dak.<\/p>\n<p>Het komt niet zo vaak voor dat er kleine dikke mannetjes met propellers op hun rug en een startknop op hun buik boven op het dak wonen. Zo\u2019n mannetje is Karlsson. En Erik kent niemand die zulke ondeugende streken uithaalt als Karlsson van het dak. Natuurlijk loopt het niet altijd goed af, maar \u00e9\u00e9n ding is zeker: als Karlsson in de buurt is, hoef je je nooit te vervelen!<\/p>\n<hr \/>\n<p><em>Antsje van Schepen: &#8220;It spegeljen oan dysels, it identifisearjen mei de haadpersoan, of foar folwoeksenen it spegeljen oan it bern yn dysels, dat is miskien wol it Astrid Lindgren-gefoel. Se wit hoe\u2019t it is om bern te w\u00eazen. En just d\u00e1t is tink ik w\u00earom\u2019t har ferhalen tiidleas bliuwe.&#8221; <a href=\"https:\/\/heitenmem.nl\/artikel\/19138\/boekresinsje-fan-antje-karlsson-fan-it-dak\/\" target=\"_blank\" rel=\"noopener noreferrer\">L\u00eas Antsje har hiele resinsje hjir op heitenmem.nl &gt;&gt;&gt;<\/a><\/em><\/p>\n<p><em>Sytske: &#8220;Wy gongen \u00fbnder it l\u00eazen fan \u00f4fgriis nei wille nei ferbazing nei \u00fbngeloof. Elke j\u00fbn foar it sliepen gean liezen we in pear bledsiden en waard der lake. Sels seach ik der ek nei \u00fat en f\u00fbn ik it suver jammer at myn man in kear in j\u00fbn foarlies\u2026&#8221; <a href=\"https:\/\/heitenmem.nl\/artikel\/19391\/de-resinsje-fan-sytske-karlsson-fan-it-dak\/\" target=\"_blank\" rel=\"noopener noreferrer\">L\u00eas Sytske har hiele resinsje hjir op heitenmem.nl.<\/a><\/em><\/p>\n<p>&nbsp;<\/p>\n","protected":false},"excerpt":{"rendered":"<p>Karlsson fan it dak is de Friese vertaling van het beroemde boek fan Astrid Lindgren\u2019s Karlsson van het dak. Het komt niet zo vaak voor dat er kleine dikke mannetjes met propellers op hun rug en een startknop op hun buik boven op het dak wonen. Zo\u2019n mannetje is Karlsson. En Erik kent niemand die [&hellip;]<\/p>\n","protected":false},"featured_media":15909,"comment_status":"closed","ping_status":"closed","template":"","meta":{"_acf_changed":false},"product_brand":[],"product_cat":[1213,551,9763,7977,22899],"product_tag":[6388,5881,6479,11531,11532],"class_list":{"0":"post-15907","1":"product","2":"type-product","3":"status-publish","4":"has-post-thumbnail","6":"product_cat-berne-en-jeugdboeken","7":"product_cat-berneboeken-8-12","8":"product_cat-de-moaiste-jeugdboeken","9":"product_cat-krystkados","10":"product_cat-tema-fantasy-en-mearkes","11":"product_tag-astrid-lindgren","12":"product_tag-berneboek","13":"product_tag-jeugdboek","14":"product_tag-karlson","15":"product_tag-karlsson","16":"product_shipping_class-brievenbus-verzending","17":"pa_auteur-astrid-lindgren","18":"pa_isbn-6386","19":"pa_new-label-1-3","20":"pa_taal-frysk","21":"pa_uitgever-afuk","22":"pa_vertaler-martsje-de-jong","24":"first","25":"instock","26":"taxable","27":"shipping-taxable","28":"purchasable","29":"product-type-simple"},"acf":[],"yoast_head":"<!-- This site is optimized with the Yoast SEO plugin v27.3 - https:\/\/yoast.com\/product\/yoast-seo-wordpress\/ -->\n<title>Karlsson fan it dak &#8211; Af\u00fbk Websjop<\/title>\n<meta name=\"description\" content=\"Natuurlijk loopt het niet altijd goed af, maar \u00e9\u00e9n ding is zeker: als Karlsson in de buurt is, hoef je je nooit te vervelen!\" \/>\n<meta name=\"robots\" content=\"index, follow, max-snippet:-1, max-image-preview:large, max-video-preview:-1\" \/>\n<link rel=\"canonical\" href=\"https:\/\/websjop.afuk.frl\/nl\/winkel\/karlsson-fan-it-dak\/\" \/>\n<meta property=\"og:locale\" content=\"nl_NL\" \/>\n<meta property=\"og:type\" content=\"article\" \/>\n<meta property=\"og:title\" content=\"Karlsson fan it dak &#8211; Af\u00fbk Websjop\" \/>\n<meta property=\"og:description\" content=\"Natuurlijk loopt het niet altijd goed af, maar \u00e9\u00e9n ding is zeker: als Karlsson in de buurt is, hoef je je nooit te vervelen!\" \/>\n<meta property=\"og:url\" content=\"https:\/\/websjop.afuk.frl\/nl\/winkel\/karlsson-fan-it-dak\/\" \/>\n<meta property=\"og:site_name\" content=\"Af\u00fbk Websjop\" \/>\n<meta property=\"article:modified_time\" content=\"2024-07-18T13:00:25+00:00\" \/>\n<meta property=\"og:image\" content=\"https:\/\/websjop.afuk.frl\/wp-content\/uploads\/2019\/10\/Karlsson-fan-it-dak.jpg\" \/>\n\t<meta property=\"og:image:width\" content=\"1808\" \/>\n\t<meta property=\"og:image:height\" content=\"2637\" \/>\n\t<meta property=\"og:image:type\" content=\"image\/jpeg\" \/>\n<meta name=\"twitter:card\" content=\"summary_large_image\" \/>\n<meta name=\"twitter:label1\" content=\"Geschatte leestijd\" \/>\n\t<meta name=\"twitter:data1\" content=\"1 minuut\" \/>\n<script type=\"application\/ld+json\" class=\"yoast-schema-graph\">{\"@context\":\"https:\\\/\\\/schema.org\",\"@graph\":[{\"@type\":\"WebPage\",\"@id\":\"https:\\\/\\\/websjop.afuk.frl\\\/nl\\\/winkel\\\/karlsson-fan-it-dak\\\/\",\"url\":\"https:\\\/\\\/websjop.afuk.frl\\\/nl\\\/winkel\\\/karlsson-fan-it-dak\\\/\",\"name\":\"Karlsson fan it dak &#8211; Af\u00fbk Websjop\",\"isPartOf\":{\"@id\":\"https:\\\/\\\/websjop.afuk.frl\\\/nl\\\/#website\"},\"primaryImageOfPage\":{\"@id\":\"https:\\\/\\\/websjop.afuk.frl\\\/nl\\\/winkel\\\/karlsson-fan-it-dak\\\/#primaryimage\"},\"image\":{\"@id\":\"https:\\\/\\\/websjop.afuk.frl\\\/nl\\\/winkel\\\/karlsson-fan-it-dak\\\/#primaryimage\"},\"thumbnailUrl\":\"https:\\\/\\\/websjop.afuk.frl\\\/wp-content\\\/uploads\\\/2019\\\/10\\\/Karlsson-fan-it-dak.jpg\",\"datePublished\":\"2019-10-29T11:23:17+00:00\",\"dateModified\":\"2024-07-18T13:00:25+00:00\",\"description\":\"Natuurlijk loopt het niet altijd goed af, maar \u00e9\u00e9n ding is zeker: als Karlsson in de buurt is, hoef je je nooit te vervelen!\",\"breadcrumb\":{\"@id\":\"https:\\\/\\\/websjop.afuk.frl\\\/nl\\\/winkel\\\/karlsson-fan-it-dak\\\/#breadcrumb\"},\"inLanguage\":\"nl-NL\",\"potentialAction\":[{\"@type\":\"ReadAction\",\"target\":[\"https:\\\/\\\/websjop.afuk.frl\\\/nl\\\/winkel\\\/karlsson-fan-it-dak\\\/\"]}]},{\"@type\":\"ImageObject\",\"inLanguage\":\"nl-NL\",\"@id\":\"https:\\\/\\\/websjop.afuk.frl\\\/nl\\\/winkel\\\/karlsson-fan-it-dak\\\/#primaryimage\",\"url\":\"https:\\\/\\\/websjop.afuk.frl\\\/wp-content\\\/uploads\\\/2019\\\/10\\\/Karlsson-fan-it-dak.jpg\",\"contentUrl\":\"https:\\\/\\\/websjop.afuk.frl\\\/wp-content\\\/uploads\\\/2019\\\/10\\\/Karlsson-fan-it-dak.jpg\",\"width\":1808,\"height\":2637,\"caption\":\"Karlsson fan it dak\"},{\"@type\":\"BreadcrumbList\",\"@id\":\"https:\\\/\\\/websjop.afuk.frl\\\/nl\\\/winkel\\\/karlsson-fan-it-dak\\\/#breadcrumb\",\"itemListElement\":[{\"@type\":\"ListItem\",\"position\":1,\"name\":\"Home\",\"item\":\"https:\\\/\\\/websjop.afuk.frl\\\/nl\\\/\"},{\"@type\":\"ListItem\",\"position\":2,\"name\":\"Winkel\",\"item\":\"https:\\\/\\\/websjop.afuk.frl\\\/nl\\\/winkel\\\/\"},{\"@type\":\"ListItem\",\"position\":3,\"name\":\"Karlsson fan it dak\"}]},{\"@type\":\"WebSite\",\"@id\":\"https:\\\/\\\/websjop.afuk.frl\\\/nl\\\/#website\",\"url\":\"https:\\\/\\\/websjop.afuk.frl\\\/nl\\\/\",\"name\":\"Af\u00fbk Websjop\",\"description\":\"\",\"potentialAction\":[{\"@type\":\"SearchAction\",\"target\":{\"@type\":\"EntryPoint\",\"urlTemplate\":\"https:\\\/\\\/websjop.afuk.frl\\\/nl\\\/?s={search_term_string}\"},\"query-input\":{\"@type\":\"PropertyValueSpecification\",\"valueRequired\":true,\"valueName\":\"search_term_string\"}}],\"inLanguage\":\"nl-NL\"}]}<\/script>\n<!-- \/ Yoast SEO plugin. -->","yoast_head_json":{"title":"Karlsson fan it dak &#8211; Af\u00fbk Websjop","description":"Natuurlijk loopt het niet altijd goed af, maar \u00e9\u00e9n ding is zeker: als Karlsson in de buurt is, hoef je je nooit te vervelen!","robots":{"index":"index","follow":"follow","max-snippet":"max-snippet:-1","max-image-preview":"max-image-preview:large","max-video-preview":"max-video-preview:-1"},"canonical":"https:\/\/websjop.afuk.frl\/nl\/winkel\/karlsson-fan-it-dak\/","og_locale":"nl_NL","og_type":"article","og_title":"Karlsson fan it dak &#8211; Af\u00fbk Websjop","og_description":"Natuurlijk loopt het niet altijd goed af, maar \u00e9\u00e9n ding is zeker: als Karlsson in de buurt is, hoef je je nooit te vervelen!","og_url":"https:\/\/websjop.afuk.frl\/nl\/winkel\/karlsson-fan-it-dak\/","og_site_name":"Af\u00fbk Websjop","article_modified_time":"2024-07-18T13:00:25+00:00","og_image":[{"width":1808,"height":2637,"url":"https:\/\/websjop.afuk.frl\/wp-content\/uploads\/2019\/10\/Karlsson-fan-it-dak.jpg","type":"image\/jpeg"}],"twitter_card":"summary_large_image","twitter_misc":{"Geschatte leestijd":"1 minuut"},"schema":{"@context":"https:\/\/schema.org","@graph":[{"@type":"WebPage","@id":"https:\/\/websjop.afuk.frl\/nl\/winkel\/karlsson-fan-it-dak\/","url":"https:\/\/websjop.afuk.frl\/nl\/winkel\/karlsson-fan-it-dak\/","name":"Karlsson fan it dak &#8211; Af\u00fbk Websjop","isPartOf":{"@id":"https:\/\/websjop.afuk.frl\/nl\/#website"},"primaryImageOfPage":{"@id":"https:\/\/websjop.afuk.frl\/nl\/winkel\/karlsson-fan-it-dak\/#primaryimage"},"image":{"@id":"https:\/\/websjop.afuk.frl\/nl\/winkel\/karlsson-fan-it-dak\/#primaryimage"},"thumbnailUrl":"https:\/\/websjop.afuk.frl\/wp-content\/uploads\/2019\/10\/Karlsson-fan-it-dak.jpg","datePublished":"2019-10-29T11:23:17+00:00","dateModified":"2024-07-18T13:00:25+00:00","description":"Natuurlijk loopt het niet altijd goed af, maar \u00e9\u00e9n ding is zeker: als Karlsson in de buurt is, hoef je je nooit te vervelen!","breadcrumb":{"@id":"https:\/\/websjop.afuk.frl\/nl\/winkel\/karlsson-fan-it-dak\/#breadcrumb"},"inLanguage":"nl-NL","potentialAction":[{"@type":"ReadAction","target":["https:\/\/websjop.afuk.frl\/nl\/winkel\/karlsson-fan-it-dak\/"]}]},{"@type":"ImageObject","inLanguage":"nl-NL","@id":"https:\/\/websjop.afuk.frl\/nl\/winkel\/karlsson-fan-it-dak\/#primaryimage","url":"https:\/\/websjop.afuk.frl\/wp-content\/uploads\/2019\/10\/Karlsson-fan-it-dak.jpg","contentUrl":"https:\/\/websjop.afuk.frl\/wp-content\/uploads\/2019\/10\/Karlsson-fan-it-dak.jpg","width":1808,"height":2637,"caption":"Karlsson fan it dak"},{"@type":"BreadcrumbList","@id":"https:\/\/websjop.afuk.frl\/nl\/winkel\/karlsson-fan-it-dak\/#breadcrumb","itemListElement":[{"@type":"ListItem","position":1,"name":"Home","item":"https:\/\/websjop.afuk.frl\/nl\/"},{"@type":"ListItem","position":2,"name":"Winkel","item":"https:\/\/websjop.afuk.frl\/nl\/winkel\/"},{"@type":"ListItem","position":3,"name":"Karlsson fan it dak"}]},{"@type":"WebSite","@id":"https:\/\/websjop.afuk.frl\/nl\/#website","url":"https:\/\/websjop.afuk.frl\/nl\/","name":"Af\u00fbk Websjop","description":"","potentialAction":[{"@type":"SearchAction","target":{"@type":"EntryPoint","urlTemplate":"https:\/\/websjop.afuk.frl\/nl\/?s={search_term_string}"},"query-input":{"@type":"PropertyValueSpecification","valueRequired":true,"valueName":"search_term_string"}}],"inLanguage":"nl-NL"}]}},"_links":{"self":[{"href":"https:\/\/websjop.afuk.frl\/nl\/wp-json\/wp\/v2\/product\/15907","targetHints":{"allow":["GET"]}}],"collection":[{"href":"https:\/\/websjop.afuk.frl\/nl\/wp-json\/wp\/v2\/product"}],"about":[{"href":"https:\/\/websjop.afuk.frl\/nl\/wp-json\/wp\/v2\/types\/product"}],"replies":[{"embeddable":true,"href":"https:\/\/websjop.afuk.frl\/nl\/wp-json\/wp\/v2\/comments?post=15907"}],"wp:featuredmedia":[{"embeddable":true,"href":"https:\/\/websjop.afuk.frl\/nl\/wp-json\/wp\/v2\/media\/15909"}],"wp:attachment":[{"href":"https:\/\/websjop.afuk.frl\/nl\/wp-json\/wp\/v2\/media?parent=15907"}],"wp:term":[{"taxonomy":"product_brand","embeddable":true,"href":"https:\/\/websjop.afuk.frl\/nl\/wp-json\/wp\/v2\/product_brand?post=15907"},{"taxonomy":"product_cat","embeddable":true,"href":"https:\/\/websjop.afuk.frl\/nl\/wp-json\/wp\/v2\/product_cat?post=15907"},{"taxonomy":"product_tag","embeddable":true,"href":"https:\/\/websjop.afuk.frl\/nl\/wp-json\/wp\/v2\/product_tag?post=15907"}],"curies":[{"name":"wp","href":"https:\/\/api.w.org\/{rel}","templated":true}]}}