{"id":14722,"date":"2019-07-04T16:36:18","date_gmt":"2019-07-04T15:36:18","guid":{"rendered":"https:\/\/websjop.afuk.frl\/?post_type=product&#038;p=14722"},"modified":"2019-11-05T16:00:12","modified_gmt":"2019-11-05T15:00:12","slug":"unlan","status":"publish","type":"product","link":"https:\/\/websjop.afuk.frl\/nl\/winkel\/unlan\/","title":{"rendered":"Unl\u00e2n"},"content":{"rendered":"<p>Unl\u00e2n is de deb\u00fatbondel fan Gerrit de Vries. De bondel fangt it libben yn meast hurde, wrange en wanhopige bylden. Wat d\u00earyn trochbrekt is de langst nei tagedienens.<\/p>\n<p>&nbsp;<\/p>\n<p><em>Ut &#8216;oanreitsje&#8217;:<\/em><\/p>\n<p><em>Wat docht it my<\/em><\/p>\n<p><em>as buiewolken<\/em><br \/>\n<em>leadgrize loften skowe<\/em><br \/>\n<em>op wite hagelgerdinen<\/em><br \/>\n<em>d\u00fbnker driigjend<\/em><br \/>\n<em>it l\u00e2n yn r\u00f4lje<\/em><\/p>\n<p><em>wat ferrekt it my<\/em><\/p>\n<p><em>&#8230;<\/em><\/p>\n<p><em>as de sinne troch my<\/em><br \/>\n<em>ljochtet<\/em><br \/>\n<em>yn t\u00fbzen kleuren<\/em><br \/>\n<em>in reinb\u00f4ge brekt<\/em><br \/>\n<em>de kleuren my<\/em><br \/>\n<em>op en \u00f4f gean<\/em><\/p>\n<p><em>as it sa fielt<\/em><br \/>\n<em>as ik dy do my<\/em><br \/>\n<em>wy inoar<\/em><\/p>\n<p><em>oanreitsje<\/em><\/p>\n","protected":false},"excerpt":{"rendered":"<p>Unl\u00e2n is de deb\u00fatbondel fan Gerrit de Vries. De bondel fangt it libben yn meast hurde, wrange en wanhopige bylden. Wat d\u00earyn trochbrekt is de langst nei tagedienens. &nbsp; Ut &#8216;oanreitsje&#8217;: Wat docht it my as buiewolken leadgrize loften skowe op wite hagelgerdinen d\u00fbnker driigjend it l\u00e2n yn r\u00f4lje wat ferrekt it my &#8230; as [&hellip;]<\/p>\n","protected":false},"featured_media":14724,"comment_status":"closed","ping_status":"closed","template":"","meta":{"_acf_changed":false},"product_brand":[],"product_cat":[538,535,1215],"product_tag":[5515,5516,5191,5514],"class_list":{"0":"post-14722","1":"product","2":"type-product","3":"status-publish","4":"has-post-thumbnail","6":"product_cat-dichtbondels","7":"product_cat-fryske-boeken","8":"product_cat-romans-en-literatuer","9":"product_tag-bondel","10":"product_tag-dichtbondels","11":"product_tag-gedichten","12":"product_tag-unlan","13":"pa_auteur-gerrit-de-vries","14":"pa_isbn-5512","15":"pa_new-label-1-3","16":"pa_taal-frysk","17":"pa_uitgever-hispel","19":"first","20":"instock","21":"taxable","22":"shipping-taxable","23":"purchasable","24":"product-type-simple"},"acf":[],"yoast_head":"<!-- This site is optimized with the Yoast SEO plugin v27.3 - https:\/\/yoast.com\/product\/yoast-seo-wordpress\/ -->\n<title>Unl\u00e2n &#8211; Af\u00fbk Websjop<\/title>\n<meta name=\"robots\" content=\"index, follow, max-snippet:-1, max-image-preview:large, max-video-preview:-1\" \/>\n<link rel=\"canonical\" href=\"https:\/\/websjop.afuk.frl\/nl\/winkel\/unlan\/\" \/>\n<meta property=\"og:locale\" content=\"nl_NL\" \/>\n<meta property=\"og:type\" content=\"article\" \/>\n<meta property=\"og:title\" content=\"Unl\u00e2n &#8211; Af\u00fbk Websjop\" \/>\n<meta property=\"og:description\" content=\"Unl\u00e2n is de deb\u00fatbondel fan Gerrit de Vries. De bondel fangt it libben yn meast hurde, wrange en wanhopige bylden. Wat d\u00earyn trochbrekt is de langst nei tagedienens. &nbsp; Ut &#8216;oanreitsje&#8217;: Wat docht it my as buiewolken leadgrize loften skowe op wite hagelgerdinen d\u00fbnker driigjend it l\u00e2n yn r\u00f4lje wat ferrekt it my &#8230; as [&hellip;]\" \/>\n<meta property=\"og:url\" content=\"https:\/\/websjop.afuk.frl\/nl\/winkel\/unlan\/\" \/>\n<meta property=\"og:site_name\" content=\"Af\u00fbk Websjop\" \/>\n<meta property=\"article:modified_time\" content=\"2019-11-05T15:00:12+00:00\" \/>\n<meta property=\"og:image\" content=\"https:\/\/websjop.afuk.frl\/wp-content\/uploads\/2019\/07\/Unl\u00e2n196-715x1024.jpg\" \/>\n\t<meta property=\"og:image:width\" content=\"715\" \/>\n\t<meta property=\"og:image:height\" content=\"1024\" \/>\n\t<meta property=\"og:image:type\" content=\"image\/jpeg\" \/>\n<meta name=\"twitter:card\" content=\"summary_large_image\" \/>\n<script type=\"application\/ld+json\" class=\"yoast-schema-graph\">{\"@context\":\"https:\\\/\\\/schema.org\",\"@graph\":[{\"@type\":\"WebPage\",\"@id\":\"https:\\\/\\\/websjop.afuk.frl\\\/nl\\\/winkel\\\/unlan\\\/\",\"url\":\"https:\\\/\\\/websjop.afuk.frl\\\/nl\\\/winkel\\\/unlan\\\/\",\"name\":\"Unl\u00e2n &#8211; Af\u00fbk Websjop\",\"isPartOf\":{\"@id\":\"https:\\\/\\\/websjop.afuk.frl\\\/nl\\\/#website\"},\"primaryImageOfPage\":{\"@id\":\"https:\\\/\\\/websjop.afuk.frl\\\/nl\\\/winkel\\\/unlan\\\/#primaryimage\"},\"image\":{\"@id\":\"https:\\\/\\\/websjop.afuk.frl\\\/nl\\\/winkel\\\/unlan\\\/#primaryimage\"},\"thumbnailUrl\":\"https:\\\/\\\/websjop.afuk.frl\\\/wp-content\\\/uploads\\\/2019\\\/07\\\/Unl\u00e2n196.jpg\",\"datePublished\":\"2019-07-04T15:36:18+00:00\",\"dateModified\":\"2019-11-05T15:00:12+00:00\",\"breadcrumb\":{\"@id\":\"https:\\\/\\\/websjop.afuk.frl\\\/nl\\\/winkel\\\/unlan\\\/#breadcrumb\"},\"inLanguage\":\"nl-NL\",\"potentialAction\":[{\"@type\":\"ReadAction\",\"target\":[\"https:\\\/\\\/websjop.afuk.frl\\\/nl\\\/winkel\\\/unlan\\\/\"]}]},{\"@type\":\"ImageObject\",\"inLanguage\":\"nl-NL\",\"@id\":\"https:\\\/\\\/websjop.afuk.frl\\\/nl\\\/winkel\\\/unlan\\\/#primaryimage\",\"url\":\"https:\\\/\\\/websjop.afuk.frl\\\/wp-content\\\/uploads\\\/2019\\\/07\\\/Unl\u00e2n196.jpg\",\"contentUrl\":\"https:\\\/\\\/websjop.afuk.frl\\\/wp-content\\\/uploads\\\/2019\\\/07\\\/Unl\u00e2n196.jpg\",\"width\":1904,\"height\":2728,\"caption\":\"Unl\u00e2n\"},{\"@type\":\"BreadcrumbList\",\"@id\":\"https:\\\/\\\/websjop.afuk.frl\\\/nl\\\/winkel\\\/unlan\\\/#breadcrumb\",\"itemListElement\":[{\"@type\":\"ListItem\",\"position\":1,\"name\":\"Home\",\"item\":\"https:\\\/\\\/websjop.afuk.frl\\\/nl\\\/\"},{\"@type\":\"ListItem\",\"position\":2,\"name\":\"Winkel\",\"item\":\"https:\\\/\\\/websjop.afuk.frl\\\/nl\\\/winkel\\\/\"},{\"@type\":\"ListItem\",\"position\":3,\"name\":\"Unl\u00e2n\"}]},{\"@type\":\"WebSite\",\"@id\":\"https:\\\/\\\/websjop.afuk.frl\\\/nl\\\/#website\",\"url\":\"https:\\\/\\\/websjop.afuk.frl\\\/nl\\\/\",\"name\":\"Af\u00fbk Websjop\",\"description\":\"\",\"potentialAction\":[{\"@type\":\"SearchAction\",\"target\":{\"@type\":\"EntryPoint\",\"urlTemplate\":\"https:\\\/\\\/websjop.afuk.frl\\\/nl\\\/?s={search_term_string}\"},\"query-input\":{\"@type\":\"PropertyValueSpecification\",\"valueRequired\":true,\"valueName\":\"search_term_string\"}}],\"inLanguage\":\"nl-NL\"}]}<\/script>\n<!-- \/ Yoast SEO plugin. -->","yoast_head_json":{"title":"Unl\u00e2n &#8211; Af\u00fbk Websjop","robots":{"index":"index","follow":"follow","max-snippet":"max-snippet:-1","max-image-preview":"max-image-preview:large","max-video-preview":"max-video-preview:-1"},"canonical":"https:\/\/websjop.afuk.frl\/nl\/winkel\/unlan\/","og_locale":"nl_NL","og_type":"article","og_title":"Unl\u00e2n &#8211; Af\u00fbk Websjop","og_description":"Unl\u00e2n is de deb\u00fatbondel fan Gerrit de Vries. De bondel fangt it libben yn meast hurde, wrange en wanhopige bylden. Wat d\u00earyn trochbrekt is de langst nei tagedienens. &nbsp; Ut &#8216;oanreitsje&#8217;: Wat docht it my as buiewolken leadgrize loften skowe op wite hagelgerdinen d\u00fbnker driigjend it l\u00e2n yn r\u00f4lje wat ferrekt it my &#8230; as [&hellip;]","og_url":"https:\/\/websjop.afuk.frl\/nl\/winkel\/unlan\/","og_site_name":"Af\u00fbk Websjop","article_modified_time":"2019-11-05T15:00:12+00:00","og_image":[{"width":715,"height":1024,"url":"https:\/\/websjop.afuk.frl\/wp-content\/uploads\/2019\/07\/Unl\u00e2n196-715x1024.jpg","type":"image\/jpeg"}],"twitter_card":"summary_large_image","schema":{"@context":"https:\/\/schema.org","@graph":[{"@type":"WebPage","@id":"https:\/\/websjop.afuk.frl\/nl\/winkel\/unlan\/","url":"https:\/\/websjop.afuk.frl\/nl\/winkel\/unlan\/","name":"Unl\u00e2n &#8211; Af\u00fbk Websjop","isPartOf":{"@id":"https:\/\/websjop.afuk.frl\/nl\/#website"},"primaryImageOfPage":{"@id":"https:\/\/websjop.afuk.frl\/nl\/winkel\/unlan\/#primaryimage"},"image":{"@id":"https:\/\/websjop.afuk.frl\/nl\/winkel\/unlan\/#primaryimage"},"thumbnailUrl":"https:\/\/websjop.afuk.frl\/wp-content\/uploads\/2019\/07\/Unl\u00e2n196.jpg","datePublished":"2019-07-04T15:36:18+00:00","dateModified":"2019-11-05T15:00:12+00:00","breadcrumb":{"@id":"https:\/\/websjop.afuk.frl\/nl\/winkel\/unlan\/#breadcrumb"},"inLanguage":"nl-NL","potentialAction":[{"@type":"ReadAction","target":["https:\/\/websjop.afuk.frl\/nl\/winkel\/unlan\/"]}]},{"@type":"ImageObject","inLanguage":"nl-NL","@id":"https:\/\/websjop.afuk.frl\/nl\/winkel\/unlan\/#primaryimage","url":"https:\/\/websjop.afuk.frl\/wp-content\/uploads\/2019\/07\/Unl\u00e2n196.jpg","contentUrl":"https:\/\/websjop.afuk.frl\/wp-content\/uploads\/2019\/07\/Unl\u00e2n196.jpg","width":1904,"height":2728,"caption":"Unl\u00e2n"},{"@type":"BreadcrumbList","@id":"https:\/\/websjop.afuk.frl\/nl\/winkel\/unlan\/#breadcrumb","itemListElement":[{"@type":"ListItem","position":1,"name":"Home","item":"https:\/\/websjop.afuk.frl\/nl\/"},{"@type":"ListItem","position":2,"name":"Winkel","item":"https:\/\/websjop.afuk.frl\/nl\/winkel\/"},{"@type":"ListItem","position":3,"name":"Unl\u00e2n"}]},{"@type":"WebSite","@id":"https:\/\/websjop.afuk.frl\/nl\/#website","url":"https:\/\/websjop.afuk.frl\/nl\/","name":"Af\u00fbk Websjop","description":"","potentialAction":[{"@type":"SearchAction","target":{"@type":"EntryPoint","urlTemplate":"https:\/\/websjop.afuk.frl\/nl\/?s={search_term_string}"},"query-input":{"@type":"PropertyValueSpecification","valueRequired":true,"valueName":"search_term_string"}}],"inLanguage":"nl-NL"}]}},"_links":{"self":[{"href":"https:\/\/websjop.afuk.frl\/nl\/wp-json\/wp\/v2\/product\/14722","targetHints":{"allow":["GET"]}}],"collection":[{"href":"https:\/\/websjop.afuk.frl\/nl\/wp-json\/wp\/v2\/product"}],"about":[{"href":"https:\/\/websjop.afuk.frl\/nl\/wp-json\/wp\/v2\/types\/product"}],"replies":[{"embeddable":true,"href":"https:\/\/websjop.afuk.frl\/nl\/wp-json\/wp\/v2\/comments?post=14722"}],"wp:featuredmedia":[{"embeddable":true,"href":"https:\/\/websjop.afuk.frl\/nl\/wp-json\/wp\/v2\/media\/14724"}],"wp:attachment":[{"href":"https:\/\/websjop.afuk.frl\/nl\/wp-json\/wp\/v2\/media?parent=14722"}],"wp:term":[{"taxonomy":"product_brand","embeddable":true,"href":"https:\/\/websjop.afuk.frl\/nl\/wp-json\/wp\/v2\/product_brand?post=14722"},{"taxonomy":"product_cat","embeddable":true,"href":"https:\/\/websjop.afuk.frl\/nl\/wp-json\/wp\/v2\/product_cat?post=14722"},{"taxonomy":"product_tag","embeddable":true,"href":"https:\/\/websjop.afuk.frl\/nl\/wp-json\/wp\/v2\/product_tag?post=14722"}],"curies":[{"name":"wp","href":"https:\/\/api.w.org\/{rel}","templated":true}]}}