{"id":14507,"date":"2019-06-17T10:41:25","date_gmt":"2019-06-17T09:41:25","guid":{"rendered":"https:\/\/websjop.afuk.frl\/?post_type=product&#038;p=14507"},"modified":"2026-03-16T16:10:30","modified_gmt":"2026-03-16T15:10:30","slug":"kondoleansjekaart-foar-dy-wie-hy-dyn-wrald","status":"publish","type":"product","link":"https:\/\/websjop.afuk.frl\/nl\/winkel\/kondoleansjekaart-foar-dy-wie-hy-dyn-wrald\/","title":{"rendered":"Kondole\u00e2nsjekaart: foar dy wie hy dyn wr\u00e2ld."},"content":{"rendered":"<p>Friese condoleancekaart \/rouwkaart met Friese tekst: foar dy wie hy dyn wr\u00e2ld.<\/p>\n","protected":false},"excerpt":{"rendered":"<p>Friese condoleancekaart \/rouwkaart met Friese tekst: foar dy wie hy dyn wr\u00e2ld.<\/p>\n","protected":false},"featured_media":14508,"comment_status":"closed","ping_status":"closed","template":"","meta":{"_acf_changed":false},"product_brand":[],"product_cat":[1242,565,21649],"product_tag":[23923,8617,16950,17085,5567,17018,17086],"class_list":{"0":"post-14507","1":"product","2":"type-product","3":"status-publish","4":"has-post-thumbnail","6":"product_cat-fryske-kaarten","7":"product_cat-friese-producten","8":"product_cat-rou","9":"product_tag-condolatie","10":"product_tag-heit","11":"product_tag-kondoleansekaart","12":"product_tag-papa","13":"product_tag-rou","14":"product_tag-rouw","15":"product_tag-vader","17":"first","18":"instock","19":"taxable","20":"shipping-taxable","21":"purchasable","22":"product-type-simple"},"acf":[],"yoast_head":"<!-- This site is optimized with the Yoast SEO plugin v27.2 - https:\/\/yoast.com\/product\/yoast-seo-wordpress\/ -->\n<title>Kondole\u00e2nsjekaart: foar dy wie hy dyn wr\u00e2ld. &#8211; Af\u00fbk Websjop<\/title>\n<meta name=\"robots\" content=\"index, follow, max-snippet:-1, max-image-preview:large, max-video-preview:-1\" \/>\n<link rel=\"canonical\" href=\"https:\/\/websjop.afuk.frl\/nl\/winkel\/kondoleansjekaart-foar-dy-wie-hy-dyn-wrald\/\" \/>\n<meta property=\"og:locale\" content=\"nl_NL\" \/>\n<meta property=\"og:type\" content=\"article\" \/>\n<meta property=\"og:title\" content=\"Kondole\u00e2nsjekaart: foar dy wie hy dyn wr\u00e2ld. &#8211; Af\u00fbk Websjop\" \/>\n<meta property=\"og:description\" content=\"Friese condoleancekaart \/rouwkaart met Friese tekst: foar dy wie hy dyn wr\u00e2ld.\" \/>\n<meta property=\"og:url\" content=\"https:\/\/websjop.afuk.frl\/nl\/winkel\/kondoleansjekaart-foar-dy-wie-hy-dyn-wrald\/\" \/>\n<meta property=\"og:site_name\" content=\"Af\u00fbk Websjop\" \/>\n<meta property=\"article:modified_time\" content=\"2026-03-16T15:10:30+00:00\" \/>\n<meta property=\"og:image\" content=\"https:\/\/websjop.afuk.frl\/wp-content\/uploads\/2019\/06\/foar-dy-wie-hy-dyn-wrald.jpg\" \/>\n\t<meta property=\"og:image:width\" content=\"620\" \/>\n\t<meta property=\"og:image:height\" content=\"874\" \/>\n\t<meta property=\"og:image:type\" content=\"image\/jpeg\" \/>\n<meta name=\"twitter:card\" content=\"summary_large_image\" \/>\n<meta name=\"twitter:label1\" content=\"Geschatte leestijd\" \/>\n\t<meta name=\"twitter:data1\" content=\"1 minuut\" \/>\n<script type=\"application\/ld+json\" class=\"yoast-schema-graph\">{\"@context\":\"https:\/\/schema.org\",\"@graph\":[{\"@type\":\"WebPage\",\"@id\":\"https:\/\/websjop.afuk.frl\/nl\/winkel\/kondoleansjekaart-foar-dy-wie-hy-dyn-wrald\/\",\"url\":\"https:\/\/websjop.afuk.frl\/nl\/winkel\/kondoleansjekaart-foar-dy-wie-hy-dyn-wrald\/\",\"name\":\"Kondole\u00e2nsjekaart: foar dy wie hy dyn wr\u00e2ld. &#8211; Af\u00fbk Websjop\",\"isPartOf\":{\"@id\":\"https:\/\/websjop.afuk.frl\/nl\/#website\"},\"primaryImageOfPage\":{\"@id\":\"https:\/\/websjop.afuk.frl\/nl\/winkel\/kondoleansjekaart-foar-dy-wie-hy-dyn-wrald\/#primaryimage\"},\"image\":{\"@id\":\"https:\/\/websjop.afuk.frl\/nl\/winkel\/kondoleansjekaart-foar-dy-wie-hy-dyn-wrald\/#primaryimage\"},\"thumbnailUrl\":\"https:\/\/websjop.afuk.frl\/wp-content\/uploads\/2019\/06\/foar-dy-wie-hy-dyn-wrald.jpg\",\"datePublished\":\"2019-06-17T09:41:25+00:00\",\"dateModified\":\"2026-03-16T15:10:30+00:00\",\"breadcrumb\":{\"@id\":\"https:\/\/websjop.afuk.frl\/nl\/winkel\/kondoleansjekaart-foar-dy-wie-hy-dyn-wrald\/#breadcrumb\"},\"inLanguage\":\"nl-NL\",\"potentialAction\":[{\"@type\":\"ReadAction\",\"target\":[\"https:\/\/websjop.afuk.frl\/nl\/winkel\/kondoleansjekaart-foar-dy-wie-hy-dyn-wrald\/\"]}]},{\"@type\":\"ImageObject\",\"inLanguage\":\"nl-NL\",\"@id\":\"https:\/\/websjop.afuk.frl\/nl\/winkel\/kondoleansjekaart-foar-dy-wie-hy-dyn-wrald\/#primaryimage\",\"url\":\"https:\/\/websjop.afuk.frl\/wp-content\/uploads\/2019\/06\/foar-dy-wie-hy-dyn-wrald.jpg\",\"contentUrl\":\"https:\/\/websjop.afuk.frl\/wp-content\/uploads\/2019\/06\/foar-dy-wie-hy-dyn-wrald.jpg\",\"width\":620,\"height\":874,\"caption\":\"foar dy wie hy dyn wr\u00e2ld\"},{\"@type\":\"BreadcrumbList\",\"@id\":\"https:\/\/websjop.afuk.frl\/nl\/winkel\/kondoleansjekaart-foar-dy-wie-hy-dyn-wrald\/#breadcrumb\",\"itemListElement\":[{\"@type\":\"ListItem\",\"position\":1,\"name\":\"Home\",\"item\":\"https:\/\/websjop.afuk.frl\/nl\/\"},{\"@type\":\"ListItem\",\"position\":2,\"name\":\"Winkel\",\"item\":\"https:\/\/websjop.afuk.frl\/nl\/winkel\/\"},{\"@type\":\"ListItem\",\"position\":3,\"name\":\"Kondole\u00e2nsjekaart: foar dy wie hy dyn wr\u00e2ld.\"}]},{\"@type\":\"WebSite\",\"@id\":\"https:\/\/websjop.afuk.frl\/nl\/#website\",\"url\":\"https:\/\/websjop.afuk.frl\/nl\/\",\"name\":\"Af\u00fbk Websjop\",\"description\":\"\",\"potentialAction\":[{\"@type\":\"SearchAction\",\"target\":{\"@type\":\"EntryPoint\",\"urlTemplate\":\"https:\/\/websjop.afuk.frl\/nl\/?s={search_term_string}\"},\"query-input\":{\"@type\":\"PropertyValueSpecification\",\"valueRequired\":true,\"valueName\":\"search_term_string\"}}],\"inLanguage\":\"nl-NL\"}]}<\/script>\n<!-- \/ Yoast SEO plugin. -->","yoast_head_json":{"title":"Kondole\u00e2nsjekaart: foar dy wie hy dyn wr\u00e2ld. &#8211; Af\u00fbk Websjop","robots":{"index":"index","follow":"follow","max-snippet":"max-snippet:-1","max-image-preview":"max-image-preview:large","max-video-preview":"max-video-preview:-1"},"canonical":"https:\/\/websjop.afuk.frl\/nl\/winkel\/kondoleansjekaart-foar-dy-wie-hy-dyn-wrald\/","og_locale":"nl_NL","og_type":"article","og_title":"Kondole\u00e2nsjekaart: foar dy wie hy dyn wr\u00e2ld. &#8211; Af\u00fbk Websjop","og_description":"Friese condoleancekaart \/rouwkaart met Friese tekst: foar dy wie hy dyn wr\u00e2ld.","og_url":"https:\/\/websjop.afuk.frl\/nl\/winkel\/kondoleansjekaart-foar-dy-wie-hy-dyn-wrald\/","og_site_name":"Af\u00fbk Websjop","article_modified_time":"2026-03-16T15:10:30+00:00","og_image":[{"width":620,"height":874,"url":"https:\/\/websjop.afuk.frl\/wp-content\/uploads\/2019\/06\/foar-dy-wie-hy-dyn-wrald.jpg","type":"image\/jpeg"}],"twitter_card":"summary_large_image","twitter_misc":{"Geschatte leestijd":"1 minuut"},"schema":{"@context":"https:\/\/schema.org","@graph":[{"@type":"WebPage","@id":"https:\/\/websjop.afuk.frl\/nl\/winkel\/kondoleansjekaart-foar-dy-wie-hy-dyn-wrald\/","url":"https:\/\/websjop.afuk.frl\/nl\/winkel\/kondoleansjekaart-foar-dy-wie-hy-dyn-wrald\/","name":"Kondole\u00e2nsjekaart: foar dy wie hy dyn wr\u00e2ld. &#8211; Af\u00fbk Websjop","isPartOf":{"@id":"https:\/\/websjop.afuk.frl\/nl\/#website"},"primaryImageOfPage":{"@id":"https:\/\/websjop.afuk.frl\/nl\/winkel\/kondoleansjekaart-foar-dy-wie-hy-dyn-wrald\/#primaryimage"},"image":{"@id":"https:\/\/websjop.afuk.frl\/nl\/winkel\/kondoleansjekaart-foar-dy-wie-hy-dyn-wrald\/#primaryimage"},"thumbnailUrl":"https:\/\/websjop.afuk.frl\/wp-content\/uploads\/2019\/06\/foar-dy-wie-hy-dyn-wrald.jpg","datePublished":"2019-06-17T09:41:25+00:00","dateModified":"2026-03-16T15:10:30+00:00","breadcrumb":{"@id":"https:\/\/websjop.afuk.frl\/nl\/winkel\/kondoleansjekaart-foar-dy-wie-hy-dyn-wrald\/#breadcrumb"},"inLanguage":"nl-NL","potentialAction":[{"@type":"ReadAction","target":["https:\/\/websjop.afuk.frl\/nl\/winkel\/kondoleansjekaart-foar-dy-wie-hy-dyn-wrald\/"]}]},{"@type":"ImageObject","inLanguage":"nl-NL","@id":"https:\/\/websjop.afuk.frl\/nl\/winkel\/kondoleansjekaart-foar-dy-wie-hy-dyn-wrald\/#primaryimage","url":"https:\/\/websjop.afuk.frl\/wp-content\/uploads\/2019\/06\/foar-dy-wie-hy-dyn-wrald.jpg","contentUrl":"https:\/\/websjop.afuk.frl\/wp-content\/uploads\/2019\/06\/foar-dy-wie-hy-dyn-wrald.jpg","width":620,"height":874,"caption":"foar dy wie hy dyn wr\u00e2ld"},{"@type":"BreadcrumbList","@id":"https:\/\/websjop.afuk.frl\/nl\/winkel\/kondoleansjekaart-foar-dy-wie-hy-dyn-wrald\/#breadcrumb","itemListElement":[{"@type":"ListItem","position":1,"name":"Home","item":"https:\/\/websjop.afuk.frl\/nl\/"},{"@type":"ListItem","position":2,"name":"Winkel","item":"https:\/\/websjop.afuk.frl\/nl\/winkel\/"},{"@type":"ListItem","position":3,"name":"Kondole\u00e2nsjekaart: foar dy wie hy dyn wr\u00e2ld."}]},{"@type":"WebSite","@id":"https:\/\/websjop.afuk.frl\/nl\/#website","url":"https:\/\/websjop.afuk.frl\/nl\/","name":"Af\u00fbk Websjop","description":"","potentialAction":[{"@type":"SearchAction","target":{"@type":"EntryPoint","urlTemplate":"https:\/\/websjop.afuk.frl\/nl\/?s={search_term_string}"},"query-input":{"@type":"PropertyValueSpecification","valueRequired":true,"valueName":"search_term_string"}}],"inLanguage":"nl-NL"}]}},"_links":{"self":[{"href":"https:\/\/websjop.afuk.frl\/nl\/wp-json\/wp\/v2\/product\/14507","targetHints":{"allow":["GET"]}}],"collection":[{"href":"https:\/\/websjop.afuk.frl\/nl\/wp-json\/wp\/v2\/product"}],"about":[{"href":"https:\/\/websjop.afuk.frl\/nl\/wp-json\/wp\/v2\/types\/product"}],"replies":[{"embeddable":true,"href":"https:\/\/websjop.afuk.frl\/nl\/wp-json\/wp\/v2\/comments?post=14507"}],"wp:featuredmedia":[{"embeddable":true,"href":"https:\/\/websjop.afuk.frl\/nl\/wp-json\/wp\/v2\/media\/14508"}],"wp:attachment":[{"href":"https:\/\/websjop.afuk.frl\/nl\/wp-json\/wp\/v2\/media?parent=14507"}],"wp:term":[{"taxonomy":"product_brand","embeddable":true,"href":"https:\/\/websjop.afuk.frl\/nl\/wp-json\/wp\/v2\/product_brand?post=14507"},{"taxonomy":"product_cat","embeddable":true,"href":"https:\/\/websjop.afuk.frl\/nl\/wp-json\/wp\/v2\/product_cat?post=14507"},{"taxonomy":"product_tag","embeddable":true,"href":"https:\/\/websjop.afuk.frl\/nl\/wp-json\/wp\/v2\/product_tag?post=14507"}],"curies":[{"name":"wp","href":"https:\/\/api.w.org\/{rel}","templated":true}]}}