{"id":14497,"date":"2023-06-17T10:28:01","date_gmt":"2023-06-17T09:28:01","guid":{"rendered":"https:\/\/websjop.afuk.frl\/?post_type=product&#038;p=14497"},"modified":"2026-03-16T21:05:25","modified_gmt":"2026-03-16T20:05:25","slug":"kondoleansjekaart-loslitte-yn-us-libben","status":"publish","type":"product","link":"https:\/\/websjop.afuk.frl\/nl\/winkel\/kondoleansjekaart-loslitte-yn-us-libben\/","title":{"rendered":"Kondole\u00e2nsjekaart: Loslitte yn \u00fas libben"},"content":{"rendered":"<p>Friese condoleancekaart \/rouwkaart met Friese tekst: Loslitte yn \u00fas libben, f\u00easth\u00e2lde yn \u00fas hert.<\/p>\n<p><a href=\"https:\/\/websjop.afuk.frl\/frl\/producten\/rou\/\">Bekijk hier alle Friese rouwkaarten.<\/a><\/p>\n","protected":false},"excerpt":{"rendered":"<p>Friese condoleancekaart \/rouwkaart met Friese tekst: Loslitte yn \u00fas libben, f\u00easth\u00e2lde yn \u00fas hert. Bekijk hier alle Friese rouwkaarten.<\/p>\n","protected":false},"featured_media":50240,"comment_status":"closed","ping_status":"closed","template":"","meta":{"_acf_changed":false},"product_brand":[],"product_cat":[1242,565,21649],"product_tag":[22909,16949,16948,22908],"class_list":{"0":"post-14497","1":"product","2":"type-product","3":"status-publish","4":"has-post-thumbnail","6":"product_cat-fryske-kaarten","7":"product_cat-friese-producten","8":"product_cat-rou","9":"product_tag-friese-rouwkaarten","10":"product_tag-roukaart","11":"product_tag-rouwkaart","12":"product_tag-rouwkaarten","14":"first","15":"instock","16":"taxable","17":"shipping-taxable","18":"purchasable","19":"product-type-simple"},"acf":[],"yoast_head":"<!-- This site is optimized with the Yoast SEO plugin v27.2 - https:\/\/yoast.com\/product\/yoast-seo-wordpress\/ -->\n<title>Kondole\u00e2nsjekaart: Loslitte yn \u00fas libben &#8211; Af\u00fbk Websjop<\/title>\n<meta name=\"robots\" content=\"index, follow, max-snippet:-1, max-image-preview:large, max-video-preview:-1\" \/>\n<link rel=\"canonical\" href=\"https:\/\/websjop.afuk.frl\/nl\/winkel\/kondoleansjekaart-loslitte-yn-us-libben\/\" \/>\n<meta property=\"og:locale\" content=\"nl_NL\" \/>\n<meta property=\"og:type\" content=\"article\" \/>\n<meta property=\"og:title\" content=\"Kondole\u00e2nsjekaart: Loslitte yn \u00fas libben &#8211; Af\u00fbk Websjop\" \/>\n<meta property=\"og:description\" content=\"Friese condoleancekaart \/rouwkaart met Friese tekst: Loslitte yn \u00fas libben, f\u00easth\u00e2lde yn \u00fas hert. Bekijk hier alle Friese rouwkaarten.\" \/>\n<meta property=\"og:url\" content=\"https:\/\/websjop.afuk.frl\/nl\/winkel\/kondoleansjekaart-loslitte-yn-us-libben\/\" \/>\n<meta property=\"og:site_name\" content=\"Af\u00fbk Websjop\" \/>\n<meta property=\"article:modified_time\" content=\"2026-03-16T20:05:25+00:00\" \/>\n<meta property=\"og:image\" content=\"https:\/\/websjop.afuk.frl\/wp-content\/uploads\/2023\/06\/loslitte-yn-us-libben.jpg\" \/>\n\t<meta property=\"og:image:width\" content=\"1240\" \/>\n\t<meta property=\"og:image:height\" content=\"1748\" \/>\n\t<meta property=\"og:image:type\" content=\"image\/jpeg\" \/>\n<meta name=\"twitter:card\" content=\"summary_large_image\" \/>\n<meta name=\"twitter:label1\" content=\"Geschatte leestijd\" \/>\n\t<meta name=\"twitter:data1\" content=\"1 minuut\" \/>\n<script type=\"application\/ld+json\" class=\"yoast-schema-graph\">{\"@context\":\"https:\/\/schema.org\",\"@graph\":[{\"@type\":\"WebPage\",\"@id\":\"https:\/\/websjop.afuk.frl\/nl\/winkel\/kondoleansjekaart-loslitte-yn-us-libben\/\",\"url\":\"https:\/\/websjop.afuk.frl\/nl\/winkel\/kondoleansjekaart-loslitte-yn-us-libben\/\",\"name\":\"Kondole\u00e2nsjekaart: Loslitte yn \u00fas libben &#8211; Af\u00fbk Websjop\",\"isPartOf\":{\"@id\":\"https:\/\/websjop.afuk.frl\/nl\/#website\"},\"primaryImageOfPage\":{\"@id\":\"https:\/\/websjop.afuk.frl\/nl\/winkel\/kondoleansjekaart-loslitte-yn-us-libben\/#primaryimage\"},\"image\":{\"@id\":\"https:\/\/websjop.afuk.frl\/nl\/winkel\/kondoleansjekaart-loslitte-yn-us-libben\/#primaryimage\"},\"thumbnailUrl\":\"https:\/\/websjop.afuk.frl\/wp-content\/uploads\/2023\/06\/loslitte-yn-us-libben.jpg\",\"datePublished\":\"2023-06-17T09:28:01+00:00\",\"dateModified\":\"2026-03-16T20:05:25+00:00\",\"breadcrumb\":{\"@id\":\"https:\/\/websjop.afuk.frl\/nl\/winkel\/kondoleansjekaart-loslitte-yn-us-libben\/#breadcrumb\"},\"inLanguage\":\"nl-NL\",\"potentialAction\":[{\"@type\":\"ReadAction\",\"target\":[\"https:\/\/websjop.afuk.frl\/nl\/winkel\/kondoleansjekaart-loslitte-yn-us-libben\/\"]}]},{\"@type\":\"ImageObject\",\"inLanguage\":\"nl-NL\",\"@id\":\"https:\/\/websjop.afuk.frl\/nl\/winkel\/kondoleansjekaart-loslitte-yn-us-libben\/#primaryimage\",\"url\":\"https:\/\/websjop.afuk.frl\/wp-content\/uploads\/2023\/06\/loslitte-yn-us-libben.jpg\",\"contentUrl\":\"https:\/\/websjop.afuk.frl\/wp-content\/uploads\/2023\/06\/loslitte-yn-us-libben.jpg\",\"width\":1240,\"height\":1748},{\"@type\":\"BreadcrumbList\",\"@id\":\"https:\/\/websjop.afuk.frl\/nl\/winkel\/kondoleansjekaart-loslitte-yn-us-libben\/#breadcrumb\",\"itemListElement\":[{\"@type\":\"ListItem\",\"position\":1,\"name\":\"Home\",\"item\":\"https:\/\/websjop.afuk.frl\/nl\/\"},{\"@type\":\"ListItem\",\"position\":2,\"name\":\"Winkel\",\"item\":\"https:\/\/websjop.afuk.frl\/nl\/winkel\/\"},{\"@type\":\"ListItem\",\"position\":3,\"name\":\"Kondole\u00e2nsjekaart: Loslitte yn \u00fas libben\"}]},{\"@type\":\"WebSite\",\"@id\":\"https:\/\/websjop.afuk.frl\/nl\/#website\",\"url\":\"https:\/\/websjop.afuk.frl\/nl\/\",\"name\":\"Af\u00fbk Websjop\",\"description\":\"\",\"potentialAction\":[{\"@type\":\"SearchAction\",\"target\":{\"@type\":\"EntryPoint\",\"urlTemplate\":\"https:\/\/websjop.afuk.frl\/nl\/?s={search_term_string}\"},\"query-input\":{\"@type\":\"PropertyValueSpecification\",\"valueRequired\":true,\"valueName\":\"search_term_string\"}}],\"inLanguage\":\"nl-NL\"}]}<\/script>\n<!-- \/ Yoast SEO plugin. -->","yoast_head_json":{"title":"Kondole\u00e2nsjekaart: Loslitte yn \u00fas libben &#8211; Af\u00fbk Websjop","robots":{"index":"index","follow":"follow","max-snippet":"max-snippet:-1","max-image-preview":"max-image-preview:large","max-video-preview":"max-video-preview:-1"},"canonical":"https:\/\/websjop.afuk.frl\/nl\/winkel\/kondoleansjekaart-loslitte-yn-us-libben\/","og_locale":"nl_NL","og_type":"article","og_title":"Kondole\u00e2nsjekaart: Loslitte yn \u00fas libben &#8211; Af\u00fbk Websjop","og_description":"Friese condoleancekaart \/rouwkaart met Friese tekst: Loslitte yn \u00fas libben, f\u00easth\u00e2lde yn \u00fas hert. Bekijk hier alle Friese rouwkaarten.","og_url":"https:\/\/websjop.afuk.frl\/nl\/winkel\/kondoleansjekaart-loslitte-yn-us-libben\/","og_site_name":"Af\u00fbk Websjop","article_modified_time":"2026-03-16T20:05:25+00:00","og_image":[{"width":1240,"height":1748,"url":"https:\/\/websjop.afuk.frl\/wp-content\/uploads\/2023\/06\/loslitte-yn-us-libben.jpg","type":"image\/jpeg"}],"twitter_card":"summary_large_image","twitter_misc":{"Geschatte leestijd":"1 minuut"},"schema":{"@context":"https:\/\/schema.org","@graph":[{"@type":"WebPage","@id":"https:\/\/websjop.afuk.frl\/nl\/winkel\/kondoleansjekaart-loslitte-yn-us-libben\/","url":"https:\/\/websjop.afuk.frl\/nl\/winkel\/kondoleansjekaart-loslitte-yn-us-libben\/","name":"Kondole\u00e2nsjekaart: Loslitte yn \u00fas libben &#8211; Af\u00fbk Websjop","isPartOf":{"@id":"https:\/\/websjop.afuk.frl\/nl\/#website"},"primaryImageOfPage":{"@id":"https:\/\/websjop.afuk.frl\/nl\/winkel\/kondoleansjekaart-loslitte-yn-us-libben\/#primaryimage"},"image":{"@id":"https:\/\/websjop.afuk.frl\/nl\/winkel\/kondoleansjekaart-loslitte-yn-us-libben\/#primaryimage"},"thumbnailUrl":"https:\/\/websjop.afuk.frl\/wp-content\/uploads\/2023\/06\/loslitte-yn-us-libben.jpg","datePublished":"2023-06-17T09:28:01+00:00","dateModified":"2026-03-16T20:05:25+00:00","breadcrumb":{"@id":"https:\/\/websjop.afuk.frl\/nl\/winkel\/kondoleansjekaart-loslitte-yn-us-libben\/#breadcrumb"},"inLanguage":"nl-NL","potentialAction":[{"@type":"ReadAction","target":["https:\/\/websjop.afuk.frl\/nl\/winkel\/kondoleansjekaart-loslitte-yn-us-libben\/"]}]},{"@type":"ImageObject","inLanguage":"nl-NL","@id":"https:\/\/websjop.afuk.frl\/nl\/winkel\/kondoleansjekaart-loslitte-yn-us-libben\/#primaryimage","url":"https:\/\/websjop.afuk.frl\/wp-content\/uploads\/2023\/06\/loslitte-yn-us-libben.jpg","contentUrl":"https:\/\/websjop.afuk.frl\/wp-content\/uploads\/2023\/06\/loslitte-yn-us-libben.jpg","width":1240,"height":1748},{"@type":"BreadcrumbList","@id":"https:\/\/websjop.afuk.frl\/nl\/winkel\/kondoleansjekaart-loslitte-yn-us-libben\/#breadcrumb","itemListElement":[{"@type":"ListItem","position":1,"name":"Home","item":"https:\/\/websjop.afuk.frl\/nl\/"},{"@type":"ListItem","position":2,"name":"Winkel","item":"https:\/\/websjop.afuk.frl\/nl\/winkel\/"},{"@type":"ListItem","position":3,"name":"Kondole\u00e2nsjekaart: Loslitte yn \u00fas libben"}]},{"@type":"WebSite","@id":"https:\/\/websjop.afuk.frl\/nl\/#website","url":"https:\/\/websjop.afuk.frl\/nl\/","name":"Af\u00fbk Websjop","description":"","potentialAction":[{"@type":"SearchAction","target":{"@type":"EntryPoint","urlTemplate":"https:\/\/websjop.afuk.frl\/nl\/?s={search_term_string}"},"query-input":{"@type":"PropertyValueSpecification","valueRequired":true,"valueName":"search_term_string"}}],"inLanguage":"nl-NL"}]}},"_links":{"self":[{"href":"https:\/\/websjop.afuk.frl\/nl\/wp-json\/wp\/v2\/product\/14497","targetHints":{"allow":["GET"]}}],"collection":[{"href":"https:\/\/websjop.afuk.frl\/nl\/wp-json\/wp\/v2\/product"}],"about":[{"href":"https:\/\/websjop.afuk.frl\/nl\/wp-json\/wp\/v2\/types\/product"}],"replies":[{"embeddable":true,"href":"https:\/\/websjop.afuk.frl\/nl\/wp-json\/wp\/v2\/comments?post=14497"}],"wp:featuredmedia":[{"embeddable":true,"href":"https:\/\/websjop.afuk.frl\/nl\/wp-json\/wp\/v2\/media\/50240"}],"wp:attachment":[{"href":"https:\/\/websjop.afuk.frl\/nl\/wp-json\/wp\/v2\/media?parent=14497"}],"wp:term":[{"taxonomy":"product_brand","embeddable":true,"href":"https:\/\/websjop.afuk.frl\/nl\/wp-json\/wp\/v2\/product_brand?post=14497"},{"taxonomy":"product_cat","embeddable":true,"href":"https:\/\/websjop.afuk.frl\/nl\/wp-json\/wp\/v2\/product_cat?post=14497"},{"taxonomy":"product_tag","embeddable":true,"href":"https:\/\/websjop.afuk.frl\/nl\/wp-json\/wp\/v2\/product_tag?post=14497"}],"curies":[{"name":"wp","href":"https:\/\/api.w.org\/{rel}","templated":true}]}}