{"id":14129,"date":"2019-05-25T14:00:35","date_gmt":"2019-05-25T13:00:35","guid":{"rendered":"https:\/\/websjop.afuk.frl\/?post_type=product&#038;p=14129"},"modified":"2022-03-03T10:11:32","modified_gmt":"2022-03-03T09:11:32","slug":"in-balpinne-tsjin-e-rane-fan-it-trottwaar","status":"publish","type":"product","link":"https:\/\/websjop.afuk.frl\/nl\/winkel\/in-balpinne-tsjin-e-rane-fan-it-trottwaar\/","title":{"rendered":"In balpinne tsjin &#8216;e r\u00e2ne fan it trottwaar"},"content":{"rendered":"<p>Koartswyl, satire, grutte gedachten, lytse gedachten, de balpinne set Meindert Bylsma oan ta skriuwen. En dan kinne jo alles ferwachtsje. Fan mearkes oant gedichten fan neat. In bys\u00fbndere samling fan in orzjinele geast, dy&#8217;t al ferskate opfallende spoaren neilitten hat yn de Fryske literatuer.<\/p>\n<p>Meindert Bylsma (1941) waard berne yn Wergea. Hy folge in oplieding ta \u00fbnderwizer en joech in skoft les om utens. Pleage troch \u00fbnwennigens kaam er al gau wer yn Frysl\u00e2n (Kimswert) werom. Bylsma bleau oant syn pensjonearring learaar Nederl\u00e2nsk en nifeljen yn Harns. Hy is de skriuwer fan in grut oeuvre, sawol po\u00ebzij as proaza, mei in opfallende kombinaasje fan boartlikens en earnst.<\/p>\n","protected":false},"excerpt":{"rendered":"<p>Koartswyl, satire, grutte gedachten, lytse gedachten, de balpinne set Meindert Bylsma oan ta skriuwen. En dan kinne jo alles ferwachtsje. Fan mearkes oant gedichten fan neat. In bys\u00fbndere samling fan in orzjinele geast, dy&#8217;t al ferskate opfallende spoaren neilitten hat yn de Fryske literatuer. Meindert Bylsma (1941) waard berne yn Wergea. Hy folge in oplieding [&hellip;]<\/p>\n","protected":false},"featured_media":14132,"comment_status":"closed","ping_status":"closed","template":"","meta":{"_acf_changed":false},"product_brand":[],"product_cat":[538,1040,535,1215],"product_tag":[5155],"class_list":{"0":"post-14129","1":"product","2":"type-product","3":"status-publish","4":"has-post-thumbnail","6":"product_cat-dichtbondels","7":"product_cat-ferhalebondels","8":"product_cat-fryske-boeken","9":"product_cat-romans-en-literatuer","10":"product_tag-in-balpinne","11":"pa_auteur-meindert-bylsma-2","12":"pa_isbn-5128","13":"pa_taal-frysk","14":"pa_uitgever-elikser","16":"first","17":"instock","18":"taxable","19":"shipping-taxable","20":"purchasable","21":"product-type-simple"},"acf":[],"yoast_head":"<!-- This site is optimized with the Yoast SEO plugin v27.3 - https:\/\/yoast.com\/product\/yoast-seo-wordpress\/ -->\n<title>In balpinne tsjin &#039;e r\u00e2ne fan it trottwaar &#8211; Af\u00fbk Websjop<\/title>\n<meta name=\"robots\" content=\"index, follow, max-snippet:-1, max-image-preview:large, max-video-preview:-1\" \/>\n<link rel=\"canonical\" href=\"https:\/\/websjop.afuk.frl\/nl\/winkel\/in-balpinne-tsjin-e-rane-fan-it-trottwaar\/\" \/>\n<meta property=\"og:locale\" content=\"nl_NL\" \/>\n<meta property=\"og:type\" content=\"article\" \/>\n<meta property=\"og:title\" content=\"In balpinne tsjin &#039;e r\u00e2ne fan it trottwaar &#8211; Af\u00fbk Websjop\" \/>\n<meta property=\"og:description\" content=\"Koartswyl, satire, grutte gedachten, lytse gedachten, de balpinne set Meindert Bylsma oan ta skriuwen. En dan kinne jo alles ferwachtsje. Fan mearkes oant gedichten fan neat. In bys\u00fbndere samling fan in orzjinele geast, dy&#8217;t al ferskate opfallende spoaren neilitten hat yn de Fryske literatuer. Meindert Bylsma (1941) waard berne yn Wergea. Hy folge in oplieding [&hellip;]\" \/>\n<meta property=\"og:url\" content=\"https:\/\/websjop.afuk.frl\/nl\/winkel\/in-balpinne-tsjin-e-rane-fan-it-trottwaar\/\" \/>\n<meta property=\"og:site_name\" content=\"Af\u00fbk Websjop\" \/>\n<meta property=\"article:modified_time\" content=\"2022-03-03T09:11:32+00:00\" \/>\n<meta property=\"og:image\" content=\"https:\/\/websjop.afuk.frl\/wp-content\/uploads\/2019\/05\/001.jpg\" \/>\n\t<meta property=\"og:image:width\" content=\"563\" \/>\n\t<meta property=\"og:image:height\" content=\"821\" \/>\n\t<meta property=\"og:image:type\" content=\"image\/jpeg\" \/>\n<meta name=\"twitter:card\" content=\"summary_large_image\" \/>\n<meta name=\"twitter:label1\" content=\"Geschatte leestijd\" \/>\n\t<meta name=\"twitter:data1\" content=\"1 minuut\" \/>\n<script type=\"application\/ld+json\" class=\"yoast-schema-graph\">{\"@context\":\"https:\\\/\\\/schema.org\",\"@graph\":[{\"@type\":\"WebPage\",\"@id\":\"https:\\\/\\\/websjop.afuk.frl\\\/nl\\\/winkel\\\/in-balpinne-tsjin-e-rane-fan-it-trottwaar\\\/\",\"url\":\"https:\\\/\\\/websjop.afuk.frl\\\/nl\\\/winkel\\\/in-balpinne-tsjin-e-rane-fan-it-trottwaar\\\/\",\"name\":\"In balpinne tsjin 'e r\u00e2ne fan it trottwaar &#8211; Af\u00fbk Websjop\",\"isPartOf\":{\"@id\":\"https:\\\/\\\/websjop.afuk.frl\\\/nl\\\/#website\"},\"primaryImageOfPage\":{\"@id\":\"https:\\\/\\\/websjop.afuk.frl\\\/nl\\\/winkel\\\/in-balpinne-tsjin-e-rane-fan-it-trottwaar\\\/#primaryimage\"},\"image\":{\"@id\":\"https:\\\/\\\/websjop.afuk.frl\\\/nl\\\/winkel\\\/in-balpinne-tsjin-e-rane-fan-it-trottwaar\\\/#primaryimage\"},\"thumbnailUrl\":\"https:\\\/\\\/websjop.afuk.frl\\\/wp-content\\\/uploads\\\/2019\\\/05\\\/001.jpg\",\"datePublished\":\"2019-05-25T13:00:35+00:00\",\"dateModified\":\"2022-03-03T09:11:32+00:00\",\"breadcrumb\":{\"@id\":\"https:\\\/\\\/websjop.afuk.frl\\\/nl\\\/winkel\\\/in-balpinne-tsjin-e-rane-fan-it-trottwaar\\\/#breadcrumb\"},\"inLanguage\":\"nl-NL\",\"potentialAction\":[{\"@type\":\"ReadAction\",\"target\":[\"https:\\\/\\\/websjop.afuk.frl\\\/nl\\\/winkel\\\/in-balpinne-tsjin-e-rane-fan-it-trottwaar\\\/\"]}]},{\"@type\":\"ImageObject\",\"inLanguage\":\"nl-NL\",\"@id\":\"https:\\\/\\\/websjop.afuk.frl\\\/nl\\\/winkel\\\/in-balpinne-tsjin-e-rane-fan-it-trottwaar\\\/#primaryimage\",\"url\":\"https:\\\/\\\/websjop.afuk.frl\\\/wp-content\\\/uploads\\\/2019\\\/05\\\/001.jpg\",\"contentUrl\":\"https:\\\/\\\/websjop.afuk.frl\\\/wp-content\\\/uploads\\\/2019\\\/05\\\/001.jpg\",\"width\":563,\"height\":821,\"caption\":\"In balpinne, Frysk\"},{\"@type\":\"BreadcrumbList\",\"@id\":\"https:\\\/\\\/websjop.afuk.frl\\\/nl\\\/winkel\\\/in-balpinne-tsjin-e-rane-fan-it-trottwaar\\\/#breadcrumb\",\"itemListElement\":[{\"@type\":\"ListItem\",\"position\":1,\"name\":\"Home\",\"item\":\"https:\\\/\\\/websjop.afuk.frl\\\/nl\\\/\"},{\"@type\":\"ListItem\",\"position\":2,\"name\":\"Winkel\",\"item\":\"https:\\\/\\\/websjop.afuk.frl\\\/nl\\\/winkel\\\/\"},{\"@type\":\"ListItem\",\"position\":3,\"name\":\"In balpinne tsjin &#8216;e r\u00e2ne fan it trottwaar\"}]},{\"@type\":\"WebSite\",\"@id\":\"https:\\\/\\\/websjop.afuk.frl\\\/nl\\\/#website\",\"url\":\"https:\\\/\\\/websjop.afuk.frl\\\/nl\\\/\",\"name\":\"Af\u00fbk Websjop\",\"description\":\"\",\"potentialAction\":[{\"@type\":\"SearchAction\",\"target\":{\"@type\":\"EntryPoint\",\"urlTemplate\":\"https:\\\/\\\/websjop.afuk.frl\\\/nl\\\/?s={search_term_string}\"},\"query-input\":{\"@type\":\"PropertyValueSpecification\",\"valueRequired\":true,\"valueName\":\"search_term_string\"}}],\"inLanguage\":\"nl-NL\"}]}<\/script>\n<!-- \/ Yoast SEO plugin. -->","yoast_head_json":{"title":"In balpinne tsjin 'e r\u00e2ne fan it trottwaar &#8211; Af\u00fbk Websjop","robots":{"index":"index","follow":"follow","max-snippet":"max-snippet:-1","max-image-preview":"max-image-preview:large","max-video-preview":"max-video-preview:-1"},"canonical":"https:\/\/websjop.afuk.frl\/nl\/winkel\/in-balpinne-tsjin-e-rane-fan-it-trottwaar\/","og_locale":"nl_NL","og_type":"article","og_title":"In balpinne tsjin 'e r\u00e2ne fan it trottwaar &#8211; Af\u00fbk Websjop","og_description":"Koartswyl, satire, grutte gedachten, lytse gedachten, de balpinne set Meindert Bylsma oan ta skriuwen. En dan kinne jo alles ferwachtsje. Fan mearkes oant gedichten fan neat. In bys\u00fbndere samling fan in orzjinele geast, dy&#8217;t al ferskate opfallende spoaren neilitten hat yn de Fryske literatuer. Meindert Bylsma (1941) waard berne yn Wergea. Hy folge in oplieding [&hellip;]","og_url":"https:\/\/websjop.afuk.frl\/nl\/winkel\/in-balpinne-tsjin-e-rane-fan-it-trottwaar\/","og_site_name":"Af\u00fbk Websjop","article_modified_time":"2022-03-03T09:11:32+00:00","og_image":[{"width":563,"height":821,"url":"https:\/\/websjop.afuk.frl\/wp-content\/uploads\/2019\/05\/001.jpg","type":"image\/jpeg"}],"twitter_card":"summary_large_image","twitter_misc":{"Geschatte leestijd":"1 minuut"},"schema":{"@context":"https:\/\/schema.org","@graph":[{"@type":"WebPage","@id":"https:\/\/websjop.afuk.frl\/nl\/winkel\/in-balpinne-tsjin-e-rane-fan-it-trottwaar\/","url":"https:\/\/websjop.afuk.frl\/nl\/winkel\/in-balpinne-tsjin-e-rane-fan-it-trottwaar\/","name":"In balpinne tsjin 'e r\u00e2ne fan it trottwaar &#8211; Af\u00fbk Websjop","isPartOf":{"@id":"https:\/\/websjop.afuk.frl\/nl\/#website"},"primaryImageOfPage":{"@id":"https:\/\/websjop.afuk.frl\/nl\/winkel\/in-balpinne-tsjin-e-rane-fan-it-trottwaar\/#primaryimage"},"image":{"@id":"https:\/\/websjop.afuk.frl\/nl\/winkel\/in-balpinne-tsjin-e-rane-fan-it-trottwaar\/#primaryimage"},"thumbnailUrl":"https:\/\/websjop.afuk.frl\/wp-content\/uploads\/2019\/05\/001.jpg","datePublished":"2019-05-25T13:00:35+00:00","dateModified":"2022-03-03T09:11:32+00:00","breadcrumb":{"@id":"https:\/\/websjop.afuk.frl\/nl\/winkel\/in-balpinne-tsjin-e-rane-fan-it-trottwaar\/#breadcrumb"},"inLanguage":"nl-NL","potentialAction":[{"@type":"ReadAction","target":["https:\/\/websjop.afuk.frl\/nl\/winkel\/in-balpinne-tsjin-e-rane-fan-it-trottwaar\/"]}]},{"@type":"ImageObject","inLanguage":"nl-NL","@id":"https:\/\/websjop.afuk.frl\/nl\/winkel\/in-balpinne-tsjin-e-rane-fan-it-trottwaar\/#primaryimage","url":"https:\/\/websjop.afuk.frl\/wp-content\/uploads\/2019\/05\/001.jpg","contentUrl":"https:\/\/websjop.afuk.frl\/wp-content\/uploads\/2019\/05\/001.jpg","width":563,"height":821,"caption":"In balpinne, Frysk"},{"@type":"BreadcrumbList","@id":"https:\/\/websjop.afuk.frl\/nl\/winkel\/in-balpinne-tsjin-e-rane-fan-it-trottwaar\/#breadcrumb","itemListElement":[{"@type":"ListItem","position":1,"name":"Home","item":"https:\/\/websjop.afuk.frl\/nl\/"},{"@type":"ListItem","position":2,"name":"Winkel","item":"https:\/\/websjop.afuk.frl\/nl\/winkel\/"},{"@type":"ListItem","position":3,"name":"In balpinne tsjin &#8216;e r\u00e2ne fan it trottwaar"}]},{"@type":"WebSite","@id":"https:\/\/websjop.afuk.frl\/nl\/#website","url":"https:\/\/websjop.afuk.frl\/nl\/","name":"Af\u00fbk Websjop","description":"","potentialAction":[{"@type":"SearchAction","target":{"@type":"EntryPoint","urlTemplate":"https:\/\/websjop.afuk.frl\/nl\/?s={search_term_string}"},"query-input":{"@type":"PropertyValueSpecification","valueRequired":true,"valueName":"search_term_string"}}],"inLanguage":"nl-NL"}]}},"_links":{"self":[{"href":"https:\/\/websjop.afuk.frl\/nl\/wp-json\/wp\/v2\/product\/14129","targetHints":{"allow":["GET"]}}],"collection":[{"href":"https:\/\/websjop.afuk.frl\/nl\/wp-json\/wp\/v2\/product"}],"about":[{"href":"https:\/\/websjop.afuk.frl\/nl\/wp-json\/wp\/v2\/types\/product"}],"replies":[{"embeddable":true,"href":"https:\/\/websjop.afuk.frl\/nl\/wp-json\/wp\/v2\/comments?post=14129"}],"wp:featuredmedia":[{"embeddable":true,"href":"https:\/\/websjop.afuk.frl\/nl\/wp-json\/wp\/v2\/media\/14132"}],"wp:attachment":[{"href":"https:\/\/websjop.afuk.frl\/nl\/wp-json\/wp\/v2\/media?parent=14129"}],"wp:term":[{"taxonomy":"product_brand","embeddable":true,"href":"https:\/\/websjop.afuk.frl\/nl\/wp-json\/wp\/v2\/product_brand?post=14129"},{"taxonomy":"product_cat","embeddable":true,"href":"https:\/\/websjop.afuk.frl\/nl\/wp-json\/wp\/v2\/product_cat?post=14129"},{"taxonomy":"product_tag","embeddable":true,"href":"https:\/\/websjop.afuk.frl\/nl\/wp-json\/wp\/v2\/product_tag?post=14129"}],"curies":[{"name":"wp","href":"https:\/\/api.w.org\/{rel}","templated":true}]}}