{"id":13995,"date":"2019-03-13T13:41:29","date_gmt":"2019-03-13T12:41:29","guid":{"rendered":"https:\/\/websjop.afuk.frl\/?post_type=product&#038;p=13995"},"modified":"2026-05-08T16:46:56","modified_gmt":"2026-05-08T14:46:56","slug":"kaarten-jan-mankes-10-stiks","status":"publish","type":"product","link":"https:\/\/websjop.afuk.frl\/nl\/winkel\/kaarten-jan-mankes-10-stiks\/","title":{"rendered":"Kaarten Jan Mankes f\u00fbgels &#8211; 10 stiks"},"content":{"rendered":"<p>Pakje fan 10 f\u00fbgelkaarten mei sl\u00faf<\/p>\n<p>2&#215;5 motiven<\/p>\n","protected":false},"excerpt":{"rendered":"<p>Pakje fan 10 f\u00fbgelkaarten mei sl\u00faf 2&#215;5 motiven<\/p>\n","protected":false},"featured_media":18322,"comment_status":"closed","ping_status":"closed","template":"","meta":{"_acf_changed":false},"product_brand":[],"product_cat":[565,5065,18568],"product_tag":[],"class_list":{"0":"post-13995","1":"product","2":"type-product","3":"status-publish","4":"has-post-thumbnail","6":"product_cat-friese-producten","7":"product_cat-fryske-suvenirs","8":"product_cat-fugels-yn-fryslan","9":"product_shipping_class-brievenbus-verzending","10":"pa_isbn-5078","12":"first","13":"instock","14":"taxable","15":"shipping-taxable","16":"purchasable","17":"product-type-simple"},"acf":[],"yoast_head":"<!-- This site is optimized with the Yoast SEO plugin v27.5 - https:\/\/yoast.com\/product\/yoast-seo-wordpress\/ -->\n<title>Kaarten Jan Mankes f\u00fbgels - 10 stiks &#8211; Af\u00fbk Websjop<\/title>\n<meta name=\"robots\" content=\"index, follow, max-snippet:-1, max-image-preview:large, max-video-preview:-1\" \/>\n<link rel=\"canonical\" href=\"https:\/\/websjop.afuk.frl\/nl\/winkel\/kaarten-jan-mankes-10-stiks\/\" \/>\n<meta property=\"og:locale\" content=\"nl_NL\" \/>\n<meta property=\"og:type\" content=\"article\" \/>\n<meta property=\"og:title\" content=\"Kaarten Jan Mankes f\u00fbgels - 10 stiks &#8211; Af\u00fbk Websjop\" \/>\n<meta property=\"og:description\" content=\"Pakje fan 10 f\u00fbgelkaarten mei sl\u00faf 2&#215;5 motiven\" \/>\n<meta property=\"og:url\" content=\"https:\/\/websjop.afuk.frl\/nl\/winkel\/kaarten-jan-mankes-10-stiks\/\" \/>\n<meta property=\"og:site_name\" content=\"Af\u00fbk Websjop\" \/>\n<meta property=\"article:modified_time\" content=\"2026-05-08T14:46:56+00:00\" \/>\n<meta property=\"og:image\" content=\"https:\/\/websjop.afuk.frl\/wp-content\/uploads\/2019\/03\/F\u00fbgelkaarten-Jan-Mankes122.jpg\" \/>\n\t<meta property=\"og:image:width\" content=\"398\" \/>\n\t<meta property=\"og:image:height\" content=\"405\" \/>\n\t<meta property=\"og:image:type\" content=\"image\/jpeg\" \/>\n<meta name=\"twitter:card\" content=\"summary_large_image\" \/>\n<script type=\"application\/ld+json\" class=\"yoast-schema-graph\">{\"@context\":\"https:\\\/\\\/schema.org\",\"@graph\":[{\"@type\":\"WebPage\",\"@id\":\"https:\\\/\\\/websjop.afuk.frl\\\/nl\\\/winkel\\\/kaarten-jan-mankes-10-stiks\\\/\",\"url\":\"https:\\\/\\\/websjop.afuk.frl\\\/nl\\\/winkel\\\/kaarten-jan-mankes-10-stiks\\\/\",\"name\":\"Kaarten Jan Mankes f\u00fbgels - 10 stiks &#8211; Af\u00fbk Websjop\",\"isPartOf\":{\"@id\":\"https:\\\/\\\/websjop.afuk.frl\\\/nl\\\/#website\"},\"primaryImageOfPage\":{\"@id\":\"https:\\\/\\\/websjop.afuk.frl\\\/nl\\\/winkel\\\/kaarten-jan-mankes-10-stiks\\\/#primaryimage\"},\"image\":{\"@id\":\"https:\\\/\\\/websjop.afuk.frl\\\/nl\\\/winkel\\\/kaarten-jan-mankes-10-stiks\\\/#primaryimage\"},\"thumbnailUrl\":\"https:\\\/\\\/websjop.afuk.frl\\\/wp-content\\\/uploads\\\/2019\\\/03\\\/F\u00fbgelkaarten-Jan-Mankes122.jpg\",\"datePublished\":\"2019-03-13T12:41:29+00:00\",\"dateModified\":\"2026-05-08T14:46:56+00:00\",\"breadcrumb\":{\"@id\":\"https:\\\/\\\/websjop.afuk.frl\\\/nl\\\/winkel\\\/kaarten-jan-mankes-10-stiks\\\/#breadcrumb\"},\"inLanguage\":\"nl-NL\",\"potentialAction\":[{\"@type\":\"ReadAction\",\"target\":[\"https:\\\/\\\/websjop.afuk.frl\\\/nl\\\/winkel\\\/kaarten-jan-mankes-10-stiks\\\/\"]}]},{\"@type\":\"ImageObject\",\"inLanguage\":\"nl-NL\",\"@id\":\"https:\\\/\\\/websjop.afuk.frl\\\/nl\\\/winkel\\\/kaarten-jan-mankes-10-stiks\\\/#primaryimage\",\"url\":\"https:\\\/\\\/websjop.afuk.frl\\\/wp-content\\\/uploads\\\/2019\\\/03\\\/F\u00fbgelkaarten-Jan-Mankes122.jpg\",\"contentUrl\":\"https:\\\/\\\/websjop.afuk.frl\\\/wp-content\\\/uploads\\\/2019\\\/03\\\/F\u00fbgelkaarten-Jan-Mankes122.jpg\",\"width\":398,\"height\":405,\"caption\":\"F\u00fbgelkaarten Jan Mankes\"},{\"@type\":\"BreadcrumbList\",\"@id\":\"https:\\\/\\\/websjop.afuk.frl\\\/nl\\\/winkel\\\/kaarten-jan-mankes-10-stiks\\\/#breadcrumb\",\"itemListElement\":[{\"@type\":\"ListItem\",\"position\":1,\"name\":\"Home\",\"item\":\"https:\\\/\\\/websjop.afuk.frl\\\/nl\\\/\"},{\"@type\":\"ListItem\",\"position\":2,\"name\":\"Winkel\",\"item\":\"https:\\\/\\\/websjop.afuk.frl\\\/nl\\\/winkel\\\/\"},{\"@type\":\"ListItem\",\"position\":3,\"name\":\"Kaarten Jan Mankes f\u00fbgels &#8211; 10 stiks\"}]},{\"@type\":\"WebSite\",\"@id\":\"https:\\\/\\\/websjop.afuk.frl\\\/nl\\\/#website\",\"url\":\"https:\\\/\\\/websjop.afuk.frl\\\/nl\\\/\",\"name\":\"Af\u00fbk Websjop\",\"description\":\"\",\"potentialAction\":[{\"@type\":\"SearchAction\",\"target\":{\"@type\":\"EntryPoint\",\"urlTemplate\":\"https:\\\/\\\/websjop.afuk.frl\\\/nl\\\/?s={search_term_string}\"},\"query-input\":{\"@type\":\"PropertyValueSpecification\",\"valueRequired\":true,\"valueName\":\"search_term_string\"}}],\"inLanguage\":\"nl-NL\"}]}<\/script>\n<!-- \/ Yoast SEO plugin. -->","yoast_head_json":{"title":"Kaarten Jan Mankes f\u00fbgels - 10 stiks &#8211; Af\u00fbk Websjop","robots":{"index":"index","follow":"follow","max-snippet":"max-snippet:-1","max-image-preview":"max-image-preview:large","max-video-preview":"max-video-preview:-1"},"canonical":"https:\/\/websjop.afuk.frl\/nl\/winkel\/kaarten-jan-mankes-10-stiks\/","og_locale":"nl_NL","og_type":"article","og_title":"Kaarten Jan Mankes f\u00fbgels - 10 stiks &#8211; Af\u00fbk Websjop","og_description":"Pakje fan 10 f\u00fbgelkaarten mei sl\u00faf 2&#215;5 motiven","og_url":"https:\/\/websjop.afuk.frl\/nl\/winkel\/kaarten-jan-mankes-10-stiks\/","og_site_name":"Af\u00fbk Websjop","article_modified_time":"2026-05-08T14:46:56+00:00","og_image":[{"width":398,"height":405,"url":"https:\/\/websjop.afuk.frl\/wp-content\/uploads\/2019\/03\/F\u00fbgelkaarten-Jan-Mankes122.jpg","type":"image\/jpeg"}],"twitter_card":"summary_large_image","schema":{"@context":"https:\/\/schema.org","@graph":[{"@type":"WebPage","@id":"https:\/\/websjop.afuk.frl\/nl\/winkel\/kaarten-jan-mankes-10-stiks\/","url":"https:\/\/websjop.afuk.frl\/nl\/winkel\/kaarten-jan-mankes-10-stiks\/","name":"Kaarten Jan Mankes f\u00fbgels - 10 stiks &#8211; Af\u00fbk Websjop","isPartOf":{"@id":"https:\/\/websjop.afuk.frl\/nl\/#website"},"primaryImageOfPage":{"@id":"https:\/\/websjop.afuk.frl\/nl\/winkel\/kaarten-jan-mankes-10-stiks\/#primaryimage"},"image":{"@id":"https:\/\/websjop.afuk.frl\/nl\/winkel\/kaarten-jan-mankes-10-stiks\/#primaryimage"},"thumbnailUrl":"https:\/\/websjop.afuk.frl\/wp-content\/uploads\/2019\/03\/F\u00fbgelkaarten-Jan-Mankes122.jpg","datePublished":"2019-03-13T12:41:29+00:00","dateModified":"2026-05-08T14:46:56+00:00","breadcrumb":{"@id":"https:\/\/websjop.afuk.frl\/nl\/winkel\/kaarten-jan-mankes-10-stiks\/#breadcrumb"},"inLanguage":"nl-NL","potentialAction":[{"@type":"ReadAction","target":["https:\/\/websjop.afuk.frl\/nl\/winkel\/kaarten-jan-mankes-10-stiks\/"]}]},{"@type":"ImageObject","inLanguage":"nl-NL","@id":"https:\/\/websjop.afuk.frl\/nl\/winkel\/kaarten-jan-mankes-10-stiks\/#primaryimage","url":"https:\/\/websjop.afuk.frl\/wp-content\/uploads\/2019\/03\/F\u00fbgelkaarten-Jan-Mankes122.jpg","contentUrl":"https:\/\/websjop.afuk.frl\/wp-content\/uploads\/2019\/03\/F\u00fbgelkaarten-Jan-Mankes122.jpg","width":398,"height":405,"caption":"F\u00fbgelkaarten Jan Mankes"},{"@type":"BreadcrumbList","@id":"https:\/\/websjop.afuk.frl\/nl\/winkel\/kaarten-jan-mankes-10-stiks\/#breadcrumb","itemListElement":[{"@type":"ListItem","position":1,"name":"Home","item":"https:\/\/websjop.afuk.frl\/nl\/"},{"@type":"ListItem","position":2,"name":"Winkel","item":"https:\/\/websjop.afuk.frl\/nl\/winkel\/"},{"@type":"ListItem","position":3,"name":"Kaarten Jan Mankes f\u00fbgels &#8211; 10 stiks"}]},{"@type":"WebSite","@id":"https:\/\/websjop.afuk.frl\/nl\/#website","url":"https:\/\/websjop.afuk.frl\/nl\/","name":"Af\u00fbk Websjop","description":"","potentialAction":[{"@type":"SearchAction","target":{"@type":"EntryPoint","urlTemplate":"https:\/\/websjop.afuk.frl\/nl\/?s={search_term_string}"},"query-input":{"@type":"PropertyValueSpecification","valueRequired":true,"valueName":"search_term_string"}}],"inLanguage":"nl-NL"}]}},"_links":{"self":[{"href":"https:\/\/websjop.afuk.frl\/nl\/wp-json\/wp\/v2\/product\/13995","targetHints":{"allow":["GET"]}}],"collection":[{"href":"https:\/\/websjop.afuk.frl\/nl\/wp-json\/wp\/v2\/product"}],"about":[{"href":"https:\/\/websjop.afuk.frl\/nl\/wp-json\/wp\/v2\/types\/product"}],"replies":[{"embeddable":true,"href":"https:\/\/websjop.afuk.frl\/nl\/wp-json\/wp\/v2\/comments?post=13995"}],"wp:featuredmedia":[{"embeddable":true,"href":"https:\/\/websjop.afuk.frl\/nl\/wp-json\/wp\/v2\/media\/18322"}],"wp:attachment":[{"href":"https:\/\/websjop.afuk.frl\/nl\/wp-json\/wp\/v2\/media?parent=13995"}],"wp:term":[{"taxonomy":"product_brand","embeddable":true,"href":"https:\/\/websjop.afuk.frl\/nl\/wp-json\/wp\/v2\/product_brand?post=13995"},{"taxonomy":"product_cat","embeddable":true,"href":"https:\/\/websjop.afuk.frl\/nl\/wp-json\/wp\/v2\/product_cat?post=13995"},{"taxonomy":"product_tag","embeddable":true,"href":"https:\/\/websjop.afuk.frl\/nl\/wp-json\/wp\/v2\/product_tag?post=13995"}],"curies":[{"name":"wp","href":"https:\/\/api.w.org\/{rel}","templated":true}]}}