{"id":13381,"date":"2024-03-25T13:03:30","date_gmt":"2024-03-25T12:03:30","guid":{"rendered":"https:\/\/websjop.afuk.frl\/?post_type=product&#038;p=13381"},"modified":"2026-03-27T11:42:11","modified_gmt":"2026-03-27T10:42:11","slug":"tomke-massaazjekaartsjes","status":"publish","type":"product","link":"https:\/\/websjop.afuk.frl\/nl\/winkel\/tomke-massaazjekaartsjes\/","title":{"rendered":"Tomke massaazjekaartsjes"},"content":{"rendered":"<p>Dizze Tomke-massaazjekaartsjes kinst th\u00fas br\u00fbke, mar ek op skoalle, by de berneopfang en op pjutteboartersplakken.<br \/>\nMassearje is in hiele aardige manier om r\u00east, ferb\u00fbnens en feilichheid yn dyn groepen dyn gesin te kre\u00ebarjen.<br \/>\nBoppedat hat \u00fbndersyk \u00fatwiisd dat bern dy\u2019t leafdefol oanrekke wurde, better sliepe en leare, dat se har eigen grinzen en dy fan oaren better respektearje en har better bewust binne fan harren eigen liif.<\/p>\n<p><a href=\"http:\/\/www.tomke.nl\" target=\"_blank\" rel=\"noopener noreferrer\">www.tomke.frl<\/a><\/p>\n<p>De massaazjekaartsjes binne \u00fbntwikkele troch Corina de Boer-Vreeke. (<a href=\"https:\/\/www.touchingchildcare.nl\/\" target=\"_blank\" rel=\"noopener noreferrer\">www.ynferbyning.nl)<\/a><\/p>\n<p>&nbsp;<\/p>\n<p><em>Boartsje mei Tomke?<\/em><\/p>\n<p><em>Gean nei Tomke.nl of download de Tomke-App foar iOS of Android.<\/em><\/p>\n<hr \/>\n<p><em>Pieter Zuidema: &#8220;It binne koarte en maklik \u00fat te fieren massaazjes. De jongeren dy\u2019t in koarte massaazje fan my krigen ha, oan \u2019e h\u00e2n fan sa\u2019n Tomke-kaartsje, genietsje folop. \u2018Oeh dat kribelt\u2019, \u2018Dat fielt lekker\u2019, mar ek wille om wat se belibje en fiele. In koart momint op \u2019e dei, in momint fol genietsjen, mei oandacht foar eigen lichem en dus ek eigen wolw\u00eazen.&#8221; <a href=\"https:\/\/heitenmem.nl\/artikel\/20177\/te-gek-de-tomke-massaazjekaartsjes\/\" target=\"_blank\" rel=\"noopener noreferrer\">L\u00eas hjir de folsleine resinsje fan Pieter.<\/a><\/em><\/p>\n<p><em>Rozemarijn Strubbe: &#8220;Massaazjes binne neffens har \u201cin hiele aardige manier om r\u00east, ferb\u00fbnens en feilichheid yn dyn groep en gesin te kre\u00ebarjen.\u201d By \u00fas th\u00fas is dat wier it gefal. Us Benn is in gefoelich jonkje dat krekt nei de grutte skoalle giet. Dat makket in soad yndruk op him en dy emoasjes bliuwe yn syn liif sitten. Troch de massaazjes jout er him del en komt er \u00fat syn holle. Foar my as mem ek in hearlike wize om lichaamlik kontakt te hawwen mei myn soan.&#8221; <a href=\"https:\/\/heitenmem.nl\/artikel\/20181\/de-tomke-masaazjekaartsjes-in-grutte-hit\/\" target=\"_blank\" rel=\"noopener noreferrer\">L\u00eas hjir de folsleine resinsje fan Rozemarijn.<\/a><\/em><\/p>\n<p><em>Amanda Binnema: &#8220;Wy dogge it wol gauris foar it sliepen gean, de bern kieze dan in stik as trije kaartsjes \u00fat en sa massearje we elkoar, sittend yn in treintsje. In moaie \u00f4fsluter fan de dei en in moai momint om yn \u2019e r\u00east te kommen.&#8221; <a href=\"https:\/\/heitenmem.nl\/artikel\/20190\/de-tomke-massaazjekaartsjes-in-moai-momint-om-yn-e-rest-te-kommen\/\" target=\"_blank\" rel=\"noopener noreferrer\">L\u00eas hjir de folsleine resinsje fan Amanda.\u00a0<\/a><\/em><\/p>\n","protected":false},"excerpt":{"rendered":"<p>Dizze Tomke-massaazjekaartsjes kinst th\u00fas br\u00fbke, mar ek op skoalle, by de berneopfang en op pjutteboartersplakken. Massearje is in hiele aardige manier om r\u00east, ferb\u00fbnens en feilichheid yn dyn groepen dyn gesin te kre\u00ebarjen. Boppedat hat \u00fbndersyk \u00fatwiisd dat bern dy\u2019t leafdefol oanrekke wurde, better sliepe en leare, dat se har eigen grinzen en dy fan [&hellip;]<\/p>\n","protected":false},"featured_media":14084,"comment_status":"closed","ping_status":"closed","template":"","meta":{"_acf_changed":false},"product_brand":[],"product_cat":[574,21286,570,572,571],"product_tag":[17392,17390,17391,5245],"class_list":{"0":"post-13381","1":"product","2":"type-product","3":"status-publish","4":"has-post-thumbnail","6":"product_cat-oanbiedingen","7":"product_cat-skoechkadootsjes","8":"product_cat-tomke","9":"product_cat-boartersguod","10":"product_cat-tomkeboekjes","11":"product_tag-massaazjekaartsjes","12":"product_tag-massage","13":"product_tag-massagekaartjes","14":"product_tag-tomke","15":"product_shipping_class-brievenbus-verzending","17":"first","18":"instock","19":"sale","20":"taxable","21":"shipping-taxable","22":"purchasable","23":"product-type-simple"},"acf":[],"yoast_head":"<!-- This site is optimized with the Yoast SEO plugin v27.3 - https:\/\/yoast.com\/product\/yoast-seo-wordpress\/ -->\n<title>Tomke massaazjekaartsjes &#8211; Af\u00fbk Websjop<\/title>\n<meta name=\"description\" content=\"Hele fijne massagekaartjes voor kinderen in het Fries van Tomke. Lees de drie recensies en bekijk de foto&#039;s voor meer informatie.\" \/>\n<meta name=\"robots\" content=\"index, follow, max-snippet:-1, max-image-preview:large, max-video-preview:-1\" \/>\n<link rel=\"canonical\" href=\"https:\/\/websjop.afuk.frl\/nl\/winkel\/tomke-massaazjekaartsjes\/\" \/>\n<meta property=\"og:locale\" content=\"nl_NL\" \/>\n<meta property=\"og:type\" content=\"article\" \/>\n<meta property=\"og:title\" content=\"Tomke massaazjekaartsjes &#8211; Af\u00fbk Websjop\" \/>\n<meta property=\"og:description\" content=\"Hele fijne massagekaartjes voor kinderen in het Fries van Tomke. Lees de drie recensies en bekijk de foto&#039;s voor meer informatie.\" \/>\n<meta property=\"og:url\" content=\"https:\/\/websjop.afuk.frl\/nl\/winkel\/tomke-massaazjekaartsjes\/\" \/>\n<meta property=\"og:site_name\" content=\"Af\u00fbk Websjop\" \/>\n<meta property=\"article:modified_time\" content=\"2026-03-27T10:42:11+00:00\" \/>\n<meta property=\"og:image\" content=\"https:\/\/websjop.afuk.frl\/wp-content\/uploads\/2019\/03\/massaazjekaartsjes-510x515-1.jpg\" \/>\n\t<meta property=\"og:image:width\" content=\"510\" \/>\n\t<meta property=\"og:image:height\" content=\"515\" \/>\n\t<meta property=\"og:image:type\" content=\"image\/jpeg\" \/>\n<meta name=\"twitter:card\" content=\"summary_large_image\" \/>\n<meta name=\"twitter:label1\" content=\"Geschatte leestijd\" \/>\n\t<meta name=\"twitter:data1\" content=\"4 minuten\" \/>\n<script type=\"application\/ld+json\" class=\"yoast-schema-graph\">{\"@context\":\"https:\\\/\\\/schema.org\",\"@graph\":[{\"@type\":\"WebPage\",\"@id\":\"https:\\\/\\\/websjop.afuk.frl\\\/nl\\\/winkel\\\/tomke-massaazjekaartsjes\\\/\",\"url\":\"https:\\\/\\\/websjop.afuk.frl\\\/nl\\\/winkel\\\/tomke-massaazjekaartsjes\\\/\",\"name\":\"Tomke massaazjekaartsjes &#8211; Af\u00fbk Websjop\",\"isPartOf\":{\"@id\":\"https:\\\/\\\/websjop.afuk.frl\\\/nl\\\/#website\"},\"primaryImageOfPage\":{\"@id\":\"https:\\\/\\\/websjop.afuk.frl\\\/nl\\\/winkel\\\/tomke-massaazjekaartsjes\\\/#primaryimage\"},\"image\":{\"@id\":\"https:\\\/\\\/websjop.afuk.frl\\\/nl\\\/winkel\\\/tomke-massaazjekaartsjes\\\/#primaryimage\"},\"thumbnailUrl\":\"https:\\\/\\\/websjop.afuk.frl\\\/wp-content\\\/uploads\\\/2019\\\/03\\\/massaazjekaartsjes-510x515-1.jpg\",\"datePublished\":\"2024-03-25T12:03:30+00:00\",\"dateModified\":\"2026-03-27T10:42:11+00:00\",\"description\":\"Hele fijne massagekaartjes voor kinderen in het Fries van Tomke. Lees de drie recensies en bekijk de foto's voor meer informatie.\",\"breadcrumb\":{\"@id\":\"https:\\\/\\\/websjop.afuk.frl\\\/nl\\\/winkel\\\/tomke-massaazjekaartsjes\\\/#breadcrumb\"},\"inLanguage\":\"nl-NL\",\"potentialAction\":[{\"@type\":\"ReadAction\",\"target\":[\"https:\\\/\\\/websjop.afuk.frl\\\/nl\\\/winkel\\\/tomke-massaazjekaartsjes\\\/\"]}]},{\"@type\":\"ImageObject\",\"inLanguage\":\"nl-NL\",\"@id\":\"https:\\\/\\\/websjop.afuk.frl\\\/nl\\\/winkel\\\/tomke-massaazjekaartsjes\\\/#primaryimage\",\"url\":\"https:\\\/\\\/websjop.afuk.frl\\\/wp-content\\\/uploads\\\/2019\\\/03\\\/massaazjekaartsjes-510x515-1.jpg\",\"contentUrl\":\"https:\\\/\\\/websjop.afuk.frl\\\/wp-content\\\/uploads\\\/2019\\\/03\\\/massaazjekaartsjes-510x515-1.jpg\",\"width\":510,\"height\":515},{\"@type\":\"BreadcrumbList\",\"@id\":\"https:\\\/\\\/websjop.afuk.frl\\\/nl\\\/winkel\\\/tomke-massaazjekaartsjes\\\/#breadcrumb\",\"itemListElement\":[{\"@type\":\"ListItem\",\"position\":1,\"name\":\"Home\",\"item\":\"https:\\\/\\\/websjop.afuk.frl\\\/nl\\\/\"},{\"@type\":\"ListItem\",\"position\":2,\"name\":\"Winkel\",\"item\":\"https:\\\/\\\/websjop.afuk.frl\\\/nl\\\/winkel\\\/\"},{\"@type\":\"ListItem\",\"position\":3,\"name\":\"Tomke massaazjekaartsjes\"}]},{\"@type\":\"WebSite\",\"@id\":\"https:\\\/\\\/websjop.afuk.frl\\\/nl\\\/#website\",\"url\":\"https:\\\/\\\/websjop.afuk.frl\\\/nl\\\/\",\"name\":\"Af\u00fbk Websjop\",\"description\":\"\",\"potentialAction\":[{\"@type\":\"SearchAction\",\"target\":{\"@type\":\"EntryPoint\",\"urlTemplate\":\"https:\\\/\\\/websjop.afuk.frl\\\/nl\\\/?s={search_term_string}\"},\"query-input\":{\"@type\":\"PropertyValueSpecification\",\"valueRequired\":true,\"valueName\":\"search_term_string\"}}],\"inLanguage\":\"nl-NL\"}]}<\/script>\n<!-- \/ Yoast SEO plugin. -->","yoast_head_json":{"title":"Tomke massaazjekaartsjes &#8211; Af\u00fbk Websjop","description":"Hele fijne massagekaartjes voor kinderen in het Fries van Tomke. Lees de drie recensies en bekijk de foto's voor meer informatie.","robots":{"index":"index","follow":"follow","max-snippet":"max-snippet:-1","max-image-preview":"max-image-preview:large","max-video-preview":"max-video-preview:-1"},"canonical":"https:\/\/websjop.afuk.frl\/nl\/winkel\/tomke-massaazjekaartsjes\/","og_locale":"nl_NL","og_type":"article","og_title":"Tomke massaazjekaartsjes &#8211; Af\u00fbk Websjop","og_description":"Hele fijne massagekaartjes voor kinderen in het Fries van Tomke. Lees de drie recensies en bekijk de foto's voor meer informatie.","og_url":"https:\/\/websjop.afuk.frl\/nl\/winkel\/tomke-massaazjekaartsjes\/","og_site_name":"Af\u00fbk Websjop","article_modified_time":"2026-03-27T10:42:11+00:00","og_image":[{"width":510,"height":515,"url":"https:\/\/websjop.afuk.frl\/wp-content\/uploads\/2019\/03\/massaazjekaartsjes-510x515-1.jpg","type":"image\/jpeg"}],"twitter_card":"summary_large_image","twitter_misc":{"Geschatte leestijd":"4 minuten"},"schema":{"@context":"https:\/\/schema.org","@graph":[{"@type":"WebPage","@id":"https:\/\/websjop.afuk.frl\/nl\/winkel\/tomke-massaazjekaartsjes\/","url":"https:\/\/websjop.afuk.frl\/nl\/winkel\/tomke-massaazjekaartsjes\/","name":"Tomke massaazjekaartsjes &#8211; Af\u00fbk Websjop","isPartOf":{"@id":"https:\/\/websjop.afuk.frl\/nl\/#website"},"primaryImageOfPage":{"@id":"https:\/\/websjop.afuk.frl\/nl\/winkel\/tomke-massaazjekaartsjes\/#primaryimage"},"image":{"@id":"https:\/\/websjop.afuk.frl\/nl\/winkel\/tomke-massaazjekaartsjes\/#primaryimage"},"thumbnailUrl":"https:\/\/websjop.afuk.frl\/wp-content\/uploads\/2019\/03\/massaazjekaartsjes-510x515-1.jpg","datePublished":"2024-03-25T12:03:30+00:00","dateModified":"2026-03-27T10:42:11+00:00","description":"Hele fijne massagekaartjes voor kinderen in het Fries van Tomke. Lees de drie recensies en bekijk de foto's voor meer informatie.","breadcrumb":{"@id":"https:\/\/websjop.afuk.frl\/nl\/winkel\/tomke-massaazjekaartsjes\/#breadcrumb"},"inLanguage":"nl-NL","potentialAction":[{"@type":"ReadAction","target":["https:\/\/websjop.afuk.frl\/nl\/winkel\/tomke-massaazjekaartsjes\/"]}]},{"@type":"ImageObject","inLanguage":"nl-NL","@id":"https:\/\/websjop.afuk.frl\/nl\/winkel\/tomke-massaazjekaartsjes\/#primaryimage","url":"https:\/\/websjop.afuk.frl\/wp-content\/uploads\/2019\/03\/massaazjekaartsjes-510x515-1.jpg","contentUrl":"https:\/\/websjop.afuk.frl\/wp-content\/uploads\/2019\/03\/massaazjekaartsjes-510x515-1.jpg","width":510,"height":515},{"@type":"BreadcrumbList","@id":"https:\/\/websjop.afuk.frl\/nl\/winkel\/tomke-massaazjekaartsjes\/#breadcrumb","itemListElement":[{"@type":"ListItem","position":1,"name":"Home","item":"https:\/\/websjop.afuk.frl\/nl\/"},{"@type":"ListItem","position":2,"name":"Winkel","item":"https:\/\/websjop.afuk.frl\/nl\/winkel\/"},{"@type":"ListItem","position":3,"name":"Tomke massaazjekaartsjes"}]},{"@type":"WebSite","@id":"https:\/\/websjop.afuk.frl\/nl\/#website","url":"https:\/\/websjop.afuk.frl\/nl\/","name":"Af\u00fbk Websjop","description":"","potentialAction":[{"@type":"SearchAction","target":{"@type":"EntryPoint","urlTemplate":"https:\/\/websjop.afuk.frl\/nl\/?s={search_term_string}"},"query-input":{"@type":"PropertyValueSpecification","valueRequired":true,"valueName":"search_term_string"}}],"inLanguage":"nl-NL"}]}},"_links":{"self":[{"href":"https:\/\/websjop.afuk.frl\/nl\/wp-json\/wp\/v2\/product\/13381","targetHints":{"allow":["GET"]}}],"collection":[{"href":"https:\/\/websjop.afuk.frl\/nl\/wp-json\/wp\/v2\/product"}],"about":[{"href":"https:\/\/websjop.afuk.frl\/nl\/wp-json\/wp\/v2\/types\/product"}],"replies":[{"embeddable":true,"href":"https:\/\/websjop.afuk.frl\/nl\/wp-json\/wp\/v2\/comments?post=13381"}],"wp:featuredmedia":[{"embeddable":true,"href":"https:\/\/websjop.afuk.frl\/nl\/wp-json\/wp\/v2\/media\/14084"}],"wp:attachment":[{"href":"https:\/\/websjop.afuk.frl\/nl\/wp-json\/wp\/v2\/media?parent=13381"}],"wp:term":[{"taxonomy":"product_brand","embeddable":true,"href":"https:\/\/websjop.afuk.frl\/nl\/wp-json\/wp\/v2\/product_brand?post=13381"},{"taxonomy":"product_cat","embeddable":true,"href":"https:\/\/websjop.afuk.frl\/nl\/wp-json\/wp\/v2\/product_cat?post=13381"},{"taxonomy":"product_tag","embeddable":true,"href":"https:\/\/websjop.afuk.frl\/nl\/wp-json\/wp\/v2\/product_tag?post=13381"}],"curies":[{"name":"wp","href":"https:\/\/api.w.org\/{rel}","templated":true}]}}