{"id":12767,"date":"2019-01-14T14:44:07","date_gmt":"2019-01-14T13:44:07","guid":{"rendered":"https:\/\/websjop.afuk.frl\/?post_type=product&#038;p=12767"},"modified":"2022-03-03T10:32:25","modified_gmt":"2022-03-03T09:32:25","slug":"frozen-moonlight-yn-myn-hannen","status":"publish","type":"product","link":"https:\/\/websjop.afuk.frl\/nl\/winkel\/frozen-moonlight-yn-myn-hannen\/","title":{"rendered":"Frozen moonlight yn myn hannen"},"content":{"rendered":"<p><em>Dit rijk ge\u00efllustreerde boek bevat werk van de laatste vijf jaar, hoofdzakelijk in het Fries, maar ook in het Nederlands en in het Engels: recensies, literatuurkritieken, polemieken, beschouwingen. Het geeft een goed beeld van de verschillende genres die Josse de Haan gebruikt en laat zien wat hij met literatuur kan doen.<\/em><\/p>\n<p>Yn in ynterview haw ik ris sein dat it meitsjen fan in keunstwurk &#8211; in roman yn myn gefal &#8211; foar my de legitimaasje foarmet fan myn bestean. Mei oare wurden, ik \u00fbntlien myn identiteit foar in part oan myn liter\u00eare libben. Myn fundamintele wissichheid oer myn eigen plak en rol yn de wr\u00e2ld \u2013 myn persoanlikheid sis mar \u2013 hat te krijen mei myn profesje as skriuwer.<br \/>\nDe persoanlikheid fan in minske hat ek altiten te krijen mei it ferline, mei dielen fan \u00e2lde foarmen dy\u2019t noch tige weardefol binne, en foar in part bepale wat immen docht en tinkt, hoe\u2019t er praat en eventueel skriuwt.<br \/>\nYn dat geheel is de memmetaal fan eminint belang \u2013 de taal dy\u2019t de wr\u00e2ld iepentearde, d\u00ear\u2019t de wr\u00e2ld yn \u00fbntdutsen waard. De memmetaal foarmet in wichtich diel fan de identiteit, fan de persoanlikheid \u2013 in ynstrumint d\u00ear\u2019t gefoel en wr\u00e2ld mei beneamd wurde kinne. Ast gjin memmetaal hast \u2013 itselde jildt foar lju s\u00fbnder mem, heit of beide \u2013 misto in w\u00eazentlik part fan dyn bestean.<\/p>\n","protected":false},"excerpt":{"rendered":"<p>Dit rijk ge\u00efllustreerde boek bevat werk van de laatste vijf jaar, hoofdzakelijk in het Fries, maar ook in het Nederlands en in het Engels: recensies, literatuurkritieken, polemieken, beschouwingen. Het geeft een goed beeld van de verschillende genres die Josse de Haan gebruikt en laat zien wat hij met literatuur kan doen. Yn in ynterview haw [&hellip;]<\/p>\n","protected":false},"featured_media":12771,"comment_status":"closed","ping_status":"closed","template":"","meta":{"_acf_changed":false},"product_brand":[],"product_cat":[1061,535],"product_tag":[5387,8766],"class_list":{"0":"post-12767","1":"product","2":"type-product","3":"status-publish","4":"has-post-thumbnail","6":"product_cat-essays","7":"product_cat-fryske-boeken","8":"product_tag-frozen-moonlight-yn-myn-hannen","9":"product_tag-josse-de-haan","10":"pa_auteur-josse-de-haan-2","11":"pa_isbn-3132","12":"pa_taal-engels","13":"pa_taal-frysk","14":"pa_taal-nederlands","15":"pa_uitgever-elikser","17":"first","18":"instock","19":"taxable","20":"shipping-taxable","21":"purchasable","22":"product-type-simple"},"acf":[],"yoast_head":"<!-- This site is optimized with the Yoast SEO plugin v27.2 - https:\/\/yoast.com\/product\/yoast-seo-wordpress\/ -->\n<title>Frozen moonlight yn myn hannen &#8211; Af\u00fbk Websjop<\/title>\n<meta name=\"robots\" content=\"index, follow, max-snippet:-1, max-image-preview:large, max-video-preview:-1\" \/>\n<link rel=\"canonical\" href=\"https:\/\/websjop.afuk.frl\/nl\/winkel\/frozen-moonlight-yn-myn-hannen\/\" \/>\n<meta property=\"og:locale\" content=\"nl_NL\" \/>\n<meta property=\"og:type\" content=\"article\" \/>\n<meta property=\"og:title\" content=\"Frozen moonlight yn myn hannen &#8211; Af\u00fbk Websjop\" \/>\n<meta property=\"og:description\" content=\"Dit rijk ge\u00efllustreerde boek bevat werk van de laatste vijf jaar, hoofdzakelijk in het Fries, maar ook in het Nederlands en in het Engels: recensies, literatuurkritieken, polemieken, beschouwingen. Het geeft een goed beeld van de verschillende genres die Josse de Haan gebruikt en laat zien wat hij met literatuur kan doen. Yn in ynterview haw [&hellip;]\" \/>\n<meta property=\"og:url\" content=\"https:\/\/websjop.afuk.frl\/nl\/winkel\/frozen-moonlight-yn-myn-hannen\/\" \/>\n<meta property=\"og:site_name\" content=\"Af\u00fbk Websjop\" \/>\n<meta property=\"article:modified_time\" content=\"2022-03-03T09:32:25+00:00\" \/>\n<meta property=\"og:image\" content=\"https:\/\/websjop.afuk.frl\/wp-content\/uploads\/2019\/02\/Frozen-moonlight-yn-myn-hannen.jpg\" \/>\n\t<meta property=\"og:image:width\" content=\"552\" \/>\n\t<meta property=\"og:image:height\" content=\"799\" \/>\n\t<meta property=\"og:image:type\" content=\"image\/jpeg\" \/>\n<meta name=\"twitter:card\" content=\"summary_large_image\" \/>\n<meta name=\"twitter:label1\" content=\"Geschatte leestijd\" \/>\n\t<meta name=\"twitter:data1\" content=\"1 minuut\" \/>\n<script type=\"application\/ld+json\" class=\"yoast-schema-graph\">{\"@context\":\"https:\/\/schema.org\",\"@graph\":[{\"@type\":\"WebPage\",\"@id\":\"https:\/\/websjop.afuk.frl\/nl\/winkel\/frozen-moonlight-yn-myn-hannen\/\",\"url\":\"https:\/\/websjop.afuk.frl\/nl\/winkel\/frozen-moonlight-yn-myn-hannen\/\",\"name\":\"Frozen moonlight yn myn hannen &#8211; Af\u00fbk Websjop\",\"isPartOf\":{\"@id\":\"https:\/\/websjop.afuk.frl\/nl\/#website\"},\"primaryImageOfPage\":{\"@id\":\"https:\/\/websjop.afuk.frl\/nl\/winkel\/frozen-moonlight-yn-myn-hannen\/#primaryimage\"},\"image\":{\"@id\":\"https:\/\/websjop.afuk.frl\/nl\/winkel\/frozen-moonlight-yn-myn-hannen\/#primaryimage\"},\"thumbnailUrl\":\"https:\/\/websjop.afuk.frl\/wp-content\/uploads\/2019\/02\/Frozen-moonlight-yn-myn-hannen.jpg\",\"datePublished\":\"2019-01-14T13:44:07+00:00\",\"dateModified\":\"2022-03-03T09:32:25+00:00\",\"breadcrumb\":{\"@id\":\"https:\/\/websjop.afuk.frl\/nl\/winkel\/frozen-moonlight-yn-myn-hannen\/#breadcrumb\"},\"inLanguage\":\"nl-NL\",\"potentialAction\":[{\"@type\":\"ReadAction\",\"target\":[\"https:\/\/websjop.afuk.frl\/nl\/winkel\/frozen-moonlight-yn-myn-hannen\/\"]}]},{\"@type\":\"ImageObject\",\"inLanguage\":\"nl-NL\",\"@id\":\"https:\/\/websjop.afuk.frl\/nl\/winkel\/frozen-moonlight-yn-myn-hannen\/#primaryimage\",\"url\":\"https:\/\/websjop.afuk.frl\/wp-content\/uploads\/2019\/02\/Frozen-moonlight-yn-myn-hannen.jpg\",\"contentUrl\":\"https:\/\/websjop.afuk.frl\/wp-content\/uploads\/2019\/02\/Frozen-moonlight-yn-myn-hannen.jpg\",\"width\":552,\"height\":799,\"caption\":\"Frozen moonlight yn myn hannen\"},{\"@type\":\"BreadcrumbList\",\"@id\":\"https:\/\/websjop.afuk.frl\/nl\/winkel\/frozen-moonlight-yn-myn-hannen\/#breadcrumb\",\"itemListElement\":[{\"@type\":\"ListItem\",\"position\":1,\"name\":\"Home\",\"item\":\"https:\/\/websjop.afuk.frl\/nl\/\"},{\"@type\":\"ListItem\",\"position\":2,\"name\":\"Winkel\",\"item\":\"https:\/\/websjop.afuk.frl\/nl\/winkel\/\"},{\"@type\":\"ListItem\",\"position\":3,\"name\":\"Frozen moonlight yn myn hannen\"}]},{\"@type\":\"WebSite\",\"@id\":\"https:\/\/websjop.afuk.frl\/nl\/#website\",\"url\":\"https:\/\/websjop.afuk.frl\/nl\/\",\"name\":\"Af\u00fbk Websjop\",\"description\":\"\",\"potentialAction\":[{\"@type\":\"SearchAction\",\"target\":{\"@type\":\"EntryPoint\",\"urlTemplate\":\"https:\/\/websjop.afuk.frl\/nl\/?s={search_term_string}\"},\"query-input\":{\"@type\":\"PropertyValueSpecification\",\"valueRequired\":true,\"valueName\":\"search_term_string\"}}],\"inLanguage\":\"nl-NL\"}]}<\/script>\n<!-- \/ Yoast SEO plugin. -->","yoast_head_json":{"title":"Frozen moonlight yn myn hannen &#8211; Af\u00fbk Websjop","robots":{"index":"index","follow":"follow","max-snippet":"max-snippet:-1","max-image-preview":"max-image-preview:large","max-video-preview":"max-video-preview:-1"},"canonical":"https:\/\/websjop.afuk.frl\/nl\/winkel\/frozen-moonlight-yn-myn-hannen\/","og_locale":"nl_NL","og_type":"article","og_title":"Frozen moonlight yn myn hannen &#8211; Af\u00fbk Websjop","og_description":"Dit rijk ge\u00efllustreerde boek bevat werk van de laatste vijf jaar, hoofdzakelijk in het Fries, maar ook in het Nederlands en in het Engels: recensies, literatuurkritieken, polemieken, beschouwingen. Het geeft een goed beeld van de verschillende genres die Josse de Haan gebruikt en laat zien wat hij met literatuur kan doen. Yn in ynterview haw [&hellip;]","og_url":"https:\/\/websjop.afuk.frl\/nl\/winkel\/frozen-moonlight-yn-myn-hannen\/","og_site_name":"Af\u00fbk Websjop","article_modified_time":"2022-03-03T09:32:25+00:00","og_image":[{"width":552,"height":799,"url":"https:\/\/websjop.afuk.frl\/wp-content\/uploads\/2019\/02\/Frozen-moonlight-yn-myn-hannen.jpg","type":"image\/jpeg"}],"twitter_card":"summary_large_image","twitter_misc":{"Geschatte leestijd":"1 minuut"},"schema":{"@context":"https:\/\/schema.org","@graph":[{"@type":"WebPage","@id":"https:\/\/websjop.afuk.frl\/nl\/winkel\/frozen-moonlight-yn-myn-hannen\/","url":"https:\/\/websjop.afuk.frl\/nl\/winkel\/frozen-moonlight-yn-myn-hannen\/","name":"Frozen moonlight yn myn hannen &#8211; Af\u00fbk Websjop","isPartOf":{"@id":"https:\/\/websjop.afuk.frl\/nl\/#website"},"primaryImageOfPage":{"@id":"https:\/\/websjop.afuk.frl\/nl\/winkel\/frozen-moonlight-yn-myn-hannen\/#primaryimage"},"image":{"@id":"https:\/\/websjop.afuk.frl\/nl\/winkel\/frozen-moonlight-yn-myn-hannen\/#primaryimage"},"thumbnailUrl":"https:\/\/websjop.afuk.frl\/wp-content\/uploads\/2019\/02\/Frozen-moonlight-yn-myn-hannen.jpg","datePublished":"2019-01-14T13:44:07+00:00","dateModified":"2022-03-03T09:32:25+00:00","breadcrumb":{"@id":"https:\/\/websjop.afuk.frl\/nl\/winkel\/frozen-moonlight-yn-myn-hannen\/#breadcrumb"},"inLanguage":"nl-NL","potentialAction":[{"@type":"ReadAction","target":["https:\/\/websjop.afuk.frl\/nl\/winkel\/frozen-moonlight-yn-myn-hannen\/"]}]},{"@type":"ImageObject","inLanguage":"nl-NL","@id":"https:\/\/websjop.afuk.frl\/nl\/winkel\/frozen-moonlight-yn-myn-hannen\/#primaryimage","url":"https:\/\/websjop.afuk.frl\/wp-content\/uploads\/2019\/02\/Frozen-moonlight-yn-myn-hannen.jpg","contentUrl":"https:\/\/websjop.afuk.frl\/wp-content\/uploads\/2019\/02\/Frozen-moonlight-yn-myn-hannen.jpg","width":552,"height":799,"caption":"Frozen moonlight yn myn hannen"},{"@type":"BreadcrumbList","@id":"https:\/\/websjop.afuk.frl\/nl\/winkel\/frozen-moonlight-yn-myn-hannen\/#breadcrumb","itemListElement":[{"@type":"ListItem","position":1,"name":"Home","item":"https:\/\/websjop.afuk.frl\/nl\/"},{"@type":"ListItem","position":2,"name":"Winkel","item":"https:\/\/websjop.afuk.frl\/nl\/winkel\/"},{"@type":"ListItem","position":3,"name":"Frozen moonlight yn myn hannen"}]},{"@type":"WebSite","@id":"https:\/\/websjop.afuk.frl\/nl\/#website","url":"https:\/\/websjop.afuk.frl\/nl\/","name":"Af\u00fbk Websjop","description":"","potentialAction":[{"@type":"SearchAction","target":{"@type":"EntryPoint","urlTemplate":"https:\/\/websjop.afuk.frl\/nl\/?s={search_term_string}"},"query-input":{"@type":"PropertyValueSpecification","valueRequired":true,"valueName":"search_term_string"}}],"inLanguage":"nl-NL"}]}},"_links":{"self":[{"href":"https:\/\/websjop.afuk.frl\/nl\/wp-json\/wp\/v2\/product\/12767","targetHints":{"allow":["GET"]}}],"collection":[{"href":"https:\/\/websjop.afuk.frl\/nl\/wp-json\/wp\/v2\/product"}],"about":[{"href":"https:\/\/websjop.afuk.frl\/nl\/wp-json\/wp\/v2\/types\/product"}],"replies":[{"embeddable":true,"href":"https:\/\/websjop.afuk.frl\/nl\/wp-json\/wp\/v2\/comments?post=12767"}],"wp:featuredmedia":[{"embeddable":true,"href":"https:\/\/websjop.afuk.frl\/nl\/wp-json\/wp\/v2\/media\/12771"}],"wp:attachment":[{"href":"https:\/\/websjop.afuk.frl\/nl\/wp-json\/wp\/v2\/media?parent=12767"}],"wp:term":[{"taxonomy":"product_brand","embeddable":true,"href":"https:\/\/websjop.afuk.frl\/nl\/wp-json\/wp\/v2\/product_brand?post=12767"},{"taxonomy":"product_cat","embeddable":true,"href":"https:\/\/websjop.afuk.frl\/nl\/wp-json\/wp\/v2\/product_cat?post=12767"},{"taxonomy":"product_tag","embeddable":true,"href":"https:\/\/websjop.afuk.frl\/nl\/wp-json\/wp\/v2\/product_tag?post=12767"}],"curies":[{"name":"wp","href":"https:\/\/api.w.org\/{rel}","templated":true}]}}