{"id":12186,"date":"2018-11-29T11:39:20","date_gmt":"2018-11-29T10:39:20","guid":{"rendered":"https:\/\/websjop.afuk.frl\/?post_type=product&#038;p=12186"},"modified":"2020-02-19T09:39:29","modified_gmt":"2020-02-19T08:39:29","slug":"op-us-eigen-wize-san-ferhalen-ut-it-boek-hannelingen-oer-taal-en-kultuer","status":"publish","type":"product","link":"https:\/\/websjop.afuk.frl\/nl\/winkel\/op-us-eigen-wize-san-ferhalen-ut-it-boek-hannelingen-oer-taal-en-kultuer\/","title":{"rendered":"Op \u00fas eigen wize &#8211; S\u00e2n ferhalen \u00fat it boek Hannelingen oer taal en kultuer"},"content":{"rendered":"<p>Minderheidstalen en -kulturen moeten het vaak afleggen tegen de overheersing van dominante kulturen. Bij de verspreiding van het Christendom was meestal geen aandacht voor kleine talen, kulturen en volkeren, vooral niet tijdens in de periode van het Westerse kolonialisme. In de laatste 50 jaar hebben Afrikaanse Christenen heftig geprotesteerd tegen de antropologische armoede die\u00a0dit kolonialisme\u00a0hen heeft opgeleverd. Zij ontdekten in het Bijbelboek Handelingen van de Apostels een geheel andere missionaire houding. Door de analyse van zeven verhalen probeert Hinne Wagenaar\u00a0genoemde missionaire houding verder op het spoor te komen. Zo komt hij tot een theologische basis voor kerk en spiritualiteit op een eigen manier. Niet alleen voor Afrikaanse theologie, maar net zo goed om de contouren te geven van een Friese theologie.<\/p>\n<p>Ds. Hinne Wagenaar (Nijemardum, 1962) heeft gestudeerd in Groningen en New York. Hij was dominee voor buitenlandse studenten in Nederland (1990-1997), docent systematische theologie in Kumba, Kameroen (1998-2002), docent missiologie in Groningen (2002-2005) en dominee van de Protestantse Gemeente te Wurdum en omgeving (2002-2012). Sinds 2012 is\u00a0hij als pionier-predikant verbonden aan de pioniersplek Nijkleaster en de gemeente Westerwert te Jorwerd.<\/p>\n","protected":false},"excerpt":{"rendered":"<p>Minderheidstalen en -kulturen moeten het vaak afleggen tegen de overheersing van dominante kulturen. Bij de verspreiding van het Christendom was meestal geen aandacht voor kleine talen, kulturen en volkeren, vooral niet tijdens in de periode van het Westerse kolonialisme. In de laatste 50 jaar hebben Afrikaanse Christenen heftig geprotesteerd tegen de antropologische armoede die\u00a0dit kolonialisme\u00a0hen [&hellip;]<\/p>\n","protected":false},"featured_media":12187,"comment_status":"closed","ping_status":"closed","template":"","meta":{"_acf_changed":false},"product_brand":[],"product_cat":[535,544,540],"product_tag":[5325,5461,5462],"class_list":{"0":"post-12186","1":"product","2":"type-product","3":"status-publish","4":"has-post-thumbnail","6":"product_cat-fryske-boeken","7":"product_cat-keunst-en-kultuer","8":"product_cat-religy","9":"product_tag-ferhalen","10":"product_tag-op-us-eigen-wize","11":"product_tag-taal-en-kultuer","12":"product_shipping_class-pakketpost-verzending","13":"pa_auteur-hinne-wagenaar","14":"pa_isbn-3117","15":"pa_taal-frysk","16":"pa_uitgever-bornmeer","18":"first","19":"instock","20":"taxable","21":"shipping-taxable","22":"purchasable","23":"product-type-simple"},"acf":[],"yoast_head":"<!-- This site is optimized with the Yoast SEO plugin v27.3 - https:\/\/yoast.com\/product\/yoast-seo-wordpress\/ -->\n<title>Op \u00fas eigen wize - S\u00e2n ferhalen \u00fat it boek Hannelingen oer taal en kultuer &#8211; Af\u00fbk Websjop<\/title>\n<meta name=\"robots\" content=\"index, follow, max-snippet:-1, max-image-preview:large, max-video-preview:-1\" \/>\n<link rel=\"canonical\" href=\"https:\/\/websjop.afuk.frl\/nl\/winkel\/op-us-eigen-wize-san-ferhalen-ut-it-boek-hannelingen-oer-taal-en-kultuer\/\" \/>\n<meta property=\"og:locale\" content=\"nl_NL\" \/>\n<meta property=\"og:type\" content=\"article\" \/>\n<meta property=\"og:title\" content=\"Op \u00fas eigen wize - S\u00e2n ferhalen \u00fat it boek Hannelingen oer taal en kultuer &#8211; Af\u00fbk Websjop\" \/>\n<meta property=\"og:description\" content=\"Minderheidstalen en -kulturen moeten het vaak afleggen tegen de overheersing van dominante kulturen. Bij de verspreiding van het Christendom was meestal geen aandacht voor kleine talen, kulturen en volkeren, vooral niet tijdens in de periode van het Westerse kolonialisme. In de laatste 50 jaar hebben Afrikaanse Christenen heftig geprotesteerd tegen de antropologische armoede die\u00a0dit kolonialisme\u00a0hen [&hellip;]\" \/>\n<meta property=\"og:url\" content=\"https:\/\/websjop.afuk.frl\/nl\/winkel\/op-us-eigen-wize-san-ferhalen-ut-it-boek-hannelingen-oer-taal-en-kultuer\/\" \/>\n<meta property=\"og:site_name\" content=\"Af\u00fbk Websjop\" \/>\n<meta property=\"article:modified_time\" content=\"2020-02-19T08:39:29+00:00\" \/>\n<meta property=\"og:image\" content=\"https:\/\/websjop.afuk.frl\/wp-content\/uploads\/2019\/01\/eigen-wize.jpg\" \/>\n\t<meta property=\"og:image:width\" content=\"323\" \/>\n\t<meta property=\"og:image:height\" content=\"448\" \/>\n\t<meta property=\"og:image:type\" content=\"image\/jpeg\" \/>\n<meta name=\"twitter:card\" content=\"summary_large_image\" \/>\n<meta name=\"twitter:label1\" content=\"Geschatte leestijd\" \/>\n\t<meta name=\"twitter:data1\" content=\"1 minuut\" \/>\n<script type=\"application\/ld+json\" class=\"yoast-schema-graph\">{\"@context\":\"https:\\\/\\\/schema.org\",\"@graph\":[{\"@type\":\"WebPage\",\"@id\":\"https:\\\/\\\/websjop.afuk.frl\\\/nl\\\/winkel\\\/op-us-eigen-wize-san-ferhalen-ut-it-boek-hannelingen-oer-taal-en-kultuer\\\/\",\"url\":\"https:\\\/\\\/websjop.afuk.frl\\\/nl\\\/winkel\\\/op-us-eigen-wize-san-ferhalen-ut-it-boek-hannelingen-oer-taal-en-kultuer\\\/\",\"name\":\"Op \u00fas eigen wize - S\u00e2n ferhalen \u00fat it boek Hannelingen oer taal en kultuer &#8211; Af\u00fbk Websjop\",\"isPartOf\":{\"@id\":\"https:\\\/\\\/websjop.afuk.frl\\\/nl\\\/#website\"},\"primaryImageOfPage\":{\"@id\":\"https:\\\/\\\/websjop.afuk.frl\\\/nl\\\/winkel\\\/op-us-eigen-wize-san-ferhalen-ut-it-boek-hannelingen-oer-taal-en-kultuer\\\/#primaryimage\"},\"image\":{\"@id\":\"https:\\\/\\\/websjop.afuk.frl\\\/nl\\\/winkel\\\/op-us-eigen-wize-san-ferhalen-ut-it-boek-hannelingen-oer-taal-en-kultuer\\\/#primaryimage\"},\"thumbnailUrl\":\"https:\\\/\\\/websjop.afuk.frl\\\/wp-content\\\/uploads\\\/2019\\\/01\\\/eigen-wize.jpg\",\"datePublished\":\"2018-11-29T10:39:20+00:00\",\"dateModified\":\"2020-02-19T08:39:29+00:00\",\"breadcrumb\":{\"@id\":\"https:\\\/\\\/websjop.afuk.frl\\\/nl\\\/winkel\\\/op-us-eigen-wize-san-ferhalen-ut-it-boek-hannelingen-oer-taal-en-kultuer\\\/#breadcrumb\"},\"inLanguage\":\"nl-NL\",\"potentialAction\":[{\"@type\":\"ReadAction\",\"target\":[\"https:\\\/\\\/websjop.afuk.frl\\\/nl\\\/winkel\\\/op-us-eigen-wize-san-ferhalen-ut-it-boek-hannelingen-oer-taal-en-kultuer\\\/\"]}]},{\"@type\":\"ImageObject\",\"inLanguage\":\"nl-NL\",\"@id\":\"https:\\\/\\\/websjop.afuk.frl\\\/nl\\\/winkel\\\/op-us-eigen-wize-san-ferhalen-ut-it-boek-hannelingen-oer-taal-en-kultuer\\\/#primaryimage\",\"url\":\"https:\\\/\\\/websjop.afuk.frl\\\/wp-content\\\/uploads\\\/2019\\\/01\\\/eigen-wize.jpg\",\"contentUrl\":\"https:\\\/\\\/websjop.afuk.frl\\\/wp-content\\\/uploads\\\/2019\\\/01\\\/eigen-wize.jpg\",\"width\":323,\"height\":448,\"caption\":\"Op \u00fas eigen wize\"},{\"@type\":\"BreadcrumbList\",\"@id\":\"https:\\\/\\\/websjop.afuk.frl\\\/nl\\\/winkel\\\/op-us-eigen-wize-san-ferhalen-ut-it-boek-hannelingen-oer-taal-en-kultuer\\\/#breadcrumb\",\"itemListElement\":[{\"@type\":\"ListItem\",\"position\":1,\"name\":\"Home\",\"item\":\"https:\\\/\\\/websjop.afuk.frl\\\/nl\\\/\"},{\"@type\":\"ListItem\",\"position\":2,\"name\":\"Winkel\",\"item\":\"https:\\\/\\\/websjop.afuk.frl\\\/nl\\\/winkel\\\/\"},{\"@type\":\"ListItem\",\"position\":3,\"name\":\"Op \u00fas eigen wize &#8211; S\u00e2n ferhalen \u00fat it boek Hannelingen oer taal en kultuer\"}]},{\"@type\":\"WebSite\",\"@id\":\"https:\\\/\\\/websjop.afuk.frl\\\/nl\\\/#website\",\"url\":\"https:\\\/\\\/websjop.afuk.frl\\\/nl\\\/\",\"name\":\"Af\u00fbk Websjop\",\"description\":\"\",\"potentialAction\":[{\"@type\":\"SearchAction\",\"target\":{\"@type\":\"EntryPoint\",\"urlTemplate\":\"https:\\\/\\\/websjop.afuk.frl\\\/nl\\\/?s={search_term_string}\"},\"query-input\":{\"@type\":\"PropertyValueSpecification\",\"valueRequired\":true,\"valueName\":\"search_term_string\"}}],\"inLanguage\":\"nl-NL\"}]}<\/script>\n<!-- \/ Yoast SEO plugin. -->","yoast_head_json":{"title":"Op \u00fas eigen wize - S\u00e2n ferhalen \u00fat it boek Hannelingen oer taal en kultuer &#8211; Af\u00fbk Websjop","robots":{"index":"index","follow":"follow","max-snippet":"max-snippet:-1","max-image-preview":"max-image-preview:large","max-video-preview":"max-video-preview:-1"},"canonical":"https:\/\/websjop.afuk.frl\/nl\/winkel\/op-us-eigen-wize-san-ferhalen-ut-it-boek-hannelingen-oer-taal-en-kultuer\/","og_locale":"nl_NL","og_type":"article","og_title":"Op \u00fas eigen wize - S\u00e2n ferhalen \u00fat it boek Hannelingen oer taal en kultuer &#8211; Af\u00fbk Websjop","og_description":"Minderheidstalen en -kulturen moeten het vaak afleggen tegen de overheersing van dominante kulturen. Bij de verspreiding van het Christendom was meestal geen aandacht voor kleine talen, kulturen en volkeren, vooral niet tijdens in de periode van het Westerse kolonialisme. In de laatste 50 jaar hebben Afrikaanse Christenen heftig geprotesteerd tegen de antropologische armoede die\u00a0dit kolonialisme\u00a0hen [&hellip;]","og_url":"https:\/\/websjop.afuk.frl\/nl\/winkel\/op-us-eigen-wize-san-ferhalen-ut-it-boek-hannelingen-oer-taal-en-kultuer\/","og_site_name":"Af\u00fbk Websjop","article_modified_time":"2020-02-19T08:39:29+00:00","og_image":[{"width":323,"height":448,"url":"https:\/\/websjop.afuk.frl\/wp-content\/uploads\/2019\/01\/eigen-wize.jpg","type":"image\/jpeg"}],"twitter_card":"summary_large_image","twitter_misc":{"Geschatte leestijd":"1 minuut"},"schema":{"@context":"https:\/\/schema.org","@graph":[{"@type":"WebPage","@id":"https:\/\/websjop.afuk.frl\/nl\/winkel\/op-us-eigen-wize-san-ferhalen-ut-it-boek-hannelingen-oer-taal-en-kultuer\/","url":"https:\/\/websjop.afuk.frl\/nl\/winkel\/op-us-eigen-wize-san-ferhalen-ut-it-boek-hannelingen-oer-taal-en-kultuer\/","name":"Op \u00fas eigen wize - S\u00e2n ferhalen \u00fat it boek Hannelingen oer taal en kultuer &#8211; Af\u00fbk Websjop","isPartOf":{"@id":"https:\/\/websjop.afuk.frl\/nl\/#website"},"primaryImageOfPage":{"@id":"https:\/\/websjop.afuk.frl\/nl\/winkel\/op-us-eigen-wize-san-ferhalen-ut-it-boek-hannelingen-oer-taal-en-kultuer\/#primaryimage"},"image":{"@id":"https:\/\/websjop.afuk.frl\/nl\/winkel\/op-us-eigen-wize-san-ferhalen-ut-it-boek-hannelingen-oer-taal-en-kultuer\/#primaryimage"},"thumbnailUrl":"https:\/\/websjop.afuk.frl\/wp-content\/uploads\/2019\/01\/eigen-wize.jpg","datePublished":"2018-11-29T10:39:20+00:00","dateModified":"2020-02-19T08:39:29+00:00","breadcrumb":{"@id":"https:\/\/websjop.afuk.frl\/nl\/winkel\/op-us-eigen-wize-san-ferhalen-ut-it-boek-hannelingen-oer-taal-en-kultuer\/#breadcrumb"},"inLanguage":"nl-NL","potentialAction":[{"@type":"ReadAction","target":["https:\/\/websjop.afuk.frl\/nl\/winkel\/op-us-eigen-wize-san-ferhalen-ut-it-boek-hannelingen-oer-taal-en-kultuer\/"]}]},{"@type":"ImageObject","inLanguage":"nl-NL","@id":"https:\/\/websjop.afuk.frl\/nl\/winkel\/op-us-eigen-wize-san-ferhalen-ut-it-boek-hannelingen-oer-taal-en-kultuer\/#primaryimage","url":"https:\/\/websjop.afuk.frl\/wp-content\/uploads\/2019\/01\/eigen-wize.jpg","contentUrl":"https:\/\/websjop.afuk.frl\/wp-content\/uploads\/2019\/01\/eigen-wize.jpg","width":323,"height":448,"caption":"Op \u00fas eigen wize"},{"@type":"BreadcrumbList","@id":"https:\/\/websjop.afuk.frl\/nl\/winkel\/op-us-eigen-wize-san-ferhalen-ut-it-boek-hannelingen-oer-taal-en-kultuer\/#breadcrumb","itemListElement":[{"@type":"ListItem","position":1,"name":"Home","item":"https:\/\/websjop.afuk.frl\/nl\/"},{"@type":"ListItem","position":2,"name":"Winkel","item":"https:\/\/websjop.afuk.frl\/nl\/winkel\/"},{"@type":"ListItem","position":3,"name":"Op \u00fas eigen wize &#8211; S\u00e2n ferhalen \u00fat it boek Hannelingen oer taal en kultuer"}]},{"@type":"WebSite","@id":"https:\/\/websjop.afuk.frl\/nl\/#website","url":"https:\/\/websjop.afuk.frl\/nl\/","name":"Af\u00fbk Websjop","description":"","potentialAction":[{"@type":"SearchAction","target":{"@type":"EntryPoint","urlTemplate":"https:\/\/websjop.afuk.frl\/nl\/?s={search_term_string}"},"query-input":{"@type":"PropertyValueSpecification","valueRequired":true,"valueName":"search_term_string"}}],"inLanguage":"nl-NL"}]}},"_links":{"self":[{"href":"https:\/\/websjop.afuk.frl\/nl\/wp-json\/wp\/v2\/product\/12186","targetHints":{"allow":["GET"]}}],"collection":[{"href":"https:\/\/websjop.afuk.frl\/nl\/wp-json\/wp\/v2\/product"}],"about":[{"href":"https:\/\/websjop.afuk.frl\/nl\/wp-json\/wp\/v2\/types\/product"}],"replies":[{"embeddable":true,"href":"https:\/\/websjop.afuk.frl\/nl\/wp-json\/wp\/v2\/comments?post=12186"}],"wp:featuredmedia":[{"embeddable":true,"href":"https:\/\/websjop.afuk.frl\/nl\/wp-json\/wp\/v2\/media\/12187"}],"wp:attachment":[{"href":"https:\/\/websjop.afuk.frl\/nl\/wp-json\/wp\/v2\/media?parent=12186"}],"wp:term":[{"taxonomy":"product_brand","embeddable":true,"href":"https:\/\/websjop.afuk.frl\/nl\/wp-json\/wp\/v2\/product_brand?post=12186"},{"taxonomy":"product_cat","embeddable":true,"href":"https:\/\/websjop.afuk.frl\/nl\/wp-json\/wp\/v2\/product_cat?post=12186"},{"taxonomy":"product_tag","embeddable":true,"href":"https:\/\/websjop.afuk.frl\/nl\/wp-json\/wp\/v2\/product_tag?post=12186"}],"curies":[{"name":"wp","href":"https:\/\/api.w.org\/{rel}","templated":true}]}}