{"id":11896,"date":"2019-01-21T15:14:35","date_gmt":"2019-01-21T14:14:35","guid":{"rendered":"https:\/\/websjop.afuk.frl\/?post_type=product&#038;p=11896"},"modified":"2019-11-05T16:00:15","modified_gmt":"2019-11-05T15:00:15","slug":"fan-libben-en-dea","status":"publish","type":"product","link":"https:\/\/websjop.afuk.frl\/nl\/winkel\/fan-libben-en-dea\/","title":{"rendered":"Fan libben en dea"},"content":{"rendered":"<p>Fan libben en dea is in bondeling fan trije resinte toanielstikken, skreaun troch Bouke Oldenhof, mei in oerkoepeljend tema. Yn alle trije stikken stride minsken om in weardefol bestean wylst de dea altyd by har yn de buert is.<\/p>\n<p><em>Feteranen<\/em> (2015) luts mei Freark Smink en Joop Wittermans yn santich foarstellingen 15.000 minsken. It waard mei de Fedde en Martha Bergsmapriis bekroand as b\u00easte toanielstik \u00fat 2012 oant en mei 2016. Yn it yntime <em>foar dy nei dy<\/em> (2016) fertelden Froukje Reitsema en Popke van der Zee wat it ferlies fan har bern mei harren die. <em>It wie op in simmerj\u00fbn<\/em> (2019) behannelet de aktuele tematyk fan it frijwillich libbensein.<\/p>\n<p>De treffende tema\u2019s, de lichte dialogen mei spitse humor en subtyl fertriet, en de brekberheid fan de personaazjes toane it masterskip fan Bouke Oldenhof, ien fan de belangrykste toanielskriuwers fan Frysl\u00e2n. Earder ferskynden fan syn h\u00e2n de Nederl\u00e2nsktalige bondel <em>De Rijpen<\/em> en de Frysktalige bondel <em>Fan letter soarch<\/em>.<\/p>\n","protected":false},"excerpt":{"rendered":"<p>Fan libben en dea<br \/>\nBouke Oldenhof<\/p>\n<p>Fan libben en dea is in bondeling fan trije resinte toanielstikken, skreaun troch Bouke Oldenhof, mei in oerkoepeljend tema. Yn alle trije stikken stride minsken om in weardefol bestean wylst de dea altyd by har yn de buert is.<\/p>\n","protected":false},"featured_media":11897,"comment_status":"closed","ping_status":"closed","template":"","meta":{"_acf_changed":false},"product_brand":[],"product_cat":[535,544,537,1215,1049],"product_tag":[5359,5358],"class_list":{"0":"post-11896","1":"product","2":"type-product","3":"status-publish","4":"has-post-thumbnail","6":"product_cat-fryske-boeken","7":"product_cat-keunst-en-kultuer","8":"product_cat-romans","9":"product_cat-romans-en-literatuer","10":"product_cat-toaniel","11":"product_tag-bouke-oldenhof","12":"product_tag-fan-libben-en-dea","13":"pa_auteur-bouke-oldenhof","14":"pa_isbn-978-90-5615-491-2","15":"pa_taal-frysk","16":"pa_uitgever-bornmeer","18":"first","19":"instock","20":"taxable","21":"shipping-taxable","22":"purchasable","23":"product-type-simple"},"acf":[],"yoast_head":"<!-- This site is optimized with the Yoast SEO plugin v27.3 - https:\/\/yoast.com\/product\/yoast-seo-wordpress\/ -->\n<title>Fan libben en dea &#8211; Af\u00fbk Websjop<\/title>\n<meta name=\"robots\" content=\"index, follow, max-snippet:-1, max-image-preview:large, max-video-preview:-1\" \/>\n<link rel=\"canonical\" href=\"https:\/\/websjop.afuk.frl\/nl\/winkel\/fan-libben-en-dea\/\" \/>\n<meta property=\"og:locale\" content=\"nl_NL\" \/>\n<meta property=\"og:type\" content=\"article\" \/>\n<meta property=\"og:title\" content=\"Fan libben en dea &#8211; Af\u00fbk Websjop\" \/>\n<meta property=\"og:description\" content=\"Fan libben en dea Bouke Oldenhof  Fan libben en dea is in bondeling fan trije resinte toanielstikken, skreaun troch Bouke Oldenhof, mei in oerkoepeljend tema. Yn alle trije stikken stride minsken om in weardefol bestean wylst de dea altyd by har yn de buert is.\" \/>\n<meta property=\"og:url\" content=\"https:\/\/websjop.afuk.frl\/nl\/winkel\/fan-libben-en-dea\/\" \/>\n<meta property=\"og:site_name\" content=\"Af\u00fbk Websjop\" \/>\n<meta property=\"article:modified_time\" content=\"2019-11-05T15:00:15+00:00\" \/>\n<meta property=\"og:image\" content=\"https:\/\/websjop.afuk.frl\/wp-content\/uploads\/2019\/01\/222-147-21-375.jpg\" \/>\n\t<meta property=\"og:image:width\" content=\"700\" \/>\n\t<meta property=\"og:image:height\" content=\"1068\" \/>\n\t<meta property=\"og:image:type\" content=\"image\/jpeg\" \/>\n<meta name=\"twitter:card\" content=\"summary_large_image\" \/>\n<meta name=\"twitter:label1\" content=\"Geschatte leestijd\" \/>\n\t<meta name=\"twitter:data1\" content=\"1 minuut\" \/>\n<script type=\"application\/ld+json\" class=\"yoast-schema-graph\">{\"@context\":\"https:\\\/\\\/schema.org\",\"@graph\":[{\"@type\":\"WebPage\",\"@id\":\"https:\\\/\\\/websjop.afuk.frl\\\/nl\\\/winkel\\\/fan-libben-en-dea\\\/\",\"url\":\"https:\\\/\\\/websjop.afuk.frl\\\/nl\\\/winkel\\\/fan-libben-en-dea\\\/\",\"name\":\"Fan libben en dea &#8211; Af\u00fbk Websjop\",\"isPartOf\":{\"@id\":\"https:\\\/\\\/websjop.afuk.frl\\\/nl\\\/#website\"},\"primaryImageOfPage\":{\"@id\":\"https:\\\/\\\/websjop.afuk.frl\\\/nl\\\/winkel\\\/fan-libben-en-dea\\\/#primaryimage\"},\"image\":{\"@id\":\"https:\\\/\\\/websjop.afuk.frl\\\/nl\\\/winkel\\\/fan-libben-en-dea\\\/#primaryimage\"},\"thumbnailUrl\":\"https:\\\/\\\/websjop.afuk.frl\\\/wp-content\\\/uploads\\\/2019\\\/01\\\/222-147-21-375.jpg\",\"datePublished\":\"2019-01-21T14:14:35+00:00\",\"dateModified\":\"2019-11-05T15:00:15+00:00\",\"breadcrumb\":{\"@id\":\"https:\\\/\\\/websjop.afuk.frl\\\/nl\\\/winkel\\\/fan-libben-en-dea\\\/#breadcrumb\"},\"inLanguage\":\"nl-NL\",\"potentialAction\":[{\"@type\":\"ReadAction\",\"target\":[\"https:\\\/\\\/websjop.afuk.frl\\\/nl\\\/winkel\\\/fan-libben-en-dea\\\/\"]}]},{\"@type\":\"ImageObject\",\"inLanguage\":\"nl-NL\",\"@id\":\"https:\\\/\\\/websjop.afuk.frl\\\/nl\\\/winkel\\\/fan-libben-en-dea\\\/#primaryimage\",\"url\":\"https:\\\/\\\/websjop.afuk.frl\\\/wp-content\\\/uploads\\\/2019\\\/01\\\/222-147-21-375.jpg\",\"contentUrl\":\"https:\\\/\\\/websjop.afuk.frl\\\/wp-content\\\/uploads\\\/2019\\\/01\\\/222-147-21-375.jpg\",\"width\":700,\"height\":1068,\"caption\":\"Fan libben en dea\"},{\"@type\":\"BreadcrumbList\",\"@id\":\"https:\\\/\\\/websjop.afuk.frl\\\/nl\\\/winkel\\\/fan-libben-en-dea\\\/#breadcrumb\",\"itemListElement\":[{\"@type\":\"ListItem\",\"position\":1,\"name\":\"Home\",\"item\":\"https:\\\/\\\/websjop.afuk.frl\\\/nl\\\/\"},{\"@type\":\"ListItem\",\"position\":2,\"name\":\"Winkel\",\"item\":\"https:\\\/\\\/websjop.afuk.frl\\\/nl\\\/winkel\\\/\"},{\"@type\":\"ListItem\",\"position\":3,\"name\":\"Fan libben en dea\"}]},{\"@type\":\"WebSite\",\"@id\":\"https:\\\/\\\/websjop.afuk.frl\\\/nl\\\/#website\",\"url\":\"https:\\\/\\\/websjop.afuk.frl\\\/nl\\\/\",\"name\":\"Af\u00fbk Websjop\",\"description\":\"\",\"potentialAction\":[{\"@type\":\"SearchAction\",\"target\":{\"@type\":\"EntryPoint\",\"urlTemplate\":\"https:\\\/\\\/websjop.afuk.frl\\\/nl\\\/?s={search_term_string}\"},\"query-input\":{\"@type\":\"PropertyValueSpecification\",\"valueRequired\":true,\"valueName\":\"search_term_string\"}}],\"inLanguage\":\"nl-NL\"}]}<\/script>\n<!-- \/ Yoast SEO plugin. -->","yoast_head_json":{"title":"Fan libben en dea &#8211; Af\u00fbk Websjop","robots":{"index":"index","follow":"follow","max-snippet":"max-snippet:-1","max-image-preview":"max-image-preview:large","max-video-preview":"max-video-preview:-1"},"canonical":"https:\/\/websjop.afuk.frl\/nl\/winkel\/fan-libben-en-dea\/","og_locale":"nl_NL","og_type":"article","og_title":"Fan libben en dea &#8211; Af\u00fbk Websjop","og_description":"Fan libben en dea Bouke Oldenhof  Fan libben en dea is in bondeling fan trije resinte toanielstikken, skreaun troch Bouke Oldenhof, mei in oerkoepeljend tema. Yn alle trije stikken stride minsken om in weardefol bestean wylst de dea altyd by har yn de buert is.","og_url":"https:\/\/websjop.afuk.frl\/nl\/winkel\/fan-libben-en-dea\/","og_site_name":"Af\u00fbk Websjop","article_modified_time":"2019-11-05T15:00:15+00:00","og_image":[{"width":700,"height":1068,"url":"https:\/\/websjop.afuk.frl\/wp-content\/uploads\/2019\/01\/222-147-21-375.jpg","type":"image\/jpeg"}],"twitter_card":"summary_large_image","twitter_misc":{"Geschatte leestijd":"1 minuut"},"schema":{"@context":"https:\/\/schema.org","@graph":[{"@type":"WebPage","@id":"https:\/\/websjop.afuk.frl\/nl\/winkel\/fan-libben-en-dea\/","url":"https:\/\/websjop.afuk.frl\/nl\/winkel\/fan-libben-en-dea\/","name":"Fan libben en dea &#8211; Af\u00fbk Websjop","isPartOf":{"@id":"https:\/\/websjop.afuk.frl\/nl\/#website"},"primaryImageOfPage":{"@id":"https:\/\/websjop.afuk.frl\/nl\/winkel\/fan-libben-en-dea\/#primaryimage"},"image":{"@id":"https:\/\/websjop.afuk.frl\/nl\/winkel\/fan-libben-en-dea\/#primaryimage"},"thumbnailUrl":"https:\/\/websjop.afuk.frl\/wp-content\/uploads\/2019\/01\/222-147-21-375.jpg","datePublished":"2019-01-21T14:14:35+00:00","dateModified":"2019-11-05T15:00:15+00:00","breadcrumb":{"@id":"https:\/\/websjop.afuk.frl\/nl\/winkel\/fan-libben-en-dea\/#breadcrumb"},"inLanguage":"nl-NL","potentialAction":[{"@type":"ReadAction","target":["https:\/\/websjop.afuk.frl\/nl\/winkel\/fan-libben-en-dea\/"]}]},{"@type":"ImageObject","inLanguage":"nl-NL","@id":"https:\/\/websjop.afuk.frl\/nl\/winkel\/fan-libben-en-dea\/#primaryimage","url":"https:\/\/websjop.afuk.frl\/wp-content\/uploads\/2019\/01\/222-147-21-375.jpg","contentUrl":"https:\/\/websjop.afuk.frl\/wp-content\/uploads\/2019\/01\/222-147-21-375.jpg","width":700,"height":1068,"caption":"Fan libben en dea"},{"@type":"BreadcrumbList","@id":"https:\/\/websjop.afuk.frl\/nl\/winkel\/fan-libben-en-dea\/#breadcrumb","itemListElement":[{"@type":"ListItem","position":1,"name":"Home","item":"https:\/\/websjop.afuk.frl\/nl\/"},{"@type":"ListItem","position":2,"name":"Winkel","item":"https:\/\/websjop.afuk.frl\/nl\/winkel\/"},{"@type":"ListItem","position":3,"name":"Fan libben en dea"}]},{"@type":"WebSite","@id":"https:\/\/websjop.afuk.frl\/nl\/#website","url":"https:\/\/websjop.afuk.frl\/nl\/","name":"Af\u00fbk Websjop","description":"","potentialAction":[{"@type":"SearchAction","target":{"@type":"EntryPoint","urlTemplate":"https:\/\/websjop.afuk.frl\/nl\/?s={search_term_string}"},"query-input":{"@type":"PropertyValueSpecification","valueRequired":true,"valueName":"search_term_string"}}],"inLanguage":"nl-NL"}]}},"_links":{"self":[{"href":"https:\/\/websjop.afuk.frl\/nl\/wp-json\/wp\/v2\/product\/11896","targetHints":{"allow":["GET"]}}],"collection":[{"href":"https:\/\/websjop.afuk.frl\/nl\/wp-json\/wp\/v2\/product"}],"about":[{"href":"https:\/\/websjop.afuk.frl\/nl\/wp-json\/wp\/v2\/types\/product"}],"replies":[{"embeddable":true,"href":"https:\/\/websjop.afuk.frl\/nl\/wp-json\/wp\/v2\/comments?post=11896"}],"wp:featuredmedia":[{"embeddable":true,"href":"https:\/\/websjop.afuk.frl\/nl\/wp-json\/wp\/v2\/media\/11897"}],"wp:attachment":[{"href":"https:\/\/websjop.afuk.frl\/nl\/wp-json\/wp\/v2\/media?parent=11896"}],"wp:term":[{"taxonomy":"product_brand","embeddable":true,"href":"https:\/\/websjop.afuk.frl\/nl\/wp-json\/wp\/v2\/product_brand?post=11896"},{"taxonomy":"product_cat","embeddable":true,"href":"https:\/\/websjop.afuk.frl\/nl\/wp-json\/wp\/v2\/product_cat?post=11896"},{"taxonomy":"product_tag","embeddable":true,"href":"https:\/\/websjop.afuk.frl\/nl\/wp-json\/wp\/v2\/product_tag?post=11896"}],"curies":[{"name":"wp","href":"https:\/\/api.w.org\/{rel}","templated":true}]}}