{"id":11589,"date":"2018-12-13T11:29:19","date_gmt":"2018-12-13T10:29:19","guid":{"rendered":"https:\/\/websjop.bwhontwerpers.nl\/?post_type=product&#038;p=11589"},"modified":"2022-03-03T09:52:50","modified_gmt":"2022-03-03T08:52:50","slug":"pulen-yn-de-pot-sjieuwe-borger","status":"publish","type":"product","link":"https:\/\/websjop.afuk.frl\/nl\/winkel\/pulen-yn-de-pot-sjieuwe-borger\/","title":{"rendered":"P\u00fblen-yn-de-pot"},"content":{"rendered":"<p><em>Sybren joech him oer oan it feest fan it yrrasjonele s\u00fbnder ien remming te fielen. Meidwaan \u00fbnderstelde frijwilligens, d\u00ear wie lykwols gjin sprake fan, mar dat joech no neat. Hy gong op yn it momint en liet him meit\u00f4gje troch it fjoer fan de \u00fbnberonge groepsdrift. De ober hie besocht harren del te b\u00eadzjen. Doe\u2019t Richie in klap fan him krige waarden de soasjeteitsleden sels lilk en soene sy de ober te nei. De praeses fan de Kroechkommisje wie der lokkigern\u00f4ch foar sprongen. Sybren liet de skurvens no oer him komme. Der siet eat ferskriklik mis. Hy hie syn eigen yndividualiteit oerj\u00fbn en him oerlevere oan de machten fan de groep. It wie net te miskennen dat Anjelique der prachtich \u00fatseach, syn jierklubmaten soene him d\u00ear ek op wurdearje. Mar dy wurdearring woe er net. De twifel beg\u00fbn stadichoan op te lossen.<\/em><\/p>\n<p>Dates binne maklik te skoaren yn it studintelibben, mar froulju binne komplisearre. Se sizze net altyd wat se tinke en ferwachtsje fan alles fan Sybren mar se sizze net d\u00fadlik wat. Hy siket in bal\u00e2ns tusken frijheid en ferbining en stelt himsels d\u00earby essinsjele fragen oer doel en wearde fan syn libben.<\/p>\n<p>De fyfte roman fan Sjieuwe Borger lit de \u00fbntjouwing fan Sybren sjen tsjin de eftergr\u00fbn fan it studintebestean yn de st\u00ead en op it plattel\u00e2n.<\/p>\n","protected":false},"excerpt":{"rendered":"<p>P\u00fblen-yn-de-pot<\/p>\n<p>Sjieuwe Borger<\/p>\n","protected":false},"featured_media":11590,"comment_status":"closed","ping_status":"closed","template":"","meta":{"_acf_changed":false},"product_brand":[],"product_cat":[535,537,1215],"product_tag":[5419,7305],"class_list":{"0":"post-11589","1":"product","2":"type-product","3":"status-publish","4":"has-post-thumbnail","6":"product_cat-fryske-boeken","7":"product_cat-romans","8":"product_cat-romans-en-literatuer","9":"product_tag-pulen-yn-de-pot","10":"product_tag-sjieuwe-borger","11":"product_shipping_class-brievenbus-verzending","12":"pa_auteur-sjieuwe-borger-2","13":"pa_isbn-5417","14":"pa_taal-frysk","15":"pa_uitgever-elikser","17":"first","18":"instock","19":"taxable","20":"shipping-taxable","21":"purchasable","22":"product-type-simple"},"acf":[],"yoast_head":"<!-- This site is optimized with the Yoast SEO plugin v27.3 - https:\/\/yoast.com\/product\/yoast-seo-wordpress\/ -->\n<title>P\u00fblen-yn-de-pot &#8211; Af\u00fbk Websjop<\/title>\n<meta name=\"robots\" content=\"index, follow, max-snippet:-1, max-image-preview:large, max-video-preview:-1\" \/>\n<link rel=\"canonical\" href=\"https:\/\/websjop.afuk.frl\/nl\/winkel\/pulen-yn-de-pot-sjieuwe-borger\/\" \/>\n<meta property=\"og:locale\" content=\"nl_NL\" \/>\n<meta property=\"og:type\" content=\"article\" \/>\n<meta property=\"og:title\" content=\"P\u00fblen-yn-de-pot &#8211; Af\u00fbk Websjop\" \/>\n<meta property=\"og:description\" content=\"P\u00fblen-yn-de-pot  Sjieuwe Borger\" \/>\n<meta property=\"og:url\" content=\"https:\/\/websjop.afuk.frl\/nl\/winkel\/pulen-yn-de-pot-sjieuwe-borger\/\" \/>\n<meta property=\"og:site_name\" content=\"Af\u00fbk Websjop\" \/>\n<meta property=\"article:modified_time\" content=\"2022-03-03T08:52:50+00:00\" \/>\n<meta property=\"og:image\" content=\"https:\/\/websjop.afuk.frl\/wp-content\/uploads\/2018\/12\/products-3369525953-pulenyndepotomslagvlr.jpg\" \/>\n\t<meta property=\"og:image:width\" content=\"400\" \/>\n\t<meta property=\"og:image:height\" content=\"400\" \/>\n\t<meta property=\"og:image:type\" content=\"image\/jpeg\" \/>\n<meta name=\"twitter:card\" content=\"summary_large_image\" \/>\n<meta name=\"twitter:label1\" content=\"Geschatte leestijd\" \/>\n\t<meta name=\"twitter:data1\" content=\"1 minuut\" \/>\n<script type=\"application\/ld+json\" class=\"yoast-schema-graph\">{\"@context\":\"https:\\\/\\\/schema.org\",\"@graph\":[{\"@type\":\"WebPage\",\"@id\":\"https:\\\/\\\/websjop.afuk.frl\\\/nl\\\/winkel\\\/pulen-yn-de-pot-sjieuwe-borger\\\/\",\"url\":\"https:\\\/\\\/websjop.afuk.frl\\\/nl\\\/winkel\\\/pulen-yn-de-pot-sjieuwe-borger\\\/\",\"name\":\"P\u00fblen-yn-de-pot &#8211; Af\u00fbk Websjop\",\"isPartOf\":{\"@id\":\"https:\\\/\\\/websjop.afuk.frl\\\/nl\\\/#website\"},\"primaryImageOfPage\":{\"@id\":\"https:\\\/\\\/websjop.afuk.frl\\\/nl\\\/winkel\\\/pulen-yn-de-pot-sjieuwe-borger\\\/#primaryimage\"},\"image\":{\"@id\":\"https:\\\/\\\/websjop.afuk.frl\\\/nl\\\/winkel\\\/pulen-yn-de-pot-sjieuwe-borger\\\/#primaryimage\"},\"thumbnailUrl\":\"https:\\\/\\\/websjop.afuk.frl\\\/wp-content\\\/uploads\\\/2018\\\/12\\\/products-3369525953-pulenyndepotomslagvlr.jpg\",\"datePublished\":\"2018-12-13T10:29:19+00:00\",\"dateModified\":\"2022-03-03T08:52:50+00:00\",\"breadcrumb\":{\"@id\":\"https:\\\/\\\/websjop.afuk.frl\\\/nl\\\/winkel\\\/pulen-yn-de-pot-sjieuwe-borger\\\/#breadcrumb\"},\"inLanguage\":\"nl-NL\",\"potentialAction\":[{\"@type\":\"ReadAction\",\"target\":[\"https:\\\/\\\/websjop.afuk.frl\\\/nl\\\/winkel\\\/pulen-yn-de-pot-sjieuwe-borger\\\/\"]}]},{\"@type\":\"ImageObject\",\"inLanguage\":\"nl-NL\",\"@id\":\"https:\\\/\\\/websjop.afuk.frl\\\/nl\\\/winkel\\\/pulen-yn-de-pot-sjieuwe-borger\\\/#primaryimage\",\"url\":\"https:\\\/\\\/websjop.afuk.frl\\\/wp-content\\\/uploads\\\/2018\\\/12\\\/products-3369525953-pulenyndepotomslagvlr.jpg\",\"contentUrl\":\"https:\\\/\\\/websjop.afuk.frl\\\/wp-content\\\/uploads\\\/2018\\\/12\\\/products-3369525953-pulenyndepotomslagvlr.jpg\",\"width\":400,\"height\":400,\"caption\":\"P\u00fblen yn de pot\"},{\"@type\":\"BreadcrumbList\",\"@id\":\"https:\\\/\\\/websjop.afuk.frl\\\/nl\\\/winkel\\\/pulen-yn-de-pot-sjieuwe-borger\\\/#breadcrumb\",\"itemListElement\":[{\"@type\":\"ListItem\",\"position\":1,\"name\":\"Home\",\"item\":\"https:\\\/\\\/websjop.afuk.frl\\\/nl\\\/\"},{\"@type\":\"ListItem\",\"position\":2,\"name\":\"Winkel\",\"item\":\"https:\\\/\\\/websjop.afuk.frl\\\/nl\\\/winkel\\\/\"},{\"@type\":\"ListItem\",\"position\":3,\"name\":\"P\u00fblen-yn-de-pot\"}]},{\"@type\":\"WebSite\",\"@id\":\"https:\\\/\\\/websjop.afuk.frl\\\/nl\\\/#website\",\"url\":\"https:\\\/\\\/websjop.afuk.frl\\\/nl\\\/\",\"name\":\"Af\u00fbk Websjop\",\"description\":\"\",\"potentialAction\":[{\"@type\":\"SearchAction\",\"target\":{\"@type\":\"EntryPoint\",\"urlTemplate\":\"https:\\\/\\\/websjop.afuk.frl\\\/nl\\\/?s={search_term_string}\"},\"query-input\":{\"@type\":\"PropertyValueSpecification\",\"valueRequired\":true,\"valueName\":\"search_term_string\"}}],\"inLanguage\":\"nl-NL\"}]}<\/script>\n<!-- \/ Yoast SEO plugin. -->","yoast_head_json":{"title":"P\u00fblen-yn-de-pot &#8211; Af\u00fbk Websjop","robots":{"index":"index","follow":"follow","max-snippet":"max-snippet:-1","max-image-preview":"max-image-preview:large","max-video-preview":"max-video-preview:-1"},"canonical":"https:\/\/websjop.afuk.frl\/nl\/winkel\/pulen-yn-de-pot-sjieuwe-borger\/","og_locale":"nl_NL","og_type":"article","og_title":"P\u00fblen-yn-de-pot &#8211; Af\u00fbk Websjop","og_description":"P\u00fblen-yn-de-pot  Sjieuwe Borger","og_url":"https:\/\/websjop.afuk.frl\/nl\/winkel\/pulen-yn-de-pot-sjieuwe-borger\/","og_site_name":"Af\u00fbk Websjop","article_modified_time":"2022-03-03T08:52:50+00:00","og_image":[{"width":400,"height":400,"url":"https:\/\/websjop.afuk.frl\/wp-content\/uploads\/2018\/12\/products-3369525953-pulenyndepotomslagvlr.jpg","type":"image\/jpeg"}],"twitter_card":"summary_large_image","twitter_misc":{"Geschatte leestijd":"1 minuut"},"schema":{"@context":"https:\/\/schema.org","@graph":[{"@type":"WebPage","@id":"https:\/\/websjop.afuk.frl\/nl\/winkel\/pulen-yn-de-pot-sjieuwe-borger\/","url":"https:\/\/websjop.afuk.frl\/nl\/winkel\/pulen-yn-de-pot-sjieuwe-borger\/","name":"P\u00fblen-yn-de-pot &#8211; Af\u00fbk Websjop","isPartOf":{"@id":"https:\/\/websjop.afuk.frl\/nl\/#website"},"primaryImageOfPage":{"@id":"https:\/\/websjop.afuk.frl\/nl\/winkel\/pulen-yn-de-pot-sjieuwe-borger\/#primaryimage"},"image":{"@id":"https:\/\/websjop.afuk.frl\/nl\/winkel\/pulen-yn-de-pot-sjieuwe-borger\/#primaryimage"},"thumbnailUrl":"https:\/\/websjop.afuk.frl\/wp-content\/uploads\/2018\/12\/products-3369525953-pulenyndepotomslagvlr.jpg","datePublished":"2018-12-13T10:29:19+00:00","dateModified":"2022-03-03T08:52:50+00:00","breadcrumb":{"@id":"https:\/\/websjop.afuk.frl\/nl\/winkel\/pulen-yn-de-pot-sjieuwe-borger\/#breadcrumb"},"inLanguage":"nl-NL","potentialAction":[{"@type":"ReadAction","target":["https:\/\/websjop.afuk.frl\/nl\/winkel\/pulen-yn-de-pot-sjieuwe-borger\/"]}]},{"@type":"ImageObject","inLanguage":"nl-NL","@id":"https:\/\/websjop.afuk.frl\/nl\/winkel\/pulen-yn-de-pot-sjieuwe-borger\/#primaryimage","url":"https:\/\/websjop.afuk.frl\/wp-content\/uploads\/2018\/12\/products-3369525953-pulenyndepotomslagvlr.jpg","contentUrl":"https:\/\/websjop.afuk.frl\/wp-content\/uploads\/2018\/12\/products-3369525953-pulenyndepotomslagvlr.jpg","width":400,"height":400,"caption":"P\u00fblen yn de pot"},{"@type":"BreadcrumbList","@id":"https:\/\/websjop.afuk.frl\/nl\/winkel\/pulen-yn-de-pot-sjieuwe-borger\/#breadcrumb","itemListElement":[{"@type":"ListItem","position":1,"name":"Home","item":"https:\/\/websjop.afuk.frl\/nl\/"},{"@type":"ListItem","position":2,"name":"Winkel","item":"https:\/\/websjop.afuk.frl\/nl\/winkel\/"},{"@type":"ListItem","position":3,"name":"P\u00fblen-yn-de-pot"}]},{"@type":"WebSite","@id":"https:\/\/websjop.afuk.frl\/nl\/#website","url":"https:\/\/websjop.afuk.frl\/nl\/","name":"Af\u00fbk Websjop","description":"","potentialAction":[{"@type":"SearchAction","target":{"@type":"EntryPoint","urlTemplate":"https:\/\/websjop.afuk.frl\/nl\/?s={search_term_string}"},"query-input":{"@type":"PropertyValueSpecification","valueRequired":true,"valueName":"search_term_string"}}],"inLanguage":"nl-NL"}]}},"_links":{"self":[{"href":"https:\/\/websjop.afuk.frl\/nl\/wp-json\/wp\/v2\/product\/11589","targetHints":{"allow":["GET"]}}],"collection":[{"href":"https:\/\/websjop.afuk.frl\/nl\/wp-json\/wp\/v2\/product"}],"about":[{"href":"https:\/\/websjop.afuk.frl\/nl\/wp-json\/wp\/v2\/types\/product"}],"replies":[{"embeddable":true,"href":"https:\/\/websjop.afuk.frl\/nl\/wp-json\/wp\/v2\/comments?post=11589"}],"wp:featuredmedia":[{"embeddable":true,"href":"https:\/\/websjop.afuk.frl\/nl\/wp-json\/wp\/v2\/media\/11590"}],"wp:attachment":[{"href":"https:\/\/websjop.afuk.frl\/nl\/wp-json\/wp\/v2\/media?parent=11589"}],"wp:term":[{"taxonomy":"product_brand","embeddable":true,"href":"https:\/\/websjop.afuk.frl\/nl\/wp-json\/wp\/v2\/product_brand?post=11589"},{"taxonomy":"product_cat","embeddable":true,"href":"https:\/\/websjop.afuk.frl\/nl\/wp-json\/wp\/v2\/product_cat?post=11589"},{"taxonomy":"product_tag","embeddable":true,"href":"https:\/\/websjop.afuk.frl\/nl\/wp-json\/wp\/v2\/product_tag?post=11589"}],"curies":[{"name":"wp","href":"https:\/\/api.w.org\/{rel}","templated":true}]}}