{"id":11568,"date":"2018-12-03T10:38:13","date_gmt":"2018-12-03T09:38:13","guid":{"rendered":"https:\/\/websjop.bwhontwerpers.nl\/?post_type=product&#038;p=11568"},"modified":"2026-01-08T15:56:13","modified_gmt":"2026-01-08T14:56:13","slug":"der-is-se-dan-en-wat-no","status":"publish","type":"product","link":"https:\/\/websjop.afuk.frl\/nl\/winkel\/der-is-se-dan-en-wat-no\/","title":{"rendered":"D\u00ear is se dan! En wat no?"},"content":{"rendered":"<p>Kleine beer vindt het spannend. Hij krijgt bijna een broertje of zusje en daar heeft hij veel zin in!<\/p>\n<p>Maar vindt hij het wel zo leuk om in grote broer te zijn?<\/p>\n<p>4-7 jaar<\/p>\n<p>Ook verkrijgbaar: <a href=\"https:\/\/websjop.afuk.frl\/nl\/winkel\/haldsto-altyd-fan-my\/\">H\u00e2ldsto altyd fan my?<\/a><\/p>\n<p>&#8212;&#8212;&#8212;&#8212;&#8212;&#8212;&#8212;&#8212;<\/p>\n<p><em>Jenny: &#8220;Troch gefoelens lykas jaloersk w\u00eazen en \u00fbnwissigens oer de leafde fan heit en mem te beneamen en te bepraten, koenen wy \u00fas famkes tariede op de tiid dat der yn \u00fas h\u00fash\u00e2lding ek in soad feroarje sil.&#8221;<\/em><\/p>\n<p><a href=\"https:\/\/heitenmem.nl\/artikel\/17143\/boekresinsje-fan-jenny-der-is-se-dan-en-wat-no\/\" target=\"_blank\" rel=\"noopener noreferrer\">L\u00eas hjir de hiele boekresinsje fan Jenny oer dit boek op heitenmem.nl.<\/a><\/p>\n<p><em>Ingrid:<\/em> <em>&#8220;D\u00ear is se dan! En wat no?\u201d is in hiel geskikt boek foar oankommende broers en suskes (en harren \u00e2lden) as tarieding foar dy nije perioade. Der wurdt op in moaie, leafdefolle manier oandacht bestege oan it krijen fan in lytse poppe. De prachtige yllustraasjes meitsje it in boek om fan te genietsjen.&#8221;<\/em><\/p>\n<p><a href=\"https:\/\/heitenmem.nl\/artikel\/17218\/boekresinsje-fan-ingrid-der-is-se-dan-en-wat-no\/\" target=\"_blank\" rel=\"noopener noreferrer\">L\u00eas hjir de hiele boekresinsje fan Ingrid oer dit boek op heitenmem.nl.<\/a><\/p>\n","protected":false},"excerpt":{"rendered":"<p>Printeboek oer it krijen fan in broerke of suske<\/p>\n","protected":false},"featured_media":12024,"comment_status":"closed","ping_status":"closed","template":"","meta":{"_acf_changed":false},"product_brand":[],"product_cat":[1213,549,535,560,557,22478,22893],"product_tag":[8669,5452,5453,8689,5451],"class_list":{"0":"post-11568","1":"product","2":"type-product","3":"status-publish","4":"has-post-thumbnail","6":"product_cat-berne-en-jeugdboeken","7":"product_cat-berneboeken-0-tot-4-jaar","8":"product_cat-fryske-boeken","9":"product_cat-kreamkado-boeken","10":"product_cat-friese-kraamcadeautjes","11":"product_cat-nationale-voorleesdagen","12":"product_cat-tema-broerke-suske","13":"product_tag-baby","14":"product_tag-bern","15":"product_tag-der-is-de-dan","16":"product_tag-poppe","17":"product_tag-printeboek","18":"product_shipping_class-brievenbus-verzending","19":"pa_auteur-catherine-leblanc","20":"pa_taal-frysk","21":"pa_uitgever-afuk","23":"first","24":"instock","25":"taxable","26":"shipping-taxable","27":"purchasable","28":"product-type-simple"},"acf":[],"yoast_head":"<!-- This site is optimized with the Yoast SEO plugin v27.3 - https:\/\/yoast.com\/product\/yoast-seo-wordpress\/ -->\n<title>D\u00ear is se dan! En wat no?<\/title>\n<meta name=\"description\" content=\"D\u00ear is se dan! En wat no?Lytse Bear fynt it hiel spannend. Hy sil in broerke of suske krije...\" \/>\n<meta name=\"robots\" content=\"index, follow, max-snippet:-1, max-image-preview:large, max-video-preview:-1\" \/>\n<link rel=\"canonical\" href=\"https:\/\/websjop.afuk.frl\/nl\/winkel\/der-is-se-dan-en-wat-no\/\" \/>\n<meta property=\"og:locale\" content=\"nl_NL\" \/>\n<meta property=\"og:type\" content=\"article\" \/>\n<meta property=\"og:title\" content=\"D\u00ear is se dan! En wat no?\" \/>\n<meta property=\"og:description\" content=\"D\u00ear is se dan! En wat no?Lytse Bear fynt it hiel spannend. Hy sil in broerke of suske krije...\" \/>\n<meta property=\"og:url\" content=\"https:\/\/websjop.afuk.frl\/nl\/winkel\/der-is-se-dan-en-wat-no\/\" \/>\n<meta property=\"og:site_name\" content=\"Af\u00fbk Websjop\" \/>\n<meta property=\"article:modified_time\" content=\"2026-01-08T14:56:13+00:00\" \/>\n<meta property=\"og:image\" content=\"https:\/\/websjop.afuk.frl\/wp-content\/uploads\/2018\/12\/D\u00ear-is-se-dan-web.jpg\" \/>\n\t<meta property=\"og:image:width\" content=\"700\" \/>\n\t<meta property=\"og:image:height\" content=\"915\" \/>\n\t<meta property=\"og:image:type\" content=\"image\/jpeg\" \/>\n<meta name=\"twitter:card\" content=\"summary_large_image\" \/>\n<meta name=\"twitter:label1\" content=\"Geschatte leestijd\" \/>\n\t<meta name=\"twitter:data1\" content=\"1 minuut\" \/>\n<script type=\"application\/ld+json\" class=\"yoast-schema-graph\">{\"@context\":\"https:\\\/\\\/schema.org\",\"@graph\":[{\"@type\":\"WebPage\",\"@id\":\"https:\\\/\\\/websjop.afuk.frl\\\/nl\\\/winkel\\\/der-is-se-dan-en-wat-no\\\/\",\"url\":\"https:\\\/\\\/websjop.afuk.frl\\\/nl\\\/winkel\\\/der-is-se-dan-en-wat-no\\\/\",\"name\":\"D\u00ear is se dan! En wat no?\",\"isPartOf\":{\"@id\":\"https:\\\/\\\/websjop.afuk.frl\\\/nl\\\/#website\"},\"primaryImageOfPage\":{\"@id\":\"https:\\\/\\\/websjop.afuk.frl\\\/nl\\\/winkel\\\/der-is-se-dan-en-wat-no\\\/#primaryimage\"},\"image\":{\"@id\":\"https:\\\/\\\/websjop.afuk.frl\\\/nl\\\/winkel\\\/der-is-se-dan-en-wat-no\\\/#primaryimage\"},\"thumbnailUrl\":\"https:\\\/\\\/websjop.afuk.frl\\\/wp-content\\\/uploads\\\/2018\\\/12\\\/D\u00ear-is-se-dan-web.jpg\",\"datePublished\":\"2018-12-03T09:38:13+00:00\",\"dateModified\":\"2026-01-08T14:56:13+00:00\",\"description\":\"D\u00ear is se dan! En wat no?Lytse Bear fynt it hiel spannend. Hy sil in broerke of suske krije...\",\"breadcrumb\":{\"@id\":\"https:\\\/\\\/websjop.afuk.frl\\\/nl\\\/winkel\\\/der-is-se-dan-en-wat-no\\\/#breadcrumb\"},\"inLanguage\":\"nl-NL\",\"potentialAction\":[{\"@type\":\"ReadAction\",\"target\":[\"https:\\\/\\\/websjop.afuk.frl\\\/nl\\\/winkel\\\/der-is-se-dan-en-wat-no\\\/\"]}]},{\"@type\":\"ImageObject\",\"inLanguage\":\"nl-NL\",\"@id\":\"https:\\\/\\\/websjop.afuk.frl\\\/nl\\\/winkel\\\/der-is-se-dan-en-wat-no\\\/#primaryimage\",\"url\":\"https:\\\/\\\/websjop.afuk.frl\\\/wp-content\\\/uploads\\\/2018\\\/12\\\/D\u00ear-is-se-dan-web.jpg\",\"contentUrl\":\"https:\\\/\\\/websjop.afuk.frl\\\/wp-content\\\/uploads\\\/2018\\\/12\\\/D\u00ear-is-se-dan-web.jpg\",\"width\":700,\"height\":915,\"caption\":\"D\u00ear is se dan\"},{\"@type\":\"BreadcrumbList\",\"@id\":\"https:\\\/\\\/websjop.afuk.frl\\\/nl\\\/winkel\\\/der-is-se-dan-en-wat-no\\\/#breadcrumb\",\"itemListElement\":[{\"@type\":\"ListItem\",\"position\":1,\"name\":\"Home\",\"item\":\"https:\\\/\\\/websjop.afuk.frl\\\/nl\\\/\"},{\"@type\":\"ListItem\",\"position\":2,\"name\":\"Winkel\",\"item\":\"https:\\\/\\\/websjop.afuk.frl\\\/nl\\\/winkel\\\/\"},{\"@type\":\"ListItem\",\"position\":3,\"name\":\"D\u00ear is se dan! En wat no?\"}]},{\"@type\":\"WebSite\",\"@id\":\"https:\\\/\\\/websjop.afuk.frl\\\/nl\\\/#website\",\"url\":\"https:\\\/\\\/websjop.afuk.frl\\\/nl\\\/\",\"name\":\"Af\u00fbk Websjop\",\"description\":\"\",\"potentialAction\":[{\"@type\":\"SearchAction\",\"target\":{\"@type\":\"EntryPoint\",\"urlTemplate\":\"https:\\\/\\\/websjop.afuk.frl\\\/nl\\\/?s={search_term_string}\"},\"query-input\":{\"@type\":\"PropertyValueSpecification\",\"valueRequired\":true,\"valueName\":\"search_term_string\"}}],\"inLanguage\":\"nl-NL\"}]}<\/script>\n<!-- \/ Yoast SEO plugin. -->","yoast_head_json":{"title":"D\u00ear is se dan! En wat no?","description":"D\u00ear is se dan! En wat no?Lytse Bear fynt it hiel spannend. Hy sil in broerke of suske krije...","robots":{"index":"index","follow":"follow","max-snippet":"max-snippet:-1","max-image-preview":"max-image-preview:large","max-video-preview":"max-video-preview:-1"},"canonical":"https:\/\/websjop.afuk.frl\/nl\/winkel\/der-is-se-dan-en-wat-no\/","og_locale":"nl_NL","og_type":"article","og_title":"D\u00ear is se dan! En wat no?","og_description":"D\u00ear is se dan! En wat no?Lytse Bear fynt it hiel spannend. Hy sil in broerke of suske krije...","og_url":"https:\/\/websjop.afuk.frl\/nl\/winkel\/der-is-se-dan-en-wat-no\/","og_site_name":"Af\u00fbk Websjop","article_modified_time":"2026-01-08T14:56:13+00:00","og_image":[{"width":700,"height":915,"url":"https:\/\/websjop.afuk.frl\/wp-content\/uploads\/2018\/12\/D\u00ear-is-se-dan-web.jpg","type":"image\/jpeg"}],"twitter_card":"summary_large_image","twitter_misc":{"Geschatte leestijd":"1 minuut"},"schema":{"@context":"https:\/\/schema.org","@graph":[{"@type":"WebPage","@id":"https:\/\/websjop.afuk.frl\/nl\/winkel\/der-is-se-dan-en-wat-no\/","url":"https:\/\/websjop.afuk.frl\/nl\/winkel\/der-is-se-dan-en-wat-no\/","name":"D\u00ear is se dan! En wat no?","isPartOf":{"@id":"https:\/\/websjop.afuk.frl\/nl\/#website"},"primaryImageOfPage":{"@id":"https:\/\/websjop.afuk.frl\/nl\/winkel\/der-is-se-dan-en-wat-no\/#primaryimage"},"image":{"@id":"https:\/\/websjop.afuk.frl\/nl\/winkel\/der-is-se-dan-en-wat-no\/#primaryimage"},"thumbnailUrl":"https:\/\/websjop.afuk.frl\/wp-content\/uploads\/2018\/12\/D\u00ear-is-se-dan-web.jpg","datePublished":"2018-12-03T09:38:13+00:00","dateModified":"2026-01-08T14:56:13+00:00","description":"D\u00ear is se dan! En wat no?Lytse Bear fynt it hiel spannend. Hy sil in broerke of suske krije...","breadcrumb":{"@id":"https:\/\/websjop.afuk.frl\/nl\/winkel\/der-is-se-dan-en-wat-no\/#breadcrumb"},"inLanguage":"nl-NL","potentialAction":[{"@type":"ReadAction","target":["https:\/\/websjop.afuk.frl\/nl\/winkel\/der-is-se-dan-en-wat-no\/"]}]},{"@type":"ImageObject","inLanguage":"nl-NL","@id":"https:\/\/websjop.afuk.frl\/nl\/winkel\/der-is-se-dan-en-wat-no\/#primaryimage","url":"https:\/\/websjop.afuk.frl\/wp-content\/uploads\/2018\/12\/D\u00ear-is-se-dan-web.jpg","contentUrl":"https:\/\/websjop.afuk.frl\/wp-content\/uploads\/2018\/12\/D\u00ear-is-se-dan-web.jpg","width":700,"height":915,"caption":"D\u00ear is se dan"},{"@type":"BreadcrumbList","@id":"https:\/\/websjop.afuk.frl\/nl\/winkel\/der-is-se-dan-en-wat-no\/#breadcrumb","itemListElement":[{"@type":"ListItem","position":1,"name":"Home","item":"https:\/\/websjop.afuk.frl\/nl\/"},{"@type":"ListItem","position":2,"name":"Winkel","item":"https:\/\/websjop.afuk.frl\/nl\/winkel\/"},{"@type":"ListItem","position":3,"name":"D\u00ear is se dan! En wat no?"}]},{"@type":"WebSite","@id":"https:\/\/websjop.afuk.frl\/nl\/#website","url":"https:\/\/websjop.afuk.frl\/nl\/","name":"Af\u00fbk Websjop","description":"","potentialAction":[{"@type":"SearchAction","target":{"@type":"EntryPoint","urlTemplate":"https:\/\/websjop.afuk.frl\/nl\/?s={search_term_string}"},"query-input":{"@type":"PropertyValueSpecification","valueRequired":true,"valueName":"search_term_string"}}],"inLanguage":"nl-NL"}]}},"_links":{"self":[{"href":"https:\/\/websjop.afuk.frl\/nl\/wp-json\/wp\/v2\/product\/11568","targetHints":{"allow":["GET"]}}],"collection":[{"href":"https:\/\/websjop.afuk.frl\/nl\/wp-json\/wp\/v2\/product"}],"about":[{"href":"https:\/\/websjop.afuk.frl\/nl\/wp-json\/wp\/v2\/types\/product"}],"replies":[{"embeddable":true,"href":"https:\/\/websjop.afuk.frl\/nl\/wp-json\/wp\/v2\/comments?post=11568"}],"wp:featuredmedia":[{"embeddable":true,"href":"https:\/\/websjop.afuk.frl\/nl\/wp-json\/wp\/v2\/media\/12024"}],"wp:attachment":[{"href":"https:\/\/websjop.afuk.frl\/nl\/wp-json\/wp\/v2\/media?parent=11568"}],"wp:term":[{"taxonomy":"product_brand","embeddable":true,"href":"https:\/\/websjop.afuk.frl\/nl\/wp-json\/wp\/v2\/product_brand?post=11568"},{"taxonomy":"product_cat","embeddable":true,"href":"https:\/\/websjop.afuk.frl\/nl\/wp-json\/wp\/v2\/product_cat?post=11568"},{"taxonomy":"product_tag","embeddable":true,"href":"https:\/\/websjop.afuk.frl\/nl\/wp-json\/wp\/v2\/product_tag?post=11568"}],"curies":[{"name":"wp","href":"https:\/\/api.w.org\/{rel}","templated":true}]}}