{"id":11566,"date":"2023-10-03T09:43:14","date_gmt":"2023-10-03T08:43:14","guid":{"rendered":"https:\/\/websjop.bwhontwerpers.nl\/?post_type=product&#038;p=11566"},"modified":"2026-01-19T10:05:52","modified_gmt":"2026-01-19T09:05:52","slug":"haldsto-altyd-fan-my","status":"publish","type":"product","link":"https:\/\/websjop.afuk.frl\/nl\/winkel\/haldsto-altyd-fan-my\/","title":{"rendered":"H\u00e2ldsto altyd fan my?"},"content":{"rendered":"<p><strong>H\u00e2ldsto altyd fan my?<\/strong><br \/>\nKleine beer maakt hem zorgen. Hij is niet altijd lief. Zal moeder dan nog wel van hem houden?<\/p>\n<p>Wat als er alles stuk maakt? Wat als moeder er niet meer is?<\/p>\n<p>Maar moederliefde is sterk en hij ontdekt: nooit zal dat veranderen. Nooit!<\/p>\n<p>4-7 jaar<\/p>\n<p>Thema: Moederliefde \/ liefde<br \/>\n<a href=\"https:\/\/websjop.afuk.frl\/nl\/producten\/tema-freonskip-en-leafde\/\">Kijk hier voor meer boeken met het thema vriendschap en liefde.<\/a><\/p>\n<p>Ook verkrijgbaar: <a href=\"https:\/\/websjop.afuk.frl\/nl\/winkel\/der-is-se-dan-en-wat-no\/\">D\u00ear is se dan! En wat no?<\/a><\/p>\n<hr \/>\n<p><em>Wally: &#8220;In moai boek dat giet oer sterke memmeleafde. It ferhaal makket d\u00fadlik dat memmeleafde net samar oer is troch lytse dinkjes dy\u2019t gebeure. In boek mei prachtige yllustraasjes en koarte en d\u00fadlike teksten.&#8221; <a href=\"https:\/\/heitenmem.nl\/artikel\/17433\/boekresinsje-fan-wally-haldsto-altyd-fan-my\/\" target=\"_blank\" rel=\"noopener noreferrer\">L\u00eas hjir Wally har hiele boekresinsje &gt;&gt;&gt;<\/a><\/em><\/p>\n<p><em>Tineke: &#8220;Super moai en leaf boek. In pronkje yn &#8216;e bernekeamer!&#8221;<\/em><\/p>\n","protected":false},"excerpt":{"rendered":"<p>H\u00e2ldsto altyd fan my?<br \/>\nPrinteboek oer memmeleafde<\/p>\n","protected":false},"featured_media":11567,"comment_status":"closed","ping_status":"closed","template":"","meta":{"_acf_changed":false},"product_brand":[],"product_cat":[1213,549,535,9448,21380,24179,23208,22905,1247],"product_tag":[5457,5456,6212,9504,5451],"class_list":{"0":"post-11566","1":"product","2":"type-product","3":"status-publish","4":"has-post-thumbnail","6":"product_cat-berne-en-jeugdboeken","7":"product_cat-berneboeken-0-tot-4-jaar","8":"product_cat-fryske-boeken","9":"product_cat-printeboeken-top-10","10":"product_cat-sinteklaas-kadotips","11":"product_cat-tema-emoasje","12":"product_cat-tema-famylje","13":"product_cat-tema-freonskip-en-leafde","14":"product_cat-tips-foar-falentyn","15":"product_tag-bear","16":"product_tag-haldsto-altyd-fan-my","17":"product_tag-leafde","18":"product_tag-liefde","19":"product_tag-printeboek","20":"product_shipping_class-brievenbus-verzending","21":"pa_auteur-catherine-leblanc","22":"pa_isbn-5455","23":"pa_taal-frysk","24":"pa_uitgever-afuk","26":"first","27":"instock","28":"taxable","29":"shipping-taxable","30":"purchasable","31":"product-type-simple"},"acf":[],"yoast_head":"<!-- This site is optimized with the Yoast SEO plugin v27.2 - https:\/\/yoast.com\/product\/yoast-seo-wordpress\/ -->\n<title>H\u00e2ldsto altyd fan my?<\/title>\n<meta name=\"description\" content=\"H\u00e2ldsto altyd fan my? Lytse Bear makket him soargen. Hy is net altyd leaf. Sil mem dan noch wol fan him h\u00e2lde? Wat as er alles stikken makket?\" \/>\n<meta name=\"robots\" content=\"index, follow, max-snippet:-1, max-image-preview:large, max-video-preview:-1\" \/>\n<link rel=\"canonical\" href=\"https:\/\/websjop.afuk.frl\/nl\/winkel\/haldsto-altyd-fan-my\/\" \/>\n<meta property=\"og:locale\" content=\"nl_NL\" \/>\n<meta property=\"og:type\" content=\"article\" \/>\n<meta property=\"og:title\" content=\"H\u00e2ldsto altyd fan my?\" \/>\n<meta property=\"og:description\" content=\"H\u00e2ldsto altyd fan my? Lytse Bear makket him soargen. Hy is net altyd leaf. Sil mem dan noch wol fan him h\u00e2lde? Wat as er alles stikken makket?\" \/>\n<meta property=\"og:url\" content=\"https:\/\/websjop.afuk.frl\/nl\/winkel\/haldsto-altyd-fan-my\/\" \/>\n<meta property=\"og:site_name\" content=\"Af\u00fbk Websjop\" \/>\n<meta property=\"article:modified_time\" content=\"2026-01-19T09:05:52+00:00\" \/>\n<meta property=\"og:image\" content=\"https:\/\/websjop.afuk.frl\/wp-content\/uploads\/2018\/12\/products-h_ldsto_altyd_fan_my_web_2.jpg\" \/>\n\t<meta property=\"og:image:width\" content=\"700\" \/>\n\t<meta property=\"og:image:height\" content=\"990\" \/>\n\t<meta property=\"og:image:type\" content=\"image\/jpeg\" \/>\n<meta name=\"twitter:card\" content=\"summary_large_image\" \/>\n<meta name=\"twitter:label1\" content=\"Geschatte leestijd\" \/>\n\t<meta name=\"twitter:data1\" content=\"2 minuten\" \/>\n<script type=\"application\/ld+json\" class=\"yoast-schema-graph\">{\"@context\":\"https:\/\/schema.org\",\"@graph\":[{\"@type\":\"WebPage\",\"@id\":\"https:\/\/websjop.afuk.frl\/nl\/winkel\/haldsto-altyd-fan-my\/\",\"url\":\"https:\/\/websjop.afuk.frl\/nl\/winkel\/haldsto-altyd-fan-my\/\",\"name\":\"H\u00e2ldsto altyd fan my?\",\"isPartOf\":{\"@id\":\"https:\/\/websjop.afuk.frl\/nl\/#website\"},\"primaryImageOfPage\":{\"@id\":\"https:\/\/websjop.afuk.frl\/nl\/winkel\/haldsto-altyd-fan-my\/#primaryimage\"},\"image\":{\"@id\":\"https:\/\/websjop.afuk.frl\/nl\/winkel\/haldsto-altyd-fan-my\/#primaryimage\"},\"thumbnailUrl\":\"https:\/\/websjop.afuk.frl\/wp-content\/uploads\/2018\/12\/products-h_ldsto_altyd_fan_my_web_2.jpg\",\"datePublished\":\"2023-10-03T08:43:14+00:00\",\"dateModified\":\"2026-01-19T09:05:52+00:00\",\"description\":\"H\u00e2ldsto altyd fan my? Lytse Bear makket him soargen. Hy is net altyd leaf. Sil mem dan noch wol fan him h\u00e2lde? Wat as er alles stikken makket?\",\"breadcrumb\":{\"@id\":\"https:\/\/websjop.afuk.frl\/nl\/winkel\/haldsto-altyd-fan-my\/#breadcrumb\"},\"inLanguage\":\"nl-NL\",\"potentialAction\":[{\"@type\":\"ReadAction\",\"target\":[\"https:\/\/websjop.afuk.frl\/nl\/winkel\/haldsto-altyd-fan-my\/\"]}]},{\"@type\":\"ImageObject\",\"inLanguage\":\"nl-NL\",\"@id\":\"https:\/\/websjop.afuk.frl\/nl\/winkel\/haldsto-altyd-fan-my\/#primaryimage\",\"url\":\"https:\/\/websjop.afuk.frl\/wp-content\/uploads\/2018\/12\/products-h_ldsto_altyd_fan_my_web_2.jpg\",\"contentUrl\":\"https:\/\/websjop.afuk.frl\/wp-content\/uploads\/2018\/12\/products-h_ldsto_altyd_fan_my_web_2.jpg\",\"width\":700,\"height\":990,\"caption\":\"H\u00e2ldsto altyd fan my?\"},{\"@type\":\"BreadcrumbList\",\"@id\":\"https:\/\/websjop.afuk.frl\/nl\/winkel\/haldsto-altyd-fan-my\/#breadcrumb\",\"itemListElement\":[{\"@type\":\"ListItem\",\"position\":1,\"name\":\"Home\",\"item\":\"https:\/\/websjop.afuk.frl\/nl\/\"},{\"@type\":\"ListItem\",\"position\":2,\"name\":\"Winkel\",\"item\":\"https:\/\/websjop.afuk.frl\/nl\/winkel\/\"},{\"@type\":\"ListItem\",\"position\":3,\"name\":\"H\u00e2ldsto altyd fan my?\"}]},{\"@type\":\"WebSite\",\"@id\":\"https:\/\/websjop.afuk.frl\/nl\/#website\",\"url\":\"https:\/\/websjop.afuk.frl\/nl\/\",\"name\":\"Af\u00fbk Websjop\",\"description\":\"\",\"potentialAction\":[{\"@type\":\"SearchAction\",\"target\":{\"@type\":\"EntryPoint\",\"urlTemplate\":\"https:\/\/websjop.afuk.frl\/nl\/?s={search_term_string}\"},\"query-input\":{\"@type\":\"PropertyValueSpecification\",\"valueRequired\":true,\"valueName\":\"search_term_string\"}}],\"inLanguage\":\"nl-NL\"}]}<\/script>\n<!-- \/ Yoast SEO plugin. -->","yoast_head_json":{"title":"H\u00e2ldsto altyd fan my?","description":"H\u00e2ldsto altyd fan my? Lytse Bear makket him soargen. Hy is net altyd leaf. Sil mem dan noch wol fan him h\u00e2lde? Wat as er alles stikken makket?","robots":{"index":"index","follow":"follow","max-snippet":"max-snippet:-1","max-image-preview":"max-image-preview:large","max-video-preview":"max-video-preview:-1"},"canonical":"https:\/\/websjop.afuk.frl\/nl\/winkel\/haldsto-altyd-fan-my\/","og_locale":"nl_NL","og_type":"article","og_title":"H\u00e2ldsto altyd fan my?","og_description":"H\u00e2ldsto altyd fan my? Lytse Bear makket him soargen. Hy is net altyd leaf. Sil mem dan noch wol fan him h\u00e2lde? Wat as er alles stikken makket?","og_url":"https:\/\/websjop.afuk.frl\/nl\/winkel\/haldsto-altyd-fan-my\/","og_site_name":"Af\u00fbk Websjop","article_modified_time":"2026-01-19T09:05:52+00:00","og_image":[{"width":700,"height":990,"url":"https:\/\/websjop.afuk.frl\/wp-content\/uploads\/2018\/12\/products-h_ldsto_altyd_fan_my_web_2.jpg","type":"image\/jpeg"}],"twitter_card":"summary_large_image","twitter_misc":{"Geschatte leestijd":"2 minuten"},"schema":{"@context":"https:\/\/schema.org","@graph":[{"@type":"WebPage","@id":"https:\/\/websjop.afuk.frl\/nl\/winkel\/haldsto-altyd-fan-my\/","url":"https:\/\/websjop.afuk.frl\/nl\/winkel\/haldsto-altyd-fan-my\/","name":"H\u00e2ldsto altyd fan my?","isPartOf":{"@id":"https:\/\/websjop.afuk.frl\/nl\/#website"},"primaryImageOfPage":{"@id":"https:\/\/websjop.afuk.frl\/nl\/winkel\/haldsto-altyd-fan-my\/#primaryimage"},"image":{"@id":"https:\/\/websjop.afuk.frl\/nl\/winkel\/haldsto-altyd-fan-my\/#primaryimage"},"thumbnailUrl":"https:\/\/websjop.afuk.frl\/wp-content\/uploads\/2018\/12\/products-h_ldsto_altyd_fan_my_web_2.jpg","datePublished":"2023-10-03T08:43:14+00:00","dateModified":"2026-01-19T09:05:52+00:00","description":"H\u00e2ldsto altyd fan my? Lytse Bear makket him soargen. Hy is net altyd leaf. Sil mem dan noch wol fan him h\u00e2lde? Wat as er alles stikken makket?","breadcrumb":{"@id":"https:\/\/websjop.afuk.frl\/nl\/winkel\/haldsto-altyd-fan-my\/#breadcrumb"},"inLanguage":"nl-NL","potentialAction":[{"@type":"ReadAction","target":["https:\/\/websjop.afuk.frl\/nl\/winkel\/haldsto-altyd-fan-my\/"]}]},{"@type":"ImageObject","inLanguage":"nl-NL","@id":"https:\/\/websjop.afuk.frl\/nl\/winkel\/haldsto-altyd-fan-my\/#primaryimage","url":"https:\/\/websjop.afuk.frl\/wp-content\/uploads\/2018\/12\/products-h_ldsto_altyd_fan_my_web_2.jpg","contentUrl":"https:\/\/websjop.afuk.frl\/wp-content\/uploads\/2018\/12\/products-h_ldsto_altyd_fan_my_web_2.jpg","width":700,"height":990,"caption":"H\u00e2ldsto altyd fan my?"},{"@type":"BreadcrumbList","@id":"https:\/\/websjop.afuk.frl\/nl\/winkel\/haldsto-altyd-fan-my\/#breadcrumb","itemListElement":[{"@type":"ListItem","position":1,"name":"Home","item":"https:\/\/websjop.afuk.frl\/nl\/"},{"@type":"ListItem","position":2,"name":"Winkel","item":"https:\/\/websjop.afuk.frl\/nl\/winkel\/"},{"@type":"ListItem","position":3,"name":"H\u00e2ldsto altyd fan my?"}]},{"@type":"WebSite","@id":"https:\/\/websjop.afuk.frl\/nl\/#website","url":"https:\/\/websjop.afuk.frl\/nl\/","name":"Af\u00fbk Websjop","description":"","potentialAction":[{"@type":"SearchAction","target":{"@type":"EntryPoint","urlTemplate":"https:\/\/websjop.afuk.frl\/nl\/?s={search_term_string}"},"query-input":{"@type":"PropertyValueSpecification","valueRequired":true,"valueName":"search_term_string"}}],"inLanguage":"nl-NL"}]}},"_links":{"self":[{"href":"https:\/\/websjop.afuk.frl\/nl\/wp-json\/wp\/v2\/product\/11566","targetHints":{"allow":["GET"]}}],"collection":[{"href":"https:\/\/websjop.afuk.frl\/nl\/wp-json\/wp\/v2\/product"}],"about":[{"href":"https:\/\/websjop.afuk.frl\/nl\/wp-json\/wp\/v2\/types\/product"}],"replies":[{"embeddable":true,"href":"https:\/\/websjop.afuk.frl\/nl\/wp-json\/wp\/v2\/comments?post=11566"}],"wp:featuredmedia":[{"embeddable":true,"href":"https:\/\/websjop.afuk.frl\/nl\/wp-json\/wp\/v2\/media\/11567"}],"wp:attachment":[{"href":"https:\/\/websjop.afuk.frl\/nl\/wp-json\/wp\/v2\/media?parent=11566"}],"wp:term":[{"taxonomy":"product_brand","embeddable":true,"href":"https:\/\/websjop.afuk.frl\/nl\/wp-json\/wp\/v2\/product_brand?post=11566"},{"taxonomy":"product_cat","embeddable":true,"href":"https:\/\/websjop.afuk.frl\/nl\/wp-json\/wp\/v2\/product_cat?post=11566"},{"taxonomy":"product_tag","embeddable":true,"href":"https:\/\/websjop.afuk.frl\/nl\/wp-json\/wp\/v2\/product_tag?post=11566"}],"curies":[{"name":"wp","href":"https:\/\/api.w.org\/{rel}","templated":true}]}}