{"id":11564,"date":"2018-11-30T11:39:54","date_gmt":"2018-11-30T10:39:54","guid":{"rendered":"https:\/\/websjop.bwhontwerpers.nl\/?post_type=product&#038;p=11564"},"modified":"2025-08-18T14:34:45","modified_gmt":"2025-08-18T12:34:45","slug":"in-hus-foar-harry","status":"publish","type":"product","link":"https:\/\/websjop.afuk.frl\/nl\/winkel\/in-hus-foar-harry\/","title":{"rendered":"In h\u00fbs foar Harry"},"content":{"rendered":"<p>Harry is altijd in huis. Tot dat Yfke vraagt om tikkertje te doen. Hij loopt snel achter haar aan en raakt de weg kwijt. Hoe komt hij nu weer thuis?<\/p>\n<p>Prachtig prentenboek geschikt voor peuters en kleuters.<\/p>\n<hr \/>\n<p>Linda: <em>&#8220;Begrippen als links, rechts, hoog, leeg, vol, leeg komen in dit boek voor, waar ik natuurlijk als kleuterjuf even extra aandacht aan heb geschonken. Door de humoristische manier van tekenen is het ook voor ouders zeker leuk. De tekst is minimaal, maar dit maakt het ook wel weer erg duidelijk en krachtig. <\/em><a href=\"https:\/\/heitenmem.nl\/artikel\/17189\/boekrecensie-van-linda-in-hus-foar-harry\/\" target=\"_blank\" rel=\"noopener noreferrer\">Sjoch hjir<\/a> foar de hiele resinsje fan Linda oer dit boek.<\/p>\n<p>Maaike: <em>&#8220;Harry giet nei b\u00fbten en d\u00ear \u00fbntdekt er mei Yfke de wr\u00e2ld. Mar ek hoe\u2019t oare minsken libje en wenje. Rychjeshuzen, lege huzen, hege huzen, se binne der allegearre.&#8221; <\/em><a href=\"https:\/\/heitenmem.nl\/artikel\/17237\/boekresinsje-fan-maaike-in-hus-foar-harry\/\" target=\"_blank\" rel=\"noopener noreferrer\">Sjoch hjir<\/a> foar de hiele resinsje fan Maaike oer dit boek.<\/p>\n","protected":false},"excerpt":{"rendered":"<p>In h\u00fbs foar Harry<\/p>\n","protected":false},"featured_media":11565,"comment_status":"closed","ping_status":"closed","template":"","meta":{"_acf_changed":false},"product_brand":[],"product_cat":[1213,549,16973,19143,535,16974,23627,24179,23209],"product_tag":[17902,17903,17904,5459,5460],"class_list":{"0":"post-11564","1":"product","2":"type-product","3":"status-publish","4":"has-post-thumbnail","6":"product_cat-berne-en-jeugdboeken","7":"product_cat-berneboeken-0-tot-4-jaar","8":"product_cat-berneboekewike2023","9":"product_cat-boeketop-10-foar-pjutten","10":"product_cat-fryske-boeken","11":"product_cat-groep-1-en-2","12":"product_cat-op-aventoer","13":"product_cat-tema-emoasje","14":"product_cat-tema-thus","15":"product_tag-huis","16":"product_tag-huizen","17":"product_tag-huzen","18":"product_tag-in-hus-foar-harry","19":"product_tag-leo-timmers","20":"product_shipping_class-brievenbus-verzending","21":"pa_auteur-leo-timmers","22":"pa_isbn-3072","23":"pa_taal-frysk","24":"pa_uitgever-afuk","26":"first","27":"instock","28":"taxable","29":"shipping-taxable","30":"purchasable","31":"product-type-simple"},"acf":[],"yoast_head":"<!-- This site is optimized with the Yoast SEO plugin v27.3 - https:\/\/yoast.com\/product\/yoast-seo-wordpress\/ -->\n<title>In h\u00fbs foar Harry &#8211; Af\u00fbk Websjop<\/title>\n<meta name=\"description\" content=\"In h\u00fbs foar Harry: de Friese versie van &#039;Een huis voor Harry&#039;. In prachtig friestalig prentenboek voor peuters en kleuters.\" \/>\n<meta name=\"robots\" content=\"index, follow, max-snippet:-1, max-image-preview:large, max-video-preview:-1\" \/>\n<link rel=\"canonical\" href=\"https:\/\/websjop.afuk.frl\/nl\/winkel\/in-hus-foar-harry\/\" \/>\n<meta property=\"og:locale\" content=\"nl_NL\" \/>\n<meta property=\"og:type\" content=\"article\" \/>\n<meta property=\"og:title\" content=\"In h\u00fbs foar Harry &#8211; Af\u00fbk Websjop\" \/>\n<meta property=\"og:description\" content=\"In h\u00fbs foar Harry: de Friese versie van &#039;Een huis voor Harry&#039;. In prachtig friestalig prentenboek voor peuters en kleuters.\" \/>\n<meta property=\"og:url\" content=\"https:\/\/websjop.afuk.frl\/nl\/winkel\/in-hus-foar-harry\/\" \/>\n<meta property=\"og:site_name\" content=\"Af\u00fbk Websjop\" \/>\n<meta property=\"article:modified_time\" content=\"2025-08-18T12:34:45+00:00\" \/>\n<meta property=\"og:image\" content=\"https:\/\/websjop.afuk.frl\/wp-content\/uploads\/2018\/11\/products-in_h_s_foar_harry_web.jpg\" \/>\n\t<meta property=\"og:image:width\" content=\"500\" \/>\n\t<meta property=\"og:image:height\" content=\"688\" \/>\n\t<meta property=\"og:image:type\" content=\"image\/jpeg\" \/>\n<meta name=\"twitter:card\" content=\"summary_large_image\" \/>\n<meta name=\"twitter:label1\" content=\"Geschatte leestijd\" \/>\n\t<meta name=\"twitter:data1\" content=\"1 minuut\" \/>\n<script type=\"application\/ld+json\" class=\"yoast-schema-graph\">{\"@context\":\"https:\\\/\\\/schema.org\",\"@graph\":[{\"@type\":\"WebPage\",\"@id\":\"https:\\\/\\\/websjop.afuk.frl\\\/nl\\\/winkel\\\/in-hus-foar-harry\\\/\",\"url\":\"https:\\\/\\\/websjop.afuk.frl\\\/nl\\\/winkel\\\/in-hus-foar-harry\\\/\",\"name\":\"In h\u00fbs foar Harry &#8211; Af\u00fbk Websjop\",\"isPartOf\":{\"@id\":\"https:\\\/\\\/websjop.afuk.frl\\\/nl\\\/#website\"},\"primaryImageOfPage\":{\"@id\":\"https:\\\/\\\/websjop.afuk.frl\\\/nl\\\/winkel\\\/in-hus-foar-harry\\\/#primaryimage\"},\"image\":{\"@id\":\"https:\\\/\\\/websjop.afuk.frl\\\/nl\\\/winkel\\\/in-hus-foar-harry\\\/#primaryimage\"},\"thumbnailUrl\":\"https:\\\/\\\/websjop.afuk.frl\\\/wp-content\\\/uploads\\\/2018\\\/11\\\/products-in_h_s_foar_harry_web.jpg\",\"datePublished\":\"2018-11-30T10:39:54+00:00\",\"dateModified\":\"2025-08-18T12:34:45+00:00\",\"description\":\"In h\u00fbs foar Harry: de Friese versie van 'Een huis voor Harry'. In prachtig friestalig prentenboek voor peuters en kleuters.\",\"breadcrumb\":{\"@id\":\"https:\\\/\\\/websjop.afuk.frl\\\/nl\\\/winkel\\\/in-hus-foar-harry\\\/#breadcrumb\"},\"inLanguage\":\"nl-NL\",\"potentialAction\":[{\"@type\":\"ReadAction\",\"target\":[\"https:\\\/\\\/websjop.afuk.frl\\\/nl\\\/winkel\\\/in-hus-foar-harry\\\/\"]}]},{\"@type\":\"ImageObject\",\"inLanguage\":\"nl-NL\",\"@id\":\"https:\\\/\\\/websjop.afuk.frl\\\/nl\\\/winkel\\\/in-hus-foar-harry\\\/#primaryimage\",\"url\":\"https:\\\/\\\/websjop.afuk.frl\\\/wp-content\\\/uploads\\\/2018\\\/11\\\/products-in_h_s_foar_harry_web.jpg\",\"contentUrl\":\"https:\\\/\\\/websjop.afuk.frl\\\/wp-content\\\/uploads\\\/2018\\\/11\\\/products-in_h_s_foar_harry_web.jpg\",\"width\":500,\"height\":688,\"caption\":\"In h\u00fbs foar Harry\"},{\"@type\":\"BreadcrumbList\",\"@id\":\"https:\\\/\\\/websjop.afuk.frl\\\/nl\\\/winkel\\\/in-hus-foar-harry\\\/#breadcrumb\",\"itemListElement\":[{\"@type\":\"ListItem\",\"position\":1,\"name\":\"Home\",\"item\":\"https:\\\/\\\/websjop.afuk.frl\\\/nl\\\/\"},{\"@type\":\"ListItem\",\"position\":2,\"name\":\"Winkel\",\"item\":\"https:\\\/\\\/websjop.afuk.frl\\\/nl\\\/winkel\\\/\"},{\"@type\":\"ListItem\",\"position\":3,\"name\":\"In h\u00fbs foar Harry\"}]},{\"@type\":\"WebSite\",\"@id\":\"https:\\\/\\\/websjop.afuk.frl\\\/nl\\\/#website\",\"url\":\"https:\\\/\\\/websjop.afuk.frl\\\/nl\\\/\",\"name\":\"Af\u00fbk Websjop\",\"description\":\"\",\"potentialAction\":[{\"@type\":\"SearchAction\",\"target\":{\"@type\":\"EntryPoint\",\"urlTemplate\":\"https:\\\/\\\/websjop.afuk.frl\\\/nl\\\/?s={search_term_string}\"},\"query-input\":{\"@type\":\"PropertyValueSpecification\",\"valueRequired\":true,\"valueName\":\"search_term_string\"}}],\"inLanguage\":\"nl-NL\"}]}<\/script>\n<!-- \/ Yoast SEO plugin. -->","yoast_head_json":{"title":"In h\u00fbs foar Harry &#8211; Af\u00fbk Websjop","description":"In h\u00fbs foar Harry: de Friese versie van 'Een huis voor Harry'. In prachtig friestalig prentenboek voor peuters en kleuters.","robots":{"index":"index","follow":"follow","max-snippet":"max-snippet:-1","max-image-preview":"max-image-preview:large","max-video-preview":"max-video-preview:-1"},"canonical":"https:\/\/websjop.afuk.frl\/nl\/winkel\/in-hus-foar-harry\/","og_locale":"nl_NL","og_type":"article","og_title":"In h\u00fbs foar Harry &#8211; Af\u00fbk Websjop","og_description":"In h\u00fbs foar Harry: de Friese versie van 'Een huis voor Harry'. In prachtig friestalig prentenboek voor peuters en kleuters.","og_url":"https:\/\/websjop.afuk.frl\/nl\/winkel\/in-hus-foar-harry\/","og_site_name":"Af\u00fbk Websjop","article_modified_time":"2025-08-18T12:34:45+00:00","og_image":[{"width":500,"height":688,"url":"https:\/\/websjop.afuk.frl\/wp-content\/uploads\/2018\/11\/products-in_h_s_foar_harry_web.jpg","type":"image\/jpeg"}],"twitter_card":"summary_large_image","twitter_misc":{"Geschatte leestijd":"1 minuut"},"schema":{"@context":"https:\/\/schema.org","@graph":[{"@type":"WebPage","@id":"https:\/\/websjop.afuk.frl\/nl\/winkel\/in-hus-foar-harry\/","url":"https:\/\/websjop.afuk.frl\/nl\/winkel\/in-hus-foar-harry\/","name":"In h\u00fbs foar Harry &#8211; Af\u00fbk Websjop","isPartOf":{"@id":"https:\/\/websjop.afuk.frl\/nl\/#website"},"primaryImageOfPage":{"@id":"https:\/\/websjop.afuk.frl\/nl\/winkel\/in-hus-foar-harry\/#primaryimage"},"image":{"@id":"https:\/\/websjop.afuk.frl\/nl\/winkel\/in-hus-foar-harry\/#primaryimage"},"thumbnailUrl":"https:\/\/websjop.afuk.frl\/wp-content\/uploads\/2018\/11\/products-in_h_s_foar_harry_web.jpg","datePublished":"2018-11-30T10:39:54+00:00","dateModified":"2025-08-18T12:34:45+00:00","description":"In h\u00fbs foar Harry: de Friese versie van 'Een huis voor Harry'. In prachtig friestalig prentenboek voor peuters en kleuters.","breadcrumb":{"@id":"https:\/\/websjop.afuk.frl\/nl\/winkel\/in-hus-foar-harry\/#breadcrumb"},"inLanguage":"nl-NL","potentialAction":[{"@type":"ReadAction","target":["https:\/\/websjop.afuk.frl\/nl\/winkel\/in-hus-foar-harry\/"]}]},{"@type":"ImageObject","inLanguage":"nl-NL","@id":"https:\/\/websjop.afuk.frl\/nl\/winkel\/in-hus-foar-harry\/#primaryimage","url":"https:\/\/websjop.afuk.frl\/wp-content\/uploads\/2018\/11\/products-in_h_s_foar_harry_web.jpg","contentUrl":"https:\/\/websjop.afuk.frl\/wp-content\/uploads\/2018\/11\/products-in_h_s_foar_harry_web.jpg","width":500,"height":688,"caption":"In h\u00fbs foar Harry"},{"@type":"BreadcrumbList","@id":"https:\/\/websjop.afuk.frl\/nl\/winkel\/in-hus-foar-harry\/#breadcrumb","itemListElement":[{"@type":"ListItem","position":1,"name":"Home","item":"https:\/\/websjop.afuk.frl\/nl\/"},{"@type":"ListItem","position":2,"name":"Winkel","item":"https:\/\/websjop.afuk.frl\/nl\/winkel\/"},{"@type":"ListItem","position":3,"name":"In h\u00fbs foar Harry"}]},{"@type":"WebSite","@id":"https:\/\/websjop.afuk.frl\/nl\/#website","url":"https:\/\/websjop.afuk.frl\/nl\/","name":"Af\u00fbk Websjop","description":"","potentialAction":[{"@type":"SearchAction","target":{"@type":"EntryPoint","urlTemplate":"https:\/\/websjop.afuk.frl\/nl\/?s={search_term_string}"},"query-input":{"@type":"PropertyValueSpecification","valueRequired":true,"valueName":"search_term_string"}}],"inLanguage":"nl-NL"}]}},"_links":{"self":[{"href":"https:\/\/websjop.afuk.frl\/nl\/wp-json\/wp\/v2\/product\/11564","targetHints":{"allow":["GET"]}}],"collection":[{"href":"https:\/\/websjop.afuk.frl\/nl\/wp-json\/wp\/v2\/product"}],"about":[{"href":"https:\/\/websjop.afuk.frl\/nl\/wp-json\/wp\/v2\/types\/product"}],"replies":[{"embeddable":true,"href":"https:\/\/websjop.afuk.frl\/nl\/wp-json\/wp\/v2\/comments?post=11564"}],"wp:featuredmedia":[{"embeddable":true,"href":"https:\/\/websjop.afuk.frl\/nl\/wp-json\/wp\/v2\/media\/11565"}],"wp:attachment":[{"href":"https:\/\/websjop.afuk.frl\/nl\/wp-json\/wp\/v2\/media?parent=11564"}],"wp:term":[{"taxonomy":"product_brand","embeddable":true,"href":"https:\/\/websjop.afuk.frl\/nl\/wp-json\/wp\/v2\/product_brand?post=11564"},{"taxonomy":"product_cat","embeddable":true,"href":"https:\/\/websjop.afuk.frl\/nl\/wp-json\/wp\/v2\/product_cat?post=11564"},{"taxonomy":"product_tag","embeddable":true,"href":"https:\/\/websjop.afuk.frl\/nl\/wp-json\/wp\/v2\/product_tag?post=11564"}],"curies":[{"name":"wp","href":"https:\/\/api.w.org\/{rel}","templated":true}]}}