{"id":11526,"date":"2018-11-09T16:16:15","date_gmt":"2018-11-09T15:16:15","guid":{"rendered":"https:\/\/websjop.bwhontwerpers.nl\/?post_type=product&#038;p=11526"},"modified":"2019-11-05T16:00:16","modified_gmt":"2019-11-05T15:00:16","slug":"nderweis","status":"publish","type":"product","link":"https:\/\/websjop.afuk.frl\/nl\/winkel\/nderweis\/","title":{"rendered":"\u00dbnderweis"},"content":{"rendered":"<p>Ferhalen fan en oer it plattel\u00e2n fan Bonne Speerstra<\/p>\n<p>Underweis komme jo de moaiste ferhalen tsjin, wit Bonne Speerstra nei in libben as feekeapman en fertsjintwurdiger. Yn dit boek beskriuwt er de meast bys\u00fbndere ferhalen, humoristyske foarfallen en oangripende moetings.<\/p>\n<p>Tagelyk fertelt er de famyljeskiednis fan de Speerstra\u2019s en d\u00earmei ek de \u00fbntjouwing fan it boerelibben yn Frysl\u00e2n.<\/p>\n<p>Yn <em>Underweis<\/em> jout Speerstra mei in myld each en gefoel foar humor stal oan de ferhalen fan en oer it plattel\u00e2n.<\/p>\n","protected":false},"excerpt":{"rendered":"<p>\u00dbnderweis<br \/>\nFerhalen fan en oer it plattel\u00e2n fan Bonne Speerstra<\/p>\n","protected":false},"featured_media":11527,"comment_status":"closed","ping_status":"closed","template":"","meta":{"_acf_changed":false},"product_brand":[],"product_cat":[1040,535,1215],"product_tag":[5497,5325,5496],"class_list":{"0":"post-11526","1":"product","2":"type-product","3":"status-publish","4":"has-post-thumbnail","6":"product_cat-ferhalebondels","7":"product_cat-fryske-boeken","8":"product_cat-romans-en-literatuer","9":"product_tag-bonne-speerstra","10":"product_tag-ferhalen","11":"product_tag-underweis","12":"product_shipping_class-brievenbus-verzending","13":"pa_auteur-bonne-speerstra-2","14":"pa_isbn-3065","15":"pa_taal-frysk","16":"pa_uitgever-bornmeer","18":"first","19":"instock","20":"taxable","21":"shipping-taxable","22":"purchasable","23":"product-type-simple"},"acf":[],"yoast_head":"<!-- This site is optimized with the Yoast SEO plugin v27.2 - https:\/\/yoast.com\/product\/yoast-seo-wordpress\/ -->\n<title>Underweis<\/title>\n<meta name=\"description\" content=\"\u00dbnderweisFerhalen fan en oer it plattel\u00e2n fan Bonne Speerstra\" \/>\n<meta name=\"robots\" content=\"index, follow, max-snippet:-1, max-image-preview:large, max-video-preview:-1\" \/>\n<link rel=\"canonical\" href=\"https:\/\/websjop.afuk.frl\/nl\/winkel\/nderweis\/\" \/>\n<meta property=\"og:locale\" content=\"nl_NL\" \/>\n<meta property=\"og:type\" content=\"article\" \/>\n<meta property=\"og:title\" content=\"Underweis\" \/>\n<meta property=\"og:description\" content=\"\u00dbnderweisFerhalen fan en oer it plattel\u00e2n fan Bonne Speerstra\" \/>\n<meta property=\"og:url\" content=\"https:\/\/websjop.afuk.frl\/nl\/winkel\/nderweis\/\" \/>\n<meta property=\"og:site_name\" content=\"Af\u00fbk Websjop\" \/>\n<meta property=\"article:modified_time\" content=\"2019-11-05T15:00:16+00:00\" \/>\n<meta property=\"og:image\" content=\"https:\/\/websjop.afuk.frl\/wp-content\/uploads\/2018\/11\/products-omslach-underweis-510x600.jpg\" \/>\n\t<meta property=\"og:image:width\" content=\"510\" \/>\n\t<meta property=\"og:image:height\" content=\"600\" \/>\n\t<meta property=\"og:image:type\" content=\"image\/jpeg\" \/>\n<meta name=\"twitter:card\" content=\"summary_large_image\" \/>\n<script type=\"application\/ld+json\" class=\"yoast-schema-graph\">{\"@context\":\"https:\/\/schema.org\",\"@graph\":[{\"@type\":\"WebPage\",\"@id\":\"https:\/\/websjop.afuk.frl\/nl\/winkel\/nderweis\/\",\"url\":\"https:\/\/websjop.afuk.frl\/nl\/winkel\/nderweis\/\",\"name\":\"Underweis\",\"isPartOf\":{\"@id\":\"https:\/\/websjop.afuk.frl\/nl\/#website\"},\"primaryImageOfPage\":{\"@id\":\"https:\/\/websjop.afuk.frl\/nl\/winkel\/nderweis\/#primaryimage\"},\"image\":{\"@id\":\"https:\/\/websjop.afuk.frl\/nl\/winkel\/nderweis\/#primaryimage\"},\"thumbnailUrl\":\"https:\/\/websjop.afuk.frl\/wp-content\/uploads\/2018\/11\/products-omslach-underweis-510x600.jpg\",\"datePublished\":\"2018-11-09T15:16:15+00:00\",\"dateModified\":\"2019-11-05T15:00:16+00:00\",\"description\":\"\u00dbnderweisFerhalen fan en oer it plattel\u00e2n fan Bonne Speerstra\",\"breadcrumb\":{\"@id\":\"https:\/\/websjop.afuk.frl\/nl\/winkel\/nderweis\/#breadcrumb\"},\"inLanguage\":\"nl-NL\",\"potentialAction\":[{\"@type\":\"ReadAction\",\"target\":[\"https:\/\/websjop.afuk.frl\/nl\/winkel\/nderweis\/\"]}]},{\"@type\":\"ImageObject\",\"inLanguage\":\"nl-NL\",\"@id\":\"https:\/\/websjop.afuk.frl\/nl\/winkel\/nderweis\/#primaryimage\",\"url\":\"https:\/\/websjop.afuk.frl\/wp-content\/uploads\/2018\/11\/products-omslach-underweis-510x600.jpg\",\"contentUrl\":\"https:\/\/websjop.afuk.frl\/wp-content\/uploads\/2018\/11\/products-omslach-underweis-510x600.jpg\",\"width\":510,\"height\":600,\"caption\":\"Underweis\"},{\"@type\":\"BreadcrumbList\",\"@id\":\"https:\/\/websjop.afuk.frl\/nl\/winkel\/nderweis\/#breadcrumb\",\"itemListElement\":[{\"@type\":\"ListItem\",\"position\":1,\"name\":\"Home\",\"item\":\"https:\/\/websjop.afuk.frl\/nl\/\"},{\"@type\":\"ListItem\",\"position\":2,\"name\":\"Winkel\",\"item\":\"https:\/\/websjop.afuk.frl\/nl\/winkel\/\"},{\"@type\":\"ListItem\",\"position\":3,\"name\":\"\u00dbnderweis\"}]},{\"@type\":\"WebSite\",\"@id\":\"https:\/\/websjop.afuk.frl\/nl\/#website\",\"url\":\"https:\/\/websjop.afuk.frl\/nl\/\",\"name\":\"Af\u00fbk Websjop\",\"description\":\"\",\"potentialAction\":[{\"@type\":\"SearchAction\",\"target\":{\"@type\":\"EntryPoint\",\"urlTemplate\":\"https:\/\/websjop.afuk.frl\/nl\/?s={search_term_string}\"},\"query-input\":{\"@type\":\"PropertyValueSpecification\",\"valueRequired\":true,\"valueName\":\"search_term_string\"}}],\"inLanguage\":\"nl-NL\"}]}<\/script>\n<!-- \/ Yoast SEO plugin. -->","yoast_head_json":{"title":"Underweis","description":"\u00dbnderweisFerhalen fan en oer it plattel\u00e2n fan Bonne Speerstra","robots":{"index":"index","follow":"follow","max-snippet":"max-snippet:-1","max-image-preview":"max-image-preview:large","max-video-preview":"max-video-preview:-1"},"canonical":"https:\/\/websjop.afuk.frl\/nl\/winkel\/nderweis\/","og_locale":"nl_NL","og_type":"article","og_title":"Underweis","og_description":"\u00dbnderweisFerhalen fan en oer it plattel\u00e2n fan Bonne Speerstra","og_url":"https:\/\/websjop.afuk.frl\/nl\/winkel\/nderweis\/","og_site_name":"Af\u00fbk Websjop","article_modified_time":"2019-11-05T15:00:16+00:00","og_image":[{"width":510,"height":600,"url":"https:\/\/websjop.afuk.frl\/wp-content\/uploads\/2018\/11\/products-omslach-underweis-510x600.jpg","type":"image\/jpeg"}],"twitter_card":"summary_large_image","schema":{"@context":"https:\/\/schema.org","@graph":[{"@type":"WebPage","@id":"https:\/\/websjop.afuk.frl\/nl\/winkel\/nderweis\/","url":"https:\/\/websjop.afuk.frl\/nl\/winkel\/nderweis\/","name":"Underweis","isPartOf":{"@id":"https:\/\/websjop.afuk.frl\/nl\/#website"},"primaryImageOfPage":{"@id":"https:\/\/websjop.afuk.frl\/nl\/winkel\/nderweis\/#primaryimage"},"image":{"@id":"https:\/\/websjop.afuk.frl\/nl\/winkel\/nderweis\/#primaryimage"},"thumbnailUrl":"https:\/\/websjop.afuk.frl\/wp-content\/uploads\/2018\/11\/products-omslach-underweis-510x600.jpg","datePublished":"2018-11-09T15:16:15+00:00","dateModified":"2019-11-05T15:00:16+00:00","description":"\u00dbnderweisFerhalen fan en oer it plattel\u00e2n fan Bonne Speerstra","breadcrumb":{"@id":"https:\/\/websjop.afuk.frl\/nl\/winkel\/nderweis\/#breadcrumb"},"inLanguage":"nl-NL","potentialAction":[{"@type":"ReadAction","target":["https:\/\/websjop.afuk.frl\/nl\/winkel\/nderweis\/"]}]},{"@type":"ImageObject","inLanguage":"nl-NL","@id":"https:\/\/websjop.afuk.frl\/nl\/winkel\/nderweis\/#primaryimage","url":"https:\/\/websjop.afuk.frl\/wp-content\/uploads\/2018\/11\/products-omslach-underweis-510x600.jpg","contentUrl":"https:\/\/websjop.afuk.frl\/wp-content\/uploads\/2018\/11\/products-omslach-underweis-510x600.jpg","width":510,"height":600,"caption":"Underweis"},{"@type":"BreadcrumbList","@id":"https:\/\/websjop.afuk.frl\/nl\/winkel\/nderweis\/#breadcrumb","itemListElement":[{"@type":"ListItem","position":1,"name":"Home","item":"https:\/\/websjop.afuk.frl\/nl\/"},{"@type":"ListItem","position":2,"name":"Winkel","item":"https:\/\/websjop.afuk.frl\/nl\/winkel\/"},{"@type":"ListItem","position":3,"name":"\u00dbnderweis"}]},{"@type":"WebSite","@id":"https:\/\/websjop.afuk.frl\/nl\/#website","url":"https:\/\/websjop.afuk.frl\/nl\/","name":"Af\u00fbk Websjop","description":"","potentialAction":[{"@type":"SearchAction","target":{"@type":"EntryPoint","urlTemplate":"https:\/\/websjop.afuk.frl\/nl\/?s={search_term_string}"},"query-input":{"@type":"PropertyValueSpecification","valueRequired":true,"valueName":"search_term_string"}}],"inLanguage":"nl-NL"}]}},"_links":{"self":[{"href":"https:\/\/websjop.afuk.frl\/nl\/wp-json\/wp\/v2\/product\/11526","targetHints":{"allow":["GET"]}}],"collection":[{"href":"https:\/\/websjop.afuk.frl\/nl\/wp-json\/wp\/v2\/product"}],"about":[{"href":"https:\/\/websjop.afuk.frl\/nl\/wp-json\/wp\/v2\/types\/product"}],"replies":[{"embeddable":true,"href":"https:\/\/websjop.afuk.frl\/nl\/wp-json\/wp\/v2\/comments?post=11526"}],"wp:featuredmedia":[{"embeddable":true,"href":"https:\/\/websjop.afuk.frl\/nl\/wp-json\/wp\/v2\/media\/11527"}],"wp:attachment":[{"href":"https:\/\/websjop.afuk.frl\/nl\/wp-json\/wp\/v2\/media?parent=11526"}],"wp:term":[{"taxonomy":"product_brand","embeddable":true,"href":"https:\/\/websjop.afuk.frl\/nl\/wp-json\/wp\/v2\/product_brand?post=11526"},{"taxonomy":"product_cat","embeddable":true,"href":"https:\/\/websjop.afuk.frl\/nl\/wp-json\/wp\/v2\/product_cat?post=11526"},{"taxonomy":"product_tag","embeddable":true,"href":"https:\/\/websjop.afuk.frl\/nl\/wp-json\/wp\/v2\/product_tag?post=11526"}],"curies":[{"name":"wp","href":"https:\/\/api.w.org\/{rel}","templated":true}]}}