{"id":11491,"date":"2018-10-25T12:41:54","date_gmt":"2018-10-25T11:41:54","guid":{"rendered":"https:\/\/websjop.bwhontwerpers.nl\/?post_type=product&#038;p=11491"},"modified":"2021-10-07T13:21:49","modified_gmt":"2021-10-07T12:21:49","slug":"dreaun-fan-ierde-dream-libben-en-wurk-fan-obe-postma","status":"publish","type":"product","link":"https:\/\/websjop.afuk.frl\/nl\/winkel\/dreaun-fan-ierde-dream-libben-en-wurk-fan-obe-postma\/","title":{"rendered":"Dreaun fan ierde&#8217; dream &#8211; Libben en wurk fan Obe Postma"},"content":{"rendered":"<p><em>Libben en wurk fan Obe Postma<\/em><\/p>\n<p>De D\u00fatse dichter C.F. Gellert sei ea oer in ferstoarn \u00e2ld man dat de grutsten fan syn foartreflikheden wienen: \u2018Er ward gebohren, Er lebte, nahm ein Weib, und starb\u2019. Obe Postma naam sels gjin frou en hie boppedat mar ien dy\u2019t er syn freon neame koe &#8211; hoe saai moat syn biografy wol net w\u00eaze. Mar sa is it net.<br \/>\nIt libben fan Obe Postma hat krekt ryk west. Hy hold him yntinsyf dwaande mei sokke ferskillende dingen as de wis- en natuerwittenskippen, de filosofy en de psychology, de dichtkeunst, de skiednis en it \u00fbnderwiis.<br \/>\nSyn wittenskiplik wurk is ynb\u00eade yn ynternasjonale ferbannen. Syn dichtwurk jout sicht op ynfloedrike po\u00ebzy. Hy hat syn besibbens mei de grutte tinkers en dichters fan syn tiid herkend, har l\u00eazen en ferarbeide, en mear as ien en twa wr\u00e2ldferneamde Nederl\u00e2nske gelearden hat er persoanlik kend. Yn de po\u00ebzy hawwe Rilke, Emily Dickinson en de klassike Sineeske dichters him tige nei lein.<br \/>\nTsjinstellingen wiene der ek. Hy hong oan it libben, woe lokkich w\u00eaze en diel \u00fatmeitsje fan in ienheid, mar wie folslein in man op himsels. By alle geleardheid is de gr\u00fbntoan fan syn bestean mankelikens en syn libben is tekene troch \u00fbnr\u00east en begearen.<br \/>\nIt wie in dreaun man. Hy moast wurkje, hy koe net oars. Oan de ein fan syn libben sei er: \u2018Mar ik haw dien wat ik moast\u2019 en d\u00ear bedoelde er mei dat er it \u00fbnmooglike neistribbe hie.<br \/>\nHy hat it grutte neistribbe. Miskien wie it ek wol in grut man. Hy wurdt ommers net allinnich \u00fbnder fakgenoaten respektearre, mar as dichter hat er ek trouwe leafhawwers yn grutter r\u00fbnten. Hy krige de beide heechste Fryske provinsjale prizen op it gebiet fan literatuer en wittenskip, in unikum yn de skiednis oant hjoeddedei ta. Yn de Fryske kultuer nimt er in bliuwend plak yn. Hy sil noch lang ynspiraasje en herkenning jaan.<\/p>\n<p><em>Ph. H. Breuker wie heechlearaar yn Leien en Amsterdam en hat him jierrenlang dwaande holden mei de st\u00fadzje nei libben en wurk fan Obe Postma, ek yn syn tiid oan de Fryske Akademy.<\/em><\/p>\n","protected":false},"excerpt":{"rendered":"<p>Dreaun fan ierde&#8217; dream<br \/>\nLibben en wurk fan Obe Postma<br \/>\nPhilippus Breuker<\/p>\n","protected":false},"featured_media":11492,"comment_status":"closed","ping_status":"closed","template":"","meta":{"_acf_changed":false},"product_brand":[],"product_cat":[1037,535,19390],"product_tag":[5562],"class_list":{"0":"post-11491","1":"product","2":"type-product","3":"status-publish","4":"has-post-thumbnail","6":"product_cat-biografy","7":"product_cat-fryske-boeken","8":"product_cat-roze-list","9":"product_tag-dreaun-fan-ierde-dream","10":"product_shipping_class-pakketpost-verzending","11":"pa_auteur-philippus-breuker","12":"pa_isbn-5560","13":"pa_taal-frysk","14":"pa_uitgever-wijdemeer","16":"first","17":"instock","18":"taxable","19":"shipping-taxable","20":"purchasable","21":"product-type-simple"},"acf":[],"yoast_head":"<!-- This site is optimized with the Yoast SEO plugin v27.2 - https:\/\/yoast.com\/product\/yoast-seo-wordpress\/ -->\n<title>Dreaun fan ierde&#039; dream - Libben en wurk fan Obe Postma<\/title>\n<meta name=\"description\" content=\"Dreaun fan ierde&#039; dream, Libben en wurk fan Obe Postma, biografy troch Ph. H. Breuker\" \/>\n<meta name=\"robots\" content=\"index, follow, max-snippet:-1, max-image-preview:large, max-video-preview:-1\" \/>\n<link rel=\"canonical\" href=\"https:\/\/websjop.afuk.frl\/nl\/winkel\/dreaun-fan-ierde-dream-libben-en-wurk-fan-obe-postma\/\" \/>\n<meta property=\"og:locale\" content=\"nl_NL\" \/>\n<meta property=\"og:type\" content=\"article\" \/>\n<meta property=\"og:title\" content=\"Dreaun fan ierde&#039; dream - Libben en wurk fan Obe Postma\" \/>\n<meta property=\"og:description\" content=\"Dreaun fan ierde&#039; dream, Libben en wurk fan Obe Postma, biografy troch Ph. H. Breuker\" \/>\n<meta property=\"og:url\" content=\"https:\/\/websjop.afuk.frl\/nl\/winkel\/dreaun-fan-ierde-dream-libben-en-wurk-fan-obe-postma\/\" \/>\n<meta property=\"og:site_name\" content=\"Af\u00fbk Websjop\" \/>\n<meta property=\"article:modified_time\" content=\"2021-10-07T12:21:49+00:00\" \/>\n<meta property=\"og:image\" content=\"https:\/\/websjop.afuk.frl\/wp-content\/uploads\/2018\/10\/products-001_1_3.jpg\" \/>\n\t<meta property=\"og:image:width\" content=\"700\" \/>\n\t<meta property=\"og:image:height\" content=\"976\" \/>\n\t<meta property=\"og:image:type\" content=\"image\/jpeg\" \/>\n<meta name=\"twitter:card\" content=\"summary_large_image\" \/>\n<meta name=\"twitter:label1\" content=\"Geschatte leestijd\" \/>\n\t<meta name=\"twitter:data1\" content=\"2 minuten\" \/>\n<script type=\"application\/ld+json\" class=\"yoast-schema-graph\">{\"@context\":\"https:\/\/schema.org\",\"@graph\":[{\"@type\":\"WebPage\",\"@id\":\"https:\/\/websjop.afuk.frl\/nl\/winkel\/dreaun-fan-ierde-dream-libben-en-wurk-fan-obe-postma\/\",\"url\":\"https:\/\/websjop.afuk.frl\/nl\/winkel\/dreaun-fan-ierde-dream-libben-en-wurk-fan-obe-postma\/\",\"name\":\"Dreaun fan ierde' dream - Libben en wurk fan Obe Postma\",\"isPartOf\":{\"@id\":\"https:\/\/websjop.afuk.frl\/nl\/#website\"},\"primaryImageOfPage\":{\"@id\":\"https:\/\/websjop.afuk.frl\/nl\/winkel\/dreaun-fan-ierde-dream-libben-en-wurk-fan-obe-postma\/#primaryimage\"},\"image\":{\"@id\":\"https:\/\/websjop.afuk.frl\/nl\/winkel\/dreaun-fan-ierde-dream-libben-en-wurk-fan-obe-postma\/#primaryimage\"},\"thumbnailUrl\":\"https:\/\/websjop.afuk.frl\/wp-content\/uploads\/2018\/10\/products-001_1_3.jpg\",\"datePublished\":\"2018-10-25T11:41:54+00:00\",\"dateModified\":\"2021-10-07T12:21:49+00:00\",\"description\":\"Dreaun fan ierde' dream, Libben en wurk fan Obe Postma, biografy troch Ph. H. Breuker\",\"breadcrumb\":{\"@id\":\"https:\/\/websjop.afuk.frl\/nl\/winkel\/dreaun-fan-ierde-dream-libben-en-wurk-fan-obe-postma\/#breadcrumb\"},\"inLanguage\":\"nl-NL\",\"potentialAction\":[{\"@type\":\"ReadAction\",\"target\":[\"https:\/\/websjop.afuk.frl\/nl\/winkel\/dreaun-fan-ierde-dream-libben-en-wurk-fan-obe-postma\/\"]}]},{\"@type\":\"ImageObject\",\"inLanguage\":\"nl-NL\",\"@id\":\"https:\/\/websjop.afuk.frl\/nl\/winkel\/dreaun-fan-ierde-dream-libben-en-wurk-fan-obe-postma\/#primaryimage\",\"url\":\"https:\/\/websjop.afuk.frl\/wp-content\/uploads\/2018\/10\/products-001_1_3.jpg\",\"contentUrl\":\"https:\/\/websjop.afuk.frl\/wp-content\/uploads\/2018\/10\/products-001_1_3.jpg\",\"width\":700,\"height\":976,\"caption\":\"Dreaun fan ierde' dream\"},{\"@type\":\"BreadcrumbList\",\"@id\":\"https:\/\/websjop.afuk.frl\/nl\/winkel\/dreaun-fan-ierde-dream-libben-en-wurk-fan-obe-postma\/#breadcrumb\",\"itemListElement\":[{\"@type\":\"ListItem\",\"position\":1,\"name\":\"Home\",\"item\":\"https:\/\/websjop.afuk.frl\/nl\/\"},{\"@type\":\"ListItem\",\"position\":2,\"name\":\"Winkel\",\"item\":\"https:\/\/websjop.afuk.frl\/nl\/winkel\/\"},{\"@type\":\"ListItem\",\"position\":3,\"name\":\"Dreaun fan ierde&#8217; dream &#8211; Libben en wurk fan Obe Postma\"}]},{\"@type\":\"WebSite\",\"@id\":\"https:\/\/websjop.afuk.frl\/nl\/#website\",\"url\":\"https:\/\/websjop.afuk.frl\/nl\/\",\"name\":\"Af\u00fbk Websjop\",\"description\":\"\",\"potentialAction\":[{\"@type\":\"SearchAction\",\"target\":{\"@type\":\"EntryPoint\",\"urlTemplate\":\"https:\/\/websjop.afuk.frl\/nl\/?s={search_term_string}\"},\"query-input\":{\"@type\":\"PropertyValueSpecification\",\"valueRequired\":true,\"valueName\":\"search_term_string\"}}],\"inLanguage\":\"nl-NL\"}]}<\/script>\n<!-- \/ Yoast SEO plugin. -->","yoast_head_json":{"title":"Dreaun fan ierde' dream - Libben en wurk fan Obe Postma","description":"Dreaun fan ierde' dream, Libben en wurk fan Obe Postma, biografy troch Ph. H. Breuker","robots":{"index":"index","follow":"follow","max-snippet":"max-snippet:-1","max-image-preview":"max-image-preview:large","max-video-preview":"max-video-preview:-1"},"canonical":"https:\/\/websjop.afuk.frl\/nl\/winkel\/dreaun-fan-ierde-dream-libben-en-wurk-fan-obe-postma\/","og_locale":"nl_NL","og_type":"article","og_title":"Dreaun fan ierde' dream - Libben en wurk fan Obe Postma","og_description":"Dreaun fan ierde' dream, Libben en wurk fan Obe Postma, biografy troch Ph. H. Breuker","og_url":"https:\/\/websjop.afuk.frl\/nl\/winkel\/dreaun-fan-ierde-dream-libben-en-wurk-fan-obe-postma\/","og_site_name":"Af\u00fbk Websjop","article_modified_time":"2021-10-07T12:21:49+00:00","og_image":[{"width":700,"height":976,"url":"https:\/\/websjop.afuk.frl\/wp-content\/uploads\/2018\/10\/products-001_1_3.jpg","type":"image\/jpeg"}],"twitter_card":"summary_large_image","twitter_misc":{"Geschatte leestijd":"2 minuten"},"schema":{"@context":"https:\/\/schema.org","@graph":[{"@type":"WebPage","@id":"https:\/\/websjop.afuk.frl\/nl\/winkel\/dreaun-fan-ierde-dream-libben-en-wurk-fan-obe-postma\/","url":"https:\/\/websjop.afuk.frl\/nl\/winkel\/dreaun-fan-ierde-dream-libben-en-wurk-fan-obe-postma\/","name":"Dreaun fan ierde' dream - Libben en wurk fan Obe Postma","isPartOf":{"@id":"https:\/\/websjop.afuk.frl\/nl\/#website"},"primaryImageOfPage":{"@id":"https:\/\/websjop.afuk.frl\/nl\/winkel\/dreaun-fan-ierde-dream-libben-en-wurk-fan-obe-postma\/#primaryimage"},"image":{"@id":"https:\/\/websjop.afuk.frl\/nl\/winkel\/dreaun-fan-ierde-dream-libben-en-wurk-fan-obe-postma\/#primaryimage"},"thumbnailUrl":"https:\/\/websjop.afuk.frl\/wp-content\/uploads\/2018\/10\/products-001_1_3.jpg","datePublished":"2018-10-25T11:41:54+00:00","dateModified":"2021-10-07T12:21:49+00:00","description":"Dreaun fan ierde' dream, Libben en wurk fan Obe Postma, biografy troch Ph. H. Breuker","breadcrumb":{"@id":"https:\/\/websjop.afuk.frl\/nl\/winkel\/dreaun-fan-ierde-dream-libben-en-wurk-fan-obe-postma\/#breadcrumb"},"inLanguage":"nl-NL","potentialAction":[{"@type":"ReadAction","target":["https:\/\/websjop.afuk.frl\/nl\/winkel\/dreaun-fan-ierde-dream-libben-en-wurk-fan-obe-postma\/"]}]},{"@type":"ImageObject","inLanguage":"nl-NL","@id":"https:\/\/websjop.afuk.frl\/nl\/winkel\/dreaun-fan-ierde-dream-libben-en-wurk-fan-obe-postma\/#primaryimage","url":"https:\/\/websjop.afuk.frl\/wp-content\/uploads\/2018\/10\/products-001_1_3.jpg","contentUrl":"https:\/\/websjop.afuk.frl\/wp-content\/uploads\/2018\/10\/products-001_1_3.jpg","width":700,"height":976,"caption":"Dreaun fan ierde' dream"},{"@type":"BreadcrumbList","@id":"https:\/\/websjop.afuk.frl\/nl\/winkel\/dreaun-fan-ierde-dream-libben-en-wurk-fan-obe-postma\/#breadcrumb","itemListElement":[{"@type":"ListItem","position":1,"name":"Home","item":"https:\/\/websjop.afuk.frl\/nl\/"},{"@type":"ListItem","position":2,"name":"Winkel","item":"https:\/\/websjop.afuk.frl\/nl\/winkel\/"},{"@type":"ListItem","position":3,"name":"Dreaun fan ierde&#8217; dream &#8211; Libben en wurk fan Obe Postma"}]},{"@type":"WebSite","@id":"https:\/\/websjop.afuk.frl\/nl\/#website","url":"https:\/\/websjop.afuk.frl\/nl\/","name":"Af\u00fbk Websjop","description":"","potentialAction":[{"@type":"SearchAction","target":{"@type":"EntryPoint","urlTemplate":"https:\/\/websjop.afuk.frl\/nl\/?s={search_term_string}"},"query-input":{"@type":"PropertyValueSpecification","valueRequired":true,"valueName":"search_term_string"}}],"inLanguage":"nl-NL"}]}},"_links":{"self":[{"href":"https:\/\/websjop.afuk.frl\/nl\/wp-json\/wp\/v2\/product\/11491","targetHints":{"allow":["GET"]}}],"collection":[{"href":"https:\/\/websjop.afuk.frl\/nl\/wp-json\/wp\/v2\/product"}],"about":[{"href":"https:\/\/websjop.afuk.frl\/nl\/wp-json\/wp\/v2\/types\/product"}],"replies":[{"embeddable":true,"href":"https:\/\/websjop.afuk.frl\/nl\/wp-json\/wp\/v2\/comments?post=11491"}],"wp:featuredmedia":[{"embeddable":true,"href":"https:\/\/websjop.afuk.frl\/nl\/wp-json\/wp\/v2\/media\/11492"}],"wp:attachment":[{"href":"https:\/\/websjop.afuk.frl\/nl\/wp-json\/wp\/v2\/media?parent=11491"}],"wp:term":[{"taxonomy":"product_brand","embeddable":true,"href":"https:\/\/websjop.afuk.frl\/nl\/wp-json\/wp\/v2\/product_brand?post=11491"},{"taxonomy":"product_cat","embeddable":true,"href":"https:\/\/websjop.afuk.frl\/nl\/wp-json\/wp\/v2\/product_cat?post=11491"},{"taxonomy":"product_tag","embeddable":true,"href":"https:\/\/websjop.afuk.frl\/nl\/wp-json\/wp\/v2\/product_tag?post=11491"}],"curies":[{"name":"wp","href":"https:\/\/api.w.org\/{rel}","templated":true}]}}