{"id":11331,"date":"2019-07-30T11:24:10","date_gmt":"2019-07-30T10:24:10","guid":{"rendered":"https:\/\/websjop.bwhontwerpers.nl\/?post_type=product&#038;p=11331"},"modified":"2024-11-18T13:16:23","modified_gmt":"2024-11-18T12:16:23","slug":"hoe-is-it-yn-de-romte","status":"publish","type":"product","link":"https:\/\/websjop.afuk.frl\/nl\/winkel\/hoe-is-it-yn-de-romte\/","title":{"rendered":"Hoe is it yn de romte?"},"content":{"rendered":"<p>Hoe is het eigenlijk in de ruimte?<br \/>\nHoe kom je daar en waar kun je dan heen?<br \/>\nWat doen astronauten de hele dag?<br \/>\nKunnen wij leven op Mars?<br \/>\nHoe kan ik een astronaut worden?<\/p>\n<p>In dit Friestalige boek kun je deze vragen en nog veel meer vragen lezen. De antwoorden vindt je achter de flapjes.<\/p>\n<p>4-8 jaar<\/p>\n<hr \/>\n<p><em>Carin: &#8220;\u2018Hoe is it yn de romte?\u2019 is een prachtig en vooral leerzaam boek over de ruimte en alles wat zich daar op grote hoogte bevindt. Door middel van duidelijke antwoorden op 43 leuke en grappige vragen kom je er door dit boek veel over te weten! Het boek kan vooral gezien worden als een informatief boek, maar doet \u00e9cht aan als een prentenboek.&#8221; <a href=\"https:\/\/heitenmem.nl\/artikel\/19955\/de-recensie-van-carin-hoe-is-it-yn-de-romte\/\" target=\"_blank\" rel=\"noopener noreferrer\">L\u00eas hjir Carin har hiele resinsje &gt;&gt;&gt;<\/a><\/em><\/p>\n<p><em>Jettie: &#8220;En watfoar flapke fynt Jelmer it moaiste? Dat binne der twa. De pisjende astronaut en de sliepende, f\u00eastb\u00fbn oan de muorre, om net fuort te sweevjen. In yngewikkeld \u00fbnderwerp, mar dit boek h\u00e2ldt it simpel en oersichtlik.&#8221; <a href=\"https:\/\/heitenmem.nl\/artikel\/20034\/de-boekresinsje-fan-jettie-hoe-is-it-yn-de-romte\/\" target=\"_blank\" rel=\"noopener noreferrer\">L\u00eas hjir de folsleine resinsje &gt;&gt;&gt;<\/a><\/em><\/p>\n","protected":false},"excerpt":{"rendered":"<p>Wat&#8217;st altyd al witte woest oer de romte.<br \/>\nBoek mei flapkes.<\/p>\n","protected":false},"featured_media":11332,"comment_status":"closed","ping_status":"closed","template":"","meta":{"_acf_changed":false},"product_brand":[],"product_cat":[1213,550,535,23211],"product_tag":[5981,17001,5979,17002,5978,5938,5982,5980,16999,17000],"class_list":{"0":"post-11331","1":"product","2":"type-product","3":"status-publish","4":"has-post-thumbnail","6":"product_cat-berne-en-jeugdboeken","7":"product_cat-berneboeken-4-8","8":"product_cat-fryske-boeken","9":"product_cat-tema-7-oant-10-jier","10":"product_tag-austronauten","11":"product_tag-flapjes","12":"product_tag-flapkeboek","13":"product_tag-flapkes","14":"product_tag-hoe-is-it-yn-de-romte","15":"product_tag-kartonboek","16":"product_tag-mars","17":"product_tag-romte","18":"product_tag-ruimte","19":"product_tag-ruimteboek","20":"product_shipping_class-brievenbus-verzending","21":"pa_auteur-katie-daynes","22":"pa_isbn-5976","23":"pa_taal-frysk","24":"pa_uitgever-afuk","25":"pa_vertaler-gerda-van-der-wijk","27":"first","28":"instock","29":"taxable","30":"shipping-taxable","31":"purchasable","32":"product-type-simple"},"acf":[],"yoast_head":"<!-- This site is optimized with the Yoast SEO plugin v27.2 - https:\/\/yoast.com\/product\/yoast-seo-wordpress\/ -->\n<title>Hoe is it yn de romte?<\/title>\n<meta name=\"description\" content=\"Hoe is it yn de romte? Frysk Wat ik altyd al witte woe, leeftyd 4-8 jierastronauten Katie Daynes Christine Pym\" \/>\n<meta name=\"robots\" content=\"index, follow, max-snippet:-1, max-image-preview:large, max-video-preview:-1\" \/>\n<link rel=\"canonical\" href=\"https:\/\/websjop.afuk.frl\/nl\/winkel\/hoe-is-it-yn-de-romte\/\" \/>\n<meta property=\"og:locale\" content=\"nl_NL\" \/>\n<meta property=\"og:type\" content=\"article\" \/>\n<meta property=\"og:title\" content=\"Hoe is it yn de romte?\" \/>\n<meta property=\"og:description\" content=\"Hoe is it yn de romte? Frysk Wat ik altyd al witte woe, leeftyd 4-8 jierastronauten Katie Daynes Christine Pym\" \/>\n<meta property=\"og:url\" content=\"https:\/\/websjop.afuk.frl\/nl\/winkel\/hoe-is-it-yn-de-romte\/\" \/>\n<meta property=\"og:site_name\" content=\"Af\u00fbk Websjop\" \/>\n<meta property=\"article:modified_time\" content=\"2024-11-18T12:16:23+00:00\" \/>\n<meta property=\"og:image\" content=\"https:\/\/websjop.afuk.frl\/wp-content\/uploads\/2018\/07\/products-hoe_is_it_yn_de_romte_web_1.jpg\" \/>\n\t<meta property=\"og:image:width\" content=\"693\" \/>\n\t<meta property=\"og:image:height\" content=\"768\" \/>\n\t<meta property=\"og:image:type\" content=\"image\/jpeg\" \/>\n<meta name=\"twitter:card\" content=\"summary_large_image\" \/>\n<meta name=\"twitter:label1\" content=\"Geschatte leestijd\" \/>\n\t<meta name=\"twitter:data1\" content=\"1 minuut\" \/>\n<script type=\"application\/ld+json\" class=\"yoast-schema-graph\">{\"@context\":\"https:\/\/schema.org\",\"@graph\":[{\"@type\":\"WebPage\",\"@id\":\"https:\/\/websjop.afuk.frl\/nl\/winkel\/hoe-is-it-yn-de-romte\/\",\"url\":\"https:\/\/websjop.afuk.frl\/nl\/winkel\/hoe-is-it-yn-de-romte\/\",\"name\":\"Hoe is it yn de romte?\",\"isPartOf\":{\"@id\":\"https:\/\/websjop.afuk.frl\/nl\/#website\"},\"primaryImageOfPage\":{\"@id\":\"https:\/\/websjop.afuk.frl\/nl\/winkel\/hoe-is-it-yn-de-romte\/#primaryimage\"},\"image\":{\"@id\":\"https:\/\/websjop.afuk.frl\/nl\/winkel\/hoe-is-it-yn-de-romte\/#primaryimage\"},\"thumbnailUrl\":\"https:\/\/websjop.afuk.frl\/wp-content\/uploads\/2018\/07\/products-hoe_is_it_yn_de_romte_web_1.jpg\",\"datePublished\":\"2019-07-30T10:24:10+00:00\",\"dateModified\":\"2024-11-18T12:16:23+00:00\",\"description\":\"Hoe is it yn de romte? Frysk Wat ik altyd al witte woe, leeftyd 4-8 jierastronauten Katie Daynes Christine Pym\",\"breadcrumb\":{\"@id\":\"https:\/\/websjop.afuk.frl\/nl\/winkel\/hoe-is-it-yn-de-romte\/#breadcrumb\"},\"inLanguage\":\"nl-NL\",\"potentialAction\":[{\"@type\":\"ReadAction\",\"target\":[\"https:\/\/websjop.afuk.frl\/nl\/winkel\/hoe-is-it-yn-de-romte\/\"]}]},{\"@type\":\"ImageObject\",\"inLanguage\":\"nl-NL\",\"@id\":\"https:\/\/websjop.afuk.frl\/nl\/winkel\/hoe-is-it-yn-de-romte\/#primaryimage\",\"url\":\"https:\/\/websjop.afuk.frl\/wp-content\/uploads\/2018\/07\/products-hoe_is_it_yn_de_romte_web_1.jpg\",\"contentUrl\":\"https:\/\/websjop.afuk.frl\/wp-content\/uploads\/2018\/07\/products-hoe_is_it_yn_de_romte_web_1.jpg\",\"width\":693,\"height\":768,\"caption\":\"Hoe is it yn de romte\"},{\"@type\":\"BreadcrumbList\",\"@id\":\"https:\/\/websjop.afuk.frl\/nl\/winkel\/hoe-is-it-yn-de-romte\/#breadcrumb\",\"itemListElement\":[{\"@type\":\"ListItem\",\"position\":1,\"name\":\"Home\",\"item\":\"https:\/\/websjop.afuk.frl\/nl\/\"},{\"@type\":\"ListItem\",\"position\":2,\"name\":\"Winkel\",\"item\":\"https:\/\/websjop.afuk.frl\/nl\/winkel\/\"},{\"@type\":\"ListItem\",\"position\":3,\"name\":\"Hoe is it yn de romte?\"}]},{\"@type\":\"WebSite\",\"@id\":\"https:\/\/websjop.afuk.frl\/nl\/#website\",\"url\":\"https:\/\/websjop.afuk.frl\/nl\/\",\"name\":\"Af\u00fbk Websjop\",\"description\":\"\",\"potentialAction\":[{\"@type\":\"SearchAction\",\"target\":{\"@type\":\"EntryPoint\",\"urlTemplate\":\"https:\/\/websjop.afuk.frl\/nl\/?s={search_term_string}\"},\"query-input\":{\"@type\":\"PropertyValueSpecification\",\"valueRequired\":true,\"valueName\":\"search_term_string\"}}],\"inLanguage\":\"nl-NL\"}]}<\/script>\n<!-- \/ Yoast SEO plugin. -->","yoast_head_json":{"title":"Hoe is it yn de romte?","description":"Hoe is it yn de romte? Frysk Wat ik altyd al witte woe, leeftyd 4-8 jierastronauten Katie Daynes Christine Pym","robots":{"index":"index","follow":"follow","max-snippet":"max-snippet:-1","max-image-preview":"max-image-preview:large","max-video-preview":"max-video-preview:-1"},"canonical":"https:\/\/websjop.afuk.frl\/nl\/winkel\/hoe-is-it-yn-de-romte\/","og_locale":"nl_NL","og_type":"article","og_title":"Hoe is it yn de romte?","og_description":"Hoe is it yn de romte? Frysk Wat ik altyd al witte woe, leeftyd 4-8 jierastronauten Katie Daynes Christine Pym","og_url":"https:\/\/websjop.afuk.frl\/nl\/winkel\/hoe-is-it-yn-de-romte\/","og_site_name":"Af\u00fbk Websjop","article_modified_time":"2024-11-18T12:16:23+00:00","og_image":[{"width":693,"height":768,"url":"https:\/\/websjop.afuk.frl\/wp-content\/uploads\/2018\/07\/products-hoe_is_it_yn_de_romte_web_1.jpg","type":"image\/jpeg"}],"twitter_card":"summary_large_image","twitter_misc":{"Geschatte leestijd":"1 minuut"},"schema":{"@context":"https:\/\/schema.org","@graph":[{"@type":"WebPage","@id":"https:\/\/websjop.afuk.frl\/nl\/winkel\/hoe-is-it-yn-de-romte\/","url":"https:\/\/websjop.afuk.frl\/nl\/winkel\/hoe-is-it-yn-de-romte\/","name":"Hoe is it yn de romte?","isPartOf":{"@id":"https:\/\/websjop.afuk.frl\/nl\/#website"},"primaryImageOfPage":{"@id":"https:\/\/websjop.afuk.frl\/nl\/winkel\/hoe-is-it-yn-de-romte\/#primaryimage"},"image":{"@id":"https:\/\/websjop.afuk.frl\/nl\/winkel\/hoe-is-it-yn-de-romte\/#primaryimage"},"thumbnailUrl":"https:\/\/websjop.afuk.frl\/wp-content\/uploads\/2018\/07\/products-hoe_is_it_yn_de_romte_web_1.jpg","datePublished":"2019-07-30T10:24:10+00:00","dateModified":"2024-11-18T12:16:23+00:00","description":"Hoe is it yn de romte? Frysk Wat ik altyd al witte woe, leeftyd 4-8 jierastronauten Katie Daynes Christine Pym","breadcrumb":{"@id":"https:\/\/websjop.afuk.frl\/nl\/winkel\/hoe-is-it-yn-de-romte\/#breadcrumb"},"inLanguage":"nl-NL","potentialAction":[{"@type":"ReadAction","target":["https:\/\/websjop.afuk.frl\/nl\/winkel\/hoe-is-it-yn-de-romte\/"]}]},{"@type":"ImageObject","inLanguage":"nl-NL","@id":"https:\/\/websjop.afuk.frl\/nl\/winkel\/hoe-is-it-yn-de-romte\/#primaryimage","url":"https:\/\/websjop.afuk.frl\/wp-content\/uploads\/2018\/07\/products-hoe_is_it_yn_de_romte_web_1.jpg","contentUrl":"https:\/\/websjop.afuk.frl\/wp-content\/uploads\/2018\/07\/products-hoe_is_it_yn_de_romte_web_1.jpg","width":693,"height":768,"caption":"Hoe is it yn de romte"},{"@type":"BreadcrumbList","@id":"https:\/\/websjop.afuk.frl\/nl\/winkel\/hoe-is-it-yn-de-romte\/#breadcrumb","itemListElement":[{"@type":"ListItem","position":1,"name":"Home","item":"https:\/\/websjop.afuk.frl\/nl\/"},{"@type":"ListItem","position":2,"name":"Winkel","item":"https:\/\/websjop.afuk.frl\/nl\/winkel\/"},{"@type":"ListItem","position":3,"name":"Hoe is it yn de romte?"}]},{"@type":"WebSite","@id":"https:\/\/websjop.afuk.frl\/nl\/#website","url":"https:\/\/websjop.afuk.frl\/nl\/","name":"Af\u00fbk Websjop","description":"","potentialAction":[{"@type":"SearchAction","target":{"@type":"EntryPoint","urlTemplate":"https:\/\/websjop.afuk.frl\/nl\/?s={search_term_string}"},"query-input":{"@type":"PropertyValueSpecification","valueRequired":true,"valueName":"search_term_string"}}],"inLanguage":"nl-NL"}]}},"_links":{"self":[{"href":"https:\/\/websjop.afuk.frl\/nl\/wp-json\/wp\/v2\/product\/11331","targetHints":{"allow":["GET"]}}],"collection":[{"href":"https:\/\/websjop.afuk.frl\/nl\/wp-json\/wp\/v2\/product"}],"about":[{"href":"https:\/\/websjop.afuk.frl\/nl\/wp-json\/wp\/v2\/types\/product"}],"replies":[{"embeddable":true,"href":"https:\/\/websjop.afuk.frl\/nl\/wp-json\/wp\/v2\/comments?post=11331"}],"wp:featuredmedia":[{"embeddable":true,"href":"https:\/\/websjop.afuk.frl\/nl\/wp-json\/wp\/v2\/media\/11332"}],"wp:attachment":[{"href":"https:\/\/websjop.afuk.frl\/nl\/wp-json\/wp\/v2\/media?parent=11331"}],"wp:term":[{"taxonomy":"product_brand","embeddable":true,"href":"https:\/\/websjop.afuk.frl\/nl\/wp-json\/wp\/v2\/product_brand?post=11331"},{"taxonomy":"product_cat","embeddable":true,"href":"https:\/\/websjop.afuk.frl\/nl\/wp-json\/wp\/v2\/product_cat?post=11331"},{"taxonomy":"product_tag","embeddable":true,"href":"https:\/\/websjop.afuk.frl\/nl\/wp-json\/wp\/v2\/product_tag?post=11331"}],"curies":[{"name":"wp","href":"https:\/\/api.w.org\/{rel}","templated":true}]}}