{"id":11258,"date":"2024-01-09T08:07:49","date_gmt":"2024-01-09T07:07:49","guid":{"rendered":"https:\/\/websjop.bwhontwerpers.nl\/?post_type=product&#038;p=11258"},"modified":"2026-03-23T10:47:59","modified_gmt":"2026-03-23T09:47:59","slug":"poster-a4-frysk-fries-ik-hald-dy","status":"publish","type":"product","link":"https:\/\/websjop.afuk.frl\/nl\/winkel\/poster-a4-frysk-fries-ik-hald-dy\/","title":{"rendered":"Poster A4 Frysk Fries &#8211; Ik h\u00e2ld dy in bytsje langer f\u00east"},"content":{"rendered":"<p>Mooie poster op A4-formaat voor op bijvoorbeeld de kinderkamer.<\/p>\n<p>&nbsp;<\/p>\n","protected":false},"excerpt":{"rendered":"<p>Mooie poster op A4-formaat voor op bijvoorbeeld de kinderkamer. &nbsp;<\/p>\n","protected":false},"featured_media":35016,"comment_status":"closed","ping_status":"closed","template":"","meta":{"_acf_changed":false},"product_brand":[],"product_cat":[559,1242,565,557],"product_tag":[19220,19221,9349,9727,9728],"class_list":{"0":"post-11258","1":"product","2":"type-product","3":"status-publish","4":"has-post-thumbnail","6":"product_cat-bertekadootsjes","7":"product_cat-fryske-kaarten","8":"product_cat-friese-producten","9":"product_cat-friese-kraamcadeautjes","10":"product_tag-bernekeamer","11":"product_tag-berneposter","12":"product_tag-poster","13":"product_tag-slaapliedje","14":"product_tag-sliepferske","15":"product_shipping_class-brievenbus-verzending","16":"pa_is-een-afuk-product-1-2","17":"pa_new-label-1-3","19":"first","20":"instock","21":"taxable","22":"shipping-taxable","23":"purchasable","24":"product-type-simple"},"acf":[],"yoast_head":"<!-- This site is optimized with the Yoast SEO plugin v27.3 - https:\/\/yoast.com\/product\/yoast-seo-wordpress\/ -->\n<title>Poster A4 Frysk Fries - Ik h\u00e2ld dy in bytsje langer f\u00east &#8211; Af\u00fbk Websjop<\/title>\n<meta name=\"description\" content=\"Leuke poster op A4 formaat met Fries gedichtje van Dieuwke van der Meer. Kijk ook hier voor meer posters voor de kinderkamer met Friese teksten.\" \/>\n<meta name=\"robots\" content=\"index, follow, max-snippet:-1, max-image-preview:large, max-video-preview:-1\" \/>\n<link rel=\"canonical\" href=\"https:\/\/websjop.afuk.frl\/nl\/winkel\/poster-a4-frysk-fries-ik-hald-dy\/\" \/>\n<meta property=\"og:locale\" content=\"nl_NL\" \/>\n<meta property=\"og:type\" content=\"article\" \/>\n<meta property=\"og:title\" content=\"Poster A4 Frysk Fries - Ik h\u00e2ld dy in bytsje langer f\u00east &#8211; Af\u00fbk Websjop\" \/>\n<meta property=\"og:description\" content=\"Leuke poster op A4 formaat met Fries gedichtje van Dieuwke van der Meer. Kijk ook hier voor meer posters voor de kinderkamer met Friese teksten.\" \/>\n<meta property=\"og:url\" content=\"https:\/\/websjop.afuk.frl\/nl\/winkel\/poster-a4-frysk-fries-ik-hald-dy\/\" \/>\n<meta property=\"og:site_name\" content=\"Af\u00fbk Websjop\" \/>\n<meta property=\"article:modified_time\" content=\"2026-03-23T09:47:59+00:00\" \/>\n<meta property=\"og:image\" content=\"https:\/\/websjop.afuk.frl\/wp-content\/uploads\/2021\/01\/lytse-poppe-jungle2-scaled.jpg\" \/>\n\t<meta property=\"og:image:width\" content=\"1810\" \/>\n\t<meta property=\"og:image:height\" content=\"2560\" \/>\n\t<meta property=\"og:image:type\" content=\"image\/jpeg\" \/>\n<meta name=\"twitter:card\" content=\"summary_large_image\" \/>\n<meta name=\"twitter:label1\" content=\"Geschatte leestijd\" \/>\n\t<meta name=\"twitter:data1\" content=\"1 minuut\" \/>\n<script type=\"application\/ld+json\" class=\"yoast-schema-graph\">{\"@context\":\"https:\\\/\\\/schema.org\",\"@graph\":[{\"@type\":\"WebPage\",\"@id\":\"https:\\\/\\\/websjop.afuk.frl\\\/nl\\\/winkel\\\/poster-a4-frysk-fries-ik-hald-dy\\\/\",\"url\":\"https:\\\/\\\/websjop.afuk.frl\\\/nl\\\/winkel\\\/poster-a4-frysk-fries-ik-hald-dy\\\/\",\"name\":\"Poster A4 Frysk Fries - Ik h\u00e2ld dy in bytsje langer f\u00east &#8211; Af\u00fbk Websjop\",\"isPartOf\":{\"@id\":\"https:\\\/\\\/websjop.afuk.frl\\\/nl\\\/#website\"},\"primaryImageOfPage\":{\"@id\":\"https:\\\/\\\/websjop.afuk.frl\\\/nl\\\/winkel\\\/poster-a4-frysk-fries-ik-hald-dy\\\/#primaryimage\"},\"image\":{\"@id\":\"https:\\\/\\\/websjop.afuk.frl\\\/nl\\\/winkel\\\/poster-a4-frysk-fries-ik-hald-dy\\\/#primaryimage\"},\"thumbnailUrl\":\"https:\\\/\\\/websjop.afuk.frl\\\/wp-content\\\/uploads\\\/2021\\\/01\\\/lytse-poppe-jungle2-scaled.jpg\",\"datePublished\":\"2024-01-09T07:07:49+00:00\",\"dateModified\":\"2026-03-23T09:47:59+00:00\",\"description\":\"Leuke poster op A4 formaat met Fries gedichtje van Dieuwke van der Meer. Kijk ook hier voor meer posters voor de kinderkamer met Friese teksten.\",\"breadcrumb\":{\"@id\":\"https:\\\/\\\/websjop.afuk.frl\\\/nl\\\/winkel\\\/poster-a4-frysk-fries-ik-hald-dy\\\/#breadcrumb\"},\"inLanguage\":\"nl-NL\",\"potentialAction\":[{\"@type\":\"ReadAction\",\"target\":[\"https:\\\/\\\/websjop.afuk.frl\\\/nl\\\/winkel\\\/poster-a4-frysk-fries-ik-hald-dy\\\/\"]}]},{\"@type\":\"ImageObject\",\"inLanguage\":\"nl-NL\",\"@id\":\"https:\\\/\\\/websjop.afuk.frl\\\/nl\\\/winkel\\\/poster-a4-frysk-fries-ik-hald-dy\\\/#primaryimage\",\"url\":\"https:\\\/\\\/websjop.afuk.frl\\\/wp-content\\\/uploads\\\/2021\\\/01\\\/lytse-poppe-jungle2-scaled.jpg\",\"contentUrl\":\"https:\\\/\\\/websjop.afuk.frl\\\/wp-content\\\/uploads\\\/2021\\\/01\\\/lytse-poppe-jungle2-scaled.jpg\",\"width\":1810,\"height\":2560},{\"@type\":\"BreadcrumbList\",\"@id\":\"https:\\\/\\\/websjop.afuk.frl\\\/nl\\\/winkel\\\/poster-a4-frysk-fries-ik-hald-dy\\\/#breadcrumb\",\"itemListElement\":[{\"@type\":\"ListItem\",\"position\":1,\"name\":\"Home\",\"item\":\"https:\\\/\\\/websjop.afuk.frl\\\/nl\\\/\"},{\"@type\":\"ListItem\",\"position\":2,\"name\":\"Winkel\",\"item\":\"https:\\\/\\\/websjop.afuk.frl\\\/nl\\\/winkel\\\/\"},{\"@type\":\"ListItem\",\"position\":3,\"name\":\"Poster A4 Frysk Fries &#8211; Ik h\u00e2ld dy in bytsje langer f\u00east\"}]},{\"@type\":\"WebSite\",\"@id\":\"https:\\\/\\\/websjop.afuk.frl\\\/nl\\\/#website\",\"url\":\"https:\\\/\\\/websjop.afuk.frl\\\/nl\\\/\",\"name\":\"Af\u00fbk Websjop\",\"description\":\"\",\"potentialAction\":[{\"@type\":\"SearchAction\",\"target\":{\"@type\":\"EntryPoint\",\"urlTemplate\":\"https:\\\/\\\/websjop.afuk.frl\\\/nl\\\/?s={search_term_string}\"},\"query-input\":{\"@type\":\"PropertyValueSpecification\",\"valueRequired\":true,\"valueName\":\"search_term_string\"}}],\"inLanguage\":\"nl-NL\"}]}<\/script>\n<!-- \/ Yoast SEO plugin. -->","yoast_head_json":{"title":"Poster A4 Frysk Fries - Ik h\u00e2ld dy in bytsje langer f\u00east &#8211; Af\u00fbk Websjop","description":"Leuke poster op A4 formaat met Fries gedichtje van Dieuwke van der Meer. Kijk ook hier voor meer posters voor de kinderkamer met Friese teksten.","robots":{"index":"index","follow":"follow","max-snippet":"max-snippet:-1","max-image-preview":"max-image-preview:large","max-video-preview":"max-video-preview:-1"},"canonical":"https:\/\/websjop.afuk.frl\/nl\/winkel\/poster-a4-frysk-fries-ik-hald-dy\/","og_locale":"nl_NL","og_type":"article","og_title":"Poster A4 Frysk Fries - Ik h\u00e2ld dy in bytsje langer f\u00east &#8211; Af\u00fbk Websjop","og_description":"Leuke poster op A4 formaat met Fries gedichtje van Dieuwke van der Meer. Kijk ook hier voor meer posters voor de kinderkamer met Friese teksten.","og_url":"https:\/\/websjop.afuk.frl\/nl\/winkel\/poster-a4-frysk-fries-ik-hald-dy\/","og_site_name":"Af\u00fbk Websjop","article_modified_time":"2026-03-23T09:47:59+00:00","og_image":[{"width":1810,"height":2560,"url":"https:\/\/websjop.afuk.frl\/wp-content\/uploads\/2021\/01\/lytse-poppe-jungle2-scaled.jpg","type":"image\/jpeg"}],"twitter_card":"summary_large_image","twitter_misc":{"Geschatte leestijd":"1 minuut"},"schema":{"@context":"https:\/\/schema.org","@graph":[{"@type":"WebPage","@id":"https:\/\/websjop.afuk.frl\/nl\/winkel\/poster-a4-frysk-fries-ik-hald-dy\/","url":"https:\/\/websjop.afuk.frl\/nl\/winkel\/poster-a4-frysk-fries-ik-hald-dy\/","name":"Poster A4 Frysk Fries - Ik h\u00e2ld dy in bytsje langer f\u00east &#8211; Af\u00fbk Websjop","isPartOf":{"@id":"https:\/\/websjop.afuk.frl\/nl\/#website"},"primaryImageOfPage":{"@id":"https:\/\/websjop.afuk.frl\/nl\/winkel\/poster-a4-frysk-fries-ik-hald-dy\/#primaryimage"},"image":{"@id":"https:\/\/websjop.afuk.frl\/nl\/winkel\/poster-a4-frysk-fries-ik-hald-dy\/#primaryimage"},"thumbnailUrl":"https:\/\/websjop.afuk.frl\/wp-content\/uploads\/2021\/01\/lytse-poppe-jungle2-scaled.jpg","datePublished":"2024-01-09T07:07:49+00:00","dateModified":"2026-03-23T09:47:59+00:00","description":"Leuke poster op A4 formaat met Fries gedichtje van Dieuwke van der Meer. Kijk ook hier voor meer posters voor de kinderkamer met Friese teksten.","breadcrumb":{"@id":"https:\/\/websjop.afuk.frl\/nl\/winkel\/poster-a4-frysk-fries-ik-hald-dy\/#breadcrumb"},"inLanguage":"nl-NL","potentialAction":[{"@type":"ReadAction","target":["https:\/\/websjop.afuk.frl\/nl\/winkel\/poster-a4-frysk-fries-ik-hald-dy\/"]}]},{"@type":"ImageObject","inLanguage":"nl-NL","@id":"https:\/\/websjop.afuk.frl\/nl\/winkel\/poster-a4-frysk-fries-ik-hald-dy\/#primaryimage","url":"https:\/\/websjop.afuk.frl\/wp-content\/uploads\/2021\/01\/lytse-poppe-jungle2-scaled.jpg","contentUrl":"https:\/\/websjop.afuk.frl\/wp-content\/uploads\/2021\/01\/lytse-poppe-jungle2-scaled.jpg","width":1810,"height":2560},{"@type":"BreadcrumbList","@id":"https:\/\/websjop.afuk.frl\/nl\/winkel\/poster-a4-frysk-fries-ik-hald-dy\/#breadcrumb","itemListElement":[{"@type":"ListItem","position":1,"name":"Home","item":"https:\/\/websjop.afuk.frl\/nl\/"},{"@type":"ListItem","position":2,"name":"Winkel","item":"https:\/\/websjop.afuk.frl\/nl\/winkel\/"},{"@type":"ListItem","position":3,"name":"Poster A4 Frysk Fries &#8211; Ik h\u00e2ld dy in bytsje langer f\u00east"}]},{"@type":"WebSite","@id":"https:\/\/websjop.afuk.frl\/nl\/#website","url":"https:\/\/websjop.afuk.frl\/nl\/","name":"Af\u00fbk Websjop","description":"","potentialAction":[{"@type":"SearchAction","target":{"@type":"EntryPoint","urlTemplate":"https:\/\/websjop.afuk.frl\/nl\/?s={search_term_string}"},"query-input":{"@type":"PropertyValueSpecification","valueRequired":true,"valueName":"search_term_string"}}],"inLanguage":"nl-NL"}]}},"_links":{"self":[{"href":"https:\/\/websjop.afuk.frl\/nl\/wp-json\/wp\/v2\/product\/11258","targetHints":{"allow":["GET"]}}],"collection":[{"href":"https:\/\/websjop.afuk.frl\/nl\/wp-json\/wp\/v2\/product"}],"about":[{"href":"https:\/\/websjop.afuk.frl\/nl\/wp-json\/wp\/v2\/types\/product"}],"replies":[{"embeddable":true,"href":"https:\/\/websjop.afuk.frl\/nl\/wp-json\/wp\/v2\/comments?post=11258"}],"wp:featuredmedia":[{"embeddable":true,"href":"https:\/\/websjop.afuk.frl\/nl\/wp-json\/wp\/v2\/media\/35016"}],"wp:attachment":[{"href":"https:\/\/websjop.afuk.frl\/nl\/wp-json\/wp\/v2\/media?parent=11258"}],"wp:term":[{"taxonomy":"product_brand","embeddable":true,"href":"https:\/\/websjop.afuk.frl\/nl\/wp-json\/wp\/v2\/product_brand?post=11258"},{"taxonomy":"product_cat","embeddable":true,"href":"https:\/\/websjop.afuk.frl\/nl\/wp-json\/wp\/v2\/product_cat?post=11258"},{"taxonomy":"product_tag","embeddable":true,"href":"https:\/\/websjop.afuk.frl\/nl\/wp-json\/wp\/v2\/product_tag?post=11258"}],"curies":[{"name":"wp","href":"https:\/\/api.w.org\/{rel}","templated":true}]}}