{"id":11209,"date":"2018-06-16T12:10:02","date_gmt":"2018-06-16T11:10:02","guid":{"rendered":"https:\/\/websjop.bwhontwerpers.nl\/?post_type=product&#038;p=11209"},"modified":"2025-02-18T13:15:52","modified_gmt":"2025-02-18T12:15:52","slug":"beafeart-nei-saint-martin-rink-van-der-velde","status":"publish","type":"product","link":"https:\/\/websjop.afuk.frl\/nl\/winkel\/beafeart-nei-saint-martin-rink-van-der-velde\/","title":{"rendered":"Beafeart nei Saint-Martin &#8211; Rink van der Velde"},"content":{"rendered":"<p><strong><span style=\"font-size: large\">Beafeart nei Saint-Martin<\/span><\/strong><\/p>\n<p>&nbsp;<\/p>\n<p><span style=\"font-size: medium\"><strong>Rink van der Velde<\/strong><\/span><\/p>\n<p>&nbsp;<\/p>\n<p>In Fryske sjoernalist \u00fbndernimt in beafeart nei Saint-Martin. Yn de oarlochsjierren hat er, as finzene fan de\u00a0D\u00fatskers, yn it konsintraasjekamp fan Troyes sitten.<br \/>\nMei help fan de Maquis, de Fr\u00e2nske \u00fbndergr\u00fbnske, koe\u00a0er flechtsje. Heal as \u00fbnderd\u00fbker, heal as partisaan hat er\u00a0de l\u00easte moannen foar de befrijing tah\u00e2lden op it lytse\u00a0boerespultsje <em>Ferme la Vacherie<\/em> op it Fr\u00e2nske plattel\u00e2n.<\/p>\n<p>&nbsp;<\/p>\n<p>D\u00ear hat er kunde krigen oan Krysta, de jongfaam d\u00ear\u2019t er mear fan h\u00e2lden hat as fan de Fryske frou d\u00ear\u2019t er letter mei troud is. Mar it is net allinne om Krysta \u2013 yntusken\u00a0ek al lang troud \u2013 nochris wer te moetsjen dat er<br \/>\nkrapoan tweintich jier letter syn beafeart oangiet. It is foaral ek om ferantwurding \u00f4f te lizzen oer neambere\u00a0en \u00fbnneambere skuld d\u00ear\u2019t er s\u00fbnt dy tiid altyd mei\u00a0ompakt hat.<\/p>\n<p>&nbsp;<\/p>\n<p>Beafeart nei Saint-Martin\u00a0is in wer\u00fatjefte fan de tredde Fryske roman fan Rink van der Velde (1932-2001).<\/p>\n<p>&nbsp;<\/p>\n<p>&nbsp;<\/p>\n<p>&nbsp;<\/p>\n<p>&nbsp;<\/p>\n<p>&nbsp;<\/p>\n<p>&nbsp;<\/p>\n","protected":false},"excerpt":{"rendered":"<p>Beafeart nei Saint-Martin &#8211; Rink van der Velde<\/p>\n","protected":false},"featured_media":11210,"comment_status":"closed","ping_status":"closed","template":"","meta":{"_acf_changed":false},"product_brand":[],"product_cat":[535,537,1215],"product_tag":[],"class_list":{"0":"post-11209","1":"product","2":"type-product","3":"status-publish","4":"has-post-thumbnail","6":"product_cat-fryske-boeken","7":"product_cat-romans","8":"product_cat-romans-en-literatuer","9":"product_shipping_class-brievenbus-verzending","10":"pa_auteur-1370","11":"pa_is-een-afuk-product-0-2","12":"pa_isbn-2997","13":"pa_new-label-1-3","14":"pa_sale-label-0-3","15":"pa_uitgever-bornmeer","17":"first","18":"instock","19":"taxable","20":"shipping-taxable","21":"purchasable","22":"product-type-simple"},"acf":[],"yoast_head":"<!-- This site is optimized with the Yoast SEO plugin v27.2 - https:\/\/yoast.com\/product\/yoast-seo-wordpress\/ -->\n<title>Beafeart nei Saint-Martin - Rink van der Velde &#8211; Af\u00fbk Websjop<\/title>\n<meta name=\"robots\" content=\"index, follow, max-snippet:-1, max-image-preview:large, max-video-preview:-1\" \/>\n<link rel=\"canonical\" href=\"https:\/\/websjop.afuk.frl\/nl\/winkel\/beafeart-nei-saint-martin-rink-van-der-velde\/\" \/>\n<meta property=\"og:locale\" content=\"nl_NL\" \/>\n<meta property=\"og:type\" content=\"article\" \/>\n<meta property=\"og:title\" content=\"Beafeart nei Saint-Martin - Rink van der Velde &#8211; Af\u00fbk Websjop\" \/>\n<meta property=\"og:description\" content=\"Beafeart nei Saint-Martin - Rink van der Velde\" \/>\n<meta property=\"og:url\" content=\"https:\/\/websjop.afuk.frl\/nl\/winkel\/beafeart-nei-saint-martin-rink-van-der-velde\/\" \/>\n<meta property=\"og:site_name\" content=\"Af\u00fbk Websjop\" \/>\n<meta property=\"article:modified_time\" content=\"2025-02-18T12:15:52+00:00\" \/>\n<meta property=\"og:image\" content=\"https:\/\/websjop.afuk.frl\/wp-content\/uploads\/2018\/06\/products-beafeart-omslag_voorplat-510x600.jpg\" \/>\n\t<meta property=\"og:image:width\" content=\"510\" \/>\n\t<meta property=\"og:image:height\" content=\"600\" \/>\n\t<meta property=\"og:image:type\" content=\"image\/jpeg\" \/>\n<meta name=\"twitter:card\" content=\"summary_large_image\" \/>\n<meta name=\"twitter:label1\" content=\"Geschatte leestijd\" \/>\n\t<meta name=\"twitter:data1\" content=\"1 minuut\" \/>\n<script type=\"application\/ld+json\" class=\"yoast-schema-graph\">{\"@context\":\"https:\/\/schema.org\",\"@graph\":[{\"@type\":\"WebPage\",\"@id\":\"https:\/\/websjop.afuk.frl\/nl\/winkel\/beafeart-nei-saint-martin-rink-van-der-velde\/\",\"url\":\"https:\/\/websjop.afuk.frl\/nl\/winkel\/beafeart-nei-saint-martin-rink-van-der-velde\/\",\"name\":\"Beafeart nei Saint-Martin - Rink van der Velde &#8211; Af\u00fbk Websjop\",\"isPartOf\":{\"@id\":\"https:\/\/websjop.afuk.frl\/nl\/#website\"},\"primaryImageOfPage\":{\"@id\":\"https:\/\/websjop.afuk.frl\/nl\/winkel\/beafeart-nei-saint-martin-rink-van-der-velde\/#primaryimage\"},\"image\":{\"@id\":\"https:\/\/websjop.afuk.frl\/nl\/winkel\/beafeart-nei-saint-martin-rink-van-der-velde\/#primaryimage\"},\"thumbnailUrl\":\"https:\/\/websjop.afuk.frl\/wp-content\/uploads\/2018\/06\/products-beafeart-omslag_voorplat-510x600.jpg\",\"datePublished\":\"2018-06-16T11:10:02+00:00\",\"dateModified\":\"2025-02-18T12:15:52+00:00\",\"breadcrumb\":{\"@id\":\"https:\/\/websjop.afuk.frl\/nl\/winkel\/beafeart-nei-saint-martin-rink-van-der-velde\/#breadcrumb\"},\"inLanguage\":\"nl-NL\",\"potentialAction\":[{\"@type\":\"ReadAction\",\"target\":[\"https:\/\/websjop.afuk.frl\/nl\/winkel\/beafeart-nei-saint-martin-rink-van-der-velde\/\"]}]},{\"@type\":\"ImageObject\",\"inLanguage\":\"nl-NL\",\"@id\":\"https:\/\/websjop.afuk.frl\/nl\/winkel\/beafeart-nei-saint-martin-rink-van-der-velde\/#primaryimage\",\"url\":\"https:\/\/websjop.afuk.frl\/wp-content\/uploads\/2018\/06\/products-beafeart-omslag_voorplat-510x600.jpg\",\"contentUrl\":\"https:\/\/websjop.afuk.frl\/wp-content\/uploads\/2018\/06\/products-beafeart-omslag_voorplat-510x600.jpg\",\"width\":510,\"height\":600},{\"@type\":\"BreadcrumbList\",\"@id\":\"https:\/\/websjop.afuk.frl\/nl\/winkel\/beafeart-nei-saint-martin-rink-van-der-velde\/#breadcrumb\",\"itemListElement\":[{\"@type\":\"ListItem\",\"position\":1,\"name\":\"Home\",\"item\":\"https:\/\/websjop.afuk.frl\/nl\/\"},{\"@type\":\"ListItem\",\"position\":2,\"name\":\"Winkel\",\"item\":\"https:\/\/websjop.afuk.frl\/nl\/winkel\/\"},{\"@type\":\"ListItem\",\"position\":3,\"name\":\"Beafeart nei Saint-Martin &#8211; Rink van der Velde\"}]},{\"@type\":\"WebSite\",\"@id\":\"https:\/\/websjop.afuk.frl\/nl\/#website\",\"url\":\"https:\/\/websjop.afuk.frl\/nl\/\",\"name\":\"Af\u00fbk Websjop\",\"description\":\"\",\"potentialAction\":[{\"@type\":\"SearchAction\",\"target\":{\"@type\":\"EntryPoint\",\"urlTemplate\":\"https:\/\/websjop.afuk.frl\/nl\/?s={search_term_string}\"},\"query-input\":{\"@type\":\"PropertyValueSpecification\",\"valueRequired\":true,\"valueName\":\"search_term_string\"}}],\"inLanguage\":\"nl-NL\"}]}<\/script>\n<!-- \/ Yoast SEO plugin. -->","yoast_head_json":{"title":"Beafeart nei Saint-Martin - Rink van der Velde &#8211; Af\u00fbk Websjop","robots":{"index":"index","follow":"follow","max-snippet":"max-snippet:-1","max-image-preview":"max-image-preview:large","max-video-preview":"max-video-preview:-1"},"canonical":"https:\/\/websjop.afuk.frl\/nl\/winkel\/beafeart-nei-saint-martin-rink-van-der-velde\/","og_locale":"nl_NL","og_type":"article","og_title":"Beafeart nei Saint-Martin - Rink van der Velde &#8211; Af\u00fbk Websjop","og_description":"Beafeart nei Saint-Martin - Rink van der Velde","og_url":"https:\/\/websjop.afuk.frl\/nl\/winkel\/beafeart-nei-saint-martin-rink-van-der-velde\/","og_site_name":"Af\u00fbk Websjop","article_modified_time":"2025-02-18T12:15:52+00:00","og_image":[{"width":510,"height":600,"url":"https:\/\/websjop.afuk.frl\/wp-content\/uploads\/2018\/06\/products-beafeart-omslag_voorplat-510x600.jpg","type":"image\/jpeg"}],"twitter_card":"summary_large_image","twitter_misc":{"Geschatte leestijd":"1 minuut"},"schema":{"@context":"https:\/\/schema.org","@graph":[{"@type":"WebPage","@id":"https:\/\/websjop.afuk.frl\/nl\/winkel\/beafeart-nei-saint-martin-rink-van-der-velde\/","url":"https:\/\/websjop.afuk.frl\/nl\/winkel\/beafeart-nei-saint-martin-rink-van-der-velde\/","name":"Beafeart nei Saint-Martin - Rink van der Velde &#8211; Af\u00fbk Websjop","isPartOf":{"@id":"https:\/\/websjop.afuk.frl\/nl\/#website"},"primaryImageOfPage":{"@id":"https:\/\/websjop.afuk.frl\/nl\/winkel\/beafeart-nei-saint-martin-rink-van-der-velde\/#primaryimage"},"image":{"@id":"https:\/\/websjop.afuk.frl\/nl\/winkel\/beafeart-nei-saint-martin-rink-van-der-velde\/#primaryimage"},"thumbnailUrl":"https:\/\/websjop.afuk.frl\/wp-content\/uploads\/2018\/06\/products-beafeart-omslag_voorplat-510x600.jpg","datePublished":"2018-06-16T11:10:02+00:00","dateModified":"2025-02-18T12:15:52+00:00","breadcrumb":{"@id":"https:\/\/websjop.afuk.frl\/nl\/winkel\/beafeart-nei-saint-martin-rink-van-der-velde\/#breadcrumb"},"inLanguage":"nl-NL","potentialAction":[{"@type":"ReadAction","target":["https:\/\/websjop.afuk.frl\/nl\/winkel\/beafeart-nei-saint-martin-rink-van-der-velde\/"]}]},{"@type":"ImageObject","inLanguage":"nl-NL","@id":"https:\/\/websjop.afuk.frl\/nl\/winkel\/beafeart-nei-saint-martin-rink-van-der-velde\/#primaryimage","url":"https:\/\/websjop.afuk.frl\/wp-content\/uploads\/2018\/06\/products-beafeart-omslag_voorplat-510x600.jpg","contentUrl":"https:\/\/websjop.afuk.frl\/wp-content\/uploads\/2018\/06\/products-beafeart-omslag_voorplat-510x600.jpg","width":510,"height":600},{"@type":"BreadcrumbList","@id":"https:\/\/websjop.afuk.frl\/nl\/winkel\/beafeart-nei-saint-martin-rink-van-der-velde\/#breadcrumb","itemListElement":[{"@type":"ListItem","position":1,"name":"Home","item":"https:\/\/websjop.afuk.frl\/nl\/"},{"@type":"ListItem","position":2,"name":"Winkel","item":"https:\/\/websjop.afuk.frl\/nl\/winkel\/"},{"@type":"ListItem","position":3,"name":"Beafeart nei Saint-Martin &#8211; Rink van der Velde"}]},{"@type":"WebSite","@id":"https:\/\/websjop.afuk.frl\/nl\/#website","url":"https:\/\/websjop.afuk.frl\/nl\/","name":"Af\u00fbk Websjop","description":"","potentialAction":[{"@type":"SearchAction","target":{"@type":"EntryPoint","urlTemplate":"https:\/\/websjop.afuk.frl\/nl\/?s={search_term_string}"},"query-input":{"@type":"PropertyValueSpecification","valueRequired":true,"valueName":"search_term_string"}}],"inLanguage":"nl-NL"}]}},"_links":{"self":[{"href":"https:\/\/websjop.afuk.frl\/nl\/wp-json\/wp\/v2\/product\/11209","targetHints":{"allow":["GET"]}}],"collection":[{"href":"https:\/\/websjop.afuk.frl\/nl\/wp-json\/wp\/v2\/product"}],"about":[{"href":"https:\/\/websjop.afuk.frl\/nl\/wp-json\/wp\/v2\/types\/product"}],"replies":[{"embeddable":true,"href":"https:\/\/websjop.afuk.frl\/nl\/wp-json\/wp\/v2\/comments?post=11209"}],"wp:featuredmedia":[{"embeddable":true,"href":"https:\/\/websjop.afuk.frl\/nl\/wp-json\/wp\/v2\/media\/11210"}],"wp:attachment":[{"href":"https:\/\/websjop.afuk.frl\/nl\/wp-json\/wp\/v2\/media?parent=11209"}],"wp:term":[{"taxonomy":"product_brand","embeddable":true,"href":"https:\/\/websjop.afuk.frl\/nl\/wp-json\/wp\/v2\/product_brand?post=11209"},{"taxonomy":"product_cat","embeddable":true,"href":"https:\/\/websjop.afuk.frl\/nl\/wp-json\/wp\/v2\/product_cat?post=11209"},{"taxonomy":"product_tag","embeddable":true,"href":"https:\/\/websjop.afuk.frl\/nl\/wp-json\/wp\/v2\/product_tag?post=11209"}],"curies":[{"name":"wp","href":"https:\/\/api.w.org\/{rel}","templated":true}]}}