{"id":11130,"date":"2021-01-01T12:38:43","date_gmt":"2021-01-01T11:38:43","guid":{"rendered":"https:\/\/websjop.bwhontwerpers.nl\/?post_type=product&#038;p=11130"},"modified":"2026-01-08T16:00:45","modified_gmt":"2026-01-08T15:00:45","slug":"wer-bisto-lyts-oaljefantsje","status":"publish","type":"product","link":"https:\/\/websjop.afuk.frl\/nl\/winkel\/wer-bisto-lyts-oaljefantsje\/","title":{"rendered":"W\u00ear bisto, lyts oaljefantsje?"},"content":{"rendered":"<p>Kinderen vinden het heerlijk om door de gaatjes van de prachtig ge\u00efllustreerde boek op zoek te gaan naar het kleine olifantje.<\/p>\n<p>1-4 jaar<br \/>\nkartonboekje<\/p>\n<p><a href=\"https:\/\/youtu.be\/7pj58YrkJWU\" target=\"_blank\" rel=\"noopener\">Bekijk hier het filmpje van Tjitsfloch<\/a> waarin het boekje wordt voorgelezen.<\/p>\n<hr \/>\n<p><em>Femke: &#8220;Dit boekje was een groot succes toen onze dochter nog wat jonger was.&#8221;<\/em><\/p>\n<p><em>Tietsje: &#8220;Wy ha it boekje ek en it is al sa faak l\u00eazen dat der al in side \u00fat mist. <\/em><em>Mar sels no moatte we noch faak it boekje l\u00eaze.&#8221;<\/em><\/p>\n","protected":false},"excerpt":{"rendered":"<p>Kinderen vinden het heerlijk om door de gaatjes van de prachtig ge\u00efllustreerde boek op zoek te gaan naar het kleine olifantje. 1-4 jaar kartonboekje Bekijk hier het filmpje van Tjitsfloch waarin het boekje wordt voorgelezen. Femke: &#8220;Dit boekje was een groot succes toen onze dochter nog wat jonger was.&#8221; Tietsje: &#8220;Wy ha it boekje ek [&hellip;]<\/p>\n","protected":false},"featured_media":11131,"comment_status":"closed","ping_status":"closed","template":"","meta":{"_acf_changed":false},"product_brand":[],"product_cat":[1213,549,535,560,557,1221,22478,1215,22888],"product_tag":[18041,6109,6260,16903,16902,6259],"class_list":{"0":"post-11130","1":"product","2":"type-product","3":"status-publish","4":"has-post-thumbnail","6":"product_cat-berne-en-jeugdboeken","7":"product_cat-berneboeken-0-tot-4-jaar","8":"product_cat-fryske-boeken","9":"product_cat-kreamkado-boeken","10":"product_cat-friese-kraamcadeautjes","11":"product_cat-maitiid","12":"product_cat-nationale-voorleesdagen","13":"product_cat-romans-en-literatuer","14":"product_cat-tema-ferstopperke","15":"product_tag-babyboekje","16":"product_tag-bisten","17":"product_tag-oaljefantsje","18":"product_tag-olifant","19":"product_tag-olifantje","20":"product_tag-wer-bisto","21":"product_shipping_class-brievenbus-verzending","22":"pa_auteur-sam-taplin","23":"pa_isbn-2973","24":"pa_taal-frysk","25":"pa_uitgever-afuk","26":"pa_vertaler-rieneke-weidenaar","28":"first","29":"instock","30":"taxable","31":"shipping-taxable","32":"purchasable","33":"product-type-simple"},"acf":[],"yoast_head":"<!-- This site is optimized with the Yoast SEO plugin v27.3 - https:\/\/yoast.com\/product\/yoast-seo-wordpress\/ -->\n<title>W\u00ear bisto, lyts oaljefantsje? &#8211; Af\u00fbk Websjop<\/title>\n<meta name=\"description\" content=\"Kinderen vinden het heerlijk om door de gaatjes van de prachtig ge\u00efllustreerde boek op zoek te gaan naar het kleine olifantje.\" \/>\n<meta name=\"robots\" content=\"index, follow, max-snippet:-1, max-image-preview:large, max-video-preview:-1\" \/>\n<link rel=\"canonical\" href=\"https:\/\/websjop.afuk.frl\/nl\/winkel\/wer-bisto-lyts-oaljefantsje\/\" \/>\n<meta property=\"og:locale\" content=\"nl_NL\" \/>\n<meta property=\"og:type\" content=\"article\" \/>\n<meta property=\"og:title\" content=\"W\u00ear bisto, lyts oaljefantsje? &#8211; Af\u00fbk Websjop\" \/>\n<meta property=\"og:description\" content=\"Kinderen vinden het heerlijk om door de gaatjes van de prachtig ge\u00efllustreerde boek op zoek te gaan naar het kleine olifantje.\" \/>\n<meta property=\"og:url\" content=\"https:\/\/websjop.afuk.frl\/nl\/winkel\/wer-bisto-lyts-oaljefantsje\/\" \/>\n<meta property=\"og:site_name\" content=\"Af\u00fbk Websjop\" \/>\n<meta property=\"article:modified_time\" content=\"2026-01-08T15:00:45+00:00\" \/>\n<meta property=\"og:image\" content=\"https:\/\/websjop.afuk.frl\/wp-content\/uploads\/2018\/04\/products-w_r_bisto_lyts_oaljefantsje_web.jpg\" \/>\n\t<meta property=\"og:image:width\" content=\"699\" \/>\n\t<meta property=\"og:image:height\" content=\"768\" \/>\n\t<meta property=\"og:image:type\" content=\"image\/jpeg\" \/>\n<meta name=\"twitter:card\" content=\"summary_large_image\" \/>\n<meta name=\"twitter:label1\" content=\"Geschatte leestijd\" \/>\n\t<meta name=\"twitter:data1\" content=\"2 minuten\" \/>\n<script type=\"application\/ld+json\" class=\"yoast-schema-graph\">{\"@context\":\"https:\\\/\\\/schema.org\",\"@graph\":[{\"@type\":\"WebPage\",\"@id\":\"https:\\\/\\\/websjop.afuk.frl\\\/nl\\\/winkel\\\/wer-bisto-lyts-oaljefantsje\\\/\",\"url\":\"https:\\\/\\\/websjop.afuk.frl\\\/nl\\\/winkel\\\/wer-bisto-lyts-oaljefantsje\\\/\",\"name\":\"W\u00ear bisto, lyts oaljefantsje? &#8211; Af\u00fbk Websjop\",\"isPartOf\":{\"@id\":\"https:\\\/\\\/websjop.afuk.frl\\\/nl\\\/#website\"},\"primaryImageOfPage\":{\"@id\":\"https:\\\/\\\/websjop.afuk.frl\\\/nl\\\/winkel\\\/wer-bisto-lyts-oaljefantsje\\\/#primaryimage\"},\"image\":{\"@id\":\"https:\\\/\\\/websjop.afuk.frl\\\/nl\\\/winkel\\\/wer-bisto-lyts-oaljefantsje\\\/#primaryimage\"},\"thumbnailUrl\":\"https:\\\/\\\/websjop.afuk.frl\\\/wp-content\\\/uploads\\\/2018\\\/04\\\/products-w_r_bisto_lyts_oaljefantsje_web.jpg\",\"datePublished\":\"2021-01-01T11:38:43+00:00\",\"dateModified\":\"2026-01-08T15:00:45+00:00\",\"description\":\"Kinderen vinden het heerlijk om door de gaatjes van de prachtig ge\u00efllustreerde boek op zoek te gaan naar het kleine olifantje.\",\"breadcrumb\":{\"@id\":\"https:\\\/\\\/websjop.afuk.frl\\\/nl\\\/winkel\\\/wer-bisto-lyts-oaljefantsje\\\/#breadcrumb\"},\"inLanguage\":\"nl-NL\",\"potentialAction\":[{\"@type\":\"ReadAction\",\"target\":[\"https:\\\/\\\/websjop.afuk.frl\\\/nl\\\/winkel\\\/wer-bisto-lyts-oaljefantsje\\\/\"]}]},{\"@type\":\"ImageObject\",\"inLanguage\":\"nl-NL\",\"@id\":\"https:\\\/\\\/websjop.afuk.frl\\\/nl\\\/winkel\\\/wer-bisto-lyts-oaljefantsje\\\/#primaryimage\",\"url\":\"https:\\\/\\\/websjop.afuk.frl\\\/wp-content\\\/uploads\\\/2018\\\/04\\\/products-w_r_bisto_lyts_oaljefantsje_web.jpg\",\"contentUrl\":\"https:\\\/\\\/websjop.afuk.frl\\\/wp-content\\\/uploads\\\/2018\\\/04\\\/products-w_r_bisto_lyts_oaljefantsje_web.jpg\",\"width\":699,\"height\":768,\"caption\":\"W\u00ear bisto Lyts oaljefantsje\"},{\"@type\":\"BreadcrumbList\",\"@id\":\"https:\\\/\\\/websjop.afuk.frl\\\/nl\\\/winkel\\\/wer-bisto-lyts-oaljefantsje\\\/#breadcrumb\",\"itemListElement\":[{\"@type\":\"ListItem\",\"position\":1,\"name\":\"Home\",\"item\":\"https:\\\/\\\/websjop.afuk.frl\\\/nl\\\/\"},{\"@type\":\"ListItem\",\"position\":2,\"name\":\"Winkel\",\"item\":\"https:\\\/\\\/websjop.afuk.frl\\\/nl\\\/winkel\\\/\"},{\"@type\":\"ListItem\",\"position\":3,\"name\":\"W\u00ear bisto, lyts oaljefantsje?\"}]},{\"@type\":\"WebSite\",\"@id\":\"https:\\\/\\\/websjop.afuk.frl\\\/nl\\\/#website\",\"url\":\"https:\\\/\\\/websjop.afuk.frl\\\/nl\\\/\",\"name\":\"Af\u00fbk Websjop\",\"description\":\"\",\"potentialAction\":[{\"@type\":\"SearchAction\",\"target\":{\"@type\":\"EntryPoint\",\"urlTemplate\":\"https:\\\/\\\/websjop.afuk.frl\\\/nl\\\/?s={search_term_string}\"},\"query-input\":{\"@type\":\"PropertyValueSpecification\",\"valueRequired\":true,\"valueName\":\"search_term_string\"}}],\"inLanguage\":\"nl-NL\"}]}<\/script>\n<!-- \/ Yoast SEO plugin. -->","yoast_head_json":{"title":"W\u00ear bisto, lyts oaljefantsje? &#8211; Af\u00fbk Websjop","description":"Kinderen vinden het heerlijk om door de gaatjes van de prachtig ge\u00efllustreerde boek op zoek te gaan naar het kleine olifantje.","robots":{"index":"index","follow":"follow","max-snippet":"max-snippet:-1","max-image-preview":"max-image-preview:large","max-video-preview":"max-video-preview:-1"},"canonical":"https:\/\/websjop.afuk.frl\/nl\/winkel\/wer-bisto-lyts-oaljefantsje\/","og_locale":"nl_NL","og_type":"article","og_title":"W\u00ear bisto, lyts oaljefantsje? &#8211; Af\u00fbk Websjop","og_description":"Kinderen vinden het heerlijk om door de gaatjes van de prachtig ge\u00efllustreerde boek op zoek te gaan naar het kleine olifantje.","og_url":"https:\/\/websjop.afuk.frl\/nl\/winkel\/wer-bisto-lyts-oaljefantsje\/","og_site_name":"Af\u00fbk Websjop","article_modified_time":"2026-01-08T15:00:45+00:00","og_image":[{"width":699,"height":768,"url":"https:\/\/websjop.afuk.frl\/wp-content\/uploads\/2018\/04\/products-w_r_bisto_lyts_oaljefantsje_web.jpg","type":"image\/jpeg"}],"twitter_card":"summary_large_image","twitter_misc":{"Geschatte leestijd":"2 minuten"},"schema":{"@context":"https:\/\/schema.org","@graph":[{"@type":"WebPage","@id":"https:\/\/websjop.afuk.frl\/nl\/winkel\/wer-bisto-lyts-oaljefantsje\/","url":"https:\/\/websjop.afuk.frl\/nl\/winkel\/wer-bisto-lyts-oaljefantsje\/","name":"W\u00ear bisto, lyts oaljefantsje? &#8211; Af\u00fbk Websjop","isPartOf":{"@id":"https:\/\/websjop.afuk.frl\/nl\/#website"},"primaryImageOfPage":{"@id":"https:\/\/websjop.afuk.frl\/nl\/winkel\/wer-bisto-lyts-oaljefantsje\/#primaryimage"},"image":{"@id":"https:\/\/websjop.afuk.frl\/nl\/winkel\/wer-bisto-lyts-oaljefantsje\/#primaryimage"},"thumbnailUrl":"https:\/\/websjop.afuk.frl\/wp-content\/uploads\/2018\/04\/products-w_r_bisto_lyts_oaljefantsje_web.jpg","datePublished":"2021-01-01T11:38:43+00:00","dateModified":"2026-01-08T15:00:45+00:00","description":"Kinderen vinden het heerlijk om door de gaatjes van de prachtig ge\u00efllustreerde boek op zoek te gaan naar het kleine olifantje.","breadcrumb":{"@id":"https:\/\/websjop.afuk.frl\/nl\/winkel\/wer-bisto-lyts-oaljefantsje\/#breadcrumb"},"inLanguage":"nl-NL","potentialAction":[{"@type":"ReadAction","target":["https:\/\/websjop.afuk.frl\/nl\/winkel\/wer-bisto-lyts-oaljefantsje\/"]}]},{"@type":"ImageObject","inLanguage":"nl-NL","@id":"https:\/\/websjop.afuk.frl\/nl\/winkel\/wer-bisto-lyts-oaljefantsje\/#primaryimage","url":"https:\/\/websjop.afuk.frl\/wp-content\/uploads\/2018\/04\/products-w_r_bisto_lyts_oaljefantsje_web.jpg","contentUrl":"https:\/\/websjop.afuk.frl\/wp-content\/uploads\/2018\/04\/products-w_r_bisto_lyts_oaljefantsje_web.jpg","width":699,"height":768,"caption":"W\u00ear bisto Lyts oaljefantsje"},{"@type":"BreadcrumbList","@id":"https:\/\/websjop.afuk.frl\/nl\/winkel\/wer-bisto-lyts-oaljefantsje\/#breadcrumb","itemListElement":[{"@type":"ListItem","position":1,"name":"Home","item":"https:\/\/websjop.afuk.frl\/nl\/"},{"@type":"ListItem","position":2,"name":"Winkel","item":"https:\/\/websjop.afuk.frl\/nl\/winkel\/"},{"@type":"ListItem","position":3,"name":"W\u00ear bisto, lyts oaljefantsje?"}]},{"@type":"WebSite","@id":"https:\/\/websjop.afuk.frl\/nl\/#website","url":"https:\/\/websjop.afuk.frl\/nl\/","name":"Af\u00fbk Websjop","description":"","potentialAction":[{"@type":"SearchAction","target":{"@type":"EntryPoint","urlTemplate":"https:\/\/websjop.afuk.frl\/nl\/?s={search_term_string}"},"query-input":{"@type":"PropertyValueSpecification","valueRequired":true,"valueName":"search_term_string"}}],"inLanguage":"nl-NL"}]}},"_links":{"self":[{"href":"https:\/\/websjop.afuk.frl\/nl\/wp-json\/wp\/v2\/product\/11130","targetHints":{"allow":["GET"]}}],"collection":[{"href":"https:\/\/websjop.afuk.frl\/nl\/wp-json\/wp\/v2\/product"}],"about":[{"href":"https:\/\/websjop.afuk.frl\/nl\/wp-json\/wp\/v2\/types\/product"}],"replies":[{"embeddable":true,"href":"https:\/\/websjop.afuk.frl\/nl\/wp-json\/wp\/v2\/comments?post=11130"}],"wp:featuredmedia":[{"embeddable":true,"href":"https:\/\/websjop.afuk.frl\/nl\/wp-json\/wp\/v2\/media\/11131"}],"wp:attachment":[{"href":"https:\/\/websjop.afuk.frl\/nl\/wp-json\/wp\/v2\/media?parent=11130"}],"wp:term":[{"taxonomy":"product_brand","embeddable":true,"href":"https:\/\/websjop.afuk.frl\/nl\/wp-json\/wp\/v2\/product_brand?post=11130"},{"taxonomy":"product_cat","embeddable":true,"href":"https:\/\/websjop.afuk.frl\/nl\/wp-json\/wp\/v2\/product_cat?post=11130"},{"taxonomy":"product_tag","embeddable":true,"href":"https:\/\/websjop.afuk.frl\/nl\/wp-json\/wp\/v2\/product_tag?post=11130"}],"curies":[{"name":"wp","href":"https:\/\/api.w.org\/{rel}","templated":true}]}}