{"id":11086,"date":"2018-03-27T08:00:31","date_gmt":"2018-03-27T07:00:31","guid":{"rendered":"https:\/\/websjop.bwhontwerpers.nl\/?post_type=product&#038;p=11086"},"modified":"2025-02-27T14:17:06","modified_gmt":"2025-02-27T13:17:06","slug":"de-ljip-sake-p-roodbergen","status":"publish","type":"product","link":"https:\/\/websjop.afuk.frl\/nl\/winkel\/de-ljip-sake-p-roodbergen\/","title":{"rendered":"De Ljip &#8211; Sake P. Roodbergen"},"content":{"rendered":"<div class=\"productImages\"><\/div>\n<p>De Ljip is noch altiten in ikoansoart foar \u00fas hiele l\u00e2n. Yn it foarjier spektakul\u00ear fanwege syn opfallende natuerlike gedrach en fanwege de aaien, w\u00earoer elk jier wol wat te dwaan is. Yn hjerst en mylde winter net te missen fanwege de kolossale groepen ynl\u00e2nske mar benammen ek b\u00fbtenl\u00e2nske ljippen .<br \/>\nDe Ljip hat ek in wichtige rol spile hat yn \u00fas nasjonale histoarje fan natoerbeskerming. In protte minsken fan it earste oere waarden natoerbeskermer omdat se oanstutsen waarden troch harren moeting mei de Ljip en de Skries.<br \/>\nGjin inkelde oare f\u00fbgel hat sa\u2019n sintrale rol spile yn in model fan greidef\u00fbgelbeskerming. In unike d\u00fbbelrol yn in unyk systeem. Oan de iene kant yn de rol fan slachtoffer, fan eksploitearre soart, fan wa\u2019t de aaien socht en fandele waarden, mar oan de oare kant as de \u00fbntfanger fan de beskerming. De Ljip, of presizer noch: it ljipaai, wie de spil yn dat gehiel.<\/p>\n<p>Auteur Sake P. Roodbergen (1945) wie learaar Ingelsk en Biology. Ingelsk op basis fan in M\u00db-akte, Biology fanwege syn b\u00e2n mei de Fryske natoer, dy\u2019t al yn syn jongesjierren yn en om Grou \u00fbntstie. Prominint yn dy natoer wie de Ljip. It sykjen en finen fan de aaien fan dizze greidef\u00fbgel soe syn hiele libben lang in bepalend elemint foarmje. Om\u2019t de skriuwer sterk belutsen wie by sawol de belibbing yn it fjild as by de organisaasje en \u00fatfiering fan de beskerming koe in ryk en boeiend boek \u00fbntstean.<\/p>\n<p>&nbsp;<\/p>\n<p>Utjouwerij Wijdemeer<\/p>\n<p>ISBN: 9789492052452<\/p>\n<p>Tal siden: 216, paperback, mei kleurkatern<\/p>\n","protected":false},"excerpt":{"rendered":"<p>De Ljip &#8211; Sake P. Roodbergen<\/p>\n","protected":false},"featured_media":11087,"comment_status":"closed","ping_status":"closed","template":"","meta":{"_acf_changed":false},"product_brand":[],"product_cat":[535,18568,1221,542,1216],"product_tag":[],"class_list":{"0":"post-11086","1":"product","2":"type-product","3":"status-publish","4":"has-post-thumbnail","6":"product_cat-fryske-boeken","7":"product_cat-fugels-yn-fryslan","8":"product_cat-maitiid","9":"product_cat-natoer","10":"product_cat-natoer-en-toerisme","11":"product_shipping_class-brievenbus-verzending","12":"pa_auteur-sake-p-roodbergen","13":"pa_is-een-afuk-product-0-2","14":"pa_new-label-1-3","15":"pa_sale-label-0-3","17":"first","18":"instock","19":"taxable","20":"shipping-taxable","21":"purchasable","22":"product-type-simple"},"acf":[],"yoast_head":"<!-- This site is optimized with the Yoast SEO plugin v27.2 - https:\/\/yoast.com\/product\/yoast-seo-wordpress\/ -->\n<title>De Ljip - Sake P. Roodbergen &#8211; Af\u00fbk Websjop<\/title>\n<meta name=\"robots\" content=\"index, follow, max-snippet:-1, max-image-preview:large, max-video-preview:-1\" \/>\n<link rel=\"canonical\" href=\"https:\/\/websjop.afuk.frl\/nl\/winkel\/de-ljip-sake-p-roodbergen\/\" \/>\n<meta property=\"og:locale\" content=\"nl_NL\" \/>\n<meta property=\"og:type\" content=\"article\" \/>\n<meta property=\"og:title\" content=\"De Ljip - Sake P. Roodbergen &#8211; Af\u00fbk Websjop\" \/>\n<meta property=\"og:description\" content=\"De Ljip - Sake P. Roodbergen\" \/>\n<meta property=\"og:url\" content=\"https:\/\/websjop.afuk.frl\/nl\/winkel\/de-ljip-sake-p-roodbergen\/\" \/>\n<meta property=\"og:site_name\" content=\"Af\u00fbk Websjop\" \/>\n<meta property=\"article:modified_time\" content=\"2025-02-27T13:17:06+00:00\" \/>\n<meta property=\"og:image\" content=\"https:\/\/websjop.afuk.frl\/wp-content\/uploads\/2018\/03\/products-ljip.jpg\" \/>\n\t<meta property=\"og:image:width\" content=\"213\" \/>\n\t<meta property=\"og:image:height\" content=\"310\" \/>\n\t<meta property=\"og:image:type\" content=\"image\/jpeg\" \/>\n<meta name=\"twitter:card\" content=\"summary_large_image\" \/>\n<meta name=\"twitter:label1\" content=\"Geschatte leestijd\" \/>\n\t<meta name=\"twitter:data1\" content=\"3 minuten\" \/>\n<script type=\"application\/ld+json\" class=\"yoast-schema-graph\">{\"@context\":\"https:\/\/schema.org\",\"@graph\":[{\"@type\":\"WebPage\",\"@id\":\"https:\/\/websjop.afuk.frl\/nl\/winkel\/de-ljip-sake-p-roodbergen\/\",\"url\":\"https:\/\/websjop.afuk.frl\/nl\/winkel\/de-ljip-sake-p-roodbergen\/\",\"name\":\"De Ljip - Sake P. Roodbergen &#8211; Af\u00fbk Websjop\",\"isPartOf\":{\"@id\":\"https:\/\/websjop.afuk.frl\/nl\/#website\"},\"primaryImageOfPage\":{\"@id\":\"https:\/\/websjop.afuk.frl\/nl\/winkel\/de-ljip-sake-p-roodbergen\/#primaryimage\"},\"image\":{\"@id\":\"https:\/\/websjop.afuk.frl\/nl\/winkel\/de-ljip-sake-p-roodbergen\/#primaryimage\"},\"thumbnailUrl\":\"https:\/\/websjop.afuk.frl\/wp-content\/uploads\/2018\/03\/products-ljip.jpg\",\"datePublished\":\"2018-03-27T07:00:31+00:00\",\"dateModified\":\"2025-02-27T13:17:06+00:00\",\"breadcrumb\":{\"@id\":\"https:\/\/websjop.afuk.frl\/nl\/winkel\/de-ljip-sake-p-roodbergen\/#breadcrumb\"},\"inLanguage\":\"nl-NL\",\"potentialAction\":[{\"@type\":\"ReadAction\",\"target\":[\"https:\/\/websjop.afuk.frl\/nl\/winkel\/de-ljip-sake-p-roodbergen\/\"]}]},{\"@type\":\"ImageObject\",\"inLanguage\":\"nl-NL\",\"@id\":\"https:\/\/websjop.afuk.frl\/nl\/winkel\/de-ljip-sake-p-roodbergen\/#primaryimage\",\"url\":\"https:\/\/websjop.afuk.frl\/wp-content\/uploads\/2018\/03\/products-ljip.jpg\",\"contentUrl\":\"https:\/\/websjop.afuk.frl\/wp-content\/uploads\/2018\/03\/products-ljip.jpg\",\"width\":213,\"height\":310},{\"@type\":\"BreadcrumbList\",\"@id\":\"https:\/\/websjop.afuk.frl\/nl\/winkel\/de-ljip-sake-p-roodbergen\/#breadcrumb\",\"itemListElement\":[{\"@type\":\"ListItem\",\"position\":1,\"name\":\"Home\",\"item\":\"https:\/\/websjop.afuk.frl\/nl\/\"},{\"@type\":\"ListItem\",\"position\":2,\"name\":\"Winkel\",\"item\":\"https:\/\/websjop.afuk.frl\/nl\/winkel\/\"},{\"@type\":\"ListItem\",\"position\":3,\"name\":\"De Ljip &#8211; Sake P. Roodbergen\"}]},{\"@type\":\"WebSite\",\"@id\":\"https:\/\/websjop.afuk.frl\/nl\/#website\",\"url\":\"https:\/\/websjop.afuk.frl\/nl\/\",\"name\":\"Af\u00fbk Websjop\",\"description\":\"\",\"potentialAction\":[{\"@type\":\"SearchAction\",\"target\":{\"@type\":\"EntryPoint\",\"urlTemplate\":\"https:\/\/websjop.afuk.frl\/nl\/?s={search_term_string}\"},\"query-input\":{\"@type\":\"PropertyValueSpecification\",\"valueRequired\":true,\"valueName\":\"search_term_string\"}}],\"inLanguage\":\"nl-NL\"}]}<\/script>\n<!-- \/ Yoast SEO plugin. -->","yoast_head_json":{"title":"De Ljip - Sake P. Roodbergen &#8211; Af\u00fbk Websjop","robots":{"index":"index","follow":"follow","max-snippet":"max-snippet:-1","max-image-preview":"max-image-preview:large","max-video-preview":"max-video-preview:-1"},"canonical":"https:\/\/websjop.afuk.frl\/nl\/winkel\/de-ljip-sake-p-roodbergen\/","og_locale":"nl_NL","og_type":"article","og_title":"De Ljip - Sake P. Roodbergen &#8211; Af\u00fbk Websjop","og_description":"De Ljip - Sake P. Roodbergen","og_url":"https:\/\/websjop.afuk.frl\/nl\/winkel\/de-ljip-sake-p-roodbergen\/","og_site_name":"Af\u00fbk Websjop","article_modified_time":"2025-02-27T13:17:06+00:00","og_image":[{"width":213,"height":310,"url":"https:\/\/websjop.afuk.frl\/wp-content\/uploads\/2018\/03\/products-ljip.jpg","type":"image\/jpeg"}],"twitter_card":"summary_large_image","twitter_misc":{"Geschatte leestijd":"3 minuten"},"schema":{"@context":"https:\/\/schema.org","@graph":[{"@type":"WebPage","@id":"https:\/\/websjop.afuk.frl\/nl\/winkel\/de-ljip-sake-p-roodbergen\/","url":"https:\/\/websjop.afuk.frl\/nl\/winkel\/de-ljip-sake-p-roodbergen\/","name":"De Ljip - Sake P. Roodbergen &#8211; Af\u00fbk Websjop","isPartOf":{"@id":"https:\/\/websjop.afuk.frl\/nl\/#website"},"primaryImageOfPage":{"@id":"https:\/\/websjop.afuk.frl\/nl\/winkel\/de-ljip-sake-p-roodbergen\/#primaryimage"},"image":{"@id":"https:\/\/websjop.afuk.frl\/nl\/winkel\/de-ljip-sake-p-roodbergen\/#primaryimage"},"thumbnailUrl":"https:\/\/websjop.afuk.frl\/wp-content\/uploads\/2018\/03\/products-ljip.jpg","datePublished":"2018-03-27T07:00:31+00:00","dateModified":"2025-02-27T13:17:06+00:00","breadcrumb":{"@id":"https:\/\/websjop.afuk.frl\/nl\/winkel\/de-ljip-sake-p-roodbergen\/#breadcrumb"},"inLanguage":"nl-NL","potentialAction":[{"@type":"ReadAction","target":["https:\/\/websjop.afuk.frl\/nl\/winkel\/de-ljip-sake-p-roodbergen\/"]}]},{"@type":"ImageObject","inLanguage":"nl-NL","@id":"https:\/\/websjop.afuk.frl\/nl\/winkel\/de-ljip-sake-p-roodbergen\/#primaryimage","url":"https:\/\/websjop.afuk.frl\/wp-content\/uploads\/2018\/03\/products-ljip.jpg","contentUrl":"https:\/\/websjop.afuk.frl\/wp-content\/uploads\/2018\/03\/products-ljip.jpg","width":213,"height":310},{"@type":"BreadcrumbList","@id":"https:\/\/websjop.afuk.frl\/nl\/winkel\/de-ljip-sake-p-roodbergen\/#breadcrumb","itemListElement":[{"@type":"ListItem","position":1,"name":"Home","item":"https:\/\/websjop.afuk.frl\/nl\/"},{"@type":"ListItem","position":2,"name":"Winkel","item":"https:\/\/websjop.afuk.frl\/nl\/winkel\/"},{"@type":"ListItem","position":3,"name":"De Ljip &#8211; Sake P. Roodbergen"}]},{"@type":"WebSite","@id":"https:\/\/websjop.afuk.frl\/nl\/#website","url":"https:\/\/websjop.afuk.frl\/nl\/","name":"Af\u00fbk Websjop","description":"","potentialAction":[{"@type":"SearchAction","target":{"@type":"EntryPoint","urlTemplate":"https:\/\/websjop.afuk.frl\/nl\/?s={search_term_string}"},"query-input":{"@type":"PropertyValueSpecification","valueRequired":true,"valueName":"search_term_string"}}],"inLanguage":"nl-NL"}]}},"_links":{"self":[{"href":"https:\/\/websjop.afuk.frl\/nl\/wp-json\/wp\/v2\/product\/11086","targetHints":{"allow":["GET"]}}],"collection":[{"href":"https:\/\/websjop.afuk.frl\/nl\/wp-json\/wp\/v2\/product"}],"about":[{"href":"https:\/\/websjop.afuk.frl\/nl\/wp-json\/wp\/v2\/types\/product"}],"replies":[{"embeddable":true,"href":"https:\/\/websjop.afuk.frl\/nl\/wp-json\/wp\/v2\/comments?post=11086"}],"wp:featuredmedia":[{"embeddable":true,"href":"https:\/\/websjop.afuk.frl\/nl\/wp-json\/wp\/v2\/media\/11087"}],"wp:attachment":[{"href":"https:\/\/websjop.afuk.frl\/nl\/wp-json\/wp\/v2\/media?parent=11086"}],"wp:term":[{"taxonomy":"product_brand","embeddable":true,"href":"https:\/\/websjop.afuk.frl\/nl\/wp-json\/wp\/v2\/product_brand?post=11086"},{"taxonomy":"product_cat","embeddable":true,"href":"https:\/\/websjop.afuk.frl\/nl\/wp-json\/wp\/v2\/product_cat?post=11086"},{"taxonomy":"product_tag","embeddable":true,"href":"https:\/\/websjop.afuk.frl\/nl\/wp-json\/wp\/v2\/product_tag?post=11086"}],"curies":[{"name":"wp","href":"https:\/\/api.w.org\/{rel}","templated":true}]}}