{"id":11057,"date":"2021-01-25T16:39:14","date_gmt":"2021-01-25T15:39:14","guid":{"rendered":"https:\/\/websjop.bwhontwerpers.nl\/?post_type=product&#038;p=11057"},"modified":"2025-08-18T13:10:16","modified_gmt":"2025-08-18T11:10:16","slug":"sipke-s-elfstedentocht-sipke-syn-alvestedetocht","status":"publish","type":"product","link":"https:\/\/websjop.afuk.frl\/nl\/winkel\/sipke-s-elfstedentocht-sipke-syn-alvestedetocht\/","title":{"rendered":"Sipke\u2019s Elfstedentocht \/ Sipke syn Alvest\u00eadetocht"},"content":{"rendered":"<p>Opa spitsmuis doet mee aan de Elfstedentocht, dat vindt hij het mooiste wat er bestaat. Wat hij niet weet is dat Sipke, zijn kleinzoon, zich stiekem in zijn tas verstopt heeft, want ook Sipke wilde zo graag mee rijden en Friesland zien.<\/p>\n<p><em>Tweetalig boekje: Fries en Nederlands.<br \/>\nLeeftijd: 4+<\/em><\/p>\n<p>&#8212;&#8212;&#8212;&#8212;&#8212;<\/p>\n<p><em>Erika van Steensel: &#8220;Wat witte \u00fas bern tsjintwurdich noch fan echte winters? Winterske winters mei reedride, \u2018koek-en-zopie\u2019 en de tocht der tochten? Mei in bytsje lok komt de slide dit jier noch fan \u2018e fliering. In moai (Alvest\u00eade)bregje nei de wurdskat, want dy wurdt moai \u00fatwreide mei dit boekje. Wurden as redens, klune, stimpel, skuor, dweiltrochwiet, s\u00e2niis, blier, beferzen, pylken, dweilorkest, kr\u00faske en houtsjes krije troch dit ferhaal betsjutting.&#8221; <a href=\"https:\/\/heitenmem.nl\/artikel\/20755\/sipke-syn-alvestedetocht-troch-erika-van-steensel\/\" target=\"_blank\" rel=\"noopener\">L\u00eas hjir de folseine resinsje.<\/a><\/em><\/p>\n<p>Reina: <em>&#8220;Gouden Boekjes hawwe wat spesjaals. Wat ik sa aardich f\u00fbn oan dit boekje, is dat ik Jesler en Nine meinimme koe nei de tiid dat ik sels bern wie en de Alvest\u00eadetocht efterh\u00fbs delkaam. Ik koe se op dizze manier fertelle hoe moai en bys\u00fbnder oft dat wie. Se krigen der suver al sin yn en ik ek, wa wit!&#8221; <a href=\"https:\/\/heitenmem.nl\/artikel\/20776\/resinsje-sipke-syn-alvestedetocht\/\" target=\"_blank\" rel=\"noopener\">L\u00eas hjir de folseine resinsje.<\/a><\/em><\/p>\n<p>&nbsp;<\/p>\n","protected":false},"excerpt":{"rendered":"<p>Unyk twatalich Gouden Boekje mei yllustraasjes fan Harmen van Straaten.<\/p>\n<p>Auteur:Lida Dykstra<\/p>\n<p>&nbsp;<\/p>\n<p>&nbsp;<\/p>\n<p><span style=\"color: #000080;font-size: small\"><strong>\u00a0<\/strong><\/span><\/p>\n<p>&nbsp;<\/p>\n<p><span style=\"color: #800080\">\u00a0<\/span><\/p>\n<p>&nbsp;<\/p>\n","protected":false},"featured_media":11058,"comment_status":"closed","ping_status":"closed","template":"","meta":{"_acf_changed":false},"product_brand":[],"product_cat":[1213,549,550,551,535,1255,7977,21286,22914,22393,9316],"product_tag":[5628,5342,5625,5626,5627],"class_list":{"0":"post-11057","1":"product","2":"type-product","3":"status-publish","4":"has-post-thumbnail","6":"product_cat-berne-en-jeugdboeken","7":"product_cat-berneboeken-0-tot-4-jaar","8":"product_cat-berneboeken-4-8","9":"product_cat-berneboeken-8-12","10":"product_cat-fryske-boeken","11":"product_cat-kado-s-foar-de-feestdagen","12":"product_cat-krystkados","13":"product_cat-skoechkadootsjes","14":"product_cat-tema-meartalich","15":"product_cat-tema-winter-foar-jonge-bern","16":"product_cat-winter","17":"product_tag-alvestedetocht","18":"product_tag-elfstedentocht","19":"product_tag-sipke","20":"product_tag-sipke-syn-alvestedentocht","21":"product_tag-sipkes-elfstedentocht","22":"product_shipping_class-brievenbus-verzending","23":"pa_auteur-lida-dykstra","24":"pa_isbn-2946","25":"pa_taal-frysk","26":"pa_taal-nederlands","27":"pa_uitgever-rubinstein","29":"first","30":"instock","31":"taxable","32":"shipping-taxable","33":"purchasable","34":"product-type-simple"},"acf":[],"yoast_head":"<!-- This site is optimized with the Yoast SEO plugin v27.3 - https:\/\/yoast.com\/product\/yoast-seo-wordpress\/ -->\n<title>Sipke\u2019s Elfstedentocht \/ Sipke syn Alvest\u00eadetocht &#8211; Af\u00fbk Websjop<\/title>\n<meta name=\"description\" content=\"Tweetalig kinderboekje (Fries en Nederlands) over de elfstedentocht. Boekje is op rijm.\" \/>\n<meta name=\"robots\" content=\"index, follow, max-snippet:-1, max-image-preview:large, max-video-preview:-1\" \/>\n<link rel=\"canonical\" href=\"https:\/\/websjop.afuk.frl\/nl\/winkel\/sipke-s-elfstedentocht-sipke-syn-alvestedetocht\/\" \/>\n<meta property=\"og:locale\" content=\"nl_NL\" \/>\n<meta property=\"og:type\" content=\"article\" \/>\n<meta property=\"og:title\" content=\"Sipke\u2019s Elfstedentocht \/ Sipke syn Alvest\u00eadetocht &#8211; Af\u00fbk Websjop\" \/>\n<meta property=\"og:description\" content=\"Tweetalig kinderboekje (Fries en Nederlands) over de elfstedentocht. Boekje is op rijm.\" \/>\n<meta property=\"og:url\" content=\"https:\/\/websjop.afuk.frl\/nl\/winkel\/sipke-s-elfstedentocht-sipke-syn-alvestedetocht\/\" \/>\n<meta property=\"og:site_name\" content=\"Af\u00fbk Websjop\" \/>\n<meta property=\"article:modified_time\" content=\"2025-08-18T11:10:16+00:00\" \/>\n<meta property=\"og:image\" content=\"https:\/\/websjop.afuk.frl\/wp-content\/uploads\/2018\/02\/products-sipke_syn_alvest_detocht_eweb.jpg\" \/>\n\t<meta property=\"og:image:width\" content=\"665\" \/>\n\t<meta property=\"og:image:height\" content=\"768\" \/>\n\t<meta property=\"og:image:type\" content=\"image\/jpeg\" \/>\n<meta name=\"twitter:card\" content=\"summary_large_image\" \/>\n<meta name=\"twitter:label1\" content=\"Geschatte leestijd\" \/>\n\t<meta name=\"twitter:data1\" content=\"1 minuut\" \/>\n<script type=\"application\/ld+json\" class=\"yoast-schema-graph\">{\"@context\":\"https:\\\/\\\/schema.org\",\"@graph\":[{\"@type\":\"WebPage\",\"@id\":\"https:\\\/\\\/websjop.afuk.frl\\\/nl\\\/winkel\\\/sipke-s-elfstedentocht-sipke-syn-alvestedetocht\\\/\",\"url\":\"https:\\\/\\\/websjop.afuk.frl\\\/nl\\\/winkel\\\/sipke-s-elfstedentocht-sipke-syn-alvestedetocht\\\/\",\"name\":\"Sipke\u2019s Elfstedentocht \\\/ Sipke syn Alvest\u00eadetocht &#8211; Af\u00fbk Websjop\",\"isPartOf\":{\"@id\":\"https:\\\/\\\/websjop.afuk.frl\\\/nl\\\/#website\"},\"primaryImageOfPage\":{\"@id\":\"https:\\\/\\\/websjop.afuk.frl\\\/nl\\\/winkel\\\/sipke-s-elfstedentocht-sipke-syn-alvestedetocht\\\/#primaryimage\"},\"image\":{\"@id\":\"https:\\\/\\\/websjop.afuk.frl\\\/nl\\\/winkel\\\/sipke-s-elfstedentocht-sipke-syn-alvestedetocht\\\/#primaryimage\"},\"thumbnailUrl\":\"https:\\\/\\\/websjop.afuk.frl\\\/wp-content\\\/uploads\\\/2018\\\/02\\\/products-sipke_syn_alvest_detocht_eweb.jpg\",\"datePublished\":\"2021-01-25T15:39:14+00:00\",\"dateModified\":\"2025-08-18T11:10:16+00:00\",\"description\":\"Tweetalig kinderboekje (Fries en Nederlands) over de elfstedentocht. Boekje is op rijm.\",\"breadcrumb\":{\"@id\":\"https:\\\/\\\/websjop.afuk.frl\\\/nl\\\/winkel\\\/sipke-s-elfstedentocht-sipke-syn-alvestedetocht\\\/#breadcrumb\"},\"inLanguage\":\"nl-NL\",\"potentialAction\":[{\"@type\":\"ReadAction\",\"target\":[\"https:\\\/\\\/websjop.afuk.frl\\\/nl\\\/winkel\\\/sipke-s-elfstedentocht-sipke-syn-alvestedetocht\\\/\"]}]},{\"@type\":\"ImageObject\",\"inLanguage\":\"nl-NL\",\"@id\":\"https:\\\/\\\/websjop.afuk.frl\\\/nl\\\/winkel\\\/sipke-s-elfstedentocht-sipke-syn-alvestedetocht\\\/#primaryimage\",\"url\":\"https:\\\/\\\/websjop.afuk.frl\\\/wp-content\\\/uploads\\\/2018\\\/02\\\/products-sipke_syn_alvest_detocht_eweb.jpg\",\"contentUrl\":\"https:\\\/\\\/websjop.afuk.frl\\\/wp-content\\\/uploads\\\/2018\\\/02\\\/products-sipke_syn_alvest_detocht_eweb.jpg\",\"width\":665,\"height\":768,\"caption\":\"Sipke syn alvest\u00eadentocht\"},{\"@type\":\"BreadcrumbList\",\"@id\":\"https:\\\/\\\/websjop.afuk.frl\\\/nl\\\/winkel\\\/sipke-s-elfstedentocht-sipke-syn-alvestedetocht\\\/#breadcrumb\",\"itemListElement\":[{\"@type\":\"ListItem\",\"position\":1,\"name\":\"Home\",\"item\":\"https:\\\/\\\/websjop.afuk.frl\\\/nl\\\/\"},{\"@type\":\"ListItem\",\"position\":2,\"name\":\"Winkel\",\"item\":\"https:\\\/\\\/websjop.afuk.frl\\\/nl\\\/winkel\\\/\"},{\"@type\":\"ListItem\",\"position\":3,\"name\":\"Sipke\u2019s Elfstedentocht \\\/ Sipke syn Alvest\u00eadetocht\"}]},{\"@type\":\"WebSite\",\"@id\":\"https:\\\/\\\/websjop.afuk.frl\\\/nl\\\/#website\",\"url\":\"https:\\\/\\\/websjop.afuk.frl\\\/nl\\\/\",\"name\":\"Af\u00fbk Websjop\",\"description\":\"\",\"potentialAction\":[{\"@type\":\"SearchAction\",\"target\":{\"@type\":\"EntryPoint\",\"urlTemplate\":\"https:\\\/\\\/websjop.afuk.frl\\\/nl\\\/?s={search_term_string}\"},\"query-input\":{\"@type\":\"PropertyValueSpecification\",\"valueRequired\":true,\"valueName\":\"search_term_string\"}}],\"inLanguage\":\"nl-NL\"}]}<\/script>\n<!-- \/ Yoast SEO plugin. -->","yoast_head_json":{"title":"Sipke\u2019s Elfstedentocht \/ Sipke syn Alvest\u00eadetocht &#8211; Af\u00fbk Websjop","description":"Tweetalig kinderboekje (Fries en Nederlands) over de elfstedentocht. Boekje is op rijm.","robots":{"index":"index","follow":"follow","max-snippet":"max-snippet:-1","max-image-preview":"max-image-preview:large","max-video-preview":"max-video-preview:-1"},"canonical":"https:\/\/websjop.afuk.frl\/nl\/winkel\/sipke-s-elfstedentocht-sipke-syn-alvestedetocht\/","og_locale":"nl_NL","og_type":"article","og_title":"Sipke\u2019s Elfstedentocht \/ Sipke syn Alvest\u00eadetocht &#8211; Af\u00fbk Websjop","og_description":"Tweetalig kinderboekje (Fries en Nederlands) over de elfstedentocht. Boekje is op rijm.","og_url":"https:\/\/websjop.afuk.frl\/nl\/winkel\/sipke-s-elfstedentocht-sipke-syn-alvestedetocht\/","og_site_name":"Af\u00fbk Websjop","article_modified_time":"2025-08-18T11:10:16+00:00","og_image":[{"width":665,"height":768,"url":"https:\/\/websjop.afuk.frl\/wp-content\/uploads\/2018\/02\/products-sipke_syn_alvest_detocht_eweb.jpg","type":"image\/jpeg"}],"twitter_card":"summary_large_image","twitter_misc":{"Geschatte leestijd":"1 minuut"},"schema":{"@context":"https:\/\/schema.org","@graph":[{"@type":"WebPage","@id":"https:\/\/websjop.afuk.frl\/nl\/winkel\/sipke-s-elfstedentocht-sipke-syn-alvestedetocht\/","url":"https:\/\/websjop.afuk.frl\/nl\/winkel\/sipke-s-elfstedentocht-sipke-syn-alvestedetocht\/","name":"Sipke\u2019s Elfstedentocht \/ Sipke syn Alvest\u00eadetocht &#8211; Af\u00fbk Websjop","isPartOf":{"@id":"https:\/\/websjop.afuk.frl\/nl\/#website"},"primaryImageOfPage":{"@id":"https:\/\/websjop.afuk.frl\/nl\/winkel\/sipke-s-elfstedentocht-sipke-syn-alvestedetocht\/#primaryimage"},"image":{"@id":"https:\/\/websjop.afuk.frl\/nl\/winkel\/sipke-s-elfstedentocht-sipke-syn-alvestedetocht\/#primaryimage"},"thumbnailUrl":"https:\/\/websjop.afuk.frl\/wp-content\/uploads\/2018\/02\/products-sipke_syn_alvest_detocht_eweb.jpg","datePublished":"2021-01-25T15:39:14+00:00","dateModified":"2025-08-18T11:10:16+00:00","description":"Tweetalig kinderboekje (Fries en Nederlands) over de elfstedentocht. Boekje is op rijm.","breadcrumb":{"@id":"https:\/\/websjop.afuk.frl\/nl\/winkel\/sipke-s-elfstedentocht-sipke-syn-alvestedetocht\/#breadcrumb"},"inLanguage":"nl-NL","potentialAction":[{"@type":"ReadAction","target":["https:\/\/websjop.afuk.frl\/nl\/winkel\/sipke-s-elfstedentocht-sipke-syn-alvestedetocht\/"]}]},{"@type":"ImageObject","inLanguage":"nl-NL","@id":"https:\/\/websjop.afuk.frl\/nl\/winkel\/sipke-s-elfstedentocht-sipke-syn-alvestedetocht\/#primaryimage","url":"https:\/\/websjop.afuk.frl\/wp-content\/uploads\/2018\/02\/products-sipke_syn_alvest_detocht_eweb.jpg","contentUrl":"https:\/\/websjop.afuk.frl\/wp-content\/uploads\/2018\/02\/products-sipke_syn_alvest_detocht_eweb.jpg","width":665,"height":768,"caption":"Sipke syn alvest\u00eadentocht"},{"@type":"BreadcrumbList","@id":"https:\/\/websjop.afuk.frl\/nl\/winkel\/sipke-s-elfstedentocht-sipke-syn-alvestedetocht\/#breadcrumb","itemListElement":[{"@type":"ListItem","position":1,"name":"Home","item":"https:\/\/websjop.afuk.frl\/nl\/"},{"@type":"ListItem","position":2,"name":"Winkel","item":"https:\/\/websjop.afuk.frl\/nl\/winkel\/"},{"@type":"ListItem","position":3,"name":"Sipke\u2019s Elfstedentocht \/ Sipke syn Alvest\u00eadetocht"}]},{"@type":"WebSite","@id":"https:\/\/websjop.afuk.frl\/nl\/#website","url":"https:\/\/websjop.afuk.frl\/nl\/","name":"Af\u00fbk Websjop","description":"","potentialAction":[{"@type":"SearchAction","target":{"@type":"EntryPoint","urlTemplate":"https:\/\/websjop.afuk.frl\/nl\/?s={search_term_string}"},"query-input":{"@type":"PropertyValueSpecification","valueRequired":true,"valueName":"search_term_string"}}],"inLanguage":"nl-NL"}]}},"_links":{"self":[{"href":"https:\/\/websjop.afuk.frl\/nl\/wp-json\/wp\/v2\/product\/11057","targetHints":{"allow":["GET"]}}],"collection":[{"href":"https:\/\/websjop.afuk.frl\/nl\/wp-json\/wp\/v2\/product"}],"about":[{"href":"https:\/\/websjop.afuk.frl\/nl\/wp-json\/wp\/v2\/types\/product"}],"replies":[{"embeddable":true,"href":"https:\/\/websjop.afuk.frl\/nl\/wp-json\/wp\/v2\/comments?post=11057"}],"wp:featuredmedia":[{"embeddable":true,"href":"https:\/\/websjop.afuk.frl\/nl\/wp-json\/wp\/v2\/media\/11058"}],"wp:attachment":[{"href":"https:\/\/websjop.afuk.frl\/nl\/wp-json\/wp\/v2\/media?parent=11057"}],"wp:term":[{"taxonomy":"product_brand","embeddable":true,"href":"https:\/\/websjop.afuk.frl\/nl\/wp-json\/wp\/v2\/product_brand?post=11057"},{"taxonomy":"product_cat","embeddable":true,"href":"https:\/\/websjop.afuk.frl\/nl\/wp-json\/wp\/v2\/product_cat?post=11057"},{"taxonomy":"product_tag","embeddable":true,"href":"https:\/\/websjop.afuk.frl\/nl\/wp-json\/wp\/v2\/product_tag?post=11057"}],"curies":[{"name":"wp","href":"https:\/\/api.w.org\/{rel}","templated":true}]}}