{"id":11039,"date":"2018-02-03T12:40:47","date_gmt":"2018-02-03T11:40:47","guid":{"rendered":"https:\/\/websjop.bwhontwerpers.nl\/?post_type=product&#038;p=11039"},"modified":"2025-06-25T11:02:16","modified_gmt":"2025-06-25T09:02:16","slug":"opa-en-opoe-plus-in-ut-leewaddes","status":"publish","type":"product","link":"https:\/\/websjop.afuk.frl\/nl\/winkel\/opa-en-opoe-plus-in-ut-leewaddes\/","title":{"rendered":"opa en opoe pl\u00fas in ut leewaddes"},"content":{"rendered":"<p>In <em>opa en opoe pl\u00fas in ut leewaddes<\/em>\u00a0gaat Nijntje op visite bij opa en oma pl\u00fas.\u00a0\u2018opa\u00a0hew un autoped foor nijn\u2019 en nijntje \u2018breide un\u00a0omslagdoek foor opoe pl\u00fas\u2019. Bij de thee eten ze\u00a0\u2018butterkoekjes, n\u00f3g l\u00e9kkerder as gebak\u2019.<\/p>\n<p>De vertaling van <em>opa en opoe pl\u00fas in ut leewaddes<\/em> is verzorgd door Anne Feddema.<\/p>\n","protected":false},"excerpt":{"rendered":"<p>In opa en opoe pl\u00fas in ut leewaddes\u00a0gaat Nijntje op visite bij opa en oma pl\u00fas.\u00a0\u2018opa\u00a0hew un autoped foor nijn\u2019 en nijntje \u2018breide un\u00a0omslagdoek foor opoe pl\u00fas\u2019. Bij de thee eten ze\u00a0\u2018butterkoekjes, n\u00f3g l\u00e9kkerder as gebak\u2019. De vertaling van opa en opoe pl\u00fas in ut leewaddes is verzorgd door Anne Feddema.<\/p>\n","protected":false},"featured_media":11040,"comment_status":"closed","ping_status":"closed","template":"","meta":{"_acf_changed":false},"product_brand":[],"product_cat":[1213,549,535,24023],"product_tag":[5681,7015,3172,7014],"class_list":{"0":"post-11039","1":"product","2":"type-product","3":"status-publish","4":"has-post-thumbnail","6":"product_cat-berne-en-jeugdboeken","7":"product_cat-berneboeken-0-tot-4-jaar","8":"product_cat-fryske-boeken","9":"product_cat-nijntje","10":"product_tag-dick-bruna","11":"product_tag-leewaddes","12":"product_tag-nijntje","13":"product_tag-opa-en-opoe-plus","14":"product_shipping_class-brievenbus-verzending","15":"pa_auteur-dick-bruna","16":"pa_isbn-2940","17":"pa_taal-leewaddes","18":"pa_uitgever-bornmeer","19":"pa_vertaler-anne-feddema","21":"first","22":"instock","23":"taxable","24":"shipping-taxable","25":"purchasable","26":"product-type-simple"},"acf":[],"yoast_head":"<!-- This site is optimized with the Yoast SEO plugin v27.3 - https:\/\/yoast.com\/product\/yoast-seo-wordpress\/ -->\n<title>opa en opoe pl\u00fas in ut leewaddes &#8211; Af\u00fbk Websjop<\/title>\n<meta name=\"robots\" content=\"index, follow, max-snippet:-1, max-image-preview:large, max-video-preview:-1\" \/>\n<link rel=\"canonical\" href=\"https:\/\/websjop.afuk.frl\/nl\/winkel\/opa-en-opoe-plus-in-ut-leewaddes\/\" \/>\n<meta property=\"og:locale\" content=\"nl_NL\" \/>\n<meta property=\"og:type\" content=\"article\" \/>\n<meta property=\"og:title\" content=\"opa en opoe pl\u00fas in ut leewaddes &#8211; Af\u00fbk Websjop\" \/>\n<meta property=\"og:description\" content=\"In opa en opoe pl\u00fas in ut leewaddes\u00a0gaat Nijntje op visite bij opa en oma pl\u00fas.\u00a0\u2018opa\u00a0hew un autoped foor nijn\u2019 en nijntje \u2018breide un\u00a0omslagdoek foor opoe pl\u00fas\u2019. Bij de thee eten ze\u00a0\u2018butterkoekjes, n\u00f3g l\u00e9kkerder as gebak\u2019. De vertaling van opa en opoe pl\u00fas in ut leewaddes is verzorgd door Anne Feddema.\" \/>\n<meta property=\"og:url\" content=\"https:\/\/websjop.afuk.frl\/nl\/winkel\/opa-en-opoe-plus-in-ut-leewaddes\/\" \/>\n<meta property=\"og:site_name\" content=\"Af\u00fbk Websjop\" \/>\n<meta property=\"article:modified_time\" content=\"2025-06-25T09:02:16+00:00\" \/>\n<meta property=\"og:image\" content=\"https:\/\/websjop.afuk.frl\/wp-content\/uploads\/2018\/02\/products-thumbnail_opa-en-opoe-leewaddes-9789056154325_1.jpg\" \/>\n\t<meta property=\"og:image:width\" content=\"1280\" \/>\n\t<meta property=\"og:image:height\" content=\"1280\" \/>\n\t<meta property=\"og:image:type\" content=\"image\/jpeg\" \/>\n<meta name=\"twitter:card\" content=\"summary_large_image\" \/>\n<script type=\"application\/ld+json\" class=\"yoast-schema-graph\">{\"@context\":\"https:\\\/\\\/schema.org\",\"@graph\":[{\"@type\":\"WebPage\",\"@id\":\"https:\\\/\\\/websjop.afuk.frl\\\/nl\\\/winkel\\\/opa-en-opoe-plus-in-ut-leewaddes\\\/\",\"url\":\"https:\\\/\\\/websjop.afuk.frl\\\/nl\\\/winkel\\\/opa-en-opoe-plus-in-ut-leewaddes\\\/\",\"name\":\"opa en opoe pl\u00fas in ut leewaddes &#8211; Af\u00fbk Websjop\",\"isPartOf\":{\"@id\":\"https:\\\/\\\/websjop.afuk.frl\\\/nl\\\/#website\"},\"primaryImageOfPage\":{\"@id\":\"https:\\\/\\\/websjop.afuk.frl\\\/nl\\\/winkel\\\/opa-en-opoe-plus-in-ut-leewaddes\\\/#primaryimage\"},\"image\":{\"@id\":\"https:\\\/\\\/websjop.afuk.frl\\\/nl\\\/winkel\\\/opa-en-opoe-plus-in-ut-leewaddes\\\/#primaryimage\"},\"thumbnailUrl\":\"https:\\\/\\\/websjop.afuk.frl\\\/wp-content\\\/uploads\\\/2018\\\/02\\\/products-thumbnail_opa-en-opoe-leewaddes-9789056154325_1.jpg\",\"datePublished\":\"2018-02-03T11:40:47+00:00\",\"dateModified\":\"2025-06-25T09:02:16+00:00\",\"breadcrumb\":{\"@id\":\"https:\\\/\\\/websjop.afuk.frl\\\/nl\\\/winkel\\\/opa-en-opoe-plus-in-ut-leewaddes\\\/#breadcrumb\"},\"inLanguage\":\"nl-NL\",\"potentialAction\":[{\"@type\":\"ReadAction\",\"target\":[\"https:\\\/\\\/websjop.afuk.frl\\\/nl\\\/winkel\\\/opa-en-opoe-plus-in-ut-leewaddes\\\/\"]}]},{\"@type\":\"ImageObject\",\"inLanguage\":\"nl-NL\",\"@id\":\"https:\\\/\\\/websjop.afuk.frl\\\/nl\\\/winkel\\\/opa-en-opoe-plus-in-ut-leewaddes\\\/#primaryimage\",\"url\":\"https:\\\/\\\/websjop.afuk.frl\\\/wp-content\\\/uploads\\\/2018\\\/02\\\/products-thumbnail_opa-en-opoe-leewaddes-9789056154325_1.jpg\",\"contentUrl\":\"https:\\\/\\\/websjop.afuk.frl\\\/wp-content\\\/uploads\\\/2018\\\/02\\\/products-thumbnail_opa-en-opoe-leewaddes-9789056154325_1.jpg\",\"width\":1280,\"height\":1280,\"caption\":\"Opa en opoe Pl\u00fas\"},{\"@type\":\"BreadcrumbList\",\"@id\":\"https:\\\/\\\/websjop.afuk.frl\\\/nl\\\/winkel\\\/opa-en-opoe-plus-in-ut-leewaddes\\\/#breadcrumb\",\"itemListElement\":[{\"@type\":\"ListItem\",\"position\":1,\"name\":\"Home\",\"item\":\"https:\\\/\\\/websjop.afuk.frl\\\/nl\\\/\"},{\"@type\":\"ListItem\",\"position\":2,\"name\":\"Winkel\",\"item\":\"https:\\\/\\\/websjop.afuk.frl\\\/nl\\\/winkel\\\/\"},{\"@type\":\"ListItem\",\"position\":3,\"name\":\"opa en opoe pl\u00fas in ut leewaddes\"}]},{\"@type\":\"WebSite\",\"@id\":\"https:\\\/\\\/websjop.afuk.frl\\\/nl\\\/#website\",\"url\":\"https:\\\/\\\/websjop.afuk.frl\\\/nl\\\/\",\"name\":\"Af\u00fbk Websjop\",\"description\":\"\",\"potentialAction\":[{\"@type\":\"SearchAction\",\"target\":{\"@type\":\"EntryPoint\",\"urlTemplate\":\"https:\\\/\\\/websjop.afuk.frl\\\/nl\\\/?s={search_term_string}\"},\"query-input\":{\"@type\":\"PropertyValueSpecification\",\"valueRequired\":true,\"valueName\":\"search_term_string\"}}],\"inLanguage\":\"nl-NL\"}]}<\/script>\n<!-- \/ Yoast SEO plugin. -->","yoast_head_json":{"title":"opa en opoe pl\u00fas in ut leewaddes &#8211; Af\u00fbk Websjop","robots":{"index":"index","follow":"follow","max-snippet":"max-snippet:-1","max-image-preview":"max-image-preview:large","max-video-preview":"max-video-preview:-1"},"canonical":"https:\/\/websjop.afuk.frl\/nl\/winkel\/opa-en-opoe-plus-in-ut-leewaddes\/","og_locale":"nl_NL","og_type":"article","og_title":"opa en opoe pl\u00fas in ut leewaddes &#8211; Af\u00fbk Websjop","og_description":"In opa en opoe pl\u00fas in ut leewaddes\u00a0gaat Nijntje op visite bij opa en oma pl\u00fas.\u00a0\u2018opa\u00a0hew un autoped foor nijn\u2019 en nijntje \u2018breide un\u00a0omslagdoek foor opoe pl\u00fas\u2019. Bij de thee eten ze\u00a0\u2018butterkoekjes, n\u00f3g l\u00e9kkerder as gebak\u2019. De vertaling van opa en opoe pl\u00fas in ut leewaddes is verzorgd door Anne Feddema.","og_url":"https:\/\/websjop.afuk.frl\/nl\/winkel\/opa-en-opoe-plus-in-ut-leewaddes\/","og_site_name":"Af\u00fbk Websjop","article_modified_time":"2025-06-25T09:02:16+00:00","og_image":[{"width":1280,"height":1280,"url":"https:\/\/websjop.afuk.frl\/wp-content\/uploads\/2018\/02\/products-thumbnail_opa-en-opoe-leewaddes-9789056154325_1.jpg","type":"image\/jpeg"}],"twitter_card":"summary_large_image","schema":{"@context":"https:\/\/schema.org","@graph":[{"@type":"WebPage","@id":"https:\/\/websjop.afuk.frl\/nl\/winkel\/opa-en-opoe-plus-in-ut-leewaddes\/","url":"https:\/\/websjop.afuk.frl\/nl\/winkel\/opa-en-opoe-plus-in-ut-leewaddes\/","name":"opa en opoe pl\u00fas in ut leewaddes &#8211; Af\u00fbk Websjop","isPartOf":{"@id":"https:\/\/websjop.afuk.frl\/nl\/#website"},"primaryImageOfPage":{"@id":"https:\/\/websjop.afuk.frl\/nl\/winkel\/opa-en-opoe-plus-in-ut-leewaddes\/#primaryimage"},"image":{"@id":"https:\/\/websjop.afuk.frl\/nl\/winkel\/opa-en-opoe-plus-in-ut-leewaddes\/#primaryimage"},"thumbnailUrl":"https:\/\/websjop.afuk.frl\/wp-content\/uploads\/2018\/02\/products-thumbnail_opa-en-opoe-leewaddes-9789056154325_1.jpg","datePublished":"2018-02-03T11:40:47+00:00","dateModified":"2025-06-25T09:02:16+00:00","breadcrumb":{"@id":"https:\/\/websjop.afuk.frl\/nl\/winkel\/opa-en-opoe-plus-in-ut-leewaddes\/#breadcrumb"},"inLanguage":"nl-NL","potentialAction":[{"@type":"ReadAction","target":["https:\/\/websjop.afuk.frl\/nl\/winkel\/opa-en-opoe-plus-in-ut-leewaddes\/"]}]},{"@type":"ImageObject","inLanguage":"nl-NL","@id":"https:\/\/websjop.afuk.frl\/nl\/winkel\/opa-en-opoe-plus-in-ut-leewaddes\/#primaryimage","url":"https:\/\/websjop.afuk.frl\/wp-content\/uploads\/2018\/02\/products-thumbnail_opa-en-opoe-leewaddes-9789056154325_1.jpg","contentUrl":"https:\/\/websjop.afuk.frl\/wp-content\/uploads\/2018\/02\/products-thumbnail_opa-en-opoe-leewaddes-9789056154325_1.jpg","width":1280,"height":1280,"caption":"Opa en opoe Pl\u00fas"},{"@type":"BreadcrumbList","@id":"https:\/\/websjop.afuk.frl\/nl\/winkel\/opa-en-opoe-plus-in-ut-leewaddes\/#breadcrumb","itemListElement":[{"@type":"ListItem","position":1,"name":"Home","item":"https:\/\/websjop.afuk.frl\/nl\/"},{"@type":"ListItem","position":2,"name":"Winkel","item":"https:\/\/websjop.afuk.frl\/nl\/winkel\/"},{"@type":"ListItem","position":3,"name":"opa en opoe pl\u00fas in ut leewaddes"}]},{"@type":"WebSite","@id":"https:\/\/websjop.afuk.frl\/nl\/#website","url":"https:\/\/websjop.afuk.frl\/nl\/","name":"Af\u00fbk Websjop","description":"","potentialAction":[{"@type":"SearchAction","target":{"@type":"EntryPoint","urlTemplate":"https:\/\/websjop.afuk.frl\/nl\/?s={search_term_string}"},"query-input":{"@type":"PropertyValueSpecification","valueRequired":true,"valueName":"search_term_string"}}],"inLanguage":"nl-NL"}]}},"_links":{"self":[{"href":"https:\/\/websjop.afuk.frl\/nl\/wp-json\/wp\/v2\/product\/11039","targetHints":{"allow":["GET"]}}],"collection":[{"href":"https:\/\/websjop.afuk.frl\/nl\/wp-json\/wp\/v2\/product"}],"about":[{"href":"https:\/\/websjop.afuk.frl\/nl\/wp-json\/wp\/v2\/types\/product"}],"replies":[{"embeddable":true,"href":"https:\/\/websjop.afuk.frl\/nl\/wp-json\/wp\/v2\/comments?post=11039"}],"wp:featuredmedia":[{"embeddable":true,"href":"https:\/\/websjop.afuk.frl\/nl\/wp-json\/wp\/v2\/media\/11040"}],"wp:attachment":[{"href":"https:\/\/websjop.afuk.frl\/nl\/wp-json\/wp\/v2\/media?parent=11039"}],"wp:term":[{"taxonomy":"product_brand","embeddable":true,"href":"https:\/\/websjop.afuk.frl\/nl\/wp-json\/wp\/v2\/product_brand?post=11039"},{"taxonomy":"product_cat","embeddable":true,"href":"https:\/\/websjop.afuk.frl\/nl\/wp-json\/wp\/v2\/product_cat?post=11039"},{"taxonomy":"product_tag","embeddable":true,"href":"https:\/\/websjop.afuk.frl\/nl\/wp-json\/wp\/v2\/product_tag?post=11039"}],"curies":[{"name":"wp","href":"https:\/\/api.w.org\/{rel}","templated":true}]}}