{"id":11004,"date":"2018-01-09T09:01:12","date_gmt":"2018-01-09T08:01:12","guid":{"rendered":"https:\/\/websjop.bwhontwerpers.nl\/?post_type=product&#038;p=11004"},"modified":"2020-09-17T12:56:03","modified_gmt":"2020-09-17T11:56:03","slug":"hoe-t-god-ferdwun-ut-jorwert-2","status":"publish","type":"product","link":"https:\/\/websjop.afuk.frl\/nl\/winkel\/hoe-t-god-ferdwun-ut-jorwert-2\/","title":{"rendered":"Hoe&#8217;t God ferdw\u00fbn \u00fat Jorwert"},"content":{"rendered":"<p>De Friese vertaling van <em>Hoe God verdween uit Jorwert. <\/em>Onderhand een klassieke biografie van een dorp in de tijd van de stille revolutie tussen 1945 en 1995. Het is het verhaal van boeren en het geld, fan kleine middenstand en de oprukkende stad, van een kerktoren die instortte en de import die niet meer groet, van de natuur die terugkwam en tegelijk verdween.<\/p>\n<p>&nbsp;<\/p>\n","protected":false},"excerpt":{"rendered":"<p>Auteur: Geert Mak<\/p>\n","protected":false},"featured_media":11005,"comment_status":"closed","ping_status":"closed","template":"","meta":{"_acf_changed":false},"product_brand":[],"product_cat":[535,537,1215],"product_tag":[17114,17113,17115,17116,5737],"class_list":{"0":"post-11004","1":"product","2":"type-product","3":"status-publish","4":"has-post-thumbnail","6":"product_cat-fryske-boeken","7":"product_cat-romans","8":"product_cat-romans-en-literatuer","9":"product_tag-geert-mak","10":"product_tag-hoet-god-ferdwun-ut-jorwert","11":"product_tag-jorwert","12":"product_tag-plattelan-vs-sted","13":"product_tag-platteland","14":"product_shipping_class-brievenbus-verzending","15":"pa_auteur-geert-mak-2","16":"pa_isbn-2802","17":"pa_taal-frysk","18":"pa_uitgever-het-nieuwe-kanaal","19":"pa_vertaler-abe-vries","21":"first","22":"instock","23":"taxable","24":"shipping-taxable","25":"purchasable","26":"product-type-simple"},"acf":[],"yoast_head":"<!-- This site is optimized with the Yoast SEO plugin v27.3 - https:\/\/yoast.com\/product\/yoast-seo-wordpress\/ -->\n<title>Hoe&#039;t God ferdw\u00fbn \u00fat Jorwert &#8211; Af\u00fbk Websjop<\/title>\n<meta name=\"description\" content=\"De Friese vertaling van Hoe God verdween uit Jorwert. Onderhand een klassieke biografie van een dorp in de tijd van de stille revolutie tussen 1945 en 1995.\" \/>\n<meta name=\"robots\" content=\"index, follow, max-snippet:-1, max-image-preview:large, max-video-preview:-1\" \/>\n<link rel=\"canonical\" href=\"https:\/\/websjop.afuk.frl\/nl\/winkel\/hoe-t-god-ferdwun-ut-jorwert-2\/\" \/>\n<meta property=\"og:locale\" content=\"nl_NL\" \/>\n<meta property=\"og:type\" content=\"article\" \/>\n<meta property=\"og:title\" content=\"Hoe&#039;t God ferdw\u00fbn \u00fat Jorwert &#8211; Af\u00fbk Websjop\" \/>\n<meta property=\"og:description\" content=\"De Friese vertaling van Hoe God verdween uit Jorwert. Onderhand een klassieke biografie van een dorp in de tijd van de stille revolutie tussen 1945 en 1995.\" \/>\n<meta property=\"og:url\" content=\"https:\/\/websjop.afuk.frl\/nl\/winkel\/hoe-t-god-ferdwun-ut-jorwert-2\/\" \/>\n<meta property=\"og:site_name\" content=\"Af\u00fbk Websjop\" \/>\n<meta property=\"article:modified_time\" content=\"2020-09-17T11:56:03+00:00\" \/>\n<meta property=\"og:image\" content=\"https:\/\/websjop.afuk.frl\/wp-content\/uploads\/2018\/01\/products-9200000073548936.jpg\" \/>\n\t<meta property=\"og:image:width\" content=\"550\" \/>\n\t<meta property=\"og:image:height\" content=\"826\" \/>\n\t<meta property=\"og:image:type\" content=\"image\/jpeg\" \/>\n<meta name=\"twitter:card\" content=\"summary_large_image\" \/>\n<script type=\"application\/ld+json\" class=\"yoast-schema-graph\">{\"@context\":\"https:\\\/\\\/schema.org\",\"@graph\":[{\"@type\":\"WebPage\",\"@id\":\"https:\\\/\\\/websjop.afuk.frl\\\/nl\\\/winkel\\\/hoe-t-god-ferdwun-ut-jorwert-2\\\/\",\"url\":\"https:\\\/\\\/websjop.afuk.frl\\\/nl\\\/winkel\\\/hoe-t-god-ferdwun-ut-jorwert-2\\\/\",\"name\":\"Hoe't God ferdw\u00fbn \u00fat Jorwert &#8211; Af\u00fbk Websjop\",\"isPartOf\":{\"@id\":\"https:\\\/\\\/websjop.afuk.frl\\\/nl\\\/#website\"},\"primaryImageOfPage\":{\"@id\":\"https:\\\/\\\/websjop.afuk.frl\\\/nl\\\/winkel\\\/hoe-t-god-ferdwun-ut-jorwert-2\\\/#primaryimage\"},\"image\":{\"@id\":\"https:\\\/\\\/websjop.afuk.frl\\\/nl\\\/winkel\\\/hoe-t-god-ferdwun-ut-jorwert-2\\\/#primaryimage\"},\"thumbnailUrl\":\"https:\\\/\\\/websjop.afuk.frl\\\/wp-content\\\/uploads\\\/2018\\\/01\\\/products-9200000073548936.jpg\",\"datePublished\":\"2018-01-09T08:01:12+00:00\",\"dateModified\":\"2020-09-17T11:56:03+00:00\",\"description\":\"De Friese vertaling van Hoe God verdween uit Jorwert. Onderhand een klassieke biografie van een dorp in de tijd van de stille revolutie tussen 1945 en 1995.\",\"breadcrumb\":{\"@id\":\"https:\\\/\\\/websjop.afuk.frl\\\/nl\\\/winkel\\\/hoe-t-god-ferdwun-ut-jorwert-2\\\/#breadcrumb\"},\"inLanguage\":\"nl-NL\",\"potentialAction\":[{\"@type\":\"ReadAction\",\"target\":[\"https:\\\/\\\/websjop.afuk.frl\\\/nl\\\/winkel\\\/hoe-t-god-ferdwun-ut-jorwert-2\\\/\"]}]},{\"@type\":\"ImageObject\",\"inLanguage\":\"nl-NL\",\"@id\":\"https:\\\/\\\/websjop.afuk.frl\\\/nl\\\/winkel\\\/hoe-t-god-ferdwun-ut-jorwert-2\\\/#primaryimage\",\"url\":\"https:\\\/\\\/websjop.afuk.frl\\\/wp-content\\\/uploads\\\/2018\\\/01\\\/products-9200000073548936.jpg\",\"contentUrl\":\"https:\\\/\\\/websjop.afuk.frl\\\/wp-content\\\/uploads\\\/2018\\\/01\\\/products-9200000073548936.jpg\",\"width\":550,\"height\":826},{\"@type\":\"BreadcrumbList\",\"@id\":\"https:\\\/\\\/websjop.afuk.frl\\\/nl\\\/winkel\\\/hoe-t-god-ferdwun-ut-jorwert-2\\\/#breadcrumb\",\"itemListElement\":[{\"@type\":\"ListItem\",\"position\":1,\"name\":\"Home\",\"item\":\"https:\\\/\\\/websjop.afuk.frl\\\/nl\\\/\"},{\"@type\":\"ListItem\",\"position\":2,\"name\":\"Winkel\",\"item\":\"https:\\\/\\\/websjop.afuk.frl\\\/nl\\\/winkel\\\/\"},{\"@type\":\"ListItem\",\"position\":3,\"name\":\"Hoe&#8217;t God ferdw\u00fbn \u00fat Jorwert\"}]},{\"@type\":\"WebSite\",\"@id\":\"https:\\\/\\\/websjop.afuk.frl\\\/nl\\\/#website\",\"url\":\"https:\\\/\\\/websjop.afuk.frl\\\/nl\\\/\",\"name\":\"Af\u00fbk Websjop\",\"description\":\"\",\"potentialAction\":[{\"@type\":\"SearchAction\",\"target\":{\"@type\":\"EntryPoint\",\"urlTemplate\":\"https:\\\/\\\/websjop.afuk.frl\\\/nl\\\/?s={search_term_string}\"},\"query-input\":{\"@type\":\"PropertyValueSpecification\",\"valueRequired\":true,\"valueName\":\"search_term_string\"}}],\"inLanguage\":\"nl-NL\"}]}<\/script>\n<!-- \/ Yoast SEO plugin. -->","yoast_head_json":{"title":"Hoe't God ferdw\u00fbn \u00fat Jorwert &#8211; Af\u00fbk Websjop","description":"De Friese vertaling van Hoe God verdween uit Jorwert. Onderhand een klassieke biografie van een dorp in de tijd van de stille revolutie tussen 1945 en 1995.","robots":{"index":"index","follow":"follow","max-snippet":"max-snippet:-1","max-image-preview":"max-image-preview:large","max-video-preview":"max-video-preview:-1"},"canonical":"https:\/\/websjop.afuk.frl\/nl\/winkel\/hoe-t-god-ferdwun-ut-jorwert-2\/","og_locale":"nl_NL","og_type":"article","og_title":"Hoe't God ferdw\u00fbn \u00fat Jorwert &#8211; Af\u00fbk Websjop","og_description":"De Friese vertaling van Hoe God verdween uit Jorwert. Onderhand een klassieke biografie van een dorp in de tijd van de stille revolutie tussen 1945 en 1995.","og_url":"https:\/\/websjop.afuk.frl\/nl\/winkel\/hoe-t-god-ferdwun-ut-jorwert-2\/","og_site_name":"Af\u00fbk Websjop","article_modified_time":"2020-09-17T11:56:03+00:00","og_image":[{"width":550,"height":826,"url":"https:\/\/websjop.afuk.frl\/wp-content\/uploads\/2018\/01\/products-9200000073548936.jpg","type":"image\/jpeg"}],"twitter_card":"summary_large_image","schema":{"@context":"https:\/\/schema.org","@graph":[{"@type":"WebPage","@id":"https:\/\/websjop.afuk.frl\/nl\/winkel\/hoe-t-god-ferdwun-ut-jorwert-2\/","url":"https:\/\/websjop.afuk.frl\/nl\/winkel\/hoe-t-god-ferdwun-ut-jorwert-2\/","name":"Hoe't God ferdw\u00fbn \u00fat Jorwert &#8211; Af\u00fbk Websjop","isPartOf":{"@id":"https:\/\/websjop.afuk.frl\/nl\/#website"},"primaryImageOfPage":{"@id":"https:\/\/websjop.afuk.frl\/nl\/winkel\/hoe-t-god-ferdwun-ut-jorwert-2\/#primaryimage"},"image":{"@id":"https:\/\/websjop.afuk.frl\/nl\/winkel\/hoe-t-god-ferdwun-ut-jorwert-2\/#primaryimage"},"thumbnailUrl":"https:\/\/websjop.afuk.frl\/wp-content\/uploads\/2018\/01\/products-9200000073548936.jpg","datePublished":"2018-01-09T08:01:12+00:00","dateModified":"2020-09-17T11:56:03+00:00","description":"De Friese vertaling van Hoe God verdween uit Jorwert. Onderhand een klassieke biografie van een dorp in de tijd van de stille revolutie tussen 1945 en 1995.","breadcrumb":{"@id":"https:\/\/websjop.afuk.frl\/nl\/winkel\/hoe-t-god-ferdwun-ut-jorwert-2\/#breadcrumb"},"inLanguage":"nl-NL","potentialAction":[{"@type":"ReadAction","target":["https:\/\/websjop.afuk.frl\/nl\/winkel\/hoe-t-god-ferdwun-ut-jorwert-2\/"]}]},{"@type":"ImageObject","inLanguage":"nl-NL","@id":"https:\/\/websjop.afuk.frl\/nl\/winkel\/hoe-t-god-ferdwun-ut-jorwert-2\/#primaryimage","url":"https:\/\/websjop.afuk.frl\/wp-content\/uploads\/2018\/01\/products-9200000073548936.jpg","contentUrl":"https:\/\/websjop.afuk.frl\/wp-content\/uploads\/2018\/01\/products-9200000073548936.jpg","width":550,"height":826},{"@type":"BreadcrumbList","@id":"https:\/\/websjop.afuk.frl\/nl\/winkel\/hoe-t-god-ferdwun-ut-jorwert-2\/#breadcrumb","itemListElement":[{"@type":"ListItem","position":1,"name":"Home","item":"https:\/\/websjop.afuk.frl\/nl\/"},{"@type":"ListItem","position":2,"name":"Winkel","item":"https:\/\/websjop.afuk.frl\/nl\/winkel\/"},{"@type":"ListItem","position":3,"name":"Hoe&#8217;t God ferdw\u00fbn \u00fat Jorwert"}]},{"@type":"WebSite","@id":"https:\/\/websjop.afuk.frl\/nl\/#website","url":"https:\/\/websjop.afuk.frl\/nl\/","name":"Af\u00fbk Websjop","description":"","potentialAction":[{"@type":"SearchAction","target":{"@type":"EntryPoint","urlTemplate":"https:\/\/websjop.afuk.frl\/nl\/?s={search_term_string}"},"query-input":{"@type":"PropertyValueSpecification","valueRequired":true,"valueName":"search_term_string"}}],"inLanguage":"nl-NL"}]}},"_links":{"self":[{"href":"https:\/\/websjop.afuk.frl\/nl\/wp-json\/wp\/v2\/product\/11004","targetHints":{"allow":["GET"]}}],"collection":[{"href":"https:\/\/websjop.afuk.frl\/nl\/wp-json\/wp\/v2\/product"}],"about":[{"href":"https:\/\/websjop.afuk.frl\/nl\/wp-json\/wp\/v2\/types\/product"}],"replies":[{"embeddable":true,"href":"https:\/\/websjop.afuk.frl\/nl\/wp-json\/wp\/v2\/comments?post=11004"}],"wp:featuredmedia":[{"embeddable":true,"href":"https:\/\/websjop.afuk.frl\/nl\/wp-json\/wp\/v2\/media\/11005"}],"wp:attachment":[{"href":"https:\/\/websjop.afuk.frl\/nl\/wp-json\/wp\/v2\/media?parent=11004"}],"wp:term":[{"taxonomy":"product_brand","embeddable":true,"href":"https:\/\/websjop.afuk.frl\/nl\/wp-json\/wp\/v2\/product_brand?post=11004"},{"taxonomy":"product_cat","embeddable":true,"href":"https:\/\/websjop.afuk.frl\/nl\/wp-json\/wp\/v2\/product_cat?post=11004"},{"taxonomy":"product_tag","embeddable":true,"href":"https:\/\/websjop.afuk.frl\/nl\/wp-json\/wp\/v2\/product_tag?post=11004"}],"curies":[{"name":"wp","href":"https:\/\/api.w.org\/{rel}","templated":true}]}}