{"id":10979,"date":"2017-12-11T14:35:21","date_gmt":"2017-12-11T13:35:21","guid":{"rendered":"https:\/\/websjop.bwhontwerpers.nl\/?post_type=product&#038;p=10979"},"modified":"2026-03-09T12:32:47","modified_gmt":"2026-03-09T11:32:47","slug":"anna","status":"publish","type":"product","link":"https:\/\/websjop.afuk.frl\/nl\/winkel\/anna\/","title":{"rendered":"Anna"},"content":{"rendered":"<p>De roman Anna <em>spilet<\/em> him \u00f4f binnen de Roomske sakefamylje Fan it Hof yn de\u00a0perioade\u00a01880\u00a0oant 2005. Yn 1880 sette Alo\u00efs fan it Hof en Jacoba fan Gosliga yn Osnabr\u00fcck in gruthannel yn stoffen op, dy&#8217;t letter \u00fatwreide wurdt mei filialen yn Nederl\u00e2n. Benammen tidens de Earste en Twadde Wr\u00e2ldoarloch h\u00e2lde de famyljeleden har net altyd oan de easken dy&#8217;t se harsels\u00a0as fromme boargers oplein hiene.<br \/>\nNeitiid dogge se alle war dat foar de jongere famyljeleden en nei b\u00fbten ta ferburgen te h\u00e2lden. Dat\u00a0guon earwearde hearen d\u00ear \u00fat en troch ek dy belutsen wiene makke it geheimh\u00e2lden ekstra needsaaklik. It fermoeden fan it bestean fan d\u00f4fpotten lykop mei it bestean fan in ynterne machtstriid hawwe de ferh\u00e2ldingen binnen de famylje gjin goed dien. Wylst yn D\u00fatslan leden fan de Rote Armee Fraktion besykje ynfornmaasje oer de hannel en wannel fan de Fan it Hofs te sammeljen, \u00fbntstiet der in leafdesrelaasje tusken twa leden Anna en Onno &#8211; fan de famylje.<br \/>\nAs d\u00fadlik wurdt dat de famylje mei in ramp te krijen hat en dat as gefolch d\u00earfan Onno \u00fat it sicht\u00a0ferdwine moast, begjint Anna oan har syktocht troch de famyljegeheimen, belangen en relaasjes om ynsjoch te krijen hoe&#8217;t it allegear sa fier kommen is.<\/p>\n<p>&nbsp;<\/p>\n<p>Oer\u00a0<em>De Achttjin<\/em> (2016) fan Aggie van der Meer:<br \/>\n<em>De Achttjin<\/em> van Aggie van der Meer verdient het om vertaald te worden in het Nederlands, in het Duits, Tsjechisch, Spaans, Russich, Engels, want het is een boek van wereldformaat. &#8211; Jelle van der Meulen, <a href=\"http:\/\/www.frieseliteratuur.nl\">www.frieseliteratuur.nl<\/a>.<\/p>\n<p>&nbsp;<\/p>\n<p>&#8220;<em>De Achttjin<\/em> fan Aggie van der Meer is ien fan de nijsgjirrichste romans dy&#8217;t ik yn it Frysk l\u00eazen ha&#8221; &#8211; Abe de Vries.<\/p>\n<p>&nbsp;<\/p>\n<p>&nbsp;<\/p>\n","protected":false},"excerpt":{"rendered":"<p><span style=\"color: #ff0000\"><strong>Leverber fan\u00a016 desimber 2017 \u00f4f<\/strong><\/span><\/p>\n","protected":false},"featured_media":10980,"comment_status":"closed","ping_status":"closed","template":"","meta":{"_acf_changed":false},"product_brand":[],"product_cat":[535,537,1215,1247],"product_tag":[],"class_list":{"0":"post-10979","1":"product","2":"type-product","3":"status-publish","4":"has-post-thumbnail","6":"product_cat-fryske-boeken","7":"product_cat-romans","8":"product_cat-romans-en-literatuer","9":"product_cat-tips-foar-falentyn","10":"product_shipping_class-brievenbus-verzending","11":"pa_auteur-aggie-van-der-meer-2","12":"pa_is-een-afuk-product-0-2","13":"pa_sale-label-0-3","15":"first","16":"instock","17":"taxable","18":"shipping-taxable","19":"purchasable","20":"product-type-simple"},"acf":[],"yoast_head":"<!-- This site is optimized with the Yoast SEO plugin v27.3 - https:\/\/yoast.com\/product\/yoast-seo-wordpress\/ -->\n<title>Anna &#8211; Af\u00fbk Websjop<\/title>\n<meta name=\"robots\" content=\"index, follow, max-snippet:-1, max-image-preview:large, max-video-preview:-1\" \/>\n<link rel=\"canonical\" href=\"https:\/\/websjop.afuk.frl\/nl\/winkel\/anna\/\" \/>\n<meta property=\"og:locale\" content=\"nl_NL\" \/>\n<meta property=\"og:type\" content=\"article\" \/>\n<meta property=\"og:title\" content=\"Anna &#8211; Af\u00fbk Websjop\" \/>\n<meta property=\"og:description\" content=\"Leverber fan\u00a016 desimber 2017 \u00f4f\" \/>\n<meta property=\"og:url\" content=\"https:\/\/websjop.afuk.frl\/nl\/winkel\/anna\/\" \/>\n<meta property=\"og:site_name\" content=\"Af\u00fbk Websjop\" \/>\n<meta property=\"article:modified_time\" content=\"2026-03-09T11:32:47+00:00\" \/>\n<meta property=\"og:image\" content=\"https:\/\/websjop.afuk.frl\/wp-content\/uploads\/2017\/12\/products-anna_-_web.jpg\" \/>\n\t<meta property=\"og:image:width\" content=\"395\" \/>\n\t<meta property=\"og:image:height\" content=\"599\" \/>\n\t<meta property=\"og:image:type\" content=\"image\/jpeg\" \/>\n<meta name=\"twitter:card\" content=\"summary_large_image\" \/>\n<meta name=\"twitter:label1\" content=\"Geschatte leestijd\" \/>\n\t<meta name=\"twitter:data1\" content=\"1 minuut\" \/>\n<script type=\"application\/ld+json\" class=\"yoast-schema-graph\">{\"@context\":\"https:\\\/\\\/schema.org\",\"@graph\":[{\"@type\":\"WebPage\",\"@id\":\"https:\\\/\\\/websjop.afuk.frl\\\/nl\\\/winkel\\\/anna\\\/\",\"url\":\"https:\\\/\\\/websjop.afuk.frl\\\/nl\\\/winkel\\\/anna\\\/\",\"name\":\"Anna &#8211; Af\u00fbk Websjop\",\"isPartOf\":{\"@id\":\"https:\\\/\\\/websjop.afuk.frl\\\/nl\\\/#website\"},\"primaryImageOfPage\":{\"@id\":\"https:\\\/\\\/websjop.afuk.frl\\\/nl\\\/winkel\\\/anna\\\/#primaryimage\"},\"image\":{\"@id\":\"https:\\\/\\\/websjop.afuk.frl\\\/nl\\\/winkel\\\/anna\\\/#primaryimage\"},\"thumbnailUrl\":\"https:\\\/\\\/websjop.afuk.frl\\\/wp-content\\\/uploads\\\/2017\\\/12\\\/products-anna_-_web.jpg\",\"datePublished\":\"2017-12-11T13:35:21+00:00\",\"dateModified\":\"2026-03-09T11:32:47+00:00\",\"breadcrumb\":{\"@id\":\"https:\\\/\\\/websjop.afuk.frl\\\/nl\\\/winkel\\\/anna\\\/#breadcrumb\"},\"inLanguage\":\"nl-NL\",\"potentialAction\":[{\"@type\":\"ReadAction\",\"target\":[\"https:\\\/\\\/websjop.afuk.frl\\\/nl\\\/winkel\\\/anna\\\/\"]}]},{\"@type\":\"ImageObject\",\"inLanguage\":\"nl-NL\",\"@id\":\"https:\\\/\\\/websjop.afuk.frl\\\/nl\\\/winkel\\\/anna\\\/#primaryimage\",\"url\":\"https:\\\/\\\/websjop.afuk.frl\\\/wp-content\\\/uploads\\\/2017\\\/12\\\/products-anna_-_web.jpg\",\"contentUrl\":\"https:\\\/\\\/websjop.afuk.frl\\\/wp-content\\\/uploads\\\/2017\\\/12\\\/products-anna_-_web.jpg\",\"width\":395,\"height\":599},{\"@type\":\"BreadcrumbList\",\"@id\":\"https:\\\/\\\/websjop.afuk.frl\\\/nl\\\/winkel\\\/anna\\\/#breadcrumb\",\"itemListElement\":[{\"@type\":\"ListItem\",\"position\":1,\"name\":\"Home\",\"item\":\"https:\\\/\\\/websjop.afuk.frl\\\/nl\\\/\"},{\"@type\":\"ListItem\",\"position\":2,\"name\":\"Winkel\",\"item\":\"https:\\\/\\\/websjop.afuk.frl\\\/nl\\\/winkel\\\/\"},{\"@type\":\"ListItem\",\"position\":3,\"name\":\"Anna\"}]},{\"@type\":\"WebSite\",\"@id\":\"https:\\\/\\\/websjop.afuk.frl\\\/nl\\\/#website\",\"url\":\"https:\\\/\\\/websjop.afuk.frl\\\/nl\\\/\",\"name\":\"Af\u00fbk Websjop\",\"description\":\"\",\"potentialAction\":[{\"@type\":\"SearchAction\",\"target\":{\"@type\":\"EntryPoint\",\"urlTemplate\":\"https:\\\/\\\/websjop.afuk.frl\\\/nl\\\/?s={search_term_string}\"},\"query-input\":{\"@type\":\"PropertyValueSpecification\",\"valueRequired\":true,\"valueName\":\"search_term_string\"}}],\"inLanguage\":\"nl-NL\"}]}<\/script>\n<!-- \/ Yoast SEO plugin. -->","yoast_head_json":{"title":"Anna &#8211; Af\u00fbk Websjop","robots":{"index":"index","follow":"follow","max-snippet":"max-snippet:-1","max-image-preview":"max-image-preview:large","max-video-preview":"max-video-preview:-1"},"canonical":"https:\/\/websjop.afuk.frl\/nl\/winkel\/anna\/","og_locale":"nl_NL","og_type":"article","og_title":"Anna &#8211; Af\u00fbk Websjop","og_description":"Leverber fan\u00a016 desimber 2017 \u00f4f","og_url":"https:\/\/websjop.afuk.frl\/nl\/winkel\/anna\/","og_site_name":"Af\u00fbk Websjop","article_modified_time":"2026-03-09T11:32:47+00:00","og_image":[{"width":395,"height":599,"url":"https:\/\/websjop.afuk.frl\/wp-content\/uploads\/2017\/12\/products-anna_-_web.jpg","type":"image\/jpeg"}],"twitter_card":"summary_large_image","twitter_misc":{"Geschatte leestijd":"1 minuut"},"schema":{"@context":"https:\/\/schema.org","@graph":[{"@type":"WebPage","@id":"https:\/\/websjop.afuk.frl\/nl\/winkel\/anna\/","url":"https:\/\/websjop.afuk.frl\/nl\/winkel\/anna\/","name":"Anna &#8211; Af\u00fbk Websjop","isPartOf":{"@id":"https:\/\/websjop.afuk.frl\/nl\/#website"},"primaryImageOfPage":{"@id":"https:\/\/websjop.afuk.frl\/nl\/winkel\/anna\/#primaryimage"},"image":{"@id":"https:\/\/websjop.afuk.frl\/nl\/winkel\/anna\/#primaryimage"},"thumbnailUrl":"https:\/\/websjop.afuk.frl\/wp-content\/uploads\/2017\/12\/products-anna_-_web.jpg","datePublished":"2017-12-11T13:35:21+00:00","dateModified":"2026-03-09T11:32:47+00:00","breadcrumb":{"@id":"https:\/\/websjop.afuk.frl\/nl\/winkel\/anna\/#breadcrumb"},"inLanguage":"nl-NL","potentialAction":[{"@type":"ReadAction","target":["https:\/\/websjop.afuk.frl\/nl\/winkel\/anna\/"]}]},{"@type":"ImageObject","inLanguage":"nl-NL","@id":"https:\/\/websjop.afuk.frl\/nl\/winkel\/anna\/#primaryimage","url":"https:\/\/websjop.afuk.frl\/wp-content\/uploads\/2017\/12\/products-anna_-_web.jpg","contentUrl":"https:\/\/websjop.afuk.frl\/wp-content\/uploads\/2017\/12\/products-anna_-_web.jpg","width":395,"height":599},{"@type":"BreadcrumbList","@id":"https:\/\/websjop.afuk.frl\/nl\/winkel\/anna\/#breadcrumb","itemListElement":[{"@type":"ListItem","position":1,"name":"Home","item":"https:\/\/websjop.afuk.frl\/nl\/"},{"@type":"ListItem","position":2,"name":"Winkel","item":"https:\/\/websjop.afuk.frl\/nl\/winkel\/"},{"@type":"ListItem","position":3,"name":"Anna"}]},{"@type":"WebSite","@id":"https:\/\/websjop.afuk.frl\/nl\/#website","url":"https:\/\/websjop.afuk.frl\/nl\/","name":"Af\u00fbk Websjop","description":"","potentialAction":[{"@type":"SearchAction","target":{"@type":"EntryPoint","urlTemplate":"https:\/\/websjop.afuk.frl\/nl\/?s={search_term_string}"},"query-input":{"@type":"PropertyValueSpecification","valueRequired":true,"valueName":"search_term_string"}}],"inLanguage":"nl-NL"}]}},"_links":{"self":[{"href":"https:\/\/websjop.afuk.frl\/nl\/wp-json\/wp\/v2\/product\/10979","targetHints":{"allow":["GET"]}}],"collection":[{"href":"https:\/\/websjop.afuk.frl\/nl\/wp-json\/wp\/v2\/product"}],"about":[{"href":"https:\/\/websjop.afuk.frl\/nl\/wp-json\/wp\/v2\/types\/product"}],"replies":[{"embeddable":true,"href":"https:\/\/websjop.afuk.frl\/nl\/wp-json\/wp\/v2\/comments?post=10979"}],"wp:featuredmedia":[{"embeddable":true,"href":"https:\/\/websjop.afuk.frl\/nl\/wp-json\/wp\/v2\/media\/10980"}],"wp:attachment":[{"href":"https:\/\/websjop.afuk.frl\/nl\/wp-json\/wp\/v2\/media?parent=10979"}],"wp:term":[{"taxonomy":"product_brand","embeddable":true,"href":"https:\/\/websjop.afuk.frl\/nl\/wp-json\/wp\/v2\/product_brand?post=10979"},{"taxonomy":"product_cat","embeddable":true,"href":"https:\/\/websjop.afuk.frl\/nl\/wp-json\/wp\/v2\/product_cat?post=10979"},{"taxonomy":"product_tag","embeddable":true,"href":"https:\/\/websjop.afuk.frl\/nl\/wp-json\/wp\/v2\/product_tag?post=10979"}],"curies":[{"name":"wp","href":"https:\/\/api.w.org\/{rel}","templated":true}]}}