{"id":10800,"date":"2017-08-09T08:20:44","date_gmt":"2017-08-09T07:20:44","guid":{"rendered":"https:\/\/websjop.bwhontwerpers.nl\/?post_type=product&#038;p=10800"},"modified":"2025-05-20T14:07:21","modified_gmt":"2025-05-20T12:07:21","slug":"anne-tsjerkstra-in-libben-tusken-de-swurden","status":"publish","type":"product","link":"https:\/\/websjop.afuk.frl\/nl\/winkel\/anne-tsjerkstra-in-libben-tusken-de-swurden\/","title":{"rendered":"Anne Tjerkstra, in libben tusken de swurden"},"content":{"rendered":"<div class=\"large-10 columns\">\n<p>&nbsp;<\/p>\n<div id=\"section-description\" class=\"entry-content\">\n<p>&nbsp;<\/p>\n<p><strong>Anne Tjerkstra, in libben tusken de swurden<br \/>\n<\/strong><em>Jan de Vries, mei yllustraasjes fan Anne Tjerkstra<\/em><\/p>\n<p>Anne Tjerkstra wie skipper op it Steatejacht Friso. \u2018De moaiste baan dy\u2019t der bestiet,\u2019 seit er sels. Hy makke fan tichtby kommissarissen as Rijpstra, Wiegel, Hermans en Nijpels mei. De gentleman-skipper, waard er wol neamd. Hy striele altyd nivo, mar ek in foarm fan dist\u00e2nsje \u00fat.<\/p>\n<p>&nbsp;<\/p>\n<p>Hiel oars wie er as sk\u00fbtsjeskipper. Dan stie er tusken syn bemanningsleden, br\u00fbkte de skipperstaal en koe r\u00fbch yn \u2018e m\u00fble w\u00eaze.<\/p>\n<p>&nbsp;<\/p>\n<p>En wer oars wie er as rider fan \u2018wylde\u2019 Alvest\u00eadetochten: der wie er de reedrider dy\u2019t it om de prestaasje en aventoer te dwaan wie. En dy\u2019t geniete fan it kabaal, it \u00f4fkarren troch de wichtige minksen fan de offisjele Alvest\u00eadetocht en de stikken yn de krante, dy\u2019t d\u00earnei kamen.<\/p>\n<p>&nbsp;<\/p>\n<p>Wa is de echte Anne Tjerkstra? Yn dit boek besiket Jan de Vries in antwurd op dy fraach te finen. Hy docht dat troch Tjerkstra safolle mooglik sels oan it wurd te litten. Dat levere practige ferhalen op oer syn bernejierren op in sk\u00fbtsje, mar ek oer de pommeranten op it Steatejacht, een klaverjassende prins Bernhard en sk\u00fbtsjeskippers dy\u2019t inoar \u00a0op it wetter nei it libben steane.<\/p>\n<p>Frysk, paperback, 144 siden<\/p>\n<p>&nbsp;<\/p>\n<\/div>\n<p>&nbsp;<\/p>\n<\/div>\n","protected":false},"excerpt":{"rendered":"<p>Anne Tjerkstra, in libben tusken de swurden<br \/>\nskreaun troch Jan de Vries, mei yllustraasjes fan Anne Tjerkstra<\/p>\n","protected":false},"featured_media":10801,"comment_status":"closed","ping_status":"closed","template":"","meta":{"_acf_changed":false},"product_brand":[],"product_cat":[535,539,541,1214],"product_tag":[],"class_list":{"0":"post-10800","1":"product","2":"type-product","3":"status-publish","4":"has-post-thumbnail","6":"product_cat-fryske-boeken","7":"product_cat-skiednis","8":"product_cat-sport","9":"product_cat-sport-en-hobby","10":"product_shipping_class-brievenbus-verzending","11":"pa_auteur-jan-de-vries","12":"pa_is-een-afuk-product-0-2","13":"pa_sale-label-0-3","15":"first","16":"instock","17":"taxable","18":"shipping-taxable","19":"purchasable","20":"product-type-simple"},"acf":[],"yoast_head":"<!-- This site is optimized with the Yoast SEO plugin v27.2 - https:\/\/yoast.com\/product\/yoast-seo-wordpress\/ -->\n<title>Anne Tjerkstra, in libben tusken de swurden &#8211; Af\u00fbk Websjop<\/title>\n<meta name=\"robots\" content=\"index, follow, max-snippet:-1, max-image-preview:large, max-video-preview:-1\" \/>\n<link rel=\"canonical\" href=\"https:\/\/websjop.afuk.frl\/nl\/winkel\/anne-tsjerkstra-in-libben-tusken-de-swurden\/\" \/>\n<meta property=\"og:locale\" content=\"nl_NL\" \/>\n<meta property=\"og:type\" content=\"article\" \/>\n<meta property=\"og:title\" content=\"Anne Tjerkstra, in libben tusken de swurden &#8211; Af\u00fbk Websjop\" \/>\n<meta property=\"og:description\" content=\"Anne Tjerkstra, in libben tusken de swurden skreaun troch Jan de Vries, mei yllustraasjes fan Anne Tjerkstra\" \/>\n<meta property=\"og:url\" content=\"https:\/\/websjop.afuk.frl\/nl\/winkel\/anne-tsjerkstra-in-libben-tusken-de-swurden\/\" \/>\n<meta property=\"og:site_name\" content=\"Af\u00fbk Websjop\" \/>\n<meta property=\"article:modified_time\" content=\"2025-05-20T12:07:21+00:00\" \/>\n<meta property=\"og:image\" content=\"https:\/\/websjop.afuk.frl\/wp-content\/uploads\/2017\/08\/products-9789056152581-vries-anne-tjerkstra-510x701.jpg\" \/>\n\t<meta property=\"og:image:width\" content=\"510\" \/>\n\t<meta property=\"og:image:height\" content=\"701\" \/>\n\t<meta property=\"og:image:type\" content=\"image\/jpeg\" \/>\n<meta name=\"twitter:card\" content=\"summary_large_image\" \/>\n<meta name=\"twitter:label1\" content=\"Geschatte leestijd\" \/>\n\t<meta name=\"twitter:data1\" content=\"1 minuut\" \/>\n<script type=\"application\/ld+json\" class=\"yoast-schema-graph\">{\"@context\":\"https:\/\/schema.org\",\"@graph\":[{\"@type\":\"WebPage\",\"@id\":\"https:\/\/websjop.afuk.frl\/nl\/winkel\/anne-tsjerkstra-in-libben-tusken-de-swurden\/\",\"url\":\"https:\/\/websjop.afuk.frl\/nl\/winkel\/anne-tsjerkstra-in-libben-tusken-de-swurden\/\",\"name\":\"Anne Tjerkstra, in libben tusken de swurden &#8211; Af\u00fbk Websjop\",\"isPartOf\":{\"@id\":\"https:\/\/websjop.afuk.frl\/nl\/#website\"},\"primaryImageOfPage\":{\"@id\":\"https:\/\/websjop.afuk.frl\/nl\/winkel\/anne-tsjerkstra-in-libben-tusken-de-swurden\/#primaryimage\"},\"image\":{\"@id\":\"https:\/\/websjop.afuk.frl\/nl\/winkel\/anne-tsjerkstra-in-libben-tusken-de-swurden\/#primaryimage\"},\"thumbnailUrl\":\"https:\/\/websjop.afuk.frl\/wp-content\/uploads\/2017\/08\/products-9789056152581-vries-anne-tjerkstra-510x701.jpg\",\"datePublished\":\"2017-08-09T07:20:44+00:00\",\"dateModified\":\"2025-05-20T12:07:21+00:00\",\"breadcrumb\":{\"@id\":\"https:\/\/websjop.afuk.frl\/nl\/winkel\/anne-tsjerkstra-in-libben-tusken-de-swurden\/#breadcrumb\"},\"inLanguage\":\"nl-NL\",\"potentialAction\":[{\"@type\":\"ReadAction\",\"target\":[\"https:\/\/websjop.afuk.frl\/nl\/winkel\/anne-tsjerkstra-in-libben-tusken-de-swurden\/\"]}]},{\"@type\":\"ImageObject\",\"inLanguage\":\"nl-NL\",\"@id\":\"https:\/\/websjop.afuk.frl\/nl\/winkel\/anne-tsjerkstra-in-libben-tusken-de-swurden\/#primaryimage\",\"url\":\"https:\/\/websjop.afuk.frl\/wp-content\/uploads\/2017\/08\/products-9789056152581-vries-anne-tjerkstra-510x701.jpg\",\"contentUrl\":\"https:\/\/websjop.afuk.frl\/wp-content\/uploads\/2017\/08\/products-9789056152581-vries-anne-tjerkstra-510x701.jpg\",\"width\":510,\"height\":701},{\"@type\":\"BreadcrumbList\",\"@id\":\"https:\/\/websjop.afuk.frl\/nl\/winkel\/anne-tsjerkstra-in-libben-tusken-de-swurden\/#breadcrumb\",\"itemListElement\":[{\"@type\":\"ListItem\",\"position\":1,\"name\":\"Home\",\"item\":\"https:\/\/websjop.afuk.frl\/nl\/\"},{\"@type\":\"ListItem\",\"position\":2,\"name\":\"Winkel\",\"item\":\"https:\/\/websjop.afuk.frl\/nl\/winkel\/\"},{\"@type\":\"ListItem\",\"position\":3,\"name\":\"Anne Tjerkstra, in libben tusken de swurden\"}]},{\"@type\":\"WebSite\",\"@id\":\"https:\/\/websjop.afuk.frl\/nl\/#website\",\"url\":\"https:\/\/websjop.afuk.frl\/nl\/\",\"name\":\"Af\u00fbk Websjop\",\"description\":\"\",\"potentialAction\":[{\"@type\":\"SearchAction\",\"target\":{\"@type\":\"EntryPoint\",\"urlTemplate\":\"https:\/\/websjop.afuk.frl\/nl\/?s={search_term_string}\"},\"query-input\":{\"@type\":\"PropertyValueSpecification\",\"valueRequired\":true,\"valueName\":\"search_term_string\"}}],\"inLanguage\":\"nl-NL\"}]}<\/script>\n<!-- \/ Yoast SEO plugin. -->","yoast_head_json":{"title":"Anne Tjerkstra, in libben tusken de swurden &#8211; Af\u00fbk Websjop","robots":{"index":"index","follow":"follow","max-snippet":"max-snippet:-1","max-image-preview":"max-image-preview:large","max-video-preview":"max-video-preview:-1"},"canonical":"https:\/\/websjop.afuk.frl\/nl\/winkel\/anne-tsjerkstra-in-libben-tusken-de-swurden\/","og_locale":"nl_NL","og_type":"article","og_title":"Anne Tjerkstra, in libben tusken de swurden &#8211; Af\u00fbk Websjop","og_description":"Anne Tjerkstra, in libben tusken de swurden skreaun troch Jan de Vries, mei yllustraasjes fan Anne Tjerkstra","og_url":"https:\/\/websjop.afuk.frl\/nl\/winkel\/anne-tsjerkstra-in-libben-tusken-de-swurden\/","og_site_name":"Af\u00fbk Websjop","article_modified_time":"2025-05-20T12:07:21+00:00","og_image":[{"width":510,"height":701,"url":"https:\/\/websjop.afuk.frl\/wp-content\/uploads\/2017\/08\/products-9789056152581-vries-anne-tjerkstra-510x701.jpg","type":"image\/jpeg"}],"twitter_card":"summary_large_image","twitter_misc":{"Geschatte leestijd":"1 minuut"},"schema":{"@context":"https:\/\/schema.org","@graph":[{"@type":"WebPage","@id":"https:\/\/websjop.afuk.frl\/nl\/winkel\/anne-tsjerkstra-in-libben-tusken-de-swurden\/","url":"https:\/\/websjop.afuk.frl\/nl\/winkel\/anne-tsjerkstra-in-libben-tusken-de-swurden\/","name":"Anne Tjerkstra, in libben tusken de swurden &#8211; Af\u00fbk Websjop","isPartOf":{"@id":"https:\/\/websjop.afuk.frl\/nl\/#website"},"primaryImageOfPage":{"@id":"https:\/\/websjop.afuk.frl\/nl\/winkel\/anne-tsjerkstra-in-libben-tusken-de-swurden\/#primaryimage"},"image":{"@id":"https:\/\/websjop.afuk.frl\/nl\/winkel\/anne-tsjerkstra-in-libben-tusken-de-swurden\/#primaryimage"},"thumbnailUrl":"https:\/\/websjop.afuk.frl\/wp-content\/uploads\/2017\/08\/products-9789056152581-vries-anne-tjerkstra-510x701.jpg","datePublished":"2017-08-09T07:20:44+00:00","dateModified":"2025-05-20T12:07:21+00:00","breadcrumb":{"@id":"https:\/\/websjop.afuk.frl\/nl\/winkel\/anne-tsjerkstra-in-libben-tusken-de-swurden\/#breadcrumb"},"inLanguage":"nl-NL","potentialAction":[{"@type":"ReadAction","target":["https:\/\/websjop.afuk.frl\/nl\/winkel\/anne-tsjerkstra-in-libben-tusken-de-swurden\/"]}]},{"@type":"ImageObject","inLanguage":"nl-NL","@id":"https:\/\/websjop.afuk.frl\/nl\/winkel\/anne-tsjerkstra-in-libben-tusken-de-swurden\/#primaryimage","url":"https:\/\/websjop.afuk.frl\/wp-content\/uploads\/2017\/08\/products-9789056152581-vries-anne-tjerkstra-510x701.jpg","contentUrl":"https:\/\/websjop.afuk.frl\/wp-content\/uploads\/2017\/08\/products-9789056152581-vries-anne-tjerkstra-510x701.jpg","width":510,"height":701},{"@type":"BreadcrumbList","@id":"https:\/\/websjop.afuk.frl\/nl\/winkel\/anne-tsjerkstra-in-libben-tusken-de-swurden\/#breadcrumb","itemListElement":[{"@type":"ListItem","position":1,"name":"Home","item":"https:\/\/websjop.afuk.frl\/nl\/"},{"@type":"ListItem","position":2,"name":"Winkel","item":"https:\/\/websjop.afuk.frl\/nl\/winkel\/"},{"@type":"ListItem","position":3,"name":"Anne Tjerkstra, in libben tusken de swurden"}]},{"@type":"WebSite","@id":"https:\/\/websjop.afuk.frl\/nl\/#website","url":"https:\/\/websjop.afuk.frl\/nl\/","name":"Af\u00fbk Websjop","description":"","potentialAction":[{"@type":"SearchAction","target":{"@type":"EntryPoint","urlTemplate":"https:\/\/websjop.afuk.frl\/nl\/?s={search_term_string}"},"query-input":{"@type":"PropertyValueSpecification","valueRequired":true,"valueName":"search_term_string"}}],"inLanguage":"nl-NL"}]}},"_links":{"self":[{"href":"https:\/\/websjop.afuk.frl\/nl\/wp-json\/wp\/v2\/product\/10800","targetHints":{"allow":["GET"]}}],"collection":[{"href":"https:\/\/websjop.afuk.frl\/nl\/wp-json\/wp\/v2\/product"}],"about":[{"href":"https:\/\/websjop.afuk.frl\/nl\/wp-json\/wp\/v2\/types\/product"}],"replies":[{"embeddable":true,"href":"https:\/\/websjop.afuk.frl\/nl\/wp-json\/wp\/v2\/comments?post=10800"}],"wp:featuredmedia":[{"embeddable":true,"href":"https:\/\/websjop.afuk.frl\/nl\/wp-json\/wp\/v2\/media\/10801"}],"wp:attachment":[{"href":"https:\/\/websjop.afuk.frl\/nl\/wp-json\/wp\/v2\/media?parent=10800"}],"wp:term":[{"taxonomy":"product_brand","embeddable":true,"href":"https:\/\/websjop.afuk.frl\/nl\/wp-json\/wp\/v2\/product_brand?post=10800"},{"taxonomy":"product_cat","embeddable":true,"href":"https:\/\/websjop.afuk.frl\/nl\/wp-json\/wp\/v2\/product_cat?post=10800"},{"taxonomy":"product_tag","embeddable":true,"href":"https:\/\/websjop.afuk.frl\/nl\/wp-json\/wp\/v2\/product_tag?post=10800"}],"curies":[{"name":"wp","href":"https:\/\/api.w.org\/{rel}","templated":true}]}}