{"id":10792,"date":"2017-08-01T10:07:50","date_gmt":"2017-08-01T09:07:50","guid":{"rendered":"https:\/\/websjop.bwhontwerpers.nl\/?post_type=product&#038;p=10792"},"modified":"2022-03-10T12:36:18","modified_gmt":"2022-03-10T11:36:18","slug":"de-reuzen-wurde-wekker","status":"publish","type":"product","link":"https:\/\/websjop.afuk.frl\/nl\/winkel\/de-reuzen-wurde-wekker\/","title":{"rendered":"De reuzen wurde wekker"},"content":{"rendered":"<p>De geschiedenis van de Aarde en de mens is volgens Akky van der Veer heel anders gegaan dan ons altijd werd voorgehouden en in dit boek vertelt ze over haar zoektocht naar het antwoord op algemeen menselijke vragen over bestaan en ontstaan.<\/p>\n<p>In dit boek probeert Akky van der Veer (1943-2019) al onderzoekend en schrijvend antwoord te vinden op algemeen menselijke vragen als: Waarom zijn wij op Aarde? Waarom is er zoveel chaos en lijden in deze wereld? Wat kunnen wij met elkaar bijdragen om de noodzakelijke balans tussen licht en duister, tussen goed en kwaad, terug te krijgen?<\/p>\n<p>Akky wil met <em>De reuzen wurde wekker<\/em> haar nieuwe inzichten graag met de lezer delen. Toch wil ze met nadruk zeggen dat wat voor haar &#8216;waar&#8217; werd, dat voor anderen niet zo hoeft te zijn: &#8216;Ieder mens heeft recht op zijn\/haar eigen waarheid.&#8217;<\/p>\n<p>&nbsp;<\/p>\n<p>&nbsp;<\/p>\n","protected":false},"excerpt":{"rendered":"<p>De skiednis fan de Ierde en de minske is neffens Akky van der Veer hiel oars gien as \u00fas altyd foarholden is en yn dit boek fertelt se oer har syktocht nei it antwurd op algemien minskike fragen oer bestean en \u00fbntstean<\/p>\n<p>Yn dit boek besiket Akky van der Veer (1943) al \u00fbndersykjende- en skriuwendewei antwurd te finen op algemien minsklike fragen lykas: W\u00earta binne wy op Ierde? W\u00earom is der safolle gaos en lijen yn dizze wr\u00e2ld? Wat kinne wy der meielkoar ta bydrage om de needsaaklike bal\u00e2ns tusken ljocht en tsjuster, tusken goed en kwea, werom te krijen?<\/p>\n<p>Net troch de kop yn it s\u00e2n te stekken, is har stelling. Mar troch moedich te w\u00eazen en de fiergeande manipulaasjes fan de PTB (Powers That Be), d\u00ear\u2019t wy yn finzen sitte, \u00fbnder eagen te sjen en reewillich te w\u00eazen d\u00ear wat tsjin te dwaan. \u2018Allinne as wy wekker wurde \u00fat in al t\u00fbzenen jierren duorjende sliep en einlings beseffe wa\u2019t en wat wy fan oarsprong binne, kinne wy \u00fassels wer befrije,\u2019 skriuwt se yn it earste haadstik.<\/p>\n<p>Akky van der Veer wol mei De reuzen wurde wekker har nije ynsichten graach mei de l\u00eazer diele. De skiednis fan de Ierde en de minske is neffens har hiel oars as \u00fas altyd foarholden is. Dochs wol se mei klam sizze dat wat foar har \u2018wier\u2019 wurden is, dat foar oaren net sa hoecht te w\u00eazen: \u2018Elk minske hat rjocht op syn\/har eigen wierheid.\u2019<\/p>\n<p>Om har eigen syktocht te stypjen en foar de l\u00eazer oannimlik te meitsjen, hat se achter yn dit boek safolle mooglik boarnen opneamd, yn de foarm fan ferwizings nei literatuer, websiden, fideo-ynterviews en Youtube-filmkes. Wa\u2019t dat wol, kin d\u00earom sels ek op \u00fbndersyk gean.<\/p>\n<p>Formaat \u00a0\u00a0 \u00a0145x210x22 mm<br \/>\nAantal pagina&#8217;s \u00a0\u00a0 \u00a0245<br \/>\nAuteur \u00a0\u00a0 \u00a0Akky van der Veer<\/p>\n","protected":false},"featured_media":10793,"comment_status":"closed","ping_status":"closed","template":"","meta":{"_acf_changed":false},"product_brand":[],"product_cat":[535,540,1215],"product_tag":[20351,20413,20411,20412,20408,20407],"class_list":{"0":"post-10792","1":"product","2":"type-product","3":"status-publish","4":"has-post-thumbnail","6":"product_cat-fryske-boeken","7":"product_cat-religy","8":"product_cat-romans-en-literatuer","9":"product_tag-akky-van-der-veer","10":"product_tag-antwurden","11":"product_tag-de-reuzen-wurde-wekker","12":"product_tag-minsken-en-ierde","13":"product_tag-syktocht","14":"product_tag-ynsichten","15":"product_shipping_class-brievenbus-verzending","16":"pa_auteur-akky-van-der-veer-2","17":"pa_isbn-20410","18":"pa_taal-frysk","19":"pa_uitgever-elikser","21":"first","22":"instock","23":"taxable","24":"shipping-taxable","25":"purchasable","26":"product-type-simple"},"acf":[],"yoast_head":"<!-- This site is optimized with the Yoast SEO plugin v27.2 - https:\/\/yoast.com\/product\/yoast-seo-wordpress\/ -->\n<title>De reuzen wurde wekker<\/title>\n<meta name=\"description\" content=\"De geschiedenis van de Aarde en de mens is heel anders gegaan dan ons altijd werd voorgehouden en in dit boek vertelt de schrijfster over haar zoektocht.\" \/>\n<meta name=\"robots\" content=\"index, follow, max-snippet:-1, max-image-preview:large, max-video-preview:-1\" \/>\n<link rel=\"canonical\" href=\"https:\/\/websjop.afuk.frl\/nl\/winkel\/de-reuzen-wurde-wekker\/\" \/>\n<meta property=\"og:locale\" content=\"nl_NL\" \/>\n<meta property=\"og:type\" content=\"article\" \/>\n<meta property=\"og:title\" content=\"De reuzen wurde wekker\" \/>\n<meta property=\"og:description\" content=\"De geschiedenis van de Aarde en de mens is heel anders gegaan dan ons altijd werd voorgehouden en in dit boek vertelt de schrijfster over haar zoektocht.\" \/>\n<meta property=\"og:url\" content=\"https:\/\/websjop.afuk.frl\/nl\/winkel\/de-reuzen-wurde-wekker\/\" \/>\n<meta property=\"og:site_name\" content=\"Af\u00fbk Websjop\" \/>\n<meta property=\"article:modified_time\" content=\"2022-03-10T11:36:18+00:00\" \/>\n<meta property=\"og:image\" content=\"https:\/\/websjop.afuk.frl\/wp-content\/uploads\/2017\/08\/products-de-reuzen-wurde-wekker.jpg\" \/>\n\t<meta property=\"og:image:width\" content=\"500\" \/>\n\t<meta property=\"og:image:height\" content=\"730\" \/>\n\t<meta property=\"og:image:type\" content=\"image\/jpeg\" \/>\n<meta name=\"twitter:card\" content=\"summary_large_image\" \/>\n<meta name=\"twitter:label1\" content=\"Geschatte leestijd\" \/>\n\t<meta name=\"twitter:data1\" content=\"1 minuut\" \/>\n<script type=\"application\/ld+json\" class=\"yoast-schema-graph\">{\"@context\":\"https:\/\/schema.org\",\"@graph\":[{\"@type\":\"WebPage\",\"@id\":\"https:\/\/websjop.afuk.frl\/nl\/winkel\/de-reuzen-wurde-wekker\/\",\"url\":\"https:\/\/websjop.afuk.frl\/nl\/winkel\/de-reuzen-wurde-wekker\/\",\"name\":\"De reuzen wurde wekker\",\"isPartOf\":{\"@id\":\"https:\/\/websjop.afuk.frl\/nl\/#website\"},\"primaryImageOfPage\":{\"@id\":\"https:\/\/websjop.afuk.frl\/nl\/winkel\/de-reuzen-wurde-wekker\/#primaryimage\"},\"image\":{\"@id\":\"https:\/\/websjop.afuk.frl\/nl\/winkel\/de-reuzen-wurde-wekker\/#primaryimage\"},\"thumbnailUrl\":\"https:\/\/websjop.afuk.frl\/wp-content\/uploads\/2017\/08\/products-de-reuzen-wurde-wekker.jpg\",\"datePublished\":\"2017-08-01T09:07:50+00:00\",\"dateModified\":\"2022-03-10T11:36:18+00:00\",\"description\":\"De geschiedenis van de Aarde en de mens is heel anders gegaan dan ons altijd werd voorgehouden en in dit boek vertelt de schrijfster over haar zoektocht.\",\"breadcrumb\":{\"@id\":\"https:\/\/websjop.afuk.frl\/nl\/winkel\/de-reuzen-wurde-wekker\/#breadcrumb\"},\"inLanguage\":\"nl-NL\",\"potentialAction\":[{\"@type\":\"ReadAction\",\"target\":[\"https:\/\/websjop.afuk.frl\/nl\/winkel\/de-reuzen-wurde-wekker\/\"]}]},{\"@type\":\"ImageObject\",\"inLanguage\":\"nl-NL\",\"@id\":\"https:\/\/websjop.afuk.frl\/nl\/winkel\/de-reuzen-wurde-wekker\/#primaryimage\",\"url\":\"https:\/\/websjop.afuk.frl\/wp-content\/uploads\/2017\/08\/products-de-reuzen-wurde-wekker.jpg\",\"contentUrl\":\"https:\/\/websjop.afuk.frl\/wp-content\/uploads\/2017\/08\/products-de-reuzen-wurde-wekker.jpg\",\"width\":500,\"height\":730},{\"@type\":\"BreadcrumbList\",\"@id\":\"https:\/\/websjop.afuk.frl\/nl\/winkel\/de-reuzen-wurde-wekker\/#breadcrumb\",\"itemListElement\":[{\"@type\":\"ListItem\",\"position\":1,\"name\":\"Home\",\"item\":\"https:\/\/websjop.afuk.frl\/nl\/\"},{\"@type\":\"ListItem\",\"position\":2,\"name\":\"Winkel\",\"item\":\"https:\/\/websjop.afuk.frl\/nl\/winkel\/\"},{\"@type\":\"ListItem\",\"position\":3,\"name\":\"De reuzen wurde wekker\"}]},{\"@type\":\"WebSite\",\"@id\":\"https:\/\/websjop.afuk.frl\/nl\/#website\",\"url\":\"https:\/\/websjop.afuk.frl\/nl\/\",\"name\":\"Af\u00fbk Websjop\",\"description\":\"\",\"potentialAction\":[{\"@type\":\"SearchAction\",\"target\":{\"@type\":\"EntryPoint\",\"urlTemplate\":\"https:\/\/websjop.afuk.frl\/nl\/?s={search_term_string}\"},\"query-input\":{\"@type\":\"PropertyValueSpecification\",\"valueRequired\":true,\"valueName\":\"search_term_string\"}}],\"inLanguage\":\"nl-NL\"}]}<\/script>\n<!-- \/ Yoast SEO plugin. -->","yoast_head_json":{"title":"De reuzen wurde wekker","description":"De geschiedenis van de Aarde en de mens is heel anders gegaan dan ons altijd werd voorgehouden en in dit boek vertelt de schrijfster over haar zoektocht.","robots":{"index":"index","follow":"follow","max-snippet":"max-snippet:-1","max-image-preview":"max-image-preview:large","max-video-preview":"max-video-preview:-1"},"canonical":"https:\/\/websjop.afuk.frl\/nl\/winkel\/de-reuzen-wurde-wekker\/","og_locale":"nl_NL","og_type":"article","og_title":"De reuzen wurde wekker","og_description":"De geschiedenis van de Aarde en de mens is heel anders gegaan dan ons altijd werd voorgehouden en in dit boek vertelt de schrijfster over haar zoektocht.","og_url":"https:\/\/websjop.afuk.frl\/nl\/winkel\/de-reuzen-wurde-wekker\/","og_site_name":"Af\u00fbk Websjop","article_modified_time":"2022-03-10T11:36:18+00:00","og_image":[{"width":500,"height":730,"url":"https:\/\/websjop.afuk.frl\/wp-content\/uploads\/2017\/08\/products-de-reuzen-wurde-wekker.jpg","type":"image\/jpeg"}],"twitter_card":"summary_large_image","twitter_misc":{"Geschatte leestijd":"1 minuut"},"schema":{"@context":"https:\/\/schema.org","@graph":[{"@type":"WebPage","@id":"https:\/\/websjop.afuk.frl\/nl\/winkel\/de-reuzen-wurde-wekker\/","url":"https:\/\/websjop.afuk.frl\/nl\/winkel\/de-reuzen-wurde-wekker\/","name":"De reuzen wurde wekker","isPartOf":{"@id":"https:\/\/websjop.afuk.frl\/nl\/#website"},"primaryImageOfPage":{"@id":"https:\/\/websjop.afuk.frl\/nl\/winkel\/de-reuzen-wurde-wekker\/#primaryimage"},"image":{"@id":"https:\/\/websjop.afuk.frl\/nl\/winkel\/de-reuzen-wurde-wekker\/#primaryimage"},"thumbnailUrl":"https:\/\/websjop.afuk.frl\/wp-content\/uploads\/2017\/08\/products-de-reuzen-wurde-wekker.jpg","datePublished":"2017-08-01T09:07:50+00:00","dateModified":"2022-03-10T11:36:18+00:00","description":"De geschiedenis van de Aarde en de mens is heel anders gegaan dan ons altijd werd voorgehouden en in dit boek vertelt de schrijfster over haar zoektocht.","breadcrumb":{"@id":"https:\/\/websjop.afuk.frl\/nl\/winkel\/de-reuzen-wurde-wekker\/#breadcrumb"},"inLanguage":"nl-NL","potentialAction":[{"@type":"ReadAction","target":["https:\/\/websjop.afuk.frl\/nl\/winkel\/de-reuzen-wurde-wekker\/"]}]},{"@type":"ImageObject","inLanguage":"nl-NL","@id":"https:\/\/websjop.afuk.frl\/nl\/winkel\/de-reuzen-wurde-wekker\/#primaryimage","url":"https:\/\/websjop.afuk.frl\/wp-content\/uploads\/2017\/08\/products-de-reuzen-wurde-wekker.jpg","contentUrl":"https:\/\/websjop.afuk.frl\/wp-content\/uploads\/2017\/08\/products-de-reuzen-wurde-wekker.jpg","width":500,"height":730},{"@type":"BreadcrumbList","@id":"https:\/\/websjop.afuk.frl\/nl\/winkel\/de-reuzen-wurde-wekker\/#breadcrumb","itemListElement":[{"@type":"ListItem","position":1,"name":"Home","item":"https:\/\/websjop.afuk.frl\/nl\/"},{"@type":"ListItem","position":2,"name":"Winkel","item":"https:\/\/websjop.afuk.frl\/nl\/winkel\/"},{"@type":"ListItem","position":3,"name":"De reuzen wurde wekker"}]},{"@type":"WebSite","@id":"https:\/\/websjop.afuk.frl\/nl\/#website","url":"https:\/\/websjop.afuk.frl\/nl\/","name":"Af\u00fbk Websjop","description":"","potentialAction":[{"@type":"SearchAction","target":{"@type":"EntryPoint","urlTemplate":"https:\/\/websjop.afuk.frl\/nl\/?s={search_term_string}"},"query-input":{"@type":"PropertyValueSpecification","valueRequired":true,"valueName":"search_term_string"}}],"inLanguage":"nl-NL"}]}},"_links":{"self":[{"href":"https:\/\/websjop.afuk.frl\/nl\/wp-json\/wp\/v2\/product\/10792","targetHints":{"allow":["GET"]}}],"collection":[{"href":"https:\/\/websjop.afuk.frl\/nl\/wp-json\/wp\/v2\/product"}],"about":[{"href":"https:\/\/websjop.afuk.frl\/nl\/wp-json\/wp\/v2\/types\/product"}],"replies":[{"embeddable":true,"href":"https:\/\/websjop.afuk.frl\/nl\/wp-json\/wp\/v2\/comments?post=10792"}],"wp:featuredmedia":[{"embeddable":true,"href":"https:\/\/websjop.afuk.frl\/nl\/wp-json\/wp\/v2\/media\/10793"}],"wp:attachment":[{"href":"https:\/\/websjop.afuk.frl\/nl\/wp-json\/wp\/v2\/media?parent=10792"}],"wp:term":[{"taxonomy":"product_brand","embeddable":true,"href":"https:\/\/websjop.afuk.frl\/nl\/wp-json\/wp\/v2\/product_brand?post=10792"},{"taxonomy":"product_cat","embeddable":true,"href":"https:\/\/websjop.afuk.frl\/nl\/wp-json\/wp\/v2\/product_cat?post=10792"},{"taxonomy":"product_tag","embeddable":true,"href":"https:\/\/websjop.afuk.frl\/nl\/wp-json\/wp\/v2\/product_tag?post=10792"}],"curies":[{"name":"wp","href":"https:\/\/api.w.org\/{rel}","templated":true}]}}