{"id":10743,"date":"2017-06-30T10:02:04","date_gmt":"2017-06-30T09:02:04","guid":{"rendered":"https:\/\/websjop.bwhontwerpers.nl\/?post_type=product&#038;p=10743"},"modified":"2024-06-27T09:39:54","modified_gmt":"2024-06-27T08:39:54","slug":"slangen-under-it-bed","status":"publish","type":"product","link":"https:\/\/websjop.afuk.frl\/nl\/winkel\/slangen-under-it-bed\/","title":{"rendered":"Slangen \u00fbnder it b\u00ead"},"content":{"rendered":"<div>Spannende jeugdroman over een avontuur met de klas in Amsterdam en een reis naar Suriname, op zoek naar een Piipster Sk\u00fbtsje.<\/div>\n<div class=\"product-short-description\"><strong>\u00a0<\/strong><\/div>\n<div><\/div>\n<p>&nbsp;<\/p>\n<p>&nbsp;<\/p>\n","protected":false},"excerpt":{"rendered":"<p>Slangen \u00fbnder it b\u00ead<br \/>\nspannende jeugdroman fan Hilda Talsma<\/p>\n","protected":false},"featured_media":10744,"comment_status":"closed","ping_status":"closed","template":"","meta":{"_acf_changed":false},"product_brand":[],"product_cat":[1213,535,552,537,1215],"product_tag":[18979,5643,6479,5641,18978,22844],"class_list":{"0":"post-10743","1":"product","2":"type-product","3":"status-publish","4":"has-post-thumbnail","6":"product_cat-berne-en-jeugdboeken","7":"product_cat-fryske-boeken","8":"product_cat-jeugdboeken","9":"product_cat-romans","10":"product_cat-romans-en-literatuer","11":"product_tag-amsterdam","12":"product_tag-hilda-talsma","13":"product_tag-jeugdboek","14":"product_tag-roman","15":"product_tag-slangen-under-it-bed","16":"product_tag-suriname","17":"product_shipping_class-brievenbus-verzending","18":"pa_auteur-hilda-talsma-2","19":"pa_isbn-2856","20":"pa_taal-frysk","21":"pa_uitgever-elikser","23":"first","24":"instock","25":"taxable","26":"shipping-taxable","27":"purchasable","28":"product-type-simple"},"acf":[],"yoast_head":"<!-- This site is optimized with the Yoast SEO plugin v27.3 - https:\/\/yoast.com\/product\/yoast-seo-wordpress\/ -->\n<title>Slangen \u00fbnder it b\u00ead &#8211; Af\u00fbk Websjop<\/title>\n<meta name=\"description\" content=\"Slangen \u00fbnder it b\u00ead is een spannende jeugdroman over een avontuur met de klas in Amsterdam en een reis naar Suriname, op zoek naar een Piipster Sk\u00fbtsje.\" \/>\n<meta name=\"robots\" content=\"index, follow, max-snippet:-1, max-image-preview:large, max-video-preview:-1\" \/>\n<link rel=\"canonical\" href=\"https:\/\/websjop.afuk.frl\/nl\/winkel\/slangen-under-it-bed\/\" \/>\n<meta property=\"og:locale\" content=\"nl_NL\" \/>\n<meta property=\"og:type\" content=\"article\" \/>\n<meta property=\"og:title\" content=\"Slangen \u00fbnder it b\u00ead &#8211; Af\u00fbk Websjop\" \/>\n<meta property=\"og:description\" content=\"Slangen \u00fbnder it b\u00ead is een spannende jeugdroman over een avontuur met de klas in Amsterdam en een reis naar Suriname, op zoek naar een Piipster Sk\u00fbtsje.\" \/>\n<meta property=\"og:url\" content=\"https:\/\/websjop.afuk.frl\/nl\/winkel\/slangen-under-it-bed\/\" \/>\n<meta property=\"og:site_name\" content=\"Af\u00fbk Websjop\" \/>\n<meta property=\"article:modified_time\" content=\"2024-06-27T08:39:54+00:00\" \/>\n<meta property=\"og:image\" content=\"https:\/\/websjop.afuk.frl\/wp-content\/uploads\/2017\/06\/products-slangen.jpg\" \/>\n\t<meta property=\"og:image:width\" content=\"275\" \/>\n\t<meta property=\"og:image:height\" content=\"400\" \/>\n\t<meta property=\"og:image:type\" content=\"image\/jpeg\" \/>\n<meta name=\"twitter:card\" content=\"summary_large_image\" \/>\n<script type=\"application\/ld+json\" class=\"yoast-schema-graph\">{\"@context\":\"https:\\\/\\\/schema.org\",\"@graph\":[{\"@type\":\"WebPage\",\"@id\":\"https:\\\/\\\/websjop.afuk.frl\\\/nl\\\/winkel\\\/slangen-under-it-bed\\\/\",\"url\":\"https:\\\/\\\/websjop.afuk.frl\\\/nl\\\/winkel\\\/slangen-under-it-bed\\\/\",\"name\":\"Slangen \u00fbnder it b\u00ead &#8211; Af\u00fbk Websjop\",\"isPartOf\":{\"@id\":\"https:\\\/\\\/websjop.afuk.frl\\\/nl\\\/#website\"},\"primaryImageOfPage\":{\"@id\":\"https:\\\/\\\/websjop.afuk.frl\\\/nl\\\/winkel\\\/slangen-under-it-bed\\\/#primaryimage\"},\"image\":{\"@id\":\"https:\\\/\\\/websjop.afuk.frl\\\/nl\\\/winkel\\\/slangen-under-it-bed\\\/#primaryimage\"},\"thumbnailUrl\":\"https:\\\/\\\/websjop.afuk.frl\\\/wp-content\\\/uploads\\\/2017\\\/06\\\/products-slangen.jpg\",\"datePublished\":\"2017-06-30T09:02:04+00:00\",\"dateModified\":\"2024-06-27T08:39:54+00:00\",\"description\":\"Slangen \u00fbnder it b\u00ead is een spannende jeugdroman over een avontuur met de klas in Amsterdam en een reis naar Suriname, op zoek naar een Piipster Sk\u00fbtsje.\",\"breadcrumb\":{\"@id\":\"https:\\\/\\\/websjop.afuk.frl\\\/nl\\\/winkel\\\/slangen-under-it-bed\\\/#breadcrumb\"},\"inLanguage\":\"nl-NL\",\"potentialAction\":[{\"@type\":\"ReadAction\",\"target\":[\"https:\\\/\\\/websjop.afuk.frl\\\/nl\\\/winkel\\\/slangen-under-it-bed\\\/\"]}]},{\"@type\":\"ImageObject\",\"inLanguage\":\"nl-NL\",\"@id\":\"https:\\\/\\\/websjop.afuk.frl\\\/nl\\\/winkel\\\/slangen-under-it-bed\\\/#primaryimage\",\"url\":\"https:\\\/\\\/websjop.afuk.frl\\\/wp-content\\\/uploads\\\/2017\\\/06\\\/products-slangen.jpg\",\"contentUrl\":\"https:\\\/\\\/websjop.afuk.frl\\\/wp-content\\\/uploads\\\/2017\\\/06\\\/products-slangen.jpg\",\"width\":275,\"height\":400},{\"@type\":\"BreadcrumbList\",\"@id\":\"https:\\\/\\\/websjop.afuk.frl\\\/nl\\\/winkel\\\/slangen-under-it-bed\\\/#breadcrumb\",\"itemListElement\":[{\"@type\":\"ListItem\",\"position\":1,\"name\":\"Home\",\"item\":\"https:\\\/\\\/websjop.afuk.frl\\\/nl\\\/\"},{\"@type\":\"ListItem\",\"position\":2,\"name\":\"Winkel\",\"item\":\"https:\\\/\\\/websjop.afuk.frl\\\/nl\\\/winkel\\\/\"},{\"@type\":\"ListItem\",\"position\":3,\"name\":\"Slangen \u00fbnder it b\u00ead\"}]},{\"@type\":\"WebSite\",\"@id\":\"https:\\\/\\\/websjop.afuk.frl\\\/nl\\\/#website\",\"url\":\"https:\\\/\\\/websjop.afuk.frl\\\/nl\\\/\",\"name\":\"Af\u00fbk Websjop\",\"description\":\"\",\"potentialAction\":[{\"@type\":\"SearchAction\",\"target\":{\"@type\":\"EntryPoint\",\"urlTemplate\":\"https:\\\/\\\/websjop.afuk.frl\\\/nl\\\/?s={search_term_string}\"},\"query-input\":{\"@type\":\"PropertyValueSpecification\",\"valueRequired\":true,\"valueName\":\"search_term_string\"}}],\"inLanguage\":\"nl-NL\"}]}<\/script>\n<!-- \/ Yoast SEO plugin. -->","yoast_head_json":{"title":"Slangen \u00fbnder it b\u00ead &#8211; Af\u00fbk Websjop","description":"Slangen \u00fbnder it b\u00ead is een spannende jeugdroman over een avontuur met de klas in Amsterdam en een reis naar Suriname, op zoek naar een Piipster Sk\u00fbtsje.","robots":{"index":"index","follow":"follow","max-snippet":"max-snippet:-1","max-image-preview":"max-image-preview:large","max-video-preview":"max-video-preview:-1"},"canonical":"https:\/\/websjop.afuk.frl\/nl\/winkel\/slangen-under-it-bed\/","og_locale":"nl_NL","og_type":"article","og_title":"Slangen \u00fbnder it b\u00ead &#8211; Af\u00fbk Websjop","og_description":"Slangen \u00fbnder it b\u00ead is een spannende jeugdroman over een avontuur met de klas in Amsterdam en een reis naar Suriname, op zoek naar een Piipster Sk\u00fbtsje.","og_url":"https:\/\/websjop.afuk.frl\/nl\/winkel\/slangen-under-it-bed\/","og_site_name":"Af\u00fbk Websjop","article_modified_time":"2024-06-27T08:39:54+00:00","og_image":[{"width":275,"height":400,"url":"https:\/\/websjop.afuk.frl\/wp-content\/uploads\/2017\/06\/products-slangen.jpg","type":"image\/jpeg"}],"twitter_card":"summary_large_image","schema":{"@context":"https:\/\/schema.org","@graph":[{"@type":"WebPage","@id":"https:\/\/websjop.afuk.frl\/nl\/winkel\/slangen-under-it-bed\/","url":"https:\/\/websjop.afuk.frl\/nl\/winkel\/slangen-under-it-bed\/","name":"Slangen \u00fbnder it b\u00ead &#8211; Af\u00fbk Websjop","isPartOf":{"@id":"https:\/\/websjop.afuk.frl\/nl\/#website"},"primaryImageOfPage":{"@id":"https:\/\/websjop.afuk.frl\/nl\/winkel\/slangen-under-it-bed\/#primaryimage"},"image":{"@id":"https:\/\/websjop.afuk.frl\/nl\/winkel\/slangen-under-it-bed\/#primaryimage"},"thumbnailUrl":"https:\/\/websjop.afuk.frl\/wp-content\/uploads\/2017\/06\/products-slangen.jpg","datePublished":"2017-06-30T09:02:04+00:00","dateModified":"2024-06-27T08:39:54+00:00","description":"Slangen \u00fbnder it b\u00ead is een spannende jeugdroman over een avontuur met de klas in Amsterdam en een reis naar Suriname, op zoek naar een Piipster Sk\u00fbtsje.","breadcrumb":{"@id":"https:\/\/websjop.afuk.frl\/nl\/winkel\/slangen-under-it-bed\/#breadcrumb"},"inLanguage":"nl-NL","potentialAction":[{"@type":"ReadAction","target":["https:\/\/websjop.afuk.frl\/nl\/winkel\/slangen-under-it-bed\/"]}]},{"@type":"ImageObject","inLanguage":"nl-NL","@id":"https:\/\/websjop.afuk.frl\/nl\/winkel\/slangen-under-it-bed\/#primaryimage","url":"https:\/\/websjop.afuk.frl\/wp-content\/uploads\/2017\/06\/products-slangen.jpg","contentUrl":"https:\/\/websjop.afuk.frl\/wp-content\/uploads\/2017\/06\/products-slangen.jpg","width":275,"height":400},{"@type":"BreadcrumbList","@id":"https:\/\/websjop.afuk.frl\/nl\/winkel\/slangen-under-it-bed\/#breadcrumb","itemListElement":[{"@type":"ListItem","position":1,"name":"Home","item":"https:\/\/websjop.afuk.frl\/nl\/"},{"@type":"ListItem","position":2,"name":"Winkel","item":"https:\/\/websjop.afuk.frl\/nl\/winkel\/"},{"@type":"ListItem","position":3,"name":"Slangen \u00fbnder it b\u00ead"}]},{"@type":"WebSite","@id":"https:\/\/websjop.afuk.frl\/nl\/#website","url":"https:\/\/websjop.afuk.frl\/nl\/","name":"Af\u00fbk Websjop","description":"","potentialAction":[{"@type":"SearchAction","target":{"@type":"EntryPoint","urlTemplate":"https:\/\/websjop.afuk.frl\/nl\/?s={search_term_string}"},"query-input":{"@type":"PropertyValueSpecification","valueRequired":true,"valueName":"search_term_string"}}],"inLanguage":"nl-NL"}]}},"_links":{"self":[{"href":"https:\/\/websjop.afuk.frl\/nl\/wp-json\/wp\/v2\/product\/10743","targetHints":{"allow":["GET"]}}],"collection":[{"href":"https:\/\/websjop.afuk.frl\/nl\/wp-json\/wp\/v2\/product"}],"about":[{"href":"https:\/\/websjop.afuk.frl\/nl\/wp-json\/wp\/v2\/types\/product"}],"replies":[{"embeddable":true,"href":"https:\/\/websjop.afuk.frl\/nl\/wp-json\/wp\/v2\/comments?post=10743"}],"wp:featuredmedia":[{"embeddable":true,"href":"https:\/\/websjop.afuk.frl\/nl\/wp-json\/wp\/v2\/media\/10744"}],"wp:attachment":[{"href":"https:\/\/websjop.afuk.frl\/nl\/wp-json\/wp\/v2\/media?parent=10743"}],"wp:term":[{"taxonomy":"product_brand","embeddable":true,"href":"https:\/\/websjop.afuk.frl\/nl\/wp-json\/wp\/v2\/product_brand?post=10743"},{"taxonomy":"product_cat","embeddable":true,"href":"https:\/\/websjop.afuk.frl\/nl\/wp-json\/wp\/v2\/product_cat?post=10743"},{"taxonomy":"product_tag","embeddable":true,"href":"https:\/\/websjop.afuk.frl\/nl\/wp-json\/wp\/v2\/product_tag?post=10743"}],"curies":[{"name":"wp","href":"https:\/\/api.w.org\/{rel}","templated":true}]}}