{"id":10629,"date":"2020-05-02T10:10:57","date_gmt":"2020-05-02T09:10:57","guid":{"rendered":"https:\/\/websjop.bwhontwerpers.nl\/?post_type=product&#038;p=10629"},"modified":"2024-09-04T12:33:06","modified_gmt":"2024-09-04T11:33:06","slug":"wat-in-ein","status":"publish","type":"product","link":"https:\/\/websjop.afuk.frl\/nl\/winkel\/wat-in-ein\/","title":{"rendered":"Wat in ein!"},"content":{"rendered":"<p>Wim en Afke willen graag op vakantie. Omdat hun eigen auto stuk is, heeft vader een auto gehuurd, een oude \u2018eend\u2019. Vader vindt de auto prachtig, maar het wordt wel een hele andere vakantie dan de vorige jaren. De camping in Frankrijk halen ze, maar dan beginnen de avonturen\u2026.<\/p>\n<p>Boekje voor beginnende lezers, AVI-nivo M4.<br \/>\nLeeftijd: 7-9 jaar<\/p>\n<hr \/>\n<p><em><a href=\"http:\/\/www.tantetjits.nl\/6\/sweltsjerige-foar-groep-3-en-4\/\" target=\"_blank\" rel=\"noopener\">Tante Tjits<\/a>: &#8220;Heit is yn in nostalyske bui. As de auto nei de garaazje moat, nimt hy as lienauto in ein mei. In 2CV. Hy wol der mei op fak\u00e2nsje nei Frankryk. Mem en de bern binne net fuort ent\u00fbsjast, mar heit stekt se wol oan. Der giet fanalles mis. De ein kin net sa hurd, dus de reis duorret wat langer. Se hawwe de hjerringen ferjitten en it wurdt min waar. Dan rekket\u00a0de benzine op en blykt it tintsje wat te lyts foar 4 minsken. As der dan ek noch m\u00fbzen \u00fbnder de tinte sitte, is it foar mem wol klear. Froeger wie kampearen folle leuker. It makket heit neat \u00fat. Hy goait de ein wer fol en genietet fan de weromreis.<\/em><br \/>\n<em>In \u00e2lde auto, fak\u00e2nsje, dingen dy\u2019t mis geane, in nostalgyske heit en in mem dy\u2019t gek op heit is, mar net altyd op syn healwize idee\u00ebn. Alle yngredi\u00efnten foar in fleurich boek.&#8221;<\/em><\/p>\n","protected":false},"excerpt":{"rendered":"<p>wat in ein<br \/>\nSweltsjerige 2017<\/p>\n","protected":false},"featured_media":10630,"comment_status":"closed","ping_status":"closed","template":"","meta":{"_acf_changed":false},"product_brand":[],"product_cat":[1213,550,535,22976],"product_tag":[6397,11106,18222,18224,6396,18223,6395],"class_list":{"0":"post-10629","1":"product","2":"type-product","3":"status-publish","4":"has-post-thumbnail","6":"product_cat-berne-en-jeugdboeken","7":"product_cat-berneboeken-4-8","8":"product_cat-fryske-boeken","9":"product_cat-tema-sels-leze-start","10":"product_tag-adiofrysk","11":"product_tag-avi-4","12":"product_tag-beginnende-lezer","13":"product_tag-begjinnende-lezer","14":"product_tag-jan-schotanus","15":"product_tag-m4","16":"product_tag-wat-in-ein","17":"product_shipping_class-brievenbus-verzending","18":"pa_auteur-jan-schotanus-2","19":"pa_isbn-6394","20":"pa_taal-frysk","21":"pa_uitgever-audiofrysk","23":"first","24":"instock","25":"taxable","26":"shipping-taxable","27":"purchasable","28":"product-type-simple"},"acf":[],"yoast_head":"<!-- This site is optimized with the Yoast SEO plugin v27.3 - https:\/\/yoast.com\/product\/yoast-seo-wordpress\/ -->\n<title>wat in ein<\/title>\n<meta name=\"description\" content=\"Leuk Fries leesboekje voor de beginnende lezer. Geschikt voor kinderen in groep 4. Komt uit de &#039;Sweltsjerige&#039;. Bekijk hier alle Friese boekjes.\" \/>\n<meta name=\"robots\" content=\"index, follow, max-snippet:-1, max-image-preview:large, max-video-preview:-1\" \/>\n<link rel=\"canonical\" href=\"https:\/\/websjop.afuk.frl\/nl\/winkel\/wat-in-ein\/\" \/>\n<meta property=\"og:locale\" content=\"nl_NL\" \/>\n<meta property=\"og:type\" content=\"article\" \/>\n<meta property=\"og:title\" content=\"wat in ein\" \/>\n<meta property=\"og:description\" content=\"Leuk Fries leesboekje voor de beginnende lezer. Geschikt voor kinderen in groep 4. Komt uit de &#039;Sweltsjerige&#039;. Bekijk hier alle Friese boekjes.\" \/>\n<meta property=\"og:url\" content=\"https:\/\/websjop.afuk.frl\/nl\/winkel\/wat-in-ein\/\" \/>\n<meta property=\"og:site_name\" content=\"Af\u00fbk Websjop\" \/>\n<meta property=\"article:modified_time\" content=\"2024-09-04T11:33:06+00:00\" \/>\n<meta property=\"og:image\" content=\"https:\/\/websjop.afuk.frl\/wp-content\/uploads\/2017\/05\/products-sweltsjes_wat_in_ein.jpg\" \/>\n\t<meta property=\"og:image:width\" content=\"1128\" \/>\n\t<meta property=\"og:image:height\" content=\"1516\" \/>\n\t<meta property=\"og:image:type\" content=\"image\/jpeg\" \/>\n<meta name=\"twitter:card\" content=\"summary_large_image\" \/>\n<meta name=\"twitter:label1\" content=\"Geschatte leestijd\" \/>\n\t<meta name=\"twitter:data1\" content=\"1 minuut\" \/>\n<script type=\"application\/ld+json\" class=\"yoast-schema-graph\">{\"@context\":\"https:\\\/\\\/schema.org\",\"@graph\":[{\"@type\":\"WebPage\",\"@id\":\"https:\\\/\\\/websjop.afuk.frl\\\/nl\\\/winkel\\\/wat-in-ein\\\/\",\"url\":\"https:\\\/\\\/websjop.afuk.frl\\\/nl\\\/winkel\\\/wat-in-ein\\\/\",\"name\":\"wat in ein\",\"isPartOf\":{\"@id\":\"https:\\\/\\\/websjop.afuk.frl\\\/nl\\\/#website\"},\"primaryImageOfPage\":{\"@id\":\"https:\\\/\\\/websjop.afuk.frl\\\/nl\\\/winkel\\\/wat-in-ein\\\/#primaryimage\"},\"image\":{\"@id\":\"https:\\\/\\\/websjop.afuk.frl\\\/nl\\\/winkel\\\/wat-in-ein\\\/#primaryimage\"},\"thumbnailUrl\":\"https:\\\/\\\/websjop.afuk.frl\\\/wp-content\\\/uploads\\\/2017\\\/05\\\/products-sweltsjes_wat_in_ein.jpg\",\"datePublished\":\"2020-05-02T09:10:57+00:00\",\"dateModified\":\"2024-09-04T11:33:06+00:00\",\"description\":\"Leuk Fries leesboekje voor de beginnende lezer. Geschikt voor kinderen in groep 4. Komt uit de 'Sweltsjerige'. Bekijk hier alle Friese boekjes.\",\"breadcrumb\":{\"@id\":\"https:\\\/\\\/websjop.afuk.frl\\\/nl\\\/winkel\\\/wat-in-ein\\\/#breadcrumb\"},\"inLanguage\":\"nl-NL\",\"potentialAction\":[{\"@type\":\"ReadAction\",\"target\":[\"https:\\\/\\\/websjop.afuk.frl\\\/nl\\\/winkel\\\/wat-in-ein\\\/\"]}]},{\"@type\":\"ImageObject\",\"inLanguage\":\"nl-NL\",\"@id\":\"https:\\\/\\\/websjop.afuk.frl\\\/nl\\\/winkel\\\/wat-in-ein\\\/#primaryimage\",\"url\":\"https:\\\/\\\/websjop.afuk.frl\\\/wp-content\\\/uploads\\\/2017\\\/05\\\/products-sweltsjes_wat_in_ein.jpg\",\"contentUrl\":\"https:\\\/\\\/websjop.afuk.frl\\\/wp-content\\\/uploads\\\/2017\\\/05\\\/products-sweltsjes_wat_in_ein.jpg\",\"width\":1128,\"height\":1516,\"caption\":\"Wat in ein!\"},{\"@type\":\"BreadcrumbList\",\"@id\":\"https:\\\/\\\/websjop.afuk.frl\\\/nl\\\/winkel\\\/wat-in-ein\\\/#breadcrumb\",\"itemListElement\":[{\"@type\":\"ListItem\",\"position\":1,\"name\":\"Home\",\"item\":\"https:\\\/\\\/websjop.afuk.frl\\\/nl\\\/\"},{\"@type\":\"ListItem\",\"position\":2,\"name\":\"Winkel\",\"item\":\"https:\\\/\\\/websjop.afuk.frl\\\/nl\\\/winkel\\\/\"},{\"@type\":\"ListItem\",\"position\":3,\"name\":\"Wat in ein!\"}]},{\"@type\":\"WebSite\",\"@id\":\"https:\\\/\\\/websjop.afuk.frl\\\/nl\\\/#website\",\"url\":\"https:\\\/\\\/websjop.afuk.frl\\\/nl\\\/\",\"name\":\"Af\u00fbk Websjop\",\"description\":\"\",\"potentialAction\":[{\"@type\":\"SearchAction\",\"target\":{\"@type\":\"EntryPoint\",\"urlTemplate\":\"https:\\\/\\\/websjop.afuk.frl\\\/nl\\\/?s={search_term_string}\"},\"query-input\":{\"@type\":\"PropertyValueSpecification\",\"valueRequired\":true,\"valueName\":\"search_term_string\"}}],\"inLanguage\":\"nl-NL\"}]}<\/script>\n<!-- \/ Yoast SEO plugin. -->","yoast_head_json":{"title":"wat in ein","description":"Leuk Fries leesboekje voor de beginnende lezer. Geschikt voor kinderen in groep 4. Komt uit de 'Sweltsjerige'. Bekijk hier alle Friese boekjes.","robots":{"index":"index","follow":"follow","max-snippet":"max-snippet:-1","max-image-preview":"max-image-preview:large","max-video-preview":"max-video-preview:-1"},"canonical":"https:\/\/websjop.afuk.frl\/nl\/winkel\/wat-in-ein\/","og_locale":"nl_NL","og_type":"article","og_title":"wat in ein","og_description":"Leuk Fries leesboekje voor de beginnende lezer. Geschikt voor kinderen in groep 4. Komt uit de 'Sweltsjerige'. Bekijk hier alle Friese boekjes.","og_url":"https:\/\/websjop.afuk.frl\/nl\/winkel\/wat-in-ein\/","og_site_name":"Af\u00fbk Websjop","article_modified_time":"2024-09-04T11:33:06+00:00","og_image":[{"width":1128,"height":1516,"url":"https:\/\/websjop.afuk.frl\/wp-content\/uploads\/2017\/05\/products-sweltsjes_wat_in_ein.jpg","type":"image\/jpeg"}],"twitter_card":"summary_large_image","twitter_misc":{"Geschatte leestijd":"1 minuut"},"schema":{"@context":"https:\/\/schema.org","@graph":[{"@type":"WebPage","@id":"https:\/\/websjop.afuk.frl\/nl\/winkel\/wat-in-ein\/","url":"https:\/\/websjop.afuk.frl\/nl\/winkel\/wat-in-ein\/","name":"wat in ein","isPartOf":{"@id":"https:\/\/websjop.afuk.frl\/nl\/#website"},"primaryImageOfPage":{"@id":"https:\/\/websjop.afuk.frl\/nl\/winkel\/wat-in-ein\/#primaryimage"},"image":{"@id":"https:\/\/websjop.afuk.frl\/nl\/winkel\/wat-in-ein\/#primaryimage"},"thumbnailUrl":"https:\/\/websjop.afuk.frl\/wp-content\/uploads\/2017\/05\/products-sweltsjes_wat_in_ein.jpg","datePublished":"2020-05-02T09:10:57+00:00","dateModified":"2024-09-04T11:33:06+00:00","description":"Leuk Fries leesboekje voor de beginnende lezer. Geschikt voor kinderen in groep 4. Komt uit de 'Sweltsjerige'. Bekijk hier alle Friese boekjes.","breadcrumb":{"@id":"https:\/\/websjop.afuk.frl\/nl\/winkel\/wat-in-ein\/#breadcrumb"},"inLanguage":"nl-NL","potentialAction":[{"@type":"ReadAction","target":["https:\/\/websjop.afuk.frl\/nl\/winkel\/wat-in-ein\/"]}]},{"@type":"ImageObject","inLanguage":"nl-NL","@id":"https:\/\/websjop.afuk.frl\/nl\/winkel\/wat-in-ein\/#primaryimage","url":"https:\/\/websjop.afuk.frl\/wp-content\/uploads\/2017\/05\/products-sweltsjes_wat_in_ein.jpg","contentUrl":"https:\/\/websjop.afuk.frl\/wp-content\/uploads\/2017\/05\/products-sweltsjes_wat_in_ein.jpg","width":1128,"height":1516,"caption":"Wat in ein!"},{"@type":"BreadcrumbList","@id":"https:\/\/websjop.afuk.frl\/nl\/winkel\/wat-in-ein\/#breadcrumb","itemListElement":[{"@type":"ListItem","position":1,"name":"Home","item":"https:\/\/websjop.afuk.frl\/nl\/"},{"@type":"ListItem","position":2,"name":"Winkel","item":"https:\/\/websjop.afuk.frl\/nl\/winkel\/"},{"@type":"ListItem","position":3,"name":"Wat in ein!"}]},{"@type":"WebSite","@id":"https:\/\/websjop.afuk.frl\/nl\/#website","url":"https:\/\/websjop.afuk.frl\/nl\/","name":"Af\u00fbk Websjop","description":"","potentialAction":[{"@type":"SearchAction","target":{"@type":"EntryPoint","urlTemplate":"https:\/\/websjop.afuk.frl\/nl\/?s={search_term_string}"},"query-input":{"@type":"PropertyValueSpecification","valueRequired":true,"valueName":"search_term_string"}}],"inLanguage":"nl-NL"}]}},"_links":{"self":[{"href":"https:\/\/websjop.afuk.frl\/nl\/wp-json\/wp\/v2\/product\/10629","targetHints":{"allow":["GET"]}}],"collection":[{"href":"https:\/\/websjop.afuk.frl\/nl\/wp-json\/wp\/v2\/product"}],"about":[{"href":"https:\/\/websjop.afuk.frl\/nl\/wp-json\/wp\/v2\/types\/product"}],"replies":[{"embeddable":true,"href":"https:\/\/websjop.afuk.frl\/nl\/wp-json\/wp\/v2\/comments?post=10629"}],"wp:featuredmedia":[{"embeddable":true,"href":"https:\/\/websjop.afuk.frl\/nl\/wp-json\/wp\/v2\/media\/10630"}],"wp:attachment":[{"href":"https:\/\/websjop.afuk.frl\/nl\/wp-json\/wp\/v2\/media?parent=10629"}],"wp:term":[{"taxonomy":"product_brand","embeddable":true,"href":"https:\/\/websjop.afuk.frl\/nl\/wp-json\/wp\/v2\/product_brand?post=10629"},{"taxonomy":"product_cat","embeddable":true,"href":"https:\/\/websjop.afuk.frl\/nl\/wp-json\/wp\/v2\/product_cat?post=10629"},{"taxonomy":"product_tag","embeddable":true,"href":"https:\/\/websjop.afuk.frl\/nl\/wp-json\/wp\/v2\/product_tag?post=10629"}],"curies":[{"name":"wp","href":"https:\/\/api.w.org\/{rel}","templated":true}]}}