{"id":10596,"date":"2017-03-31T13:08:16","date_gmt":"2017-03-31T12:08:16","guid":{"rendered":"https:\/\/websjop.bwhontwerpers.nl\/?post_type=product&#038;p=10596"},"modified":"2019-11-14T10:33:27","modified_gmt":"2019-11-14T09:33:27","slug":"molwrot","status":"publish","type":"product","link":"https:\/\/websjop.afuk.frl\/nl\/winkel\/molwrot\/","title":{"rendered":"Molwrot"},"content":{"rendered":"<p><em>Haadpersoan yn it boek is Seleina. Se sit yn \u2019e wapenhannel. Se is \u00f4fkomstich \u00fat Frysl\u00e2n (Ljouwert), wennet yn Amsterdam, d\u00ear\u2019t se in kunde hat dy\u2019t har molleferhalen fertelt. Se hat kontakten oer de hiele wr\u00e2ld en reizget de hiele wr\u00e2ld oer. Se fiert mei in man dy\u2019t se yn Belgrado troffen hat fak\u00e2nsje op Peaske-eil\u00e2n, mei as wichtich elemint dat d\u00ear tafallich in konsertrige mei alle muzyk fan Gustav Mahler plakfynt. Op \u2019e achtergr\u00fbn spilet in geheim \u00fat har jeugd. It boek giet oer in \u00fbndergr\u00fbnsk libben. Dat d\u00earom de titel: Molwrot.<\/em><\/p>\n<p>&#8220;&#8230;Fertel mar in koart ferhaaltsje.&#8221;<br \/>\n&#8220;Hiel koart dan. It jonge moltsje kaam boppe de gr\u00fbn. It soe w\u00eaze. Mar d\u00ear wie in ielreager en dy pakte him. It moltsje pipe even.&#8221;<br \/>\n&#8220;In wreed ferhaal,&#8221; sei Alexander.<br \/>\nSeleina sei: &#8220;Yn Mahler syn muzyk hear ik ek al dy mollel\u00fbden werom, opwinende, lilke, wrede, seare.&#8221;<br \/>\n&#8220;Hasto wat mei mollen?&#8221; sei Alexander.<br \/>\n&#8220;Fansels,&#8221; sei Seleina.<br \/>\nSe seach har Servyske freon even \u00fbnder de eachbrauwen wei oan.<br \/>\nTsjin Catrinus sei se: &#8220;Hast in nuet ferhaal ferteld.&#8221;<br \/>\n&#8220;As ik sels nuet bin, fertel ik in nuet ferhaal,&#8221; sei er.<br \/>\n&#8220;Mar dat dochst nea ast mei my allinne bist.&#8221;<br \/>\n&#8220;Om&#8217;t ik it dan net doar.&#8221;<br \/>\nSeleina seach Catrinus rjocht oan en doe sloech se de eagen del.<br \/>\nCatrinus stuts de h\u00e2n \u00fat nei har hannen dy&#8217;t op &#8216;e tafel leine. Krekt op dat stuit stuts Seleina de h\u00e2n \u00fat nei Catrinus sines dy&#8217;t al yn de romte sweefde. De fingers fan harren hannen rekken inoar.<br \/>\n&#8220;It liket wol oft jim d\u00fbnsje wolle,&#8221; sei Alexander.<\/p>\n","protected":false},"excerpt":{"rendered":"<p>Molwrot<br \/>\nroman fan Piter Boersma<\/p>\n","protected":false},"featured_media":10597,"comment_status":"closed","ping_status":"closed","template":"","meta":{"_acf_changed":false},"product_brand":[],"product_cat":[535,537,1215],"product_tag":[7332,7317],"class_list":{"0":"post-10596","1":"product","2":"type-product","3":"status-publish","4":"has-post-thumbnail","6":"product_cat-fryske-boeken","7":"product_cat-romans","8":"product_cat-romans-en-literatuer","9":"product_tag-molwrot","10":"product_tag-piter-boersma","11":"product_shipping_class-brievenbus-verzending","12":"pa_auteur-piter-boersma-2","13":"pa_isbn-7329","14":"pa_taal-frysk","15":"pa_uitgever-hispel","17":"first","18":"instock","19":"taxable","20":"shipping-taxable","21":"purchasable","22":"product-type-simple"},"acf":[],"yoast_head":"<!-- This site is optimized with the Yoast SEO plugin v27.3 - https:\/\/yoast.com\/product\/yoast-seo-wordpress\/ -->\n<title>Molwrot<\/title>\n<meta name=\"description\" content=\"Molwrot, roman, Frysk, Piter Boersma\" \/>\n<meta name=\"robots\" content=\"index, follow, max-snippet:-1, max-image-preview:large, max-video-preview:-1\" \/>\n<link rel=\"canonical\" href=\"https:\/\/websjop.afuk.frl\/nl\/winkel\/molwrot\/\" \/>\n<meta property=\"og:locale\" content=\"nl_NL\" \/>\n<meta property=\"og:type\" content=\"article\" \/>\n<meta property=\"og:title\" content=\"Molwrot\" \/>\n<meta property=\"og:description\" content=\"Molwrot, roman, Frysk, Piter Boersma\" \/>\n<meta property=\"og:url\" content=\"https:\/\/websjop.afuk.frl\/nl\/winkel\/molwrot\/\" \/>\n<meta property=\"og:site_name\" content=\"Af\u00fbk Websjop\" \/>\n<meta property=\"article:modified_time\" content=\"2019-11-14T09:33:27+00:00\" \/>\n<meta property=\"og:image\" content=\"https:\/\/websjop.afuk.frl\/wp-content\/uploads\/2017\/03\/products-molwrot.jpg\" \/>\n\t<meta property=\"og:image:width\" content=\"600\" \/>\n\t<meta property=\"og:image:height\" content=\"913\" \/>\n\t<meta property=\"og:image:type\" content=\"image\/jpeg\" \/>\n<meta name=\"twitter:card\" content=\"summary_large_image\" \/>\n<meta name=\"twitter:label1\" content=\"Geschatte leestijd\" \/>\n\t<meta name=\"twitter:data1\" content=\"1 minuut\" \/>\n<script type=\"application\/ld+json\" class=\"yoast-schema-graph\">{\"@context\":\"https:\\\/\\\/schema.org\",\"@graph\":[{\"@type\":\"WebPage\",\"@id\":\"https:\\\/\\\/websjop.afuk.frl\\\/nl\\\/winkel\\\/molwrot\\\/\",\"url\":\"https:\\\/\\\/websjop.afuk.frl\\\/nl\\\/winkel\\\/molwrot\\\/\",\"name\":\"Molwrot\",\"isPartOf\":{\"@id\":\"https:\\\/\\\/websjop.afuk.frl\\\/nl\\\/#website\"},\"primaryImageOfPage\":{\"@id\":\"https:\\\/\\\/websjop.afuk.frl\\\/nl\\\/winkel\\\/molwrot\\\/#primaryimage\"},\"image\":{\"@id\":\"https:\\\/\\\/websjop.afuk.frl\\\/nl\\\/winkel\\\/molwrot\\\/#primaryimage\"},\"thumbnailUrl\":\"https:\\\/\\\/websjop.afuk.frl\\\/wp-content\\\/uploads\\\/2017\\\/03\\\/products-molwrot.jpg\",\"datePublished\":\"2017-03-31T12:08:16+00:00\",\"dateModified\":\"2019-11-14T09:33:27+00:00\",\"description\":\"Molwrot, roman, Frysk, Piter Boersma\",\"breadcrumb\":{\"@id\":\"https:\\\/\\\/websjop.afuk.frl\\\/nl\\\/winkel\\\/molwrot\\\/#breadcrumb\"},\"inLanguage\":\"nl-NL\",\"potentialAction\":[{\"@type\":\"ReadAction\",\"target\":[\"https:\\\/\\\/websjop.afuk.frl\\\/nl\\\/winkel\\\/molwrot\\\/\"]}]},{\"@type\":\"ImageObject\",\"inLanguage\":\"nl-NL\",\"@id\":\"https:\\\/\\\/websjop.afuk.frl\\\/nl\\\/winkel\\\/molwrot\\\/#primaryimage\",\"url\":\"https:\\\/\\\/websjop.afuk.frl\\\/wp-content\\\/uploads\\\/2017\\\/03\\\/products-molwrot.jpg\",\"contentUrl\":\"https:\\\/\\\/websjop.afuk.frl\\\/wp-content\\\/uploads\\\/2017\\\/03\\\/products-molwrot.jpg\",\"width\":600,\"height\":913,\"caption\":\"Molwrot\"},{\"@type\":\"BreadcrumbList\",\"@id\":\"https:\\\/\\\/websjop.afuk.frl\\\/nl\\\/winkel\\\/molwrot\\\/#breadcrumb\",\"itemListElement\":[{\"@type\":\"ListItem\",\"position\":1,\"name\":\"Home\",\"item\":\"https:\\\/\\\/websjop.afuk.frl\\\/nl\\\/\"},{\"@type\":\"ListItem\",\"position\":2,\"name\":\"Winkel\",\"item\":\"https:\\\/\\\/websjop.afuk.frl\\\/nl\\\/winkel\\\/\"},{\"@type\":\"ListItem\",\"position\":3,\"name\":\"Molwrot\"}]},{\"@type\":\"WebSite\",\"@id\":\"https:\\\/\\\/websjop.afuk.frl\\\/nl\\\/#website\",\"url\":\"https:\\\/\\\/websjop.afuk.frl\\\/nl\\\/\",\"name\":\"Af\u00fbk Websjop\",\"description\":\"\",\"potentialAction\":[{\"@type\":\"SearchAction\",\"target\":{\"@type\":\"EntryPoint\",\"urlTemplate\":\"https:\\\/\\\/websjop.afuk.frl\\\/nl\\\/?s={search_term_string}\"},\"query-input\":{\"@type\":\"PropertyValueSpecification\",\"valueRequired\":true,\"valueName\":\"search_term_string\"}}],\"inLanguage\":\"nl-NL\"}]}<\/script>\n<!-- \/ Yoast SEO plugin. -->","yoast_head_json":{"title":"Molwrot","description":"Molwrot, roman, Frysk, Piter Boersma","robots":{"index":"index","follow":"follow","max-snippet":"max-snippet:-1","max-image-preview":"max-image-preview:large","max-video-preview":"max-video-preview:-1"},"canonical":"https:\/\/websjop.afuk.frl\/nl\/winkel\/molwrot\/","og_locale":"nl_NL","og_type":"article","og_title":"Molwrot","og_description":"Molwrot, roman, Frysk, Piter Boersma","og_url":"https:\/\/websjop.afuk.frl\/nl\/winkel\/molwrot\/","og_site_name":"Af\u00fbk Websjop","article_modified_time":"2019-11-14T09:33:27+00:00","og_image":[{"width":600,"height":913,"url":"https:\/\/websjop.afuk.frl\/wp-content\/uploads\/2017\/03\/products-molwrot.jpg","type":"image\/jpeg"}],"twitter_card":"summary_large_image","twitter_misc":{"Geschatte leestijd":"1 minuut"},"schema":{"@context":"https:\/\/schema.org","@graph":[{"@type":"WebPage","@id":"https:\/\/websjop.afuk.frl\/nl\/winkel\/molwrot\/","url":"https:\/\/websjop.afuk.frl\/nl\/winkel\/molwrot\/","name":"Molwrot","isPartOf":{"@id":"https:\/\/websjop.afuk.frl\/nl\/#website"},"primaryImageOfPage":{"@id":"https:\/\/websjop.afuk.frl\/nl\/winkel\/molwrot\/#primaryimage"},"image":{"@id":"https:\/\/websjop.afuk.frl\/nl\/winkel\/molwrot\/#primaryimage"},"thumbnailUrl":"https:\/\/websjop.afuk.frl\/wp-content\/uploads\/2017\/03\/products-molwrot.jpg","datePublished":"2017-03-31T12:08:16+00:00","dateModified":"2019-11-14T09:33:27+00:00","description":"Molwrot, roman, Frysk, Piter Boersma","breadcrumb":{"@id":"https:\/\/websjop.afuk.frl\/nl\/winkel\/molwrot\/#breadcrumb"},"inLanguage":"nl-NL","potentialAction":[{"@type":"ReadAction","target":["https:\/\/websjop.afuk.frl\/nl\/winkel\/molwrot\/"]}]},{"@type":"ImageObject","inLanguage":"nl-NL","@id":"https:\/\/websjop.afuk.frl\/nl\/winkel\/molwrot\/#primaryimage","url":"https:\/\/websjop.afuk.frl\/wp-content\/uploads\/2017\/03\/products-molwrot.jpg","contentUrl":"https:\/\/websjop.afuk.frl\/wp-content\/uploads\/2017\/03\/products-molwrot.jpg","width":600,"height":913,"caption":"Molwrot"},{"@type":"BreadcrumbList","@id":"https:\/\/websjop.afuk.frl\/nl\/winkel\/molwrot\/#breadcrumb","itemListElement":[{"@type":"ListItem","position":1,"name":"Home","item":"https:\/\/websjop.afuk.frl\/nl\/"},{"@type":"ListItem","position":2,"name":"Winkel","item":"https:\/\/websjop.afuk.frl\/nl\/winkel\/"},{"@type":"ListItem","position":3,"name":"Molwrot"}]},{"@type":"WebSite","@id":"https:\/\/websjop.afuk.frl\/nl\/#website","url":"https:\/\/websjop.afuk.frl\/nl\/","name":"Af\u00fbk Websjop","description":"","potentialAction":[{"@type":"SearchAction","target":{"@type":"EntryPoint","urlTemplate":"https:\/\/websjop.afuk.frl\/nl\/?s={search_term_string}"},"query-input":{"@type":"PropertyValueSpecification","valueRequired":true,"valueName":"search_term_string"}}],"inLanguage":"nl-NL"}]}},"_links":{"self":[{"href":"https:\/\/websjop.afuk.frl\/nl\/wp-json\/wp\/v2\/product\/10596","targetHints":{"allow":["GET"]}}],"collection":[{"href":"https:\/\/websjop.afuk.frl\/nl\/wp-json\/wp\/v2\/product"}],"about":[{"href":"https:\/\/websjop.afuk.frl\/nl\/wp-json\/wp\/v2\/types\/product"}],"replies":[{"embeddable":true,"href":"https:\/\/websjop.afuk.frl\/nl\/wp-json\/wp\/v2\/comments?post=10596"}],"wp:featuredmedia":[{"embeddable":true,"href":"https:\/\/websjop.afuk.frl\/nl\/wp-json\/wp\/v2\/media\/10597"}],"wp:attachment":[{"href":"https:\/\/websjop.afuk.frl\/nl\/wp-json\/wp\/v2\/media?parent=10596"}],"wp:term":[{"taxonomy":"product_brand","embeddable":true,"href":"https:\/\/websjop.afuk.frl\/nl\/wp-json\/wp\/v2\/product_brand?post=10596"},{"taxonomy":"product_cat","embeddable":true,"href":"https:\/\/websjop.afuk.frl\/nl\/wp-json\/wp\/v2\/product_cat?post=10596"},{"taxonomy":"product_tag","embeddable":true,"href":"https:\/\/websjop.afuk.frl\/nl\/wp-json\/wp\/v2\/product_tag?post=10596"}],"curies":[{"name":"wp","href":"https:\/\/api.w.org\/{rel}","templated":true}]}}