{"id":10464,"date":"2017-02-06T10:43:08","date_gmt":"2017-02-06T09:43:08","guid":{"rendered":"https:\/\/websjop.bwhontwerpers.nl\/?post_type=product&#038;p=10464"},"modified":"2019-11-05T16:00:21","modified_gmt":"2019-11-05T15:00:21","slug":"beste-jonge-e-book","status":"publish","type":"product","link":"https:\/\/websjop.afuk.frl\/nl\/winkel\/beste-jonge-e-book\/","title":{"rendered":"B\u00easte jonge &#8211; e-book"},"content":{"rendered":"<p><span style=\"font-size: small;\"><strong>B\u00easte jonge &#8211; e-book<br \/>\n<\/strong><em>roman fan Geart Tigchelaar<\/em><br \/>\n<\/span><\/p>\n<p>&nbsp;<\/p>\n<p>In relaasje tusken man en frou, dat leit soms wat yngewikkeld. Sa ek by Tine en <span style=\"font-size: small;\">Jarich.<\/span> Tine liket tefreden mei har libben, mar benammen Jarich krijt it geregeld benaud fan it feit dat alles al sa\u2019n bytsje f\u00east leit yn syn libben. Risiko\u2019s nimme, it \u00fbnferwachte in k\u00e2ns jaan, in heger lok sykje, d\u00ear giet de nije roman fan Geart Tigchelaar oer.<\/p>\n<p>&nbsp;<\/p>\n<p>\u201cOp dy iene middei sloech it yn as in bom. Ik woe al langer folslein wat oars en it leafst wat oars as oars. Ik wist hieltiten mar net wat, mar doe\u2019t ik \u00fat it wurk wei \u00fas strjitte ynried en oer it sket fan de oerbuorman de grutte koppen fan de sinneblommen weauwen seach, ferskynde der stadichoan in grutte glim op myn holle.\u201d<\/p>\n<p>&nbsp;<\/p>\n<p>\u201cBlinders! Dizze w\u00e2ldpyk lit der gjin gers oer groeie!\u201d (<em>Elmar Kuiper)<\/em><\/p>\n<p>&nbsp;<\/p>\n","protected":false},"excerpt":{"rendered":"<p>B\u00easte jonge &#8211; e-book<br \/>\nroman fan Geart Tigchelaar<\/p>\n","protected":false},"featured_media":12361,"comment_status":"closed","ping_status":"closed","template":"","meta":{"_acf_changed":false},"product_brand":[],"product_cat":[548,535,537,1215],"product_tag":[],"class_list":{"0":"post-10464","1":"product","2":"type-product","3":"status-publish","4":"has-post-thumbnail","6":"product_cat-e-books","7":"product_cat-fryske-boeken","8":"product_cat-romans","9":"product_cat-romans-en-literatuer","10":"pa_auteur-geart-tigchelaar-2","11":"pa_is-een-afuk-product-0-2","12":"pa_sale-label-0-3","14":"first","15":"instock","16":"downloadable","17":"virtual","18":"taxable","19":"purchasable","20":"product-type-simple"},"acf":[],"yoast_head":"<!-- This site is optimized with the Yoast SEO plugin v27.3 - https:\/\/yoast.com\/product\/yoast-seo-wordpress\/ -->\n<title>B\u00easte jonge - e-book &#8211; Af\u00fbk Websjop<\/title>\n<meta name=\"robots\" content=\"index, follow, max-snippet:-1, max-image-preview:large, max-video-preview:-1\" \/>\n<link rel=\"canonical\" href=\"https:\/\/websjop.afuk.frl\/nl\/winkel\/beste-jonge-e-book\/\" \/>\n<meta property=\"og:locale\" content=\"nl_NL\" \/>\n<meta property=\"og:type\" content=\"article\" \/>\n<meta property=\"og:title\" content=\"B\u00easte jonge - e-book &#8211; Af\u00fbk Websjop\" \/>\n<meta property=\"og:description\" content=\"B\u00easte jonge - e-book roman fan Geart Tigchelaar\" \/>\n<meta property=\"og:url\" content=\"https:\/\/websjop.afuk.frl\/nl\/winkel\/beste-jonge-e-book\/\" \/>\n<meta property=\"og:site_name\" content=\"Af\u00fbk Websjop\" \/>\n<meta property=\"article:modified_time\" content=\"2019-11-05T15:00:21+00:00\" \/>\n<meta property=\"og:image\" content=\"https:\/\/websjop.afuk.frl\/wp-content\/uploads\/2017\/02\/beste_jonge-510x782.jpg\" \/>\n\t<meta property=\"og:image:width\" content=\"510\" \/>\n\t<meta property=\"og:image:height\" content=\"782\" \/>\n\t<meta property=\"og:image:type\" content=\"image\/jpeg\" \/>\n<meta name=\"twitter:card\" content=\"summary_large_image\" \/>\n<meta name=\"twitter:label1\" content=\"Geschatte leestijd\" \/>\n\t<meta name=\"twitter:data1\" content=\"1 minuut\" \/>\n<script type=\"application\/ld+json\" class=\"yoast-schema-graph\">{\"@context\":\"https:\\\/\\\/schema.org\",\"@graph\":[{\"@type\":\"WebPage\",\"@id\":\"https:\\\/\\\/websjop.afuk.frl\\\/nl\\\/winkel\\\/beste-jonge-e-book\\\/\",\"url\":\"https:\\\/\\\/websjop.afuk.frl\\\/nl\\\/winkel\\\/beste-jonge-e-book\\\/\",\"name\":\"B\u00easte jonge - e-book &#8211; Af\u00fbk Websjop\",\"isPartOf\":{\"@id\":\"https:\\\/\\\/websjop.afuk.frl\\\/nl\\\/#website\"},\"primaryImageOfPage\":{\"@id\":\"https:\\\/\\\/websjop.afuk.frl\\\/nl\\\/winkel\\\/beste-jonge-e-book\\\/#primaryimage\"},\"image\":{\"@id\":\"https:\\\/\\\/websjop.afuk.frl\\\/nl\\\/winkel\\\/beste-jonge-e-book\\\/#primaryimage\"},\"thumbnailUrl\":\"https:\\\/\\\/websjop.afuk.frl\\\/wp-content\\\/uploads\\\/2017\\\/02\\\/beste_jonge-510x782.jpg\",\"datePublished\":\"2017-02-06T09:43:08+00:00\",\"dateModified\":\"2019-11-05T15:00:21+00:00\",\"breadcrumb\":{\"@id\":\"https:\\\/\\\/websjop.afuk.frl\\\/nl\\\/winkel\\\/beste-jonge-e-book\\\/#breadcrumb\"},\"inLanguage\":\"nl-NL\",\"potentialAction\":[{\"@type\":\"ReadAction\",\"target\":[\"https:\\\/\\\/websjop.afuk.frl\\\/nl\\\/winkel\\\/beste-jonge-e-book\\\/\"]}]},{\"@type\":\"ImageObject\",\"inLanguage\":\"nl-NL\",\"@id\":\"https:\\\/\\\/websjop.afuk.frl\\\/nl\\\/winkel\\\/beste-jonge-e-book\\\/#primaryimage\",\"url\":\"https:\\\/\\\/websjop.afuk.frl\\\/wp-content\\\/uploads\\\/2017\\\/02\\\/beste_jonge-510x782.jpg\",\"contentUrl\":\"https:\\\/\\\/websjop.afuk.frl\\\/wp-content\\\/uploads\\\/2017\\\/02\\\/beste_jonge-510x782.jpg\",\"width\":510,\"height\":782},{\"@type\":\"BreadcrumbList\",\"@id\":\"https:\\\/\\\/websjop.afuk.frl\\\/nl\\\/winkel\\\/beste-jonge-e-book\\\/#breadcrumb\",\"itemListElement\":[{\"@type\":\"ListItem\",\"position\":1,\"name\":\"Home\",\"item\":\"https:\\\/\\\/websjop.afuk.frl\\\/nl\\\/\"},{\"@type\":\"ListItem\",\"position\":2,\"name\":\"Winkel\",\"item\":\"https:\\\/\\\/websjop.afuk.frl\\\/nl\\\/winkel\\\/\"},{\"@type\":\"ListItem\",\"position\":3,\"name\":\"B\u00easte jonge &#8211; e-book\"}]},{\"@type\":\"WebSite\",\"@id\":\"https:\\\/\\\/websjop.afuk.frl\\\/nl\\\/#website\",\"url\":\"https:\\\/\\\/websjop.afuk.frl\\\/nl\\\/\",\"name\":\"Af\u00fbk Websjop\",\"description\":\"\",\"potentialAction\":[{\"@type\":\"SearchAction\",\"target\":{\"@type\":\"EntryPoint\",\"urlTemplate\":\"https:\\\/\\\/websjop.afuk.frl\\\/nl\\\/?s={search_term_string}\"},\"query-input\":{\"@type\":\"PropertyValueSpecification\",\"valueRequired\":true,\"valueName\":\"search_term_string\"}}],\"inLanguage\":\"nl-NL\"}]}<\/script>\n<!-- \/ Yoast SEO plugin. -->","yoast_head_json":{"title":"B\u00easte jonge - e-book &#8211; Af\u00fbk Websjop","robots":{"index":"index","follow":"follow","max-snippet":"max-snippet:-1","max-image-preview":"max-image-preview:large","max-video-preview":"max-video-preview:-1"},"canonical":"https:\/\/websjop.afuk.frl\/nl\/winkel\/beste-jonge-e-book\/","og_locale":"nl_NL","og_type":"article","og_title":"B\u00easte jonge - e-book &#8211; Af\u00fbk Websjop","og_description":"B\u00easte jonge - e-book roman fan Geart Tigchelaar","og_url":"https:\/\/websjop.afuk.frl\/nl\/winkel\/beste-jonge-e-book\/","og_site_name":"Af\u00fbk Websjop","article_modified_time":"2019-11-05T15:00:21+00:00","og_image":[{"width":510,"height":782,"url":"https:\/\/websjop.afuk.frl\/wp-content\/uploads\/2017\/02\/beste_jonge-510x782.jpg","type":"image\/jpeg"}],"twitter_card":"summary_large_image","twitter_misc":{"Geschatte leestijd":"1 minuut"},"schema":{"@context":"https:\/\/schema.org","@graph":[{"@type":"WebPage","@id":"https:\/\/websjop.afuk.frl\/nl\/winkel\/beste-jonge-e-book\/","url":"https:\/\/websjop.afuk.frl\/nl\/winkel\/beste-jonge-e-book\/","name":"B\u00easte jonge - e-book &#8211; Af\u00fbk Websjop","isPartOf":{"@id":"https:\/\/websjop.afuk.frl\/nl\/#website"},"primaryImageOfPage":{"@id":"https:\/\/websjop.afuk.frl\/nl\/winkel\/beste-jonge-e-book\/#primaryimage"},"image":{"@id":"https:\/\/websjop.afuk.frl\/nl\/winkel\/beste-jonge-e-book\/#primaryimage"},"thumbnailUrl":"https:\/\/websjop.afuk.frl\/wp-content\/uploads\/2017\/02\/beste_jonge-510x782.jpg","datePublished":"2017-02-06T09:43:08+00:00","dateModified":"2019-11-05T15:00:21+00:00","breadcrumb":{"@id":"https:\/\/websjop.afuk.frl\/nl\/winkel\/beste-jonge-e-book\/#breadcrumb"},"inLanguage":"nl-NL","potentialAction":[{"@type":"ReadAction","target":["https:\/\/websjop.afuk.frl\/nl\/winkel\/beste-jonge-e-book\/"]}]},{"@type":"ImageObject","inLanguage":"nl-NL","@id":"https:\/\/websjop.afuk.frl\/nl\/winkel\/beste-jonge-e-book\/#primaryimage","url":"https:\/\/websjop.afuk.frl\/wp-content\/uploads\/2017\/02\/beste_jonge-510x782.jpg","contentUrl":"https:\/\/websjop.afuk.frl\/wp-content\/uploads\/2017\/02\/beste_jonge-510x782.jpg","width":510,"height":782},{"@type":"BreadcrumbList","@id":"https:\/\/websjop.afuk.frl\/nl\/winkel\/beste-jonge-e-book\/#breadcrumb","itemListElement":[{"@type":"ListItem","position":1,"name":"Home","item":"https:\/\/websjop.afuk.frl\/nl\/"},{"@type":"ListItem","position":2,"name":"Winkel","item":"https:\/\/websjop.afuk.frl\/nl\/winkel\/"},{"@type":"ListItem","position":3,"name":"B\u00easte jonge &#8211; e-book"}]},{"@type":"WebSite","@id":"https:\/\/websjop.afuk.frl\/nl\/#website","url":"https:\/\/websjop.afuk.frl\/nl\/","name":"Af\u00fbk Websjop","description":"","potentialAction":[{"@type":"SearchAction","target":{"@type":"EntryPoint","urlTemplate":"https:\/\/websjop.afuk.frl\/nl\/?s={search_term_string}"},"query-input":{"@type":"PropertyValueSpecification","valueRequired":true,"valueName":"search_term_string"}}],"inLanguage":"nl-NL"}]}},"_links":{"self":[{"href":"https:\/\/websjop.afuk.frl\/nl\/wp-json\/wp\/v2\/product\/10464","targetHints":{"allow":["GET"]}}],"collection":[{"href":"https:\/\/websjop.afuk.frl\/nl\/wp-json\/wp\/v2\/product"}],"about":[{"href":"https:\/\/websjop.afuk.frl\/nl\/wp-json\/wp\/v2\/types\/product"}],"replies":[{"embeddable":true,"href":"https:\/\/websjop.afuk.frl\/nl\/wp-json\/wp\/v2\/comments?post=10464"}],"wp:featuredmedia":[{"embeddable":true,"href":"https:\/\/websjop.afuk.frl\/nl\/wp-json\/wp\/v2\/media\/12361"}],"wp:attachment":[{"href":"https:\/\/websjop.afuk.frl\/nl\/wp-json\/wp\/v2\/media?parent=10464"}],"wp:term":[{"taxonomy":"product_brand","embeddable":true,"href":"https:\/\/websjop.afuk.frl\/nl\/wp-json\/wp\/v2\/product_brand?post=10464"},{"taxonomy":"product_cat","embeddable":true,"href":"https:\/\/websjop.afuk.frl\/nl\/wp-json\/wp\/v2\/product_cat?post=10464"},{"taxonomy":"product_tag","embeddable":true,"href":"https:\/\/websjop.afuk.frl\/nl\/wp-json\/wp\/v2\/product_tag?post=10464"}],"curies":[{"name":"wp","href":"https:\/\/api.w.org\/{rel}","templated":true}]}}