{"id":10432,"date":"2017-01-13T14:58:41","date_gmt":"2017-01-13T13:58:41","guid":{"rendered":"https:\/\/websjop.bwhontwerpers.nl\/?post_type=product&#038;p=10432"},"modified":"2021-09-24T12:58:32","modified_gmt":"2021-09-24T11:58:32","slug":"aurora-bossa-nova-e-book-mei-audiobestannen","status":"publish","type":"product","link":"https:\/\/websjop.afuk.frl\/nl\/winkel\/aurora-bossa-nova-e-book-mei-audiobestannen\/","title":{"rendered":"Aurora Bossa Nova &#8211; e-book mei audiobestannen"},"content":{"rendered":"<p><strong>Aurora Bossa Nova<\/strong> &#8211; e-book mei <em>audiobestannen<\/em><br \/>\ndichtbondel fan Arjan Hut<\/p>\n<p>&nbsp;<\/p>\n<p>Net allinne de gedichten op it skerm,\u00a0 mar se wurde ek nochris foarl\u00eazen troch de dichter sels.<\/p>\n<p>&nbsp;<\/p>\n<p>Abdelkader Benali spriek yn de Martinitsjerke oer de poezy fan Brodsky en fan Tsj\u00eabbe Hettinga en hy kaam ta de folgjende konkl\u00fazje: \u201cGedichten brengen een beetje licht. Meer hoeft poezie niet te doen.\u201d<\/p>\n<p>&nbsp;<\/p>\n<p>Yn de gedichten yn\u00a0<em>Aurora Bossa Nova<\/em>\u00a0wurdt net sasear socht om it ljocht, mar dochs wurdt it hjir en d\u00ear f\u00fbn. Mar is it ljocht of is it skyn?<\/p>\n<p>&nbsp;<\/p>\n<p>De l\u00eazer wurdt in weach dy&#8217;t yn t\u00fbzen drippen te lider spat en in voyeur dy&#8217;t in widdo en har h\u00fbn besjocht fan achter in gerdyn of in bern dat wachtet op in simmer dy&#8217;t yn hotpants oer it trotwaar d\u00fbnset. En krekt as alles klear liket om te bliuwen sa&#8217;t it is, falt alles wer \u00fatelkoar.\u00a0In soartemint fan titelgedicht is Aurora, oer twa minsken dy&#8217;t inoar fine op in bankje oan in kanaal. In lyts fers, mar dochs past it hiele universum der yn.<\/p>\n<p>&nbsp;<\/p>\n<p>Yn de fjirde bondel fan Arjan Hut binne de gedichten noch altyd dreamerich, is de taal boartlik, en wurde idee\u00ebn \u00fatwurke yn in ferskaat oan foarmen.\u00a0De fersen binne binne tagonkliker as earder, mar net minder poetysk.<\/p>\n<p>&nbsp;<\/p>\n<p>In l\u00eazer beskreau it op Facebook as: &#8216;De nacht yngean om it ljocht te sjen.&#8217;<\/p>\n<p>&nbsp;<\/p>\n<p>Oare reaksjes op de bondel:<\/p>\n<p>&nbsp;<\/p>\n<p>&#8220;Hjir krij ik it waarm fan!&#8221; (Sjoerd IJbema, oer it gedicht &#8216;Hotpants&#8217;)<\/p>\n<p>&nbsp;<\/p>\n<p>&#8220;As je mar ien Frysk boek keapje dit jier, of oare jier. Lit it dan de bondel fan\u00a0Arjan Hut\u00a0w\u00eaze. Wat in pracht! Tige oan te rieden oan eltsenien mei in hertslach.&#8221; (Jacco de Boer)<\/p>\n<p>&nbsp;<\/p>\n<p>&#8220;Wa&#8217;t him\/harsels dit jier noch wat bys\u00fbnders kado dwaan wol, dy tip ik de nije dichtbondel fan\u00a0Arjan Hut. Leit krekt yn &#8216;e winkel. W\u00fbnderlik moaie bondel.It measte \u00fat dizze bondel is in lust om te l\u00eazen.&#8221; (Syds Wiersma)<\/p>\n","protected":false},"excerpt":{"rendered":"<p>Aurora Bossa Nova &#8211; e-book mei audiobestannen<br \/>\ngedichten fan Arjan Hut<\/p>\n","protected":false},"featured_media":10433,"comment_status":"closed","ping_status":"closed","template":"","meta":{"_acf_changed":false},"product_brand":[],"product_cat":[538,548,535,1215],"product_tag":[],"class_list":{"0":"post-10432","1":"product","2":"type-product","3":"status-publish","4":"has-post-thumbnail","6":"product_cat-dichtbondels","7":"product_cat-e-books","8":"product_cat-fryske-boeken","9":"product_cat-romans-en-literatuer","10":"pa_auteur-arjan-hut","11":"pa_is-een-afuk-product-1-2","12":"pa_sale-label-0-3","14":"first","15":"instock","16":"downloadable","17":"virtual","18":"taxable","19":"purchasable","20":"product-type-simple"},"acf":[],"yoast_head":"<!-- This site is optimized with the Yoast SEO plugin v27.3 - https:\/\/yoast.com\/product\/yoast-seo-wordpress\/ -->\n<title>Aurora Bossa Nova - e-book mei audiobestannen &#8211; Af\u00fbk Websjop<\/title>\n<meta name=\"robots\" content=\"index, follow, max-snippet:-1, max-image-preview:large, max-video-preview:-1\" \/>\n<link rel=\"canonical\" href=\"https:\/\/websjop.afuk.frl\/nl\/winkel\/aurora-bossa-nova-e-book-mei-audiobestannen\/\" \/>\n<meta property=\"og:locale\" content=\"nl_NL\" \/>\n<meta property=\"og:type\" content=\"article\" \/>\n<meta property=\"og:title\" content=\"Aurora Bossa Nova - e-book mei audiobestannen &#8211; Af\u00fbk Websjop\" \/>\n<meta property=\"og:description\" content=\"Aurora Bossa Nova - e-book mei audiobestannen gedichten fan Arjan Hut\" \/>\n<meta property=\"og:url\" content=\"https:\/\/websjop.afuk.frl\/nl\/winkel\/aurora-bossa-nova-e-book-mei-audiobestannen\/\" \/>\n<meta property=\"og:site_name\" content=\"Af\u00fbk Websjop\" \/>\n<meta property=\"article:modified_time\" content=\"2021-09-24T11:58:32+00:00\" \/>\n<meta property=\"og:image\" content=\"https:\/\/websjop.afuk.frl\/wp-content\/uploads\/2017\/01\/products-aurora-bossa-nova-web_2.gif\" \/>\n\t<meta property=\"og:image:width\" content=\"700\" \/>\n\t<meta property=\"og:image:height\" content=\"1030\" \/>\n\t<meta property=\"og:image:type\" content=\"image\/jpeg\" \/>\n<meta name=\"twitter:card\" content=\"summary_large_image\" \/>\n<meta name=\"twitter:label1\" content=\"Geschatte leestijd\" \/>\n\t<meta name=\"twitter:data1\" content=\"2 minuten\" \/>\n<script type=\"application\/ld+json\" class=\"yoast-schema-graph\">{\"@context\":\"https:\\\/\\\/schema.org\",\"@graph\":[{\"@type\":\"WebPage\",\"@id\":\"https:\\\/\\\/websjop.afuk.frl\\\/nl\\\/winkel\\\/aurora-bossa-nova-e-book-mei-audiobestannen\\\/\",\"url\":\"https:\\\/\\\/websjop.afuk.frl\\\/nl\\\/winkel\\\/aurora-bossa-nova-e-book-mei-audiobestannen\\\/\",\"name\":\"Aurora Bossa Nova - e-book mei audiobestannen &#8211; Af\u00fbk Websjop\",\"isPartOf\":{\"@id\":\"https:\\\/\\\/websjop.afuk.frl\\\/nl\\\/#website\"},\"primaryImageOfPage\":{\"@id\":\"https:\\\/\\\/websjop.afuk.frl\\\/nl\\\/winkel\\\/aurora-bossa-nova-e-book-mei-audiobestannen\\\/#primaryimage\"},\"image\":{\"@id\":\"https:\\\/\\\/websjop.afuk.frl\\\/nl\\\/winkel\\\/aurora-bossa-nova-e-book-mei-audiobestannen\\\/#primaryimage\"},\"thumbnailUrl\":\"https:\\\/\\\/websjop.afuk.frl\\\/wp-content\\\/uploads\\\/2017\\\/01\\\/products-aurora-bossa-nova-web_2.gif\",\"datePublished\":\"2017-01-13T13:58:41+00:00\",\"dateModified\":\"2021-09-24T11:58:32+00:00\",\"breadcrumb\":{\"@id\":\"https:\\\/\\\/websjop.afuk.frl\\\/nl\\\/winkel\\\/aurora-bossa-nova-e-book-mei-audiobestannen\\\/#breadcrumb\"},\"inLanguage\":\"nl-NL\",\"potentialAction\":[{\"@type\":\"ReadAction\",\"target\":[\"https:\\\/\\\/websjop.afuk.frl\\\/nl\\\/winkel\\\/aurora-bossa-nova-e-book-mei-audiobestannen\\\/\"]}]},{\"@type\":\"ImageObject\",\"inLanguage\":\"nl-NL\",\"@id\":\"https:\\\/\\\/websjop.afuk.frl\\\/nl\\\/winkel\\\/aurora-bossa-nova-e-book-mei-audiobestannen\\\/#primaryimage\",\"url\":\"https:\\\/\\\/websjop.afuk.frl\\\/wp-content\\\/uploads\\\/2017\\\/01\\\/products-aurora-bossa-nova-web_2.gif\",\"contentUrl\":\"https:\\\/\\\/websjop.afuk.frl\\\/wp-content\\\/uploads\\\/2017\\\/01\\\/products-aurora-bossa-nova-web_2.gif\",\"width\":700,\"height\":1030},{\"@type\":\"BreadcrumbList\",\"@id\":\"https:\\\/\\\/websjop.afuk.frl\\\/nl\\\/winkel\\\/aurora-bossa-nova-e-book-mei-audiobestannen\\\/#breadcrumb\",\"itemListElement\":[{\"@type\":\"ListItem\",\"position\":1,\"name\":\"Home\",\"item\":\"https:\\\/\\\/websjop.afuk.frl\\\/nl\\\/\"},{\"@type\":\"ListItem\",\"position\":2,\"name\":\"Winkel\",\"item\":\"https:\\\/\\\/websjop.afuk.frl\\\/nl\\\/winkel\\\/\"},{\"@type\":\"ListItem\",\"position\":3,\"name\":\"Aurora Bossa Nova &#8211; e-book mei audiobestannen\"}]},{\"@type\":\"WebSite\",\"@id\":\"https:\\\/\\\/websjop.afuk.frl\\\/nl\\\/#website\",\"url\":\"https:\\\/\\\/websjop.afuk.frl\\\/nl\\\/\",\"name\":\"Af\u00fbk Websjop\",\"description\":\"\",\"potentialAction\":[{\"@type\":\"SearchAction\",\"target\":{\"@type\":\"EntryPoint\",\"urlTemplate\":\"https:\\\/\\\/websjop.afuk.frl\\\/nl\\\/?s={search_term_string}\"},\"query-input\":{\"@type\":\"PropertyValueSpecification\",\"valueRequired\":true,\"valueName\":\"search_term_string\"}}],\"inLanguage\":\"nl-NL\"}]}<\/script>\n<!-- \/ Yoast SEO plugin. -->","yoast_head_json":{"title":"Aurora Bossa Nova - e-book mei audiobestannen &#8211; Af\u00fbk Websjop","robots":{"index":"index","follow":"follow","max-snippet":"max-snippet:-1","max-image-preview":"max-image-preview:large","max-video-preview":"max-video-preview:-1"},"canonical":"https:\/\/websjop.afuk.frl\/nl\/winkel\/aurora-bossa-nova-e-book-mei-audiobestannen\/","og_locale":"nl_NL","og_type":"article","og_title":"Aurora Bossa Nova - e-book mei audiobestannen &#8211; Af\u00fbk Websjop","og_description":"Aurora Bossa Nova - e-book mei audiobestannen gedichten fan Arjan Hut","og_url":"https:\/\/websjop.afuk.frl\/nl\/winkel\/aurora-bossa-nova-e-book-mei-audiobestannen\/","og_site_name":"Af\u00fbk Websjop","article_modified_time":"2021-09-24T11:58:32+00:00","og_image":[{"width":700,"height":1030,"url":"https:\/\/websjop.afuk.frl\/wp-content\/uploads\/2017\/01\/products-aurora-bossa-nova-web_2.gif","type":"image\/jpeg"}],"twitter_card":"summary_large_image","twitter_misc":{"Geschatte leestijd":"2 minuten"},"schema":{"@context":"https:\/\/schema.org","@graph":[{"@type":"WebPage","@id":"https:\/\/websjop.afuk.frl\/nl\/winkel\/aurora-bossa-nova-e-book-mei-audiobestannen\/","url":"https:\/\/websjop.afuk.frl\/nl\/winkel\/aurora-bossa-nova-e-book-mei-audiobestannen\/","name":"Aurora Bossa Nova - e-book mei audiobestannen &#8211; Af\u00fbk Websjop","isPartOf":{"@id":"https:\/\/websjop.afuk.frl\/nl\/#website"},"primaryImageOfPage":{"@id":"https:\/\/websjop.afuk.frl\/nl\/winkel\/aurora-bossa-nova-e-book-mei-audiobestannen\/#primaryimage"},"image":{"@id":"https:\/\/websjop.afuk.frl\/nl\/winkel\/aurora-bossa-nova-e-book-mei-audiobestannen\/#primaryimage"},"thumbnailUrl":"https:\/\/websjop.afuk.frl\/wp-content\/uploads\/2017\/01\/products-aurora-bossa-nova-web_2.gif","datePublished":"2017-01-13T13:58:41+00:00","dateModified":"2021-09-24T11:58:32+00:00","breadcrumb":{"@id":"https:\/\/websjop.afuk.frl\/nl\/winkel\/aurora-bossa-nova-e-book-mei-audiobestannen\/#breadcrumb"},"inLanguage":"nl-NL","potentialAction":[{"@type":"ReadAction","target":["https:\/\/websjop.afuk.frl\/nl\/winkel\/aurora-bossa-nova-e-book-mei-audiobestannen\/"]}]},{"@type":"ImageObject","inLanguage":"nl-NL","@id":"https:\/\/websjop.afuk.frl\/nl\/winkel\/aurora-bossa-nova-e-book-mei-audiobestannen\/#primaryimage","url":"https:\/\/websjop.afuk.frl\/wp-content\/uploads\/2017\/01\/products-aurora-bossa-nova-web_2.gif","contentUrl":"https:\/\/websjop.afuk.frl\/wp-content\/uploads\/2017\/01\/products-aurora-bossa-nova-web_2.gif","width":700,"height":1030},{"@type":"BreadcrumbList","@id":"https:\/\/websjop.afuk.frl\/nl\/winkel\/aurora-bossa-nova-e-book-mei-audiobestannen\/#breadcrumb","itemListElement":[{"@type":"ListItem","position":1,"name":"Home","item":"https:\/\/websjop.afuk.frl\/nl\/"},{"@type":"ListItem","position":2,"name":"Winkel","item":"https:\/\/websjop.afuk.frl\/nl\/winkel\/"},{"@type":"ListItem","position":3,"name":"Aurora Bossa Nova &#8211; e-book mei audiobestannen"}]},{"@type":"WebSite","@id":"https:\/\/websjop.afuk.frl\/nl\/#website","url":"https:\/\/websjop.afuk.frl\/nl\/","name":"Af\u00fbk Websjop","description":"","potentialAction":[{"@type":"SearchAction","target":{"@type":"EntryPoint","urlTemplate":"https:\/\/websjop.afuk.frl\/nl\/?s={search_term_string}"},"query-input":{"@type":"PropertyValueSpecification","valueRequired":true,"valueName":"search_term_string"}}],"inLanguage":"nl-NL"}]}},"_links":{"self":[{"href":"https:\/\/websjop.afuk.frl\/nl\/wp-json\/wp\/v2\/product\/10432","targetHints":{"allow":["GET"]}}],"collection":[{"href":"https:\/\/websjop.afuk.frl\/nl\/wp-json\/wp\/v2\/product"}],"about":[{"href":"https:\/\/websjop.afuk.frl\/nl\/wp-json\/wp\/v2\/types\/product"}],"replies":[{"embeddable":true,"href":"https:\/\/websjop.afuk.frl\/nl\/wp-json\/wp\/v2\/comments?post=10432"}],"wp:featuredmedia":[{"embeddable":true,"href":"https:\/\/websjop.afuk.frl\/nl\/wp-json\/wp\/v2\/media\/10433"}],"wp:attachment":[{"href":"https:\/\/websjop.afuk.frl\/nl\/wp-json\/wp\/v2\/media?parent=10432"}],"wp:term":[{"taxonomy":"product_brand","embeddable":true,"href":"https:\/\/websjop.afuk.frl\/nl\/wp-json\/wp\/v2\/product_brand?post=10432"},{"taxonomy":"product_cat","embeddable":true,"href":"https:\/\/websjop.afuk.frl\/nl\/wp-json\/wp\/v2\/product_cat?post=10432"},{"taxonomy":"product_tag","embeddable":true,"href":"https:\/\/websjop.afuk.frl\/nl\/wp-json\/wp\/v2\/product_tag?post=10432"}],"curies":[{"name":"wp","href":"https:\/\/api.w.org\/{rel}","templated":true}]}}