{"id":10428,"date":"2017-01-02T12:53:25","date_gmt":"2017-01-02T11:53:25","guid":{"rendered":"https:\/\/websjop.bwhontwerpers.nl\/?post_type=product&#038;p=10428"},"modified":"2025-12-04T11:24:20","modified_gmt":"2025-12-04T10:24:20","slug":"de-aap-foar-de-bokkewein","status":"publish","type":"product","link":"https:\/\/websjop.afuk.frl\/nl\/winkel\/de-aap-foar-de-bokkewein\/","title":{"rendered":"De aap foar de bokkewein"},"content":{"rendered":"<p><strong>De aap foar de bokkewein<\/strong><br \/>\ndichtbondel fan Eppie Dam<\/p>\n<p><em>It jier hat bylden boud en wiske;<\/em><br \/>\n<em>wij stoarje troch it keamersr\u00fat &#8211;<\/em><br \/>\n<em>it kr\u00faspunt smeult, der twirret jiske,<\/em><br \/>\n<em>in pylk set noch de himel \u00fat.<\/em><\/p>\n<p>As it fehikel fan de foar\u00fatgong in bokkewein is, dan hiene we der leafst in wize sik foar h\u00e2n. Mei f\u00east in idee om ergens hinne. Mar 2016 wie it jier fan de aap, net allinnich fan de Sinezen. Dichter Eppie Dam folge tsien moannen lang de tiid op &#8216;e foet. De oanslaggen, it klimaat, de swalkjende polityk, ferlies oan gearhing en de iensumens fan God: it krijt allegear syn gerak yn dizze unike kronyk. Soms mei in lichtere toan om it \u00fat te sjongen. Ek mei de fraach oft der noch wat te kiezen falt yn in tiid dat neat mear te rymjen is.<\/p>\n<p><em>Ik sis, ik soe de kar ha wolle,<\/em><br \/>\n<em>mar oars as rymje kin ik net:<\/em><br \/>\n<em>tefolle wanklank yn &#8216;e holle,<\/em><br \/>\n<em>en oeral wurde klokken let.<\/em><\/p>\n<p>&nbsp;<\/p>\n<p>&nbsp;<\/p>\n","protected":false},"excerpt":{"rendered":"<p>De aap foar de bokkewein<br \/>\ndichtbondel fan Eppie Dam<\/p>\n","protected":false},"featured_media":10429,"comment_status":"closed","ping_status":"closed","template":"","meta":{"_acf_changed":false},"product_brand":[],"product_cat":[538,575,535,574,1215],"product_tag":[23158,23157,6189,20053],"class_list":{"0":"post-10428","1":"product","2":"type-product","3":"status-publish","4":"has-post-thumbnail","6":"product_cat-dichtbondels","7":"product_cat-oanbieding-folwoeksenen","8":"product_cat-fryske-boeken","9":"product_cat-oanbiedingen","10":"product_cat-romans-en-literatuer","11":"product_tag-23158","12":"product_tag-de-aap-foar-de-bokkewein","13":"product_tag-eppie-dam","14":"product_tag-kronyk","15":"product_shipping_class-brievenbus-verzending","16":"pa_auteur-eppie-dam","17":"pa_sale-label-1337","18":"pa_taal-frysk","19":"pa_uitgever-afuk","21":"first","22":"instock","23":"sale","24":"taxable","25":"shipping-taxable","26":"purchasable","27":"product-type-simple"},"acf":[],"yoast_head":"<!-- This site is optimized with the Yoast SEO plugin v27.3 - https:\/\/yoast.com\/product\/yoast-seo-wordpress\/ -->\n<title>De aap foar de bokkewein &#8211; Af\u00fbk Websjop<\/title>\n<meta name=\"description\" content=\"De aap foar de bokkewein - Eppie Dam\" \/>\n<meta name=\"robots\" content=\"index, follow, max-snippet:-1, max-image-preview:large, max-video-preview:-1\" \/>\n<link rel=\"canonical\" href=\"https:\/\/websjop.afuk.frl\/nl\/winkel\/de-aap-foar-de-bokkewein\/\" \/>\n<meta property=\"og:locale\" content=\"nl_NL\" \/>\n<meta property=\"og:type\" content=\"article\" \/>\n<meta property=\"og:title\" content=\"De aap foar de bokkewein &#8211; Af\u00fbk Websjop\" \/>\n<meta property=\"og:description\" content=\"De aap foar de bokkewein - Eppie Dam\" \/>\n<meta property=\"og:url\" content=\"https:\/\/websjop.afuk.frl\/nl\/winkel\/de-aap-foar-de-bokkewein\/\" \/>\n<meta property=\"og:site_name\" content=\"Af\u00fbk Websjop\" \/>\n<meta property=\"article:modified_time\" content=\"2025-12-04T10:24:20+00:00\" \/>\n<meta property=\"og:image\" content=\"https:\/\/websjop.afuk.frl\/wp-content\/uploads\/2017\/01\/products-de-aap-foar-de-bokkewein-web.jpg\" \/>\n\t<meta property=\"og:image:width\" content=\"600\" \/>\n\t<meta property=\"og:image:height\" content=\"873\" \/>\n\t<meta property=\"og:image:type\" content=\"image\/jpeg\" \/>\n<meta name=\"twitter:card\" content=\"summary_large_image\" \/>\n<meta name=\"twitter:label1\" content=\"Geschatte leestijd\" \/>\n\t<meta name=\"twitter:data1\" content=\"1 minuut\" \/>\n<script type=\"application\/ld+json\" class=\"yoast-schema-graph\">{\"@context\":\"https:\\\/\\\/schema.org\",\"@graph\":[{\"@type\":\"WebPage\",\"@id\":\"https:\\\/\\\/websjop.afuk.frl\\\/nl\\\/winkel\\\/de-aap-foar-de-bokkewein\\\/\",\"url\":\"https:\\\/\\\/websjop.afuk.frl\\\/nl\\\/winkel\\\/de-aap-foar-de-bokkewein\\\/\",\"name\":\"De aap foar de bokkewein &#8211; Af\u00fbk Websjop\",\"isPartOf\":{\"@id\":\"https:\\\/\\\/websjop.afuk.frl\\\/nl\\\/#website\"},\"primaryImageOfPage\":{\"@id\":\"https:\\\/\\\/websjop.afuk.frl\\\/nl\\\/winkel\\\/de-aap-foar-de-bokkewein\\\/#primaryimage\"},\"image\":{\"@id\":\"https:\\\/\\\/websjop.afuk.frl\\\/nl\\\/winkel\\\/de-aap-foar-de-bokkewein\\\/#primaryimage\"},\"thumbnailUrl\":\"https:\\\/\\\/websjop.afuk.frl\\\/wp-content\\\/uploads\\\/2017\\\/01\\\/products-de-aap-foar-de-bokkewein-web.jpg\",\"datePublished\":\"2017-01-02T11:53:25+00:00\",\"dateModified\":\"2025-12-04T10:24:20+00:00\",\"description\":\"De aap foar de bokkewein - Eppie Dam\",\"breadcrumb\":{\"@id\":\"https:\\\/\\\/websjop.afuk.frl\\\/nl\\\/winkel\\\/de-aap-foar-de-bokkewein\\\/#breadcrumb\"},\"inLanguage\":\"nl-NL\",\"potentialAction\":[{\"@type\":\"ReadAction\",\"target\":[\"https:\\\/\\\/websjop.afuk.frl\\\/nl\\\/winkel\\\/de-aap-foar-de-bokkewein\\\/\"]}]},{\"@type\":\"ImageObject\",\"inLanguage\":\"nl-NL\",\"@id\":\"https:\\\/\\\/websjop.afuk.frl\\\/nl\\\/winkel\\\/de-aap-foar-de-bokkewein\\\/#primaryimage\",\"url\":\"https:\\\/\\\/websjop.afuk.frl\\\/wp-content\\\/uploads\\\/2017\\\/01\\\/products-de-aap-foar-de-bokkewein-web.jpg\",\"contentUrl\":\"https:\\\/\\\/websjop.afuk.frl\\\/wp-content\\\/uploads\\\/2017\\\/01\\\/products-de-aap-foar-de-bokkewein-web.jpg\",\"width\":600,\"height\":873},{\"@type\":\"BreadcrumbList\",\"@id\":\"https:\\\/\\\/websjop.afuk.frl\\\/nl\\\/winkel\\\/de-aap-foar-de-bokkewein\\\/#breadcrumb\",\"itemListElement\":[{\"@type\":\"ListItem\",\"position\":1,\"name\":\"Home\",\"item\":\"https:\\\/\\\/websjop.afuk.frl\\\/nl\\\/\"},{\"@type\":\"ListItem\",\"position\":2,\"name\":\"Winkel\",\"item\":\"https:\\\/\\\/websjop.afuk.frl\\\/nl\\\/winkel\\\/\"},{\"@type\":\"ListItem\",\"position\":3,\"name\":\"De aap foar de bokkewein\"}]},{\"@type\":\"WebSite\",\"@id\":\"https:\\\/\\\/websjop.afuk.frl\\\/nl\\\/#website\",\"url\":\"https:\\\/\\\/websjop.afuk.frl\\\/nl\\\/\",\"name\":\"Af\u00fbk Websjop\",\"description\":\"\",\"potentialAction\":[{\"@type\":\"SearchAction\",\"target\":{\"@type\":\"EntryPoint\",\"urlTemplate\":\"https:\\\/\\\/websjop.afuk.frl\\\/nl\\\/?s={search_term_string}\"},\"query-input\":{\"@type\":\"PropertyValueSpecification\",\"valueRequired\":true,\"valueName\":\"search_term_string\"}}],\"inLanguage\":\"nl-NL\"}]}<\/script>\n<!-- \/ Yoast SEO plugin. -->","yoast_head_json":{"title":"De aap foar de bokkewein &#8211; Af\u00fbk Websjop","description":"De aap foar de bokkewein - Eppie Dam","robots":{"index":"index","follow":"follow","max-snippet":"max-snippet:-1","max-image-preview":"max-image-preview:large","max-video-preview":"max-video-preview:-1"},"canonical":"https:\/\/websjop.afuk.frl\/nl\/winkel\/de-aap-foar-de-bokkewein\/","og_locale":"nl_NL","og_type":"article","og_title":"De aap foar de bokkewein &#8211; Af\u00fbk Websjop","og_description":"De aap foar de bokkewein - Eppie Dam","og_url":"https:\/\/websjop.afuk.frl\/nl\/winkel\/de-aap-foar-de-bokkewein\/","og_site_name":"Af\u00fbk Websjop","article_modified_time":"2025-12-04T10:24:20+00:00","og_image":[{"width":600,"height":873,"url":"https:\/\/websjop.afuk.frl\/wp-content\/uploads\/2017\/01\/products-de-aap-foar-de-bokkewein-web.jpg","type":"image\/jpeg"}],"twitter_card":"summary_large_image","twitter_misc":{"Geschatte leestijd":"1 minuut"},"schema":{"@context":"https:\/\/schema.org","@graph":[{"@type":"WebPage","@id":"https:\/\/websjop.afuk.frl\/nl\/winkel\/de-aap-foar-de-bokkewein\/","url":"https:\/\/websjop.afuk.frl\/nl\/winkel\/de-aap-foar-de-bokkewein\/","name":"De aap foar de bokkewein &#8211; Af\u00fbk Websjop","isPartOf":{"@id":"https:\/\/websjop.afuk.frl\/nl\/#website"},"primaryImageOfPage":{"@id":"https:\/\/websjop.afuk.frl\/nl\/winkel\/de-aap-foar-de-bokkewein\/#primaryimage"},"image":{"@id":"https:\/\/websjop.afuk.frl\/nl\/winkel\/de-aap-foar-de-bokkewein\/#primaryimage"},"thumbnailUrl":"https:\/\/websjop.afuk.frl\/wp-content\/uploads\/2017\/01\/products-de-aap-foar-de-bokkewein-web.jpg","datePublished":"2017-01-02T11:53:25+00:00","dateModified":"2025-12-04T10:24:20+00:00","description":"De aap foar de bokkewein - Eppie Dam","breadcrumb":{"@id":"https:\/\/websjop.afuk.frl\/nl\/winkel\/de-aap-foar-de-bokkewein\/#breadcrumb"},"inLanguage":"nl-NL","potentialAction":[{"@type":"ReadAction","target":["https:\/\/websjop.afuk.frl\/nl\/winkel\/de-aap-foar-de-bokkewein\/"]}]},{"@type":"ImageObject","inLanguage":"nl-NL","@id":"https:\/\/websjop.afuk.frl\/nl\/winkel\/de-aap-foar-de-bokkewein\/#primaryimage","url":"https:\/\/websjop.afuk.frl\/wp-content\/uploads\/2017\/01\/products-de-aap-foar-de-bokkewein-web.jpg","contentUrl":"https:\/\/websjop.afuk.frl\/wp-content\/uploads\/2017\/01\/products-de-aap-foar-de-bokkewein-web.jpg","width":600,"height":873},{"@type":"BreadcrumbList","@id":"https:\/\/websjop.afuk.frl\/nl\/winkel\/de-aap-foar-de-bokkewein\/#breadcrumb","itemListElement":[{"@type":"ListItem","position":1,"name":"Home","item":"https:\/\/websjop.afuk.frl\/nl\/"},{"@type":"ListItem","position":2,"name":"Winkel","item":"https:\/\/websjop.afuk.frl\/nl\/winkel\/"},{"@type":"ListItem","position":3,"name":"De aap foar de bokkewein"}]},{"@type":"WebSite","@id":"https:\/\/websjop.afuk.frl\/nl\/#website","url":"https:\/\/websjop.afuk.frl\/nl\/","name":"Af\u00fbk Websjop","description":"","potentialAction":[{"@type":"SearchAction","target":{"@type":"EntryPoint","urlTemplate":"https:\/\/websjop.afuk.frl\/nl\/?s={search_term_string}"},"query-input":{"@type":"PropertyValueSpecification","valueRequired":true,"valueName":"search_term_string"}}],"inLanguage":"nl-NL"}]}},"_links":{"self":[{"href":"https:\/\/websjop.afuk.frl\/nl\/wp-json\/wp\/v2\/product\/10428","targetHints":{"allow":["GET"]}}],"collection":[{"href":"https:\/\/websjop.afuk.frl\/nl\/wp-json\/wp\/v2\/product"}],"about":[{"href":"https:\/\/websjop.afuk.frl\/nl\/wp-json\/wp\/v2\/types\/product"}],"replies":[{"embeddable":true,"href":"https:\/\/websjop.afuk.frl\/nl\/wp-json\/wp\/v2\/comments?post=10428"}],"wp:featuredmedia":[{"embeddable":true,"href":"https:\/\/websjop.afuk.frl\/nl\/wp-json\/wp\/v2\/media\/10429"}],"wp:attachment":[{"href":"https:\/\/websjop.afuk.frl\/nl\/wp-json\/wp\/v2\/media?parent=10428"}],"wp:term":[{"taxonomy":"product_brand","embeddable":true,"href":"https:\/\/websjop.afuk.frl\/nl\/wp-json\/wp\/v2\/product_brand?post=10428"},{"taxonomy":"product_cat","embeddable":true,"href":"https:\/\/websjop.afuk.frl\/nl\/wp-json\/wp\/v2\/product_cat?post=10428"},{"taxonomy":"product_tag","embeddable":true,"href":"https:\/\/websjop.afuk.frl\/nl\/wp-json\/wp\/v2\/product_tag?post=10428"}],"curies":[{"name":"wp","href":"https:\/\/api.w.org\/{rel}","templated":true}]}}