{"id":10426,"date":"2016-12-27T13:57:17","date_gmt":"2016-12-27T12:57:17","guid":{"rendered":"https:\/\/websjop.bwhontwerpers.nl\/?post_type=product&#038;p=10426"},"modified":"2020-01-27T15:23:39","modified_gmt":"2020-01-27T14:23:39","slug":"sels-in-tibetaan-belanet-op-it-lest-yn-see","status":"publish","type":"product","link":"https:\/\/websjop.afuk.frl\/nl\/winkel\/sels-in-tibetaan-belanet-op-it-lest-yn-see\/","title":{"rendered":"Sels in Tibetaan bel\u00e2net op it l\u00east yn see"},"content":{"rendered":"<p>Dizze bondel fan Edwin de Groot is in hommaazje oan twa rigels fan de Poalske dichteres Wislawa Szymborska:<\/p>\n<p><strong>Je bent &#8211; je moet voorbijgaan.<\/strong><br \/>\n<strong>Je gaat voorbij &#8211; en alles is ok\u00e9.<\/strong><\/p>\n<p>By wat der sa op syn wei komt, spilet by Edwin de Groot it besef fan it tydlik-w\u00eazen fan de dingen in grutte rol. Mei wikseljende konkl\u00fazjejes jout hy dat besef foarm yn taal. Al wie it mar om foar te kommen dat jo <em>sprakeleas tusken siiep ten\u00fbndergean<\/em>.<\/p>\n<p>Edwin de Groot (1963) w\u00fbn al meardere kearen in Rely Jorritsma-priis foar syn po\u00ebzy. Earder publisearre hy de dichtbondels <em>Ik skip<\/em> (2009), <em>Tongfal<\/em> (2010) en de twatalige bondel<em> In hazze is in lokkich bern\/Een haas een gelukkig kind<\/em> (2013). De Groot skriuwt net allinnich yn it Frysk, hy publisearret ek gedichten yn Nederl\u00e2nske en Flaamske liter\u00eare tydskriften.<\/p>\n<p>&nbsp;<\/p>\n","protected":false},"excerpt":{"rendered":"<p>Sels in Tibetaan bel\u00e2net op it l\u00east yn see<br \/>\ndichtbundel fan Edwin de Groot<\/p>\n","protected":false},"featured_media":10427,"comment_status":"closed","ping_status":"closed","template":"","meta":{"_acf_changed":false},"product_brand":[],"product_cat":[538,535,1215],"product_tag":[9575,5173,5191],"class_list":{"0":"post-10426","1":"product","2":"type-product","3":"status-publish","4":"has-post-thumbnail","6":"product_cat-dichtbondels","7":"product_cat-fryske-boeken","8":"product_cat-romans-en-literatuer","9":"product_tag-edwin-de-groot","10":"product_tag-frysk","11":"product_tag-gedichten","12":"product_shipping_class-brievenbus-verzending","13":"pa_auteur-edwin-de-groot-2","14":"pa_isbn-9574","15":"pa_taal-frysk","16":"pa_uitgever-afuk","18":"first","19":"instock","20":"taxable","21":"shipping-taxable","22":"purchasable","23":"product-type-simple"},"acf":[],"yoast_head":"<!-- This site is optimized with the Yoast SEO plugin v27.2 - https:\/\/yoast.com\/product\/yoast-seo-wordpress\/ -->\n<title>Sels in Tibetaan bel\u00e2net op it l\u00east yn see &#8211; Af\u00fbk Websjop<\/title>\n<meta name=\"robots\" content=\"index, follow, max-snippet:-1, max-image-preview:large, max-video-preview:-1\" \/>\n<link rel=\"canonical\" href=\"https:\/\/websjop.afuk.frl\/nl\/winkel\/sels-in-tibetaan-belanet-op-it-lest-yn-see\/\" \/>\n<meta property=\"og:locale\" content=\"nl_NL\" \/>\n<meta property=\"og:type\" content=\"article\" \/>\n<meta property=\"og:title\" content=\"Sels in Tibetaan bel\u00e2net op it l\u00east yn see &#8211; Af\u00fbk Websjop\" \/>\n<meta property=\"og:description\" content=\"Sels in Tibetaan bel\u00e2net op it l\u00east yn see dichtbundel fan Edwin de Groot\" \/>\n<meta property=\"og:url\" content=\"https:\/\/websjop.afuk.frl\/nl\/winkel\/sels-in-tibetaan-belanet-op-it-lest-yn-see\/\" \/>\n<meta property=\"og:site_name\" content=\"Af\u00fbk Websjop\" \/>\n<meta property=\"article:modified_time\" content=\"2020-01-27T14:23:39+00:00\" \/>\n<meta property=\"og:image\" content=\"https:\/\/websjop.afuk.frl\/wp-content\/uploads\/2016\/12\/products-sels-in-tibetaan-web.jpg\" \/>\n\t<meta property=\"og:image:width\" content=\"600\" \/>\n\t<meta property=\"og:image:height\" content=\"878\" \/>\n\t<meta property=\"og:image:type\" content=\"image\/jpeg\" \/>\n<meta name=\"twitter:card\" content=\"summary_large_image\" \/>\n<meta name=\"twitter:label1\" content=\"Geschatte leestijd\" \/>\n\t<meta name=\"twitter:data1\" content=\"1 minuut\" \/>\n<script type=\"application\/ld+json\" class=\"yoast-schema-graph\">{\"@context\":\"https:\/\/schema.org\",\"@graph\":[{\"@type\":\"WebPage\",\"@id\":\"https:\/\/websjop.afuk.frl\/nl\/winkel\/sels-in-tibetaan-belanet-op-it-lest-yn-see\/\",\"url\":\"https:\/\/websjop.afuk.frl\/nl\/winkel\/sels-in-tibetaan-belanet-op-it-lest-yn-see\/\",\"name\":\"Sels in Tibetaan bel\u00e2net op it l\u00east yn see &#8211; Af\u00fbk Websjop\",\"isPartOf\":{\"@id\":\"https:\/\/websjop.afuk.frl\/nl\/#website\"},\"primaryImageOfPage\":{\"@id\":\"https:\/\/websjop.afuk.frl\/nl\/winkel\/sels-in-tibetaan-belanet-op-it-lest-yn-see\/#primaryimage\"},\"image\":{\"@id\":\"https:\/\/websjop.afuk.frl\/nl\/winkel\/sels-in-tibetaan-belanet-op-it-lest-yn-see\/#primaryimage\"},\"thumbnailUrl\":\"https:\/\/websjop.afuk.frl\/wp-content\/uploads\/2016\/12\/products-sels-in-tibetaan-web.jpg\",\"datePublished\":\"2016-12-27T12:57:17+00:00\",\"dateModified\":\"2020-01-27T14:23:39+00:00\",\"breadcrumb\":{\"@id\":\"https:\/\/websjop.afuk.frl\/nl\/winkel\/sels-in-tibetaan-belanet-op-it-lest-yn-see\/#breadcrumb\"},\"inLanguage\":\"nl-NL\",\"potentialAction\":[{\"@type\":\"ReadAction\",\"target\":[\"https:\/\/websjop.afuk.frl\/nl\/winkel\/sels-in-tibetaan-belanet-op-it-lest-yn-see\/\"]}]},{\"@type\":\"ImageObject\",\"inLanguage\":\"nl-NL\",\"@id\":\"https:\/\/websjop.afuk.frl\/nl\/winkel\/sels-in-tibetaan-belanet-op-it-lest-yn-see\/#primaryimage\",\"url\":\"https:\/\/websjop.afuk.frl\/wp-content\/uploads\/2016\/12\/products-sels-in-tibetaan-web.jpg\",\"contentUrl\":\"https:\/\/websjop.afuk.frl\/wp-content\/uploads\/2016\/12\/products-sels-in-tibetaan-web.jpg\",\"width\":600,\"height\":878},{\"@type\":\"BreadcrumbList\",\"@id\":\"https:\/\/websjop.afuk.frl\/nl\/winkel\/sels-in-tibetaan-belanet-op-it-lest-yn-see\/#breadcrumb\",\"itemListElement\":[{\"@type\":\"ListItem\",\"position\":1,\"name\":\"Home\",\"item\":\"https:\/\/websjop.afuk.frl\/nl\/\"},{\"@type\":\"ListItem\",\"position\":2,\"name\":\"Winkel\",\"item\":\"https:\/\/websjop.afuk.frl\/nl\/winkel\/\"},{\"@type\":\"ListItem\",\"position\":3,\"name\":\"Sels in Tibetaan bel\u00e2net op it l\u00east yn see\"}]},{\"@type\":\"WebSite\",\"@id\":\"https:\/\/websjop.afuk.frl\/nl\/#website\",\"url\":\"https:\/\/websjop.afuk.frl\/nl\/\",\"name\":\"Af\u00fbk Websjop\",\"description\":\"\",\"potentialAction\":[{\"@type\":\"SearchAction\",\"target\":{\"@type\":\"EntryPoint\",\"urlTemplate\":\"https:\/\/websjop.afuk.frl\/nl\/?s={search_term_string}\"},\"query-input\":{\"@type\":\"PropertyValueSpecification\",\"valueRequired\":true,\"valueName\":\"search_term_string\"}}],\"inLanguage\":\"nl-NL\"}]}<\/script>\n<!-- \/ Yoast SEO plugin. -->","yoast_head_json":{"title":"Sels in Tibetaan bel\u00e2net op it l\u00east yn see &#8211; Af\u00fbk Websjop","robots":{"index":"index","follow":"follow","max-snippet":"max-snippet:-1","max-image-preview":"max-image-preview:large","max-video-preview":"max-video-preview:-1"},"canonical":"https:\/\/websjop.afuk.frl\/nl\/winkel\/sels-in-tibetaan-belanet-op-it-lest-yn-see\/","og_locale":"nl_NL","og_type":"article","og_title":"Sels in Tibetaan bel\u00e2net op it l\u00east yn see &#8211; Af\u00fbk Websjop","og_description":"Sels in Tibetaan bel\u00e2net op it l\u00east yn see dichtbundel fan Edwin de Groot","og_url":"https:\/\/websjop.afuk.frl\/nl\/winkel\/sels-in-tibetaan-belanet-op-it-lest-yn-see\/","og_site_name":"Af\u00fbk Websjop","article_modified_time":"2020-01-27T14:23:39+00:00","og_image":[{"width":600,"height":878,"url":"https:\/\/websjop.afuk.frl\/wp-content\/uploads\/2016\/12\/products-sels-in-tibetaan-web.jpg","type":"image\/jpeg"}],"twitter_card":"summary_large_image","twitter_misc":{"Geschatte leestijd":"1 minuut"},"schema":{"@context":"https:\/\/schema.org","@graph":[{"@type":"WebPage","@id":"https:\/\/websjop.afuk.frl\/nl\/winkel\/sels-in-tibetaan-belanet-op-it-lest-yn-see\/","url":"https:\/\/websjop.afuk.frl\/nl\/winkel\/sels-in-tibetaan-belanet-op-it-lest-yn-see\/","name":"Sels in Tibetaan bel\u00e2net op it l\u00east yn see &#8211; Af\u00fbk Websjop","isPartOf":{"@id":"https:\/\/websjop.afuk.frl\/nl\/#website"},"primaryImageOfPage":{"@id":"https:\/\/websjop.afuk.frl\/nl\/winkel\/sels-in-tibetaan-belanet-op-it-lest-yn-see\/#primaryimage"},"image":{"@id":"https:\/\/websjop.afuk.frl\/nl\/winkel\/sels-in-tibetaan-belanet-op-it-lest-yn-see\/#primaryimage"},"thumbnailUrl":"https:\/\/websjop.afuk.frl\/wp-content\/uploads\/2016\/12\/products-sels-in-tibetaan-web.jpg","datePublished":"2016-12-27T12:57:17+00:00","dateModified":"2020-01-27T14:23:39+00:00","breadcrumb":{"@id":"https:\/\/websjop.afuk.frl\/nl\/winkel\/sels-in-tibetaan-belanet-op-it-lest-yn-see\/#breadcrumb"},"inLanguage":"nl-NL","potentialAction":[{"@type":"ReadAction","target":["https:\/\/websjop.afuk.frl\/nl\/winkel\/sels-in-tibetaan-belanet-op-it-lest-yn-see\/"]}]},{"@type":"ImageObject","inLanguage":"nl-NL","@id":"https:\/\/websjop.afuk.frl\/nl\/winkel\/sels-in-tibetaan-belanet-op-it-lest-yn-see\/#primaryimage","url":"https:\/\/websjop.afuk.frl\/wp-content\/uploads\/2016\/12\/products-sels-in-tibetaan-web.jpg","contentUrl":"https:\/\/websjop.afuk.frl\/wp-content\/uploads\/2016\/12\/products-sels-in-tibetaan-web.jpg","width":600,"height":878},{"@type":"BreadcrumbList","@id":"https:\/\/websjop.afuk.frl\/nl\/winkel\/sels-in-tibetaan-belanet-op-it-lest-yn-see\/#breadcrumb","itemListElement":[{"@type":"ListItem","position":1,"name":"Home","item":"https:\/\/websjop.afuk.frl\/nl\/"},{"@type":"ListItem","position":2,"name":"Winkel","item":"https:\/\/websjop.afuk.frl\/nl\/winkel\/"},{"@type":"ListItem","position":3,"name":"Sels in Tibetaan bel\u00e2net op it l\u00east yn see"}]},{"@type":"WebSite","@id":"https:\/\/websjop.afuk.frl\/nl\/#website","url":"https:\/\/websjop.afuk.frl\/nl\/","name":"Af\u00fbk Websjop","description":"","potentialAction":[{"@type":"SearchAction","target":{"@type":"EntryPoint","urlTemplate":"https:\/\/websjop.afuk.frl\/nl\/?s={search_term_string}"},"query-input":{"@type":"PropertyValueSpecification","valueRequired":true,"valueName":"search_term_string"}}],"inLanguage":"nl-NL"}]}},"_links":{"self":[{"href":"https:\/\/websjop.afuk.frl\/nl\/wp-json\/wp\/v2\/product\/10426","targetHints":{"allow":["GET"]}}],"collection":[{"href":"https:\/\/websjop.afuk.frl\/nl\/wp-json\/wp\/v2\/product"}],"about":[{"href":"https:\/\/websjop.afuk.frl\/nl\/wp-json\/wp\/v2\/types\/product"}],"replies":[{"embeddable":true,"href":"https:\/\/websjop.afuk.frl\/nl\/wp-json\/wp\/v2\/comments?post=10426"}],"wp:featuredmedia":[{"embeddable":true,"href":"https:\/\/websjop.afuk.frl\/nl\/wp-json\/wp\/v2\/media\/10427"}],"wp:attachment":[{"href":"https:\/\/websjop.afuk.frl\/nl\/wp-json\/wp\/v2\/media?parent=10426"}],"wp:term":[{"taxonomy":"product_brand","embeddable":true,"href":"https:\/\/websjop.afuk.frl\/nl\/wp-json\/wp\/v2\/product_brand?post=10426"},{"taxonomy":"product_cat","embeddable":true,"href":"https:\/\/websjop.afuk.frl\/nl\/wp-json\/wp\/v2\/product_cat?post=10426"},{"taxonomy":"product_tag","embeddable":true,"href":"https:\/\/websjop.afuk.frl\/nl\/wp-json\/wp\/v2\/product_tag?post=10426"}],"curies":[{"name":"wp","href":"https:\/\/api.w.org\/{rel}","templated":true}]}}