{"id":10422,"date":"2016-12-22T13:04:12","date_gmt":"2016-12-22T12:04:12","guid":{"rendered":"https:\/\/websjop.bwhontwerpers.nl\/?post_type=product&#038;p=10422"},"modified":"2026-02-18T13:27:24","modified_gmt":"2026-02-18T12:27:24","slug":"wes-net-bang-mar-wol-foarsichtich","status":"publish","type":"product","link":"https:\/\/websjop.afuk.frl\/nl\/winkel\/wes-net-bang-mar-wol-foarsichtich\/","title":{"rendered":"W\u00eas net bang (mar wol foarsichtich)"},"content":{"rendered":"<p>Het boek\u00a0<em>W\u00eas net bang<\/em> vertelt het waar gebeurde verhaal van de zeventienjarige Lilan. Vanwege de oorlog in haar geboorteland Syri\u00eb, laat Lilan alles achter en probeert ze naar Nederland te komen. Haar reis als vluchteling is niet zonder gevaar. Als ze dan ook nog haar rugzak en geld verliest, wordt het wel heel moeilijk om de reis vol te houden. Zijn er mensen die haar willen helpen? Zal ze Nederland bereiken? En vindt ze haar familie terug?<\/p>\n<p>&nbsp;<\/p>\n<p>&nbsp;<\/p>\n","protected":false},"excerpt":{"rendered":"<p>W\u00eas net bang (mar wol foarsichtich)<br \/>\nHanneke de Jong<\/p>\n","protected":false},"featured_media":10423,"comment_status":"closed","ping_status":"closed","template":"","meta":{"_acf_changed":false},"product_brand":[],"product_cat":[1213,551,535,18411,552,14119],"product_tag":[24652,6417,6252,24651,24650,24649],"class_list":{"0":"post-10422","1":"product","2":"type-product","3":"status-publish","4":"has-post-thumbnail","6":"product_cat-berne-en-jeugdboeken","7":"product_cat-berneboeken-8-12","8":"product_cat-fryske-boeken","9":"product_cat-fuortset-underwiis","10":"product_cat-jeugdboeken","11":"product_cat-underwiis","12":"product_tag-flechteling","13":"product_tag-hanneke-de-jong","14":"product_tag-lesno-projekt","15":"product_tag-oorloch","16":"product_tag-syrie","17":"product_tag-wes-net-bang","18":"product_shipping_class-brievenbus-verzending","19":"pa_auteur-hanneke-de-jong-2","20":"pa_isbn-2772","21":"pa_taal-frysk","22":"pa_uitgever-afuk","24":"first","25":"instock","26":"taxable","27":"shipping-taxable","28":"purchasable","29":"product-type-simple"},"acf":[],"yoast_head":"<!-- This site is optimized with the Yoast SEO plugin v27.2 - https:\/\/yoast.com\/product\/yoast-seo-wordpress\/ -->\n<title>W\u00eas net bang (mar wol foarsichtich) &#8211; Af\u00fbk Websjop<\/title>\n<meta name=\"description\" content=\"W\u00eas net bang vertelt het waar gebeurde verhaal van de 17-jarige Syrische vluchtelinge Lilan die vanwege de oorlog alles achterlaat op reis naar Nederland.\" \/>\n<meta name=\"robots\" content=\"index, follow, max-snippet:-1, max-image-preview:large, max-video-preview:-1\" \/>\n<link rel=\"canonical\" href=\"https:\/\/websjop.afuk.frl\/nl\/winkel\/wes-net-bang-mar-wol-foarsichtich\/\" \/>\n<meta property=\"og:locale\" content=\"nl_NL\" \/>\n<meta property=\"og:type\" content=\"article\" \/>\n<meta property=\"og:title\" content=\"W\u00eas net bang (mar wol foarsichtich) &#8211; Af\u00fbk Websjop\" \/>\n<meta property=\"og:description\" content=\"W\u00eas net bang vertelt het waar gebeurde verhaal van de 17-jarige Syrische vluchtelinge Lilan die vanwege de oorlog alles achterlaat op reis naar Nederland.\" \/>\n<meta property=\"og:url\" content=\"https:\/\/websjop.afuk.frl\/nl\/winkel\/wes-net-bang-mar-wol-foarsichtich\/\" \/>\n<meta property=\"og:site_name\" content=\"Af\u00fbk Websjop\" \/>\n<meta property=\"article:modified_time\" content=\"2026-02-18T12:27:24+00:00\" \/>\n<meta property=\"og:image\" content=\"https:\/\/websjop.afuk.frl\/wp-content\/uploads\/2016\/12\/products-w_s-net-bang--web.gif\" \/>\n\t<meta property=\"og:image:width\" content=\"700\" \/>\n\t<meta property=\"og:image:height\" content=\"1079\" \/>\n\t<meta property=\"og:image:type\" content=\"image\/jpeg\" \/>\n<meta name=\"twitter:card\" content=\"summary_large_image\" \/>\n<meta name=\"twitter:label1\" content=\"Geschatte leestijd\" \/>\n\t<meta name=\"twitter:data1\" content=\"2 minuten\" \/>\n<script type=\"application\/ld+json\" class=\"yoast-schema-graph\">{\"@context\":\"https:\/\/schema.org\",\"@graph\":[{\"@type\":\"WebPage\",\"@id\":\"https:\/\/websjop.afuk.frl\/nl\/winkel\/wes-net-bang-mar-wol-foarsichtich\/\",\"url\":\"https:\/\/websjop.afuk.frl\/nl\/winkel\/wes-net-bang-mar-wol-foarsichtich\/\",\"name\":\"W\u00eas net bang (mar wol foarsichtich) &#8211; Af\u00fbk Websjop\",\"isPartOf\":{\"@id\":\"https:\/\/websjop.afuk.frl\/nl\/#website\"},\"primaryImageOfPage\":{\"@id\":\"https:\/\/websjop.afuk.frl\/nl\/winkel\/wes-net-bang-mar-wol-foarsichtich\/#primaryimage\"},\"image\":{\"@id\":\"https:\/\/websjop.afuk.frl\/nl\/winkel\/wes-net-bang-mar-wol-foarsichtich\/#primaryimage\"},\"thumbnailUrl\":\"https:\/\/websjop.afuk.frl\/wp-content\/uploads\/2016\/12\/products-w_s-net-bang--web.gif\",\"datePublished\":\"2016-12-22T12:04:12+00:00\",\"dateModified\":\"2026-02-18T12:27:24+00:00\",\"description\":\"W\u00eas net bang vertelt het waar gebeurde verhaal van de 17-jarige Syrische vluchtelinge Lilan die vanwege de oorlog alles achterlaat op reis naar Nederland.\",\"breadcrumb\":{\"@id\":\"https:\/\/websjop.afuk.frl\/nl\/winkel\/wes-net-bang-mar-wol-foarsichtich\/#breadcrumb\"},\"inLanguage\":\"nl-NL\",\"potentialAction\":[{\"@type\":\"ReadAction\",\"target\":[\"https:\/\/websjop.afuk.frl\/nl\/winkel\/wes-net-bang-mar-wol-foarsichtich\/\"]}]},{\"@type\":\"ImageObject\",\"inLanguage\":\"nl-NL\",\"@id\":\"https:\/\/websjop.afuk.frl\/nl\/winkel\/wes-net-bang-mar-wol-foarsichtich\/#primaryimage\",\"url\":\"https:\/\/websjop.afuk.frl\/wp-content\/uploads\/2016\/12\/products-w_s-net-bang--web.gif\",\"contentUrl\":\"https:\/\/websjop.afuk.frl\/wp-content\/uploads\/2016\/12\/products-w_s-net-bang--web.gif\",\"width\":700,\"height\":1079},{\"@type\":\"BreadcrumbList\",\"@id\":\"https:\/\/websjop.afuk.frl\/nl\/winkel\/wes-net-bang-mar-wol-foarsichtich\/#breadcrumb\",\"itemListElement\":[{\"@type\":\"ListItem\",\"position\":1,\"name\":\"Home\",\"item\":\"https:\/\/websjop.afuk.frl\/nl\/\"},{\"@type\":\"ListItem\",\"position\":2,\"name\":\"Winkel\",\"item\":\"https:\/\/websjop.afuk.frl\/nl\/winkel\/\"},{\"@type\":\"ListItem\",\"position\":3,\"name\":\"W\u00eas net bang (mar wol foarsichtich)\"}]},{\"@type\":\"WebSite\",\"@id\":\"https:\/\/websjop.afuk.frl\/nl\/#website\",\"url\":\"https:\/\/websjop.afuk.frl\/nl\/\",\"name\":\"Af\u00fbk Websjop\",\"description\":\"\",\"potentialAction\":[{\"@type\":\"SearchAction\",\"target\":{\"@type\":\"EntryPoint\",\"urlTemplate\":\"https:\/\/websjop.afuk.frl\/nl\/?s={search_term_string}\"},\"query-input\":{\"@type\":\"PropertyValueSpecification\",\"valueRequired\":true,\"valueName\":\"search_term_string\"}}],\"inLanguage\":\"nl-NL\"}]}<\/script>\n<!-- \/ Yoast SEO plugin. -->","yoast_head_json":{"title":"W\u00eas net bang (mar wol foarsichtich) &#8211; Af\u00fbk Websjop","description":"W\u00eas net bang vertelt het waar gebeurde verhaal van de 17-jarige Syrische vluchtelinge Lilan die vanwege de oorlog alles achterlaat op reis naar Nederland.","robots":{"index":"index","follow":"follow","max-snippet":"max-snippet:-1","max-image-preview":"max-image-preview:large","max-video-preview":"max-video-preview:-1"},"canonical":"https:\/\/websjop.afuk.frl\/nl\/winkel\/wes-net-bang-mar-wol-foarsichtich\/","og_locale":"nl_NL","og_type":"article","og_title":"W\u00eas net bang (mar wol foarsichtich) &#8211; Af\u00fbk Websjop","og_description":"W\u00eas net bang vertelt het waar gebeurde verhaal van de 17-jarige Syrische vluchtelinge Lilan die vanwege de oorlog alles achterlaat op reis naar Nederland.","og_url":"https:\/\/websjop.afuk.frl\/nl\/winkel\/wes-net-bang-mar-wol-foarsichtich\/","og_site_name":"Af\u00fbk Websjop","article_modified_time":"2026-02-18T12:27:24+00:00","og_image":[{"width":700,"height":1079,"url":"https:\/\/websjop.afuk.frl\/wp-content\/uploads\/2016\/12\/products-w_s-net-bang--web.gif","type":"image\/jpeg"}],"twitter_card":"summary_large_image","twitter_misc":{"Geschatte leestijd":"2 minuten"},"schema":{"@context":"https:\/\/schema.org","@graph":[{"@type":"WebPage","@id":"https:\/\/websjop.afuk.frl\/nl\/winkel\/wes-net-bang-mar-wol-foarsichtich\/","url":"https:\/\/websjop.afuk.frl\/nl\/winkel\/wes-net-bang-mar-wol-foarsichtich\/","name":"W\u00eas net bang (mar wol foarsichtich) &#8211; Af\u00fbk Websjop","isPartOf":{"@id":"https:\/\/websjop.afuk.frl\/nl\/#website"},"primaryImageOfPage":{"@id":"https:\/\/websjop.afuk.frl\/nl\/winkel\/wes-net-bang-mar-wol-foarsichtich\/#primaryimage"},"image":{"@id":"https:\/\/websjop.afuk.frl\/nl\/winkel\/wes-net-bang-mar-wol-foarsichtich\/#primaryimage"},"thumbnailUrl":"https:\/\/websjop.afuk.frl\/wp-content\/uploads\/2016\/12\/products-w_s-net-bang--web.gif","datePublished":"2016-12-22T12:04:12+00:00","dateModified":"2026-02-18T12:27:24+00:00","description":"W\u00eas net bang vertelt het waar gebeurde verhaal van de 17-jarige Syrische vluchtelinge Lilan die vanwege de oorlog alles achterlaat op reis naar Nederland.","breadcrumb":{"@id":"https:\/\/websjop.afuk.frl\/nl\/winkel\/wes-net-bang-mar-wol-foarsichtich\/#breadcrumb"},"inLanguage":"nl-NL","potentialAction":[{"@type":"ReadAction","target":["https:\/\/websjop.afuk.frl\/nl\/winkel\/wes-net-bang-mar-wol-foarsichtich\/"]}]},{"@type":"ImageObject","inLanguage":"nl-NL","@id":"https:\/\/websjop.afuk.frl\/nl\/winkel\/wes-net-bang-mar-wol-foarsichtich\/#primaryimage","url":"https:\/\/websjop.afuk.frl\/wp-content\/uploads\/2016\/12\/products-w_s-net-bang--web.gif","contentUrl":"https:\/\/websjop.afuk.frl\/wp-content\/uploads\/2016\/12\/products-w_s-net-bang--web.gif","width":700,"height":1079},{"@type":"BreadcrumbList","@id":"https:\/\/websjop.afuk.frl\/nl\/winkel\/wes-net-bang-mar-wol-foarsichtich\/#breadcrumb","itemListElement":[{"@type":"ListItem","position":1,"name":"Home","item":"https:\/\/websjop.afuk.frl\/nl\/"},{"@type":"ListItem","position":2,"name":"Winkel","item":"https:\/\/websjop.afuk.frl\/nl\/winkel\/"},{"@type":"ListItem","position":3,"name":"W\u00eas net bang (mar wol foarsichtich)"}]},{"@type":"WebSite","@id":"https:\/\/websjop.afuk.frl\/nl\/#website","url":"https:\/\/websjop.afuk.frl\/nl\/","name":"Af\u00fbk Websjop","description":"","potentialAction":[{"@type":"SearchAction","target":{"@type":"EntryPoint","urlTemplate":"https:\/\/websjop.afuk.frl\/nl\/?s={search_term_string}"},"query-input":{"@type":"PropertyValueSpecification","valueRequired":true,"valueName":"search_term_string"}}],"inLanguage":"nl-NL"}]}},"_links":{"self":[{"href":"https:\/\/websjop.afuk.frl\/nl\/wp-json\/wp\/v2\/product\/10422","targetHints":{"allow":["GET"]}}],"collection":[{"href":"https:\/\/websjop.afuk.frl\/nl\/wp-json\/wp\/v2\/product"}],"about":[{"href":"https:\/\/websjop.afuk.frl\/nl\/wp-json\/wp\/v2\/types\/product"}],"replies":[{"embeddable":true,"href":"https:\/\/websjop.afuk.frl\/nl\/wp-json\/wp\/v2\/comments?post=10422"}],"wp:featuredmedia":[{"embeddable":true,"href":"https:\/\/websjop.afuk.frl\/nl\/wp-json\/wp\/v2\/media\/10423"}],"wp:attachment":[{"href":"https:\/\/websjop.afuk.frl\/nl\/wp-json\/wp\/v2\/media?parent=10422"}],"wp:term":[{"taxonomy":"product_brand","embeddable":true,"href":"https:\/\/websjop.afuk.frl\/nl\/wp-json\/wp\/v2\/product_brand?post=10422"},{"taxonomy":"product_cat","embeddable":true,"href":"https:\/\/websjop.afuk.frl\/nl\/wp-json\/wp\/v2\/product_cat?post=10422"},{"taxonomy":"product_tag","embeddable":true,"href":"https:\/\/websjop.afuk.frl\/nl\/wp-json\/wp\/v2\/product_tag?post=10422"}],"curies":[{"name":"wp","href":"https:\/\/api.w.org\/{rel}","templated":true}]}}