{"id":10378,"date":"2023-11-13T10:45:45","date_gmt":"2023-11-13T09:45:45","guid":{"rendered":"https:\/\/websjop.bwhontwerpers.nl\/?post_type=product&#038;p=10378"},"modified":"2024-07-29T14:09:54","modified_gmt":"2024-07-29T13:09:54","slug":"jip-en-janneke-yn-it-frysk","status":"publish","type":"product","link":"https:\/\/websjop.afuk.frl\/nl\/winkel\/jip-en-janneke-yn-it-frysk\/","title":{"rendered":"Jip en Janneke yn it Frysk"},"content":{"rendered":"<p>Jip en Janneke in het Fries! Alle avonturen van deel 1 tot en met deel 5 van de ultieme kleutervriendjes Jip en Janneke zijn bij elkaar gebracht in dit boek. Van \u2018Jip en Janneke spelen samen\u2019 tot \u2018Dag Jip, dag Janneke\u2019.<\/p>\n<p>&nbsp;<\/p>\n<hr \/>\n<p><em>Gerbranda: &#8220;Wy l\u00eaze \u00fas Rinsina (3) eltse j\u00fbn 1 ferhaaltsje foar \u00fat Jip en Janneke yn it Frysk. We binne no foar de 3e kear op \u2019e nij beg\u00fbn. Se fynt it prachtich! Soms werkenber en ek hiel grappich. Ek myn man ek ik moatte wolris laitsje om de ferhalen. Dit is wol ien fan \u00fas favorite boeken!&#8221;<\/em><\/p>\n<p><em>Jeltje: &#8220;In prachtich Frysk boek. Foar elts tema is der wol in moai ferhaal. De ferhalen binne sa moai werkenber foar de bern.&#8221;<\/em><\/p>\n<p><em>Pietsje: &#8220;Elke j\u00fbn foar it sliepen gean l\u00eas ik Jildou en Marije in ferhaaltsje foar \u00fat it boel fan Jip en Janneke. Se fine it prachtich!&#8221;<\/em><\/p>\n<p><em>Sjoukje: &#8220;Een super mooi en grappig boek. Korte verhalen en mijn man heeft nu ook plezier in het voorlezen.&#8221;<\/em><\/p>\n","protected":false},"excerpt":{"rendered":"<p>It Grutte Jip en Janneke boek!<br \/>\nDiel 1 oant en mei diel 5 fan de Jip en Janneke ferhalen yn it Frysk.<\/p>\n","protected":false},"featured_media":10379,"comment_status":"closed","ping_status":"closed","template":"","meta":{"_acf_changed":false},"product_brand":[],"product_cat":[549,550,535,1255,21150,560,557,7977,21380,22913,22392],"product_tag":[17829,6134,15952,5224,17831,17828,15951],"class_list":{"0":"post-10378","1":"product","2":"type-product","3":"status-publish","4":"has-post-thumbnail","6":"product_cat-berneboeken-0-tot-4-jaar","7":"product_cat-berneboeken-4-8","8":"product_cat-fryske-boeken","9":"product_cat-kado-s-foar-de-feestdagen","10":"product_cat-kinderboekenweek","11":"product_cat-kreamkado-boeken","12":"product_cat-friese-kraamcadeautjes","13":"product_cat-krystkados","14":"product_cat-sinteklaas-kadotips","15":"product_cat-tema-ferhaleboeken","16":"product_cat-tema-feestdagen","17":"product_tag-anie-m-g-schmidt","18":"product_tag-beuker","19":"product_tag-foarlesferhalen","20":"product_tag-fries","21":"product_tag-jip-en-janneke-in-het-fries","22":"product_tag-jip-en-janneke-yn-it-frysk","23":"product_tag-voorleesverhalen","24":"product_shipping_class-pakketpost-verzending","25":"pa_auteur-annie-m-g-schmidt","26":"pa_isbn-5598","27":"pa_taal-frysk","28":"pa_uitgever-afuk","29":"pa_vertaler-ytsje-steen","31":"first","32":"instock","33":"taxable","34":"shipping-taxable","35":"purchasable","36":"product-type-simple"},"acf":[],"yoast_head":"<!-- This site is optimized with the Yoast SEO plugin v27.2 - https:\/\/yoast.com\/product\/yoast-seo-wordpress\/ -->\n<title>Jip en Janneke yn it Frysk &#8211; Af\u00fbk Websjop<\/title>\n<meta name=\"description\" content=\"Alle avonturen van deel 1 tot en met deel 5 van de ultieme kindervriendjes Jip en Janneke zijn bij elkaar gebracht in deze Friese vertaling.\" \/>\n<meta name=\"robots\" content=\"index, follow, max-snippet:-1, max-image-preview:large, max-video-preview:-1\" \/>\n<link rel=\"canonical\" href=\"https:\/\/websjop.afuk.frl\/nl\/winkel\/jip-en-janneke-yn-it-frysk\/\" \/>\n<meta property=\"og:locale\" content=\"nl_NL\" \/>\n<meta property=\"og:type\" content=\"article\" \/>\n<meta property=\"og:title\" content=\"Jip en Janneke yn it Frysk &#8211; Af\u00fbk Websjop\" \/>\n<meta property=\"og:description\" content=\"Alle avonturen van deel 1 tot en met deel 5 van de ultieme kindervriendjes Jip en Janneke zijn bij elkaar gebracht in deze Friese vertaling.\" \/>\n<meta property=\"og:url\" content=\"https:\/\/websjop.afuk.frl\/nl\/winkel\/jip-en-janneke-yn-it-frysk\/\" \/>\n<meta property=\"og:site_name\" content=\"Af\u00fbk Websjop\" \/>\n<meta property=\"article:modified_time\" content=\"2024-07-29T13:09:54+00:00\" \/>\n<meta property=\"og:image\" content=\"https:\/\/websjop.afuk.frl\/wp-content\/uploads\/2016\/12\/products-jip_en_janneke_frl_omslag_hr.jpeg\" \/>\n\t<meta property=\"og:image:width\" content=\"1644\" \/>\n\t<meta property=\"og:image:height\" content=\"2048\" \/>\n\t<meta property=\"og:image:type\" content=\"image\/jpeg\" \/>\n<meta name=\"twitter:card\" content=\"summary_large_image\" \/>\n<meta name=\"twitter:label1\" content=\"Geschatte leestijd\" \/>\n\t<meta name=\"twitter:data1\" content=\"1 minuut\" \/>\n<script type=\"application\/ld+json\" class=\"yoast-schema-graph\">{\"@context\":\"https:\/\/schema.org\",\"@graph\":[{\"@type\":\"WebPage\",\"@id\":\"https:\/\/websjop.afuk.frl\/nl\/winkel\/jip-en-janneke-yn-it-frysk\/\",\"url\":\"https:\/\/websjop.afuk.frl\/nl\/winkel\/jip-en-janneke-yn-it-frysk\/\",\"name\":\"Jip en Janneke yn it Frysk &#8211; Af\u00fbk Websjop\",\"isPartOf\":{\"@id\":\"https:\/\/websjop.afuk.frl\/nl\/#website\"},\"primaryImageOfPage\":{\"@id\":\"https:\/\/websjop.afuk.frl\/nl\/winkel\/jip-en-janneke-yn-it-frysk\/#primaryimage\"},\"image\":{\"@id\":\"https:\/\/websjop.afuk.frl\/nl\/winkel\/jip-en-janneke-yn-it-frysk\/#primaryimage\"},\"thumbnailUrl\":\"https:\/\/websjop.afuk.frl\/wp-content\/uploads\/2016\/12\/products-jip_en_janneke_frl_omslag_hr.jpeg\",\"datePublished\":\"2023-11-13T09:45:45+00:00\",\"dateModified\":\"2024-07-29T13:09:54+00:00\",\"description\":\"Alle avonturen van deel 1 tot en met deel 5 van de ultieme kindervriendjes Jip en Janneke zijn bij elkaar gebracht in deze Friese vertaling.\",\"breadcrumb\":{\"@id\":\"https:\/\/websjop.afuk.frl\/nl\/winkel\/jip-en-janneke-yn-it-frysk\/#breadcrumb\"},\"inLanguage\":\"nl-NL\",\"potentialAction\":[{\"@type\":\"ReadAction\",\"target\":[\"https:\/\/websjop.afuk.frl\/nl\/winkel\/jip-en-janneke-yn-it-frysk\/\"]}]},{\"@type\":\"ImageObject\",\"inLanguage\":\"nl-NL\",\"@id\":\"https:\/\/websjop.afuk.frl\/nl\/winkel\/jip-en-janneke-yn-it-frysk\/#primaryimage\",\"url\":\"https:\/\/websjop.afuk.frl\/wp-content\/uploads\/2016\/12\/products-jip_en_janneke_frl_omslag_hr.jpeg\",\"contentUrl\":\"https:\/\/websjop.afuk.frl\/wp-content\/uploads\/2016\/12\/products-jip_en_janneke_frl_omslag_hr.jpeg\",\"width\":1644,\"height\":2048,\"caption\":\"Jip en Janneke yn it Frysk\"},{\"@type\":\"BreadcrumbList\",\"@id\":\"https:\/\/websjop.afuk.frl\/nl\/winkel\/jip-en-janneke-yn-it-frysk\/#breadcrumb\",\"itemListElement\":[{\"@type\":\"ListItem\",\"position\":1,\"name\":\"Home\",\"item\":\"https:\/\/websjop.afuk.frl\/nl\/\"},{\"@type\":\"ListItem\",\"position\":2,\"name\":\"Winkel\",\"item\":\"https:\/\/websjop.afuk.frl\/nl\/winkel\/\"},{\"@type\":\"ListItem\",\"position\":3,\"name\":\"Jip en Janneke yn it Frysk\"}]},{\"@type\":\"WebSite\",\"@id\":\"https:\/\/websjop.afuk.frl\/nl\/#website\",\"url\":\"https:\/\/websjop.afuk.frl\/nl\/\",\"name\":\"Af\u00fbk Websjop\",\"description\":\"\",\"potentialAction\":[{\"@type\":\"SearchAction\",\"target\":{\"@type\":\"EntryPoint\",\"urlTemplate\":\"https:\/\/websjop.afuk.frl\/nl\/?s={search_term_string}\"},\"query-input\":{\"@type\":\"PropertyValueSpecification\",\"valueRequired\":true,\"valueName\":\"search_term_string\"}}],\"inLanguage\":\"nl-NL\"}]}<\/script>\n<!-- \/ Yoast SEO plugin. -->","yoast_head_json":{"title":"Jip en Janneke yn it Frysk &#8211; Af\u00fbk Websjop","description":"Alle avonturen van deel 1 tot en met deel 5 van de ultieme kindervriendjes Jip en Janneke zijn bij elkaar gebracht in deze Friese vertaling.","robots":{"index":"index","follow":"follow","max-snippet":"max-snippet:-1","max-image-preview":"max-image-preview:large","max-video-preview":"max-video-preview:-1"},"canonical":"https:\/\/websjop.afuk.frl\/nl\/winkel\/jip-en-janneke-yn-it-frysk\/","og_locale":"nl_NL","og_type":"article","og_title":"Jip en Janneke yn it Frysk &#8211; Af\u00fbk Websjop","og_description":"Alle avonturen van deel 1 tot en met deel 5 van de ultieme kindervriendjes Jip en Janneke zijn bij elkaar gebracht in deze Friese vertaling.","og_url":"https:\/\/websjop.afuk.frl\/nl\/winkel\/jip-en-janneke-yn-it-frysk\/","og_site_name":"Af\u00fbk Websjop","article_modified_time":"2024-07-29T13:09:54+00:00","og_image":[{"width":1644,"height":2048,"url":"https:\/\/websjop.afuk.frl\/wp-content\/uploads\/2016\/12\/products-jip_en_janneke_frl_omslag_hr.jpeg","type":"image\/jpeg"}],"twitter_card":"summary_large_image","twitter_misc":{"Geschatte leestijd":"1 minuut"},"schema":{"@context":"https:\/\/schema.org","@graph":[{"@type":"WebPage","@id":"https:\/\/websjop.afuk.frl\/nl\/winkel\/jip-en-janneke-yn-it-frysk\/","url":"https:\/\/websjop.afuk.frl\/nl\/winkel\/jip-en-janneke-yn-it-frysk\/","name":"Jip en Janneke yn it Frysk &#8211; Af\u00fbk Websjop","isPartOf":{"@id":"https:\/\/websjop.afuk.frl\/nl\/#website"},"primaryImageOfPage":{"@id":"https:\/\/websjop.afuk.frl\/nl\/winkel\/jip-en-janneke-yn-it-frysk\/#primaryimage"},"image":{"@id":"https:\/\/websjop.afuk.frl\/nl\/winkel\/jip-en-janneke-yn-it-frysk\/#primaryimage"},"thumbnailUrl":"https:\/\/websjop.afuk.frl\/wp-content\/uploads\/2016\/12\/products-jip_en_janneke_frl_omslag_hr.jpeg","datePublished":"2023-11-13T09:45:45+00:00","dateModified":"2024-07-29T13:09:54+00:00","description":"Alle avonturen van deel 1 tot en met deel 5 van de ultieme kindervriendjes Jip en Janneke zijn bij elkaar gebracht in deze Friese vertaling.","breadcrumb":{"@id":"https:\/\/websjop.afuk.frl\/nl\/winkel\/jip-en-janneke-yn-it-frysk\/#breadcrumb"},"inLanguage":"nl-NL","potentialAction":[{"@type":"ReadAction","target":["https:\/\/websjop.afuk.frl\/nl\/winkel\/jip-en-janneke-yn-it-frysk\/"]}]},{"@type":"ImageObject","inLanguage":"nl-NL","@id":"https:\/\/websjop.afuk.frl\/nl\/winkel\/jip-en-janneke-yn-it-frysk\/#primaryimage","url":"https:\/\/websjop.afuk.frl\/wp-content\/uploads\/2016\/12\/products-jip_en_janneke_frl_omslag_hr.jpeg","contentUrl":"https:\/\/websjop.afuk.frl\/wp-content\/uploads\/2016\/12\/products-jip_en_janneke_frl_omslag_hr.jpeg","width":1644,"height":2048,"caption":"Jip en Janneke yn it Frysk"},{"@type":"BreadcrumbList","@id":"https:\/\/websjop.afuk.frl\/nl\/winkel\/jip-en-janneke-yn-it-frysk\/#breadcrumb","itemListElement":[{"@type":"ListItem","position":1,"name":"Home","item":"https:\/\/websjop.afuk.frl\/nl\/"},{"@type":"ListItem","position":2,"name":"Winkel","item":"https:\/\/websjop.afuk.frl\/nl\/winkel\/"},{"@type":"ListItem","position":3,"name":"Jip en Janneke yn it Frysk"}]},{"@type":"WebSite","@id":"https:\/\/websjop.afuk.frl\/nl\/#website","url":"https:\/\/websjop.afuk.frl\/nl\/","name":"Af\u00fbk Websjop","description":"","potentialAction":[{"@type":"SearchAction","target":{"@type":"EntryPoint","urlTemplate":"https:\/\/websjop.afuk.frl\/nl\/?s={search_term_string}"},"query-input":{"@type":"PropertyValueSpecification","valueRequired":true,"valueName":"search_term_string"}}],"inLanguage":"nl-NL"}]}},"_links":{"self":[{"href":"https:\/\/websjop.afuk.frl\/nl\/wp-json\/wp\/v2\/product\/10378","targetHints":{"allow":["GET"]}}],"collection":[{"href":"https:\/\/websjop.afuk.frl\/nl\/wp-json\/wp\/v2\/product"}],"about":[{"href":"https:\/\/websjop.afuk.frl\/nl\/wp-json\/wp\/v2\/types\/product"}],"replies":[{"embeddable":true,"href":"https:\/\/websjop.afuk.frl\/nl\/wp-json\/wp\/v2\/comments?post=10378"}],"wp:featuredmedia":[{"embeddable":true,"href":"https:\/\/websjop.afuk.frl\/nl\/wp-json\/wp\/v2\/media\/10379"}],"wp:attachment":[{"href":"https:\/\/websjop.afuk.frl\/nl\/wp-json\/wp\/v2\/media?parent=10378"}],"wp:term":[{"taxonomy":"product_brand","embeddable":true,"href":"https:\/\/websjop.afuk.frl\/nl\/wp-json\/wp\/v2\/product_brand?post=10378"},{"taxonomy":"product_cat","embeddable":true,"href":"https:\/\/websjop.afuk.frl\/nl\/wp-json\/wp\/v2\/product_cat?post=10378"},{"taxonomy":"product_tag","embeddable":true,"href":"https:\/\/websjop.afuk.frl\/nl\/wp-json\/wp\/v2\/product_tag?post=10378"}],"curies":[{"name":"wp","href":"https:\/\/api.w.org\/{rel}","templated":true}]}}