{"id":10364,"date":"2016-11-22T09:36:45","date_gmt":"2016-11-22T08:36:45","guid":{"rendered":"https:\/\/websjop.bwhontwerpers.nl\/?post_type=product&#038;p=10364"},"modified":"2019-11-13T16:25:16","modified_gmt":"2019-11-13T15:25:16","slug":"hercules-van-de-walden-het-verhaal-van-brigadier-tjeerd-de-walle","status":"publish","type":"product","link":"https:\/\/websjop.afuk.frl\/nl\/winkel\/hercules-van-de-walden-het-verhaal-van-brigadier-tjeerd-de-walle\/","title":{"rendered":"Hercules van De W\u00e2lden"},"content":{"rendered":"<p class=\"description\">Hercules van De W\u00e2lden is het verhaal van politieman Tjeerd de Walle\u00a0uit Feanw\u00e2lden, opgetekend door zijn oud-collega Peter Boomsma. De uitkomst is een zeer openhartig boek. De Walle vertelt over zijn leven als politieman in Elburg, Lichtenvoorde, Abcoude en Noordoost Frysl\u00e2n. Over de klachten die tegen hem zijn ingediend (\u2018Als je nog nooit een klacht aan je broek hebt gehad, heb je nooit een flikker uitgevoerd\u2019), over zijn vernederende gang naar de rechter omdat hij een verdachte een trap onder zijn kont had gegeven en over zijn depressie. Dat was de enige voorwaarde die De Walle vooraf stelde: er moet in dit boek aandacht zijn voor mijn depressie.<\/p>\n<p>Ook Tjeerd zijn vrouw Geertje geeft haar mening over \u2018die rotziekte\u2019. En natuurlijk is er aandacht voor muziek. Tjeerd speelt trompet, was lid van het Nederlands Politieorkest en speelde in de Blauh\u00faster Dakkapel. De muzikale genen van Tjeerd en Geertje zijn doorgegeven aan dochter Femke, presentatrice bij Omrop Frysl\u00e2n, en aan Elske, als singer-songwriter bekend onder de naam Elske DeWall.<\/p>\n","protected":false},"excerpt":{"rendered":"<p>Hercules van De W\u00e2lden &#8211; Het verhaal van brigadier Tjeerd de Walle<\/p>\n","protected":false},"featured_media":12371,"comment_status":"closed","ping_status":"closed","template":"","meta":{"_acf_changed":false},"product_brand":[],"product_cat":[1037,535,537,1215],"product_tag":[7226,7225,7227],"class_list":{"0":"post-10364","1":"product","2":"type-product","3":"status-publish","4":"has-post-thumbnail","6":"product_cat-biografy","7":"product_cat-fryske-boeken","8":"product_cat-romans","9":"product_cat-romans-en-literatuer","10":"product_tag-depressie","11":"product_tag-hercules-van-de-walden","12":"product_tag-muziek","13":"product_shipping_class-brievenbus-verzending","14":"pa_auteur-peter-boomsma-2","15":"pa_isbn-2755","16":"pa_taal-nederlands","17":"pa_uitgever-louise","19":"first","20":"instock","21":"taxable","22":"shipping-taxable","23":"purchasable","24":"product-type-simple"},"acf":[],"yoast_head":"<!-- This site is optimized with the Yoast SEO plugin v27.3 - https:\/\/yoast.com\/product\/yoast-seo-wordpress\/ -->\n<title>Hercules van De W\u00e2lden &#8211; Af\u00fbk Websjop<\/title>\n<meta name=\"robots\" content=\"index, follow, max-snippet:-1, max-image-preview:large, max-video-preview:-1\" \/>\n<link rel=\"canonical\" href=\"https:\/\/websjop.afuk.frl\/nl\/winkel\/hercules-van-de-walden-het-verhaal-van-brigadier-tjeerd-de-walle\/\" \/>\n<meta property=\"og:locale\" content=\"nl_NL\" \/>\n<meta property=\"og:type\" content=\"article\" \/>\n<meta property=\"og:title\" content=\"Hercules van De W\u00e2lden &#8211; Af\u00fbk Websjop\" \/>\n<meta property=\"og:description\" content=\"Hercules van De W\u00e2lden - Het verhaal van brigadier Tjeerd de Walle\" \/>\n<meta property=\"og:url\" content=\"https:\/\/websjop.afuk.frl\/nl\/winkel\/hercules-van-de-walden-het-verhaal-van-brigadier-tjeerd-de-walle\/\" \/>\n<meta property=\"og:site_name\" content=\"Af\u00fbk Websjop\" \/>\n<meta property=\"article:modified_time\" content=\"2019-11-13T15:25:16+00:00\" \/>\n<meta property=\"og:image\" content=\"https:\/\/websjop.afuk.frl\/wp-content\/uploads\/2016\/11\/hercules.jpg\" \/>\n\t<meta property=\"og:image:width\" content=\"550\" \/>\n\t<meta property=\"og:image:height\" content=\"838\" \/>\n\t<meta property=\"og:image:type\" content=\"image\/jpeg\" \/>\n<meta name=\"twitter:card\" content=\"summary_large_image\" \/>\n<meta name=\"twitter:label1\" content=\"Geschatte leestijd\" \/>\n\t<meta name=\"twitter:data1\" content=\"1 minuut\" \/>\n<script type=\"application\/ld+json\" class=\"yoast-schema-graph\">{\"@context\":\"https:\\\/\\\/schema.org\",\"@graph\":[{\"@type\":\"WebPage\",\"@id\":\"https:\\\/\\\/websjop.afuk.frl\\\/nl\\\/winkel\\\/hercules-van-de-walden-het-verhaal-van-brigadier-tjeerd-de-walle\\\/\",\"url\":\"https:\\\/\\\/websjop.afuk.frl\\\/nl\\\/winkel\\\/hercules-van-de-walden-het-verhaal-van-brigadier-tjeerd-de-walle\\\/\",\"name\":\"Hercules van De W\u00e2lden &#8211; Af\u00fbk Websjop\",\"isPartOf\":{\"@id\":\"https:\\\/\\\/websjop.afuk.frl\\\/nl\\\/#website\"},\"primaryImageOfPage\":{\"@id\":\"https:\\\/\\\/websjop.afuk.frl\\\/nl\\\/winkel\\\/hercules-van-de-walden-het-verhaal-van-brigadier-tjeerd-de-walle\\\/#primaryimage\"},\"image\":{\"@id\":\"https:\\\/\\\/websjop.afuk.frl\\\/nl\\\/winkel\\\/hercules-van-de-walden-het-verhaal-van-brigadier-tjeerd-de-walle\\\/#primaryimage\"},\"thumbnailUrl\":\"https:\\\/\\\/websjop.afuk.frl\\\/wp-content\\\/uploads\\\/2016\\\/11\\\/hercules.jpg\",\"datePublished\":\"2016-11-22T08:36:45+00:00\",\"dateModified\":\"2019-11-13T15:25:16+00:00\",\"breadcrumb\":{\"@id\":\"https:\\\/\\\/websjop.afuk.frl\\\/nl\\\/winkel\\\/hercules-van-de-walden-het-verhaal-van-brigadier-tjeerd-de-walle\\\/#breadcrumb\"},\"inLanguage\":\"nl-NL\",\"potentialAction\":[{\"@type\":\"ReadAction\",\"target\":[\"https:\\\/\\\/websjop.afuk.frl\\\/nl\\\/winkel\\\/hercules-van-de-walden-het-verhaal-van-brigadier-tjeerd-de-walle\\\/\"]}]},{\"@type\":\"ImageObject\",\"inLanguage\":\"nl-NL\",\"@id\":\"https:\\\/\\\/websjop.afuk.frl\\\/nl\\\/winkel\\\/hercules-van-de-walden-het-verhaal-van-brigadier-tjeerd-de-walle\\\/#primaryimage\",\"url\":\"https:\\\/\\\/websjop.afuk.frl\\\/wp-content\\\/uploads\\\/2016\\\/11\\\/hercules.jpg\",\"contentUrl\":\"https:\\\/\\\/websjop.afuk.frl\\\/wp-content\\\/uploads\\\/2016\\\/11\\\/hercules.jpg\",\"width\":550,\"height\":838,\"caption\":\"Hercules van de w\u00e2lden\"},{\"@type\":\"BreadcrumbList\",\"@id\":\"https:\\\/\\\/websjop.afuk.frl\\\/nl\\\/winkel\\\/hercules-van-de-walden-het-verhaal-van-brigadier-tjeerd-de-walle\\\/#breadcrumb\",\"itemListElement\":[{\"@type\":\"ListItem\",\"position\":1,\"name\":\"Home\",\"item\":\"https:\\\/\\\/websjop.afuk.frl\\\/nl\\\/\"},{\"@type\":\"ListItem\",\"position\":2,\"name\":\"Winkel\",\"item\":\"https:\\\/\\\/websjop.afuk.frl\\\/nl\\\/winkel\\\/\"},{\"@type\":\"ListItem\",\"position\":3,\"name\":\"Hercules van De W\u00e2lden\"}]},{\"@type\":\"WebSite\",\"@id\":\"https:\\\/\\\/websjop.afuk.frl\\\/nl\\\/#website\",\"url\":\"https:\\\/\\\/websjop.afuk.frl\\\/nl\\\/\",\"name\":\"Af\u00fbk Websjop\",\"description\":\"\",\"potentialAction\":[{\"@type\":\"SearchAction\",\"target\":{\"@type\":\"EntryPoint\",\"urlTemplate\":\"https:\\\/\\\/websjop.afuk.frl\\\/nl\\\/?s={search_term_string}\"},\"query-input\":{\"@type\":\"PropertyValueSpecification\",\"valueRequired\":true,\"valueName\":\"search_term_string\"}}],\"inLanguage\":\"nl-NL\"}]}<\/script>\n<!-- \/ Yoast SEO plugin. -->","yoast_head_json":{"title":"Hercules van De W\u00e2lden &#8211; Af\u00fbk Websjop","robots":{"index":"index","follow":"follow","max-snippet":"max-snippet:-1","max-image-preview":"max-image-preview:large","max-video-preview":"max-video-preview:-1"},"canonical":"https:\/\/websjop.afuk.frl\/nl\/winkel\/hercules-van-de-walden-het-verhaal-van-brigadier-tjeerd-de-walle\/","og_locale":"nl_NL","og_type":"article","og_title":"Hercules van De W\u00e2lden &#8211; Af\u00fbk Websjop","og_description":"Hercules van De W\u00e2lden - Het verhaal van brigadier Tjeerd de Walle","og_url":"https:\/\/websjop.afuk.frl\/nl\/winkel\/hercules-van-de-walden-het-verhaal-van-brigadier-tjeerd-de-walle\/","og_site_name":"Af\u00fbk Websjop","article_modified_time":"2019-11-13T15:25:16+00:00","og_image":[{"width":550,"height":838,"url":"https:\/\/websjop.afuk.frl\/wp-content\/uploads\/2016\/11\/hercules.jpg","type":"image\/jpeg"}],"twitter_card":"summary_large_image","twitter_misc":{"Geschatte leestijd":"1 minuut"},"schema":{"@context":"https:\/\/schema.org","@graph":[{"@type":"WebPage","@id":"https:\/\/websjop.afuk.frl\/nl\/winkel\/hercules-van-de-walden-het-verhaal-van-brigadier-tjeerd-de-walle\/","url":"https:\/\/websjop.afuk.frl\/nl\/winkel\/hercules-van-de-walden-het-verhaal-van-brigadier-tjeerd-de-walle\/","name":"Hercules van De W\u00e2lden &#8211; Af\u00fbk Websjop","isPartOf":{"@id":"https:\/\/websjop.afuk.frl\/nl\/#website"},"primaryImageOfPage":{"@id":"https:\/\/websjop.afuk.frl\/nl\/winkel\/hercules-van-de-walden-het-verhaal-van-brigadier-tjeerd-de-walle\/#primaryimage"},"image":{"@id":"https:\/\/websjop.afuk.frl\/nl\/winkel\/hercules-van-de-walden-het-verhaal-van-brigadier-tjeerd-de-walle\/#primaryimage"},"thumbnailUrl":"https:\/\/websjop.afuk.frl\/wp-content\/uploads\/2016\/11\/hercules.jpg","datePublished":"2016-11-22T08:36:45+00:00","dateModified":"2019-11-13T15:25:16+00:00","breadcrumb":{"@id":"https:\/\/websjop.afuk.frl\/nl\/winkel\/hercules-van-de-walden-het-verhaal-van-brigadier-tjeerd-de-walle\/#breadcrumb"},"inLanguage":"nl-NL","potentialAction":[{"@type":"ReadAction","target":["https:\/\/websjop.afuk.frl\/nl\/winkel\/hercules-van-de-walden-het-verhaal-van-brigadier-tjeerd-de-walle\/"]}]},{"@type":"ImageObject","inLanguage":"nl-NL","@id":"https:\/\/websjop.afuk.frl\/nl\/winkel\/hercules-van-de-walden-het-verhaal-van-brigadier-tjeerd-de-walle\/#primaryimage","url":"https:\/\/websjop.afuk.frl\/wp-content\/uploads\/2016\/11\/hercules.jpg","contentUrl":"https:\/\/websjop.afuk.frl\/wp-content\/uploads\/2016\/11\/hercules.jpg","width":550,"height":838,"caption":"Hercules van de w\u00e2lden"},{"@type":"BreadcrumbList","@id":"https:\/\/websjop.afuk.frl\/nl\/winkel\/hercules-van-de-walden-het-verhaal-van-brigadier-tjeerd-de-walle\/#breadcrumb","itemListElement":[{"@type":"ListItem","position":1,"name":"Home","item":"https:\/\/websjop.afuk.frl\/nl\/"},{"@type":"ListItem","position":2,"name":"Winkel","item":"https:\/\/websjop.afuk.frl\/nl\/winkel\/"},{"@type":"ListItem","position":3,"name":"Hercules van De W\u00e2lden"}]},{"@type":"WebSite","@id":"https:\/\/websjop.afuk.frl\/nl\/#website","url":"https:\/\/websjop.afuk.frl\/nl\/","name":"Af\u00fbk Websjop","description":"","potentialAction":[{"@type":"SearchAction","target":{"@type":"EntryPoint","urlTemplate":"https:\/\/websjop.afuk.frl\/nl\/?s={search_term_string}"},"query-input":{"@type":"PropertyValueSpecification","valueRequired":true,"valueName":"search_term_string"}}],"inLanguage":"nl-NL"}]}},"_links":{"self":[{"href":"https:\/\/websjop.afuk.frl\/nl\/wp-json\/wp\/v2\/product\/10364","targetHints":{"allow":["GET"]}}],"collection":[{"href":"https:\/\/websjop.afuk.frl\/nl\/wp-json\/wp\/v2\/product"}],"about":[{"href":"https:\/\/websjop.afuk.frl\/nl\/wp-json\/wp\/v2\/types\/product"}],"replies":[{"embeddable":true,"href":"https:\/\/websjop.afuk.frl\/nl\/wp-json\/wp\/v2\/comments?post=10364"}],"wp:featuredmedia":[{"embeddable":true,"href":"https:\/\/websjop.afuk.frl\/nl\/wp-json\/wp\/v2\/media\/12371"}],"wp:attachment":[{"href":"https:\/\/websjop.afuk.frl\/nl\/wp-json\/wp\/v2\/media?parent=10364"}],"wp:term":[{"taxonomy":"product_brand","embeddable":true,"href":"https:\/\/websjop.afuk.frl\/nl\/wp-json\/wp\/v2\/product_brand?post=10364"},{"taxonomy":"product_cat","embeddable":true,"href":"https:\/\/websjop.afuk.frl\/nl\/wp-json\/wp\/v2\/product_cat?post=10364"},{"taxonomy":"product_tag","embeddable":true,"href":"https:\/\/websjop.afuk.frl\/nl\/wp-json\/wp\/v2\/product_tag?post=10364"}],"curies":[{"name":"wp","href":"https:\/\/api.w.org\/{rel}","templated":true}]}}