{"id":10346,"date":"2016-11-14T14:20:52","date_gmt":"2016-11-14T13:20:52","guid":{"rendered":"https:\/\/websjop.bwhontwerpers.nl\/?post_type=product&#038;p=10346"},"modified":"2019-11-05T16:00:22","modified_gmt":"2019-11-05T15:00:22","slug":"taalgroeimeter-2","status":"publish","type":"product","link":"https:\/\/websjop.afuk.frl\/nl\/winkel\/taalgroeimeter-2\/","title":{"rendered":"Taalgroeimeter"},"content":{"rendered":"<p>Prate jim th\u00fas Frysk tsjin de bern? Dan groeie se twatalich op. Ek Tomke heart th\u00fas inkeld Frysk. Hoe leart hy it Nederl\u00e2nsk derby? Dat beskriuwe we yn dizze taalgroeimeter. It measte sjochst werom by alle Frysktalige bern. Ek jouwe wy tips. Begjin \u00fbnderoan te l\u00eazen!<\/p>\n","protected":false},"excerpt":{"rendered":"<p>Foar Frysktalige gesinnen<\/p>\n","protected":false},"featured_media":10347,"comment_status":"open","ping_status":"open","template":"","meta":{"_acf_changed":false},"product_brand":[],"product_cat":[3142],"product_tag":[],"class_list":{"0":"post-10346","1":"product","2":"type-product","3":"status-publish","4":"has-post-thumbnail","6":"product_cat-uncategorized","7":"product_shipping_class-brievenbus-verzending","8":"pa_auteur-1370","9":"pa_is-een-afuk-product-0-2","10":"pa_sale-label-0-3","12":"first","13":"instock","14":"taxable","15":"shipping-taxable","16":"purchasable","17":"product-type-simple"},"acf":[],"yoast_head":"<!-- This site is optimized with the Yoast SEO plugin v27.5 - https:\/\/yoast.com\/product\/yoast-seo-wordpress\/ -->\n<title>Taalgroeimeter foar Frysktalige gesinnen<\/title>\n<meta name=\"description\" content=\"Prate jim Frysk tsjin de bern? Dan groeie se twatalich op. Ek Tomke heart th\u00fas inkeld Frysk. Hoe leart hy it Nederl\u00e2nsk derby? Dat beskriuwe we yn dizze taalgroeimeter. It measte sjochst werom by alle Frysktalige bern. Ek jouwe wy tips.\" \/>\n<meta name=\"robots\" content=\"index, follow, max-snippet:-1, max-image-preview:large, max-video-preview:-1\" \/>\n<link rel=\"canonical\" href=\"https:\/\/websjop.afuk.frl\/nl\/winkel\/taalgroeimeter-2\/\" \/>\n<meta property=\"og:locale\" content=\"nl_NL\" \/>\n<meta property=\"og:type\" content=\"article\" \/>\n<meta property=\"og:title\" content=\"Taalgroeimeter foar Frysktalige gesinnen\" \/>\n<meta property=\"og:description\" content=\"Prate jim Frysk tsjin de bern? Dan groeie se twatalich op. Ek Tomke heart th\u00fas inkeld Frysk. Hoe leart hy it Nederl\u00e2nsk derby? Dat beskriuwe we yn dizze taalgroeimeter. It measte sjochst werom by alle Frysktalige bern. Ek jouwe wy tips.\" \/>\n<meta property=\"og:url\" content=\"https:\/\/websjop.afuk.frl\/nl\/winkel\/taalgroeimeter-2\/\" \/>\n<meta property=\"og:site_name\" content=\"Af\u00fbk Websjop\" \/>\n<meta property=\"article:modified_time\" content=\"2019-11-05T15:00:22+00:00\" \/>\n<meta property=\"og:image\" content=\"https:\/\/websjop.afuk.frl\/wp-content\/uploads\/2016\/11\/products-frysktalige-gesinnen.jpg\" \/>\n\t<meta property=\"og:image:width\" content=\"1277\" \/>\n\t<meta property=\"og:image:height\" content=\"853\" \/>\n\t<meta property=\"og:image:type\" content=\"image\/jpeg\" \/>\n<meta name=\"twitter:card\" content=\"summary_large_image\" \/>\n<script type=\"application\/ld+json\" class=\"yoast-schema-graph\">{\"@context\":\"https:\\\/\\\/schema.org\",\"@graph\":[{\"@type\":\"WebPage\",\"@id\":\"https:\\\/\\\/websjop.afuk.frl\\\/nl\\\/winkel\\\/taalgroeimeter-2\\\/\",\"url\":\"https:\\\/\\\/websjop.afuk.frl\\\/nl\\\/winkel\\\/taalgroeimeter-2\\\/\",\"name\":\"Taalgroeimeter foar Frysktalige gesinnen\",\"isPartOf\":{\"@id\":\"https:\\\/\\\/websjop.afuk.frl\\\/nl\\\/#website\"},\"primaryImageOfPage\":{\"@id\":\"https:\\\/\\\/websjop.afuk.frl\\\/nl\\\/winkel\\\/taalgroeimeter-2\\\/#primaryimage\"},\"image\":{\"@id\":\"https:\\\/\\\/websjop.afuk.frl\\\/nl\\\/winkel\\\/taalgroeimeter-2\\\/#primaryimage\"},\"thumbnailUrl\":\"https:\\\/\\\/websjop.afuk.frl\\\/wp-content\\\/uploads\\\/2016\\\/11\\\/products-frysktalige-gesinnen.jpg\",\"datePublished\":\"2016-11-14T13:20:52+00:00\",\"dateModified\":\"2019-11-05T15:00:22+00:00\",\"description\":\"Prate jim Frysk tsjin de bern? Dan groeie se twatalich op. Ek Tomke heart th\u00fas inkeld Frysk. Hoe leart hy it Nederl\u00e2nsk derby? Dat beskriuwe we yn dizze taalgroeimeter. It measte sjochst werom by alle Frysktalige bern. Ek jouwe wy tips.\",\"breadcrumb\":{\"@id\":\"https:\\\/\\\/websjop.afuk.frl\\\/nl\\\/winkel\\\/taalgroeimeter-2\\\/#breadcrumb\"},\"inLanguage\":\"nl-NL\",\"potentialAction\":[{\"@type\":\"ReadAction\",\"target\":[\"https:\\\/\\\/websjop.afuk.frl\\\/nl\\\/winkel\\\/taalgroeimeter-2\\\/\"]}]},{\"@type\":\"ImageObject\",\"inLanguage\":\"nl-NL\",\"@id\":\"https:\\\/\\\/websjop.afuk.frl\\\/nl\\\/winkel\\\/taalgroeimeter-2\\\/#primaryimage\",\"url\":\"https:\\\/\\\/websjop.afuk.frl\\\/wp-content\\\/uploads\\\/2016\\\/11\\\/products-frysktalige-gesinnen.jpg\",\"contentUrl\":\"https:\\\/\\\/websjop.afuk.frl\\\/wp-content\\\/uploads\\\/2016\\\/11\\\/products-frysktalige-gesinnen.jpg\",\"width\":1277,\"height\":853},{\"@type\":\"BreadcrumbList\",\"@id\":\"https:\\\/\\\/websjop.afuk.frl\\\/nl\\\/winkel\\\/taalgroeimeter-2\\\/#breadcrumb\",\"itemListElement\":[{\"@type\":\"ListItem\",\"position\":1,\"name\":\"Home\",\"item\":\"https:\\\/\\\/websjop.afuk.frl\\\/nl\\\/\"},{\"@type\":\"ListItem\",\"position\":2,\"name\":\"Winkel\",\"item\":\"https:\\\/\\\/websjop.afuk.frl\\\/nl\\\/winkel\\\/\"},{\"@type\":\"ListItem\",\"position\":3,\"name\":\"Taalgroeimeter\"}]},{\"@type\":\"WebSite\",\"@id\":\"https:\\\/\\\/websjop.afuk.frl\\\/nl\\\/#website\",\"url\":\"https:\\\/\\\/websjop.afuk.frl\\\/nl\\\/\",\"name\":\"Af\u00fbk Websjop\",\"description\":\"\",\"potentialAction\":[{\"@type\":\"SearchAction\",\"target\":{\"@type\":\"EntryPoint\",\"urlTemplate\":\"https:\\\/\\\/websjop.afuk.frl\\\/nl\\\/?s={search_term_string}\"},\"query-input\":{\"@type\":\"PropertyValueSpecification\",\"valueRequired\":true,\"valueName\":\"search_term_string\"}}],\"inLanguage\":\"nl-NL\"}]}<\/script>\n<!-- \/ Yoast SEO plugin. -->","yoast_head_json":{"title":"Taalgroeimeter foar Frysktalige gesinnen","description":"Prate jim Frysk tsjin de bern? Dan groeie se twatalich op. Ek Tomke heart th\u00fas inkeld Frysk. Hoe leart hy it Nederl\u00e2nsk derby? Dat beskriuwe we yn dizze taalgroeimeter. It measte sjochst werom by alle Frysktalige bern. Ek jouwe wy tips.","robots":{"index":"index","follow":"follow","max-snippet":"max-snippet:-1","max-image-preview":"max-image-preview:large","max-video-preview":"max-video-preview:-1"},"canonical":"https:\/\/websjop.afuk.frl\/nl\/winkel\/taalgroeimeter-2\/","og_locale":"nl_NL","og_type":"article","og_title":"Taalgroeimeter foar Frysktalige gesinnen","og_description":"Prate jim Frysk tsjin de bern? Dan groeie se twatalich op. Ek Tomke heart th\u00fas inkeld Frysk. Hoe leart hy it Nederl\u00e2nsk derby? Dat beskriuwe we yn dizze taalgroeimeter. It measte sjochst werom by alle Frysktalige bern. Ek jouwe wy tips.","og_url":"https:\/\/websjop.afuk.frl\/nl\/winkel\/taalgroeimeter-2\/","og_site_name":"Af\u00fbk Websjop","article_modified_time":"2019-11-05T15:00:22+00:00","og_image":[{"width":1277,"height":853,"url":"https:\/\/websjop.afuk.frl\/wp-content\/uploads\/2016\/11\/products-frysktalige-gesinnen.jpg","type":"image\/jpeg"}],"twitter_card":"summary_large_image","schema":{"@context":"https:\/\/schema.org","@graph":[{"@type":"WebPage","@id":"https:\/\/websjop.afuk.frl\/nl\/winkel\/taalgroeimeter-2\/","url":"https:\/\/websjop.afuk.frl\/nl\/winkel\/taalgroeimeter-2\/","name":"Taalgroeimeter foar Frysktalige gesinnen","isPartOf":{"@id":"https:\/\/websjop.afuk.frl\/nl\/#website"},"primaryImageOfPage":{"@id":"https:\/\/websjop.afuk.frl\/nl\/winkel\/taalgroeimeter-2\/#primaryimage"},"image":{"@id":"https:\/\/websjop.afuk.frl\/nl\/winkel\/taalgroeimeter-2\/#primaryimage"},"thumbnailUrl":"https:\/\/websjop.afuk.frl\/wp-content\/uploads\/2016\/11\/products-frysktalige-gesinnen.jpg","datePublished":"2016-11-14T13:20:52+00:00","dateModified":"2019-11-05T15:00:22+00:00","description":"Prate jim Frysk tsjin de bern? Dan groeie se twatalich op. Ek Tomke heart th\u00fas inkeld Frysk. Hoe leart hy it Nederl\u00e2nsk derby? Dat beskriuwe we yn dizze taalgroeimeter. It measte sjochst werom by alle Frysktalige bern. Ek jouwe wy tips.","breadcrumb":{"@id":"https:\/\/websjop.afuk.frl\/nl\/winkel\/taalgroeimeter-2\/#breadcrumb"},"inLanguage":"nl-NL","potentialAction":[{"@type":"ReadAction","target":["https:\/\/websjop.afuk.frl\/nl\/winkel\/taalgroeimeter-2\/"]}]},{"@type":"ImageObject","inLanguage":"nl-NL","@id":"https:\/\/websjop.afuk.frl\/nl\/winkel\/taalgroeimeter-2\/#primaryimage","url":"https:\/\/websjop.afuk.frl\/wp-content\/uploads\/2016\/11\/products-frysktalige-gesinnen.jpg","contentUrl":"https:\/\/websjop.afuk.frl\/wp-content\/uploads\/2016\/11\/products-frysktalige-gesinnen.jpg","width":1277,"height":853},{"@type":"BreadcrumbList","@id":"https:\/\/websjop.afuk.frl\/nl\/winkel\/taalgroeimeter-2\/#breadcrumb","itemListElement":[{"@type":"ListItem","position":1,"name":"Home","item":"https:\/\/websjop.afuk.frl\/nl\/"},{"@type":"ListItem","position":2,"name":"Winkel","item":"https:\/\/websjop.afuk.frl\/nl\/winkel\/"},{"@type":"ListItem","position":3,"name":"Taalgroeimeter"}]},{"@type":"WebSite","@id":"https:\/\/websjop.afuk.frl\/nl\/#website","url":"https:\/\/websjop.afuk.frl\/nl\/","name":"Af\u00fbk Websjop","description":"","potentialAction":[{"@type":"SearchAction","target":{"@type":"EntryPoint","urlTemplate":"https:\/\/websjop.afuk.frl\/nl\/?s={search_term_string}"},"query-input":{"@type":"PropertyValueSpecification","valueRequired":true,"valueName":"search_term_string"}}],"inLanguage":"nl-NL"}]}},"_links":{"self":[{"href":"https:\/\/websjop.afuk.frl\/nl\/wp-json\/wp\/v2\/product\/10346","targetHints":{"allow":["GET"]}}],"collection":[{"href":"https:\/\/websjop.afuk.frl\/nl\/wp-json\/wp\/v2\/product"}],"about":[{"href":"https:\/\/websjop.afuk.frl\/nl\/wp-json\/wp\/v2\/types\/product"}],"replies":[{"embeddable":true,"href":"https:\/\/websjop.afuk.frl\/nl\/wp-json\/wp\/v2\/comments?post=10346"}],"wp:featuredmedia":[{"embeddable":true,"href":"https:\/\/websjop.afuk.frl\/nl\/wp-json\/wp\/v2\/media\/10347"}],"wp:attachment":[{"href":"https:\/\/websjop.afuk.frl\/nl\/wp-json\/wp\/v2\/media?parent=10346"}],"wp:term":[{"taxonomy":"product_brand","embeddable":true,"href":"https:\/\/websjop.afuk.frl\/nl\/wp-json\/wp\/v2\/product_brand?post=10346"},{"taxonomy":"product_cat","embeddable":true,"href":"https:\/\/websjop.afuk.frl\/nl\/wp-json\/wp\/v2\/product_cat?post=10346"},{"taxonomy":"product_tag","embeddable":true,"href":"https:\/\/websjop.afuk.frl\/nl\/wp-json\/wp\/v2\/product_tag?post=10346"}],"curies":[{"name":"wp","href":"https:\/\/api.w.org\/{rel}","templated":true}]}}