{"id":10263,"date":"2016-10-04T06:47:35","date_gmt":"2016-10-04T05:47:35","guid":{"rendered":"https:\/\/websjop.bwhontwerpers.nl\/?post_type=product&#038;p=10263"},"modified":"2019-11-05T16:00:22","modified_gmt":"2019-11-05T15:00:22","slug":"einum-lusterboek-op-cd","status":"publish","type":"product","link":"https:\/\/websjop.afuk.frl\/nl\/winkel\/einum-lusterboek-op-cd\/","title":{"rendered":"Einum &#8211; Audioboek op cd"},"content":{"rendered":"<p><em><strong>L\u00fasterboek<\/strong><\/em><\/p>\n<p>Yn it djippe suden fan Kanada set in f\u00fbgeltsje \u00fatein mei de oerstek nei Europa. Tagelyk wurdt by in wenningstichting yn it noarden fan Nederl\u00e2n in brief opsteld.<br \/>\nBalansearjend op it snijflak fan l\u00e2n en see leit Einum, in buertskip yn in l\u00e2nskip fan boulannen mei op de achtergr\u00fbn in him yn rap tempo \u00fatwreidzjend havengebiet. Yn achttjin miniatueren wurdt in skets j\u00fbn fan de ynwenners: in keunstner dy&#8217;t besiket de skimering tusken skaad en ljocht f\u00east te lizzen, in demintearjende frou, in famke dat de leafde \u00fbntdekt, in boer dy&#8217;t siket om in masteresse, in twilling dy&#8217;t in troch it smookferbod troffen kafeetsje nij libben besiket yn te blazen.<br \/>\nGeandewei floeie al dy libbens yn elkoar oer en dan ynienen is d\u00ear dy brief. En ferskynt in f\u00fbgeltsje oan &#8216;e loft&#8230;<\/p>\n<p>Koos Tiemersma debutearre yn 2002 mei &#8216;De ljedder&#8217;. Dat liter\u00eare deb\u00fat waard daliks in grut sukses. Yn 2003 krige de skriuwer de earste Rink van der Veldepriis foar syn boek.<\/p>\n<p>Foarl\u00eazen troch Koos Tiemersma en Tryntsje Finnema<\/p>\n<p>8 cd&#8217;s<\/p>\n","protected":false},"excerpt":{"rendered":"<p>Einum &#8211; l\u00fasterboek op cd<\/p>\n","protected":false},"featured_media":10264,"comment_status":"closed","ping_status":"closed","template":"","meta":{"_acf_changed":false},"product_brand":[],"product_cat":[535,547],"product_tag":[5780,5784,5781],"class_list":{"0":"post-10263","1":"product","2":"type-product","3":"status-publish","4":"has-post-thumbnail","6":"product_cat-fryske-boeken","7":"product_cat-lusterboeken","8":"product_tag-audioboek","9":"product_tag-einum","10":"product_tag-lusterboeken","11":"product_shipping_class-brievenbus-verzending","12":"pa_auteur-froon-akker","13":"pa_isbn-5787","14":"pa_taal-frysk","15":"pa_uitgever-audiofrysk","17":"first","18":"instock","19":"taxable","20":"shipping-taxable","21":"purchasable","22":"product-type-simple"},"acf":[],"yoast_head":"<!-- This site is optimized with the Yoast SEO plugin v27.3 - https:\/\/yoast.com\/product\/yoast-seo-wordpress\/ -->\n<title>Einum - Audioboek op cd &#8211; Af\u00fbk Websjop<\/title>\n<meta name=\"robots\" content=\"index, follow, max-snippet:-1, max-image-preview:large, max-video-preview:-1\" \/>\n<link rel=\"canonical\" href=\"https:\/\/websjop.afuk.frl\/nl\/winkel\/einum-lusterboek-op-cd\/\" \/>\n<meta property=\"og:locale\" content=\"nl_NL\" \/>\n<meta property=\"og:type\" content=\"article\" \/>\n<meta property=\"og:title\" content=\"Einum - Audioboek op cd &#8211; Af\u00fbk Websjop\" \/>\n<meta property=\"og:description\" content=\"Einum - l\u00fasterboek op cd\" \/>\n<meta property=\"og:url\" content=\"https:\/\/websjop.afuk.frl\/nl\/winkel\/einum-lusterboek-op-cd\/\" \/>\n<meta property=\"og:site_name\" content=\"Af\u00fbk Websjop\" \/>\n<meta property=\"article:modified_time\" content=\"2019-11-05T15:00:22+00:00\" \/>\n<meta property=\"og:image\" content=\"https:\/\/websjop.afuk.frl\/wp-content\/uploads\/2016\/10\/products-hoeseinum_1.jpg\" \/>\n\t<meta property=\"og:image:width\" content=\"1508\" \/>\n\t<meta property=\"og:image:height\" content=\"2127\" \/>\n\t<meta property=\"og:image:type\" content=\"image\/jpeg\" \/>\n<meta name=\"twitter:card\" content=\"summary_large_image\" \/>\n<meta name=\"twitter:label1\" content=\"Geschatte leestijd\" \/>\n\t<meta name=\"twitter:data1\" content=\"1 minuut\" \/>\n<script type=\"application\/ld+json\" class=\"yoast-schema-graph\">{\"@context\":\"https:\\\/\\\/schema.org\",\"@graph\":[{\"@type\":\"WebPage\",\"@id\":\"https:\\\/\\\/websjop.afuk.frl\\\/nl\\\/winkel\\\/einum-lusterboek-op-cd\\\/\",\"url\":\"https:\\\/\\\/websjop.afuk.frl\\\/nl\\\/winkel\\\/einum-lusterboek-op-cd\\\/\",\"name\":\"Einum - Audioboek op cd &#8211; Af\u00fbk Websjop\",\"isPartOf\":{\"@id\":\"https:\\\/\\\/websjop.afuk.frl\\\/nl\\\/#website\"},\"primaryImageOfPage\":{\"@id\":\"https:\\\/\\\/websjop.afuk.frl\\\/nl\\\/winkel\\\/einum-lusterboek-op-cd\\\/#primaryimage\"},\"image\":{\"@id\":\"https:\\\/\\\/websjop.afuk.frl\\\/nl\\\/winkel\\\/einum-lusterboek-op-cd\\\/#primaryimage\"},\"thumbnailUrl\":\"https:\\\/\\\/websjop.afuk.frl\\\/wp-content\\\/uploads\\\/2016\\\/10\\\/products-hoeseinum_1.jpg\",\"datePublished\":\"2016-10-04T05:47:35+00:00\",\"dateModified\":\"2019-11-05T15:00:22+00:00\",\"breadcrumb\":{\"@id\":\"https:\\\/\\\/websjop.afuk.frl\\\/nl\\\/winkel\\\/einum-lusterboek-op-cd\\\/#breadcrumb\"},\"inLanguage\":\"nl-NL\",\"potentialAction\":[{\"@type\":\"ReadAction\",\"target\":[\"https:\\\/\\\/websjop.afuk.frl\\\/nl\\\/winkel\\\/einum-lusterboek-op-cd\\\/\"]}]},{\"@type\":\"ImageObject\",\"inLanguage\":\"nl-NL\",\"@id\":\"https:\\\/\\\/websjop.afuk.frl\\\/nl\\\/winkel\\\/einum-lusterboek-op-cd\\\/#primaryimage\",\"url\":\"https:\\\/\\\/websjop.afuk.frl\\\/wp-content\\\/uploads\\\/2016\\\/10\\\/products-hoeseinum_1.jpg\",\"contentUrl\":\"https:\\\/\\\/websjop.afuk.frl\\\/wp-content\\\/uploads\\\/2016\\\/10\\\/products-hoeseinum_1.jpg\",\"width\":1508,\"height\":2127,\"caption\":\"Einum\"},{\"@type\":\"BreadcrumbList\",\"@id\":\"https:\\\/\\\/websjop.afuk.frl\\\/nl\\\/winkel\\\/einum-lusterboek-op-cd\\\/#breadcrumb\",\"itemListElement\":[{\"@type\":\"ListItem\",\"position\":1,\"name\":\"Home\",\"item\":\"https:\\\/\\\/websjop.afuk.frl\\\/nl\\\/\"},{\"@type\":\"ListItem\",\"position\":2,\"name\":\"Winkel\",\"item\":\"https:\\\/\\\/websjop.afuk.frl\\\/nl\\\/winkel\\\/\"},{\"@type\":\"ListItem\",\"position\":3,\"name\":\"Einum &#8211; Audioboek op cd\"}]},{\"@type\":\"WebSite\",\"@id\":\"https:\\\/\\\/websjop.afuk.frl\\\/nl\\\/#website\",\"url\":\"https:\\\/\\\/websjop.afuk.frl\\\/nl\\\/\",\"name\":\"Af\u00fbk Websjop\",\"description\":\"\",\"potentialAction\":[{\"@type\":\"SearchAction\",\"target\":{\"@type\":\"EntryPoint\",\"urlTemplate\":\"https:\\\/\\\/websjop.afuk.frl\\\/nl\\\/?s={search_term_string}\"},\"query-input\":{\"@type\":\"PropertyValueSpecification\",\"valueRequired\":true,\"valueName\":\"search_term_string\"}}],\"inLanguage\":\"nl-NL\"}]}<\/script>\n<!-- \/ Yoast SEO plugin. -->","yoast_head_json":{"title":"Einum - Audioboek op cd &#8211; Af\u00fbk Websjop","robots":{"index":"index","follow":"follow","max-snippet":"max-snippet:-1","max-image-preview":"max-image-preview:large","max-video-preview":"max-video-preview:-1"},"canonical":"https:\/\/websjop.afuk.frl\/nl\/winkel\/einum-lusterboek-op-cd\/","og_locale":"nl_NL","og_type":"article","og_title":"Einum - Audioboek op cd &#8211; Af\u00fbk Websjop","og_description":"Einum - l\u00fasterboek op cd","og_url":"https:\/\/websjop.afuk.frl\/nl\/winkel\/einum-lusterboek-op-cd\/","og_site_name":"Af\u00fbk Websjop","article_modified_time":"2019-11-05T15:00:22+00:00","og_image":[{"width":1508,"height":2127,"url":"https:\/\/websjop.afuk.frl\/wp-content\/uploads\/2016\/10\/products-hoeseinum_1.jpg","type":"image\/jpeg"}],"twitter_card":"summary_large_image","twitter_misc":{"Geschatte leestijd":"1 minuut"},"schema":{"@context":"https:\/\/schema.org","@graph":[{"@type":"WebPage","@id":"https:\/\/websjop.afuk.frl\/nl\/winkel\/einum-lusterboek-op-cd\/","url":"https:\/\/websjop.afuk.frl\/nl\/winkel\/einum-lusterboek-op-cd\/","name":"Einum - Audioboek op cd &#8211; Af\u00fbk Websjop","isPartOf":{"@id":"https:\/\/websjop.afuk.frl\/nl\/#website"},"primaryImageOfPage":{"@id":"https:\/\/websjop.afuk.frl\/nl\/winkel\/einum-lusterboek-op-cd\/#primaryimage"},"image":{"@id":"https:\/\/websjop.afuk.frl\/nl\/winkel\/einum-lusterboek-op-cd\/#primaryimage"},"thumbnailUrl":"https:\/\/websjop.afuk.frl\/wp-content\/uploads\/2016\/10\/products-hoeseinum_1.jpg","datePublished":"2016-10-04T05:47:35+00:00","dateModified":"2019-11-05T15:00:22+00:00","breadcrumb":{"@id":"https:\/\/websjop.afuk.frl\/nl\/winkel\/einum-lusterboek-op-cd\/#breadcrumb"},"inLanguage":"nl-NL","potentialAction":[{"@type":"ReadAction","target":["https:\/\/websjop.afuk.frl\/nl\/winkel\/einum-lusterboek-op-cd\/"]}]},{"@type":"ImageObject","inLanguage":"nl-NL","@id":"https:\/\/websjop.afuk.frl\/nl\/winkel\/einum-lusterboek-op-cd\/#primaryimage","url":"https:\/\/websjop.afuk.frl\/wp-content\/uploads\/2016\/10\/products-hoeseinum_1.jpg","contentUrl":"https:\/\/websjop.afuk.frl\/wp-content\/uploads\/2016\/10\/products-hoeseinum_1.jpg","width":1508,"height":2127,"caption":"Einum"},{"@type":"BreadcrumbList","@id":"https:\/\/websjop.afuk.frl\/nl\/winkel\/einum-lusterboek-op-cd\/#breadcrumb","itemListElement":[{"@type":"ListItem","position":1,"name":"Home","item":"https:\/\/websjop.afuk.frl\/nl\/"},{"@type":"ListItem","position":2,"name":"Winkel","item":"https:\/\/websjop.afuk.frl\/nl\/winkel\/"},{"@type":"ListItem","position":3,"name":"Einum &#8211; Audioboek op cd"}]},{"@type":"WebSite","@id":"https:\/\/websjop.afuk.frl\/nl\/#website","url":"https:\/\/websjop.afuk.frl\/nl\/","name":"Af\u00fbk Websjop","description":"","potentialAction":[{"@type":"SearchAction","target":{"@type":"EntryPoint","urlTemplate":"https:\/\/websjop.afuk.frl\/nl\/?s={search_term_string}"},"query-input":{"@type":"PropertyValueSpecification","valueRequired":true,"valueName":"search_term_string"}}],"inLanguage":"nl-NL"}]}},"_links":{"self":[{"href":"https:\/\/websjop.afuk.frl\/nl\/wp-json\/wp\/v2\/product\/10263","targetHints":{"allow":["GET"]}}],"collection":[{"href":"https:\/\/websjop.afuk.frl\/nl\/wp-json\/wp\/v2\/product"}],"about":[{"href":"https:\/\/websjop.afuk.frl\/nl\/wp-json\/wp\/v2\/types\/product"}],"replies":[{"embeddable":true,"href":"https:\/\/websjop.afuk.frl\/nl\/wp-json\/wp\/v2\/comments?post=10263"}],"wp:featuredmedia":[{"embeddable":true,"href":"https:\/\/websjop.afuk.frl\/nl\/wp-json\/wp\/v2\/media\/10264"}],"wp:attachment":[{"href":"https:\/\/websjop.afuk.frl\/nl\/wp-json\/wp\/v2\/media?parent=10263"}],"wp:term":[{"taxonomy":"product_brand","embeddable":true,"href":"https:\/\/websjop.afuk.frl\/nl\/wp-json\/wp\/v2\/product_brand?post=10263"},{"taxonomy":"product_cat","embeddable":true,"href":"https:\/\/websjop.afuk.frl\/nl\/wp-json\/wp\/v2\/product_cat?post=10263"},{"taxonomy":"product_tag","embeddable":true,"href":"https:\/\/websjop.afuk.frl\/nl\/wp-json\/wp\/v2\/product_tag?post=10263"}],"curies":[{"name":"wp","href":"https:\/\/api.w.org\/{rel}","templated":true}]}}