{"id":10245,"date":"2016-09-27T12:47:42","date_gmt":"2016-09-27T11:47:42","guid":{"rendered":"https:\/\/websjop.bwhontwerpers.nl\/?post_type=product&#038;p=10245"},"modified":"2019-11-05T16:00:22","modified_gmt":"2019-11-05T15:00:22","slug":"de-hobbit-lusterboek","status":"publish","type":"product","link":"https:\/\/websjop.afuk.frl\/nl\/winkel\/de-hobbit-lusterboek\/","title":{"rendered":"De Hobbit &#8211; Audioboek"},"content":{"rendered":"<p><em><strong><span class=\"style3\" style=\"font-size: large\">L\u00fasterboek<\/span><\/strong><\/em><\/p>\n<p><span class=\"style3\">Dit klassike &#8216;berneboek foar folwoeksenen&#8217; fan J.R.R. Tolkien is de prolooch op The Lord of the Rings, de ferneamde trilogy dy&#8217;t de \u00f4fr\u00fbne jierren sa bot yn de belangstelling stien hat. De Hobbit, skreaun yn 1937, wie it earste wiere fantasy-boek dat it grutte publyk berikke koe. It is yn 2002 ferkeazen ta it wichtichste boek foar (\u00e2ldere) jongerein yn de 20e ieu, en is oant no ta yn sa likern\u00f4ch fyftich talen oerset. <\/span><\/p>\n<p class=\"style3\">It tiidleaze mearke fan Bilbo Balsma, in fatsoenlike hobbit dy&#8217;t ynbrekker wurdt en yn s\u00e2n hasten mei trettjin dwergen en de tsjoender Gandalf op &#8216;en paad moat om in legindaryske dwergeskat \u00fbnder de wjukken fan in grimmitige draak wei te stellen. \u00dbnder de lange reis nei de Berch fan de Draak komt it selskip troch bergen en bosken, oer richels en rivieren. Hja befjochtsje trollen, ierdmannen, spinnen en wolven yn &#8216;e mande mei elven, minsken, earnen en bearen. En fansels mei help fan de magyske Ring, d\u00ear&#8217;t Bilbo mei de lilkaardige Gollum in f\u00fble striid om \u00fatfjochtet.<\/p>\n<p class=\"style3\">De linige oersetting is fan Anne Tjerk Popkema<\/p>\n<p>Foarl\u00eazen troch de oersetter; Anne Tjerk Popkema<\/p>\n<p>7 cd&#8217;s<\/p>\n","protected":false},"excerpt":{"rendered":"<p>De Hobbit &#8211; l\u00fasterboek<\/p>\n","protected":false},"featured_media":10246,"comment_status":"closed","ping_status":"closed","template":"","meta":{"_acf_changed":false},"product_brand":[],"product_cat":[535,547],"product_tag":[5780,5812,5803,5781],"class_list":{"0":"post-10245","1":"product","2":"type-product","3":"status-publish","4":"has-post-thumbnail","6":"product_cat-fryske-boeken","7":"product_cat-lusterboeken","8":"product_tag-audioboek","9":"product_tag-de-hobbit","10":"product_tag-lusterboek","11":"product_tag-lusterboeken","12":"product_shipping_class-brievenbus-verzending","13":"pa_auteur-j-r-r-tolkien-2","14":"pa_isbn-5811","15":"pa_taal-frysk","16":"pa_uitgever-audiofrysk","18":"first","19":"instock","20":"taxable","21":"shipping-taxable","22":"purchasable","23":"product-type-simple"},"acf":[],"yoast_head":"<!-- This site is optimized with the Yoast SEO plugin v27.3 - https:\/\/yoast.com\/product\/yoast-seo-wordpress\/ -->\n<title>De Hobbit - Audioboek &#8211; Af\u00fbk Websjop<\/title>\n<meta name=\"robots\" content=\"index, follow, max-snippet:-1, max-image-preview:large, max-video-preview:-1\" \/>\n<link rel=\"canonical\" href=\"https:\/\/websjop.afuk.frl\/nl\/winkel\/de-hobbit-lusterboek\/\" \/>\n<meta property=\"og:locale\" content=\"nl_NL\" \/>\n<meta property=\"og:type\" content=\"article\" \/>\n<meta property=\"og:title\" content=\"De Hobbit - Audioboek &#8211; Af\u00fbk Websjop\" \/>\n<meta property=\"og:description\" content=\"De Hobbit - l\u00fasterboek\" \/>\n<meta property=\"og:url\" content=\"https:\/\/websjop.afuk.frl\/nl\/winkel\/de-hobbit-lusterboek\/\" \/>\n<meta property=\"og:site_name\" content=\"Af\u00fbk Websjop\" \/>\n<meta property=\"article:modified_time\" content=\"2019-11-05T15:00:22+00:00\" \/>\n<meta property=\"og:image\" content=\"https:\/\/websjop.afuk.frl\/wp-content\/uploads\/2016\/09\/products-hoeshobbit.jpg\" \/>\n\t<meta property=\"og:image:width\" content=\"330\" \/>\n\t<meta property=\"og:image:height\" content=\"470\" \/>\n\t<meta property=\"og:image:type\" content=\"image\/jpeg\" \/>\n<meta name=\"twitter:card\" content=\"summary_large_image\" \/>\n<meta name=\"twitter:label1\" content=\"Geschatte leestijd\" \/>\n\t<meta name=\"twitter:data1\" content=\"1 minuut\" \/>\n<script type=\"application\/ld+json\" class=\"yoast-schema-graph\">{\"@context\":\"https:\\\/\\\/schema.org\",\"@graph\":[{\"@type\":\"WebPage\",\"@id\":\"https:\\\/\\\/websjop.afuk.frl\\\/nl\\\/winkel\\\/de-hobbit-lusterboek\\\/\",\"url\":\"https:\\\/\\\/websjop.afuk.frl\\\/nl\\\/winkel\\\/de-hobbit-lusterboek\\\/\",\"name\":\"De Hobbit - Audioboek &#8211; Af\u00fbk Websjop\",\"isPartOf\":{\"@id\":\"https:\\\/\\\/websjop.afuk.frl\\\/nl\\\/#website\"},\"primaryImageOfPage\":{\"@id\":\"https:\\\/\\\/websjop.afuk.frl\\\/nl\\\/winkel\\\/de-hobbit-lusterboek\\\/#primaryimage\"},\"image\":{\"@id\":\"https:\\\/\\\/websjop.afuk.frl\\\/nl\\\/winkel\\\/de-hobbit-lusterboek\\\/#primaryimage\"},\"thumbnailUrl\":\"https:\\\/\\\/websjop.afuk.frl\\\/wp-content\\\/uploads\\\/2016\\\/09\\\/products-hoeshobbit.jpg\",\"datePublished\":\"2016-09-27T11:47:42+00:00\",\"dateModified\":\"2019-11-05T15:00:22+00:00\",\"breadcrumb\":{\"@id\":\"https:\\\/\\\/websjop.afuk.frl\\\/nl\\\/winkel\\\/de-hobbit-lusterboek\\\/#breadcrumb\"},\"inLanguage\":\"nl-NL\",\"potentialAction\":[{\"@type\":\"ReadAction\",\"target\":[\"https:\\\/\\\/websjop.afuk.frl\\\/nl\\\/winkel\\\/de-hobbit-lusterboek\\\/\"]}]},{\"@type\":\"ImageObject\",\"inLanguage\":\"nl-NL\",\"@id\":\"https:\\\/\\\/websjop.afuk.frl\\\/nl\\\/winkel\\\/de-hobbit-lusterboek\\\/#primaryimage\",\"url\":\"https:\\\/\\\/websjop.afuk.frl\\\/wp-content\\\/uploads\\\/2016\\\/09\\\/products-hoeshobbit.jpg\",\"contentUrl\":\"https:\\\/\\\/websjop.afuk.frl\\\/wp-content\\\/uploads\\\/2016\\\/09\\\/products-hoeshobbit.jpg\",\"width\":330,\"height\":470,\"caption\":\"De Hobbit\"},{\"@type\":\"BreadcrumbList\",\"@id\":\"https:\\\/\\\/websjop.afuk.frl\\\/nl\\\/winkel\\\/de-hobbit-lusterboek\\\/#breadcrumb\",\"itemListElement\":[{\"@type\":\"ListItem\",\"position\":1,\"name\":\"Home\",\"item\":\"https:\\\/\\\/websjop.afuk.frl\\\/nl\\\/\"},{\"@type\":\"ListItem\",\"position\":2,\"name\":\"Winkel\",\"item\":\"https:\\\/\\\/websjop.afuk.frl\\\/nl\\\/winkel\\\/\"},{\"@type\":\"ListItem\",\"position\":3,\"name\":\"De Hobbit &#8211; Audioboek\"}]},{\"@type\":\"WebSite\",\"@id\":\"https:\\\/\\\/websjop.afuk.frl\\\/nl\\\/#website\",\"url\":\"https:\\\/\\\/websjop.afuk.frl\\\/nl\\\/\",\"name\":\"Af\u00fbk Websjop\",\"description\":\"\",\"potentialAction\":[{\"@type\":\"SearchAction\",\"target\":{\"@type\":\"EntryPoint\",\"urlTemplate\":\"https:\\\/\\\/websjop.afuk.frl\\\/nl\\\/?s={search_term_string}\"},\"query-input\":{\"@type\":\"PropertyValueSpecification\",\"valueRequired\":true,\"valueName\":\"search_term_string\"}}],\"inLanguage\":\"nl-NL\"}]}<\/script>\n<!-- \/ Yoast SEO plugin. -->","yoast_head_json":{"title":"De Hobbit - Audioboek &#8211; Af\u00fbk Websjop","robots":{"index":"index","follow":"follow","max-snippet":"max-snippet:-1","max-image-preview":"max-image-preview:large","max-video-preview":"max-video-preview:-1"},"canonical":"https:\/\/websjop.afuk.frl\/nl\/winkel\/de-hobbit-lusterboek\/","og_locale":"nl_NL","og_type":"article","og_title":"De Hobbit - Audioboek &#8211; Af\u00fbk Websjop","og_description":"De Hobbit - l\u00fasterboek","og_url":"https:\/\/websjop.afuk.frl\/nl\/winkel\/de-hobbit-lusterboek\/","og_site_name":"Af\u00fbk Websjop","article_modified_time":"2019-11-05T15:00:22+00:00","og_image":[{"width":330,"height":470,"url":"https:\/\/websjop.afuk.frl\/wp-content\/uploads\/2016\/09\/products-hoeshobbit.jpg","type":"image\/jpeg"}],"twitter_card":"summary_large_image","twitter_misc":{"Geschatte leestijd":"1 minuut"},"schema":{"@context":"https:\/\/schema.org","@graph":[{"@type":"WebPage","@id":"https:\/\/websjop.afuk.frl\/nl\/winkel\/de-hobbit-lusterboek\/","url":"https:\/\/websjop.afuk.frl\/nl\/winkel\/de-hobbit-lusterboek\/","name":"De Hobbit - Audioboek &#8211; Af\u00fbk Websjop","isPartOf":{"@id":"https:\/\/websjop.afuk.frl\/nl\/#website"},"primaryImageOfPage":{"@id":"https:\/\/websjop.afuk.frl\/nl\/winkel\/de-hobbit-lusterboek\/#primaryimage"},"image":{"@id":"https:\/\/websjop.afuk.frl\/nl\/winkel\/de-hobbit-lusterboek\/#primaryimage"},"thumbnailUrl":"https:\/\/websjop.afuk.frl\/wp-content\/uploads\/2016\/09\/products-hoeshobbit.jpg","datePublished":"2016-09-27T11:47:42+00:00","dateModified":"2019-11-05T15:00:22+00:00","breadcrumb":{"@id":"https:\/\/websjop.afuk.frl\/nl\/winkel\/de-hobbit-lusterboek\/#breadcrumb"},"inLanguage":"nl-NL","potentialAction":[{"@type":"ReadAction","target":["https:\/\/websjop.afuk.frl\/nl\/winkel\/de-hobbit-lusterboek\/"]}]},{"@type":"ImageObject","inLanguage":"nl-NL","@id":"https:\/\/websjop.afuk.frl\/nl\/winkel\/de-hobbit-lusterboek\/#primaryimage","url":"https:\/\/websjop.afuk.frl\/wp-content\/uploads\/2016\/09\/products-hoeshobbit.jpg","contentUrl":"https:\/\/websjop.afuk.frl\/wp-content\/uploads\/2016\/09\/products-hoeshobbit.jpg","width":330,"height":470,"caption":"De Hobbit"},{"@type":"BreadcrumbList","@id":"https:\/\/websjop.afuk.frl\/nl\/winkel\/de-hobbit-lusterboek\/#breadcrumb","itemListElement":[{"@type":"ListItem","position":1,"name":"Home","item":"https:\/\/websjop.afuk.frl\/nl\/"},{"@type":"ListItem","position":2,"name":"Winkel","item":"https:\/\/websjop.afuk.frl\/nl\/winkel\/"},{"@type":"ListItem","position":3,"name":"De Hobbit &#8211; Audioboek"}]},{"@type":"WebSite","@id":"https:\/\/websjop.afuk.frl\/nl\/#website","url":"https:\/\/websjop.afuk.frl\/nl\/","name":"Af\u00fbk Websjop","description":"","potentialAction":[{"@type":"SearchAction","target":{"@type":"EntryPoint","urlTemplate":"https:\/\/websjop.afuk.frl\/nl\/?s={search_term_string}"},"query-input":{"@type":"PropertyValueSpecification","valueRequired":true,"valueName":"search_term_string"}}],"inLanguage":"nl-NL"}]}},"_links":{"self":[{"href":"https:\/\/websjop.afuk.frl\/nl\/wp-json\/wp\/v2\/product\/10245","targetHints":{"allow":["GET"]}}],"collection":[{"href":"https:\/\/websjop.afuk.frl\/nl\/wp-json\/wp\/v2\/product"}],"about":[{"href":"https:\/\/websjop.afuk.frl\/nl\/wp-json\/wp\/v2\/types\/product"}],"replies":[{"embeddable":true,"href":"https:\/\/websjop.afuk.frl\/nl\/wp-json\/wp\/v2\/comments?post=10245"}],"wp:featuredmedia":[{"embeddable":true,"href":"https:\/\/websjop.afuk.frl\/nl\/wp-json\/wp\/v2\/media\/10246"}],"wp:attachment":[{"href":"https:\/\/websjop.afuk.frl\/nl\/wp-json\/wp\/v2\/media?parent=10245"}],"wp:term":[{"taxonomy":"product_brand","embeddable":true,"href":"https:\/\/websjop.afuk.frl\/nl\/wp-json\/wp\/v2\/product_brand?post=10245"},{"taxonomy":"product_cat","embeddable":true,"href":"https:\/\/websjop.afuk.frl\/nl\/wp-json\/wp\/v2\/product_cat?post=10245"},{"taxonomy":"product_tag","embeddable":true,"href":"https:\/\/websjop.afuk.frl\/nl\/wp-json\/wp\/v2\/product_tag?post=10245"}],"curies":[{"name":"wp","href":"https:\/\/api.w.org\/{rel}","templated":true}]}}